{"id":10949,"date":"2023-03-15T01:17:52","date_gmt":"2023-03-15T05:17:52","guid":{"rendered":"https:\/\/www.atscontainers.com\/a-propos\/reefer-electrical-guide\/"},"modified":"2025-08-21T09:44:24","modified_gmt":"2025-08-21T13:44:24","slug":"guide-electrique-pour-conteneur-refrigere","status":"publish","type":"page","link":"https:\/\/www.atscontainers.com\/fr\/a-propos\/guide-electrique-conteneur-frigorifique\/","title":{"rendered":"GUIDE \u00c9L\u00c9CTRIQUE POUR CONTENEUR R\u00c9FRIG\u00c9R\u00c9"},"content":{"rendered":"<!DOCTYPE html PUBLIC \"-\/\/W3C\/\/DTD HTML 4.0 Transitional\/\/EN\" \"http:\/\/www.w3.org\/TR\/REC-html40\/loose.dtd\">\n\n","protected":false},"excerpt":{"rendered":"","protected":false},"author":13,"featured_media":6050,"parent":0,"menu_order":0,"comment_status":"closed","ping_status":"closed","template":"page-fc.php","meta":{"_acf_changed":false,"ngg_post_thumbnail":0,"footnotes":""},"class_list":["post-10949","page","type-page","status-publish","has-post-thumbnail","hentry"],"acf":[],"yoast_head":"<!-- This site is optimized with the Yoast SEO plugin v26.9 - https:\/\/yoast.com\/product\/yoast-seo-wordpress\/ -->\n<title>Guide \u00e9lectrique pour conteneur r\u00e9frig\u00e9r\u00e9 | Conteneurs ATS<\/title>\n<meta name=\"description\" content=\"Guide sur les conteneurs r\u00e9frig\u00e9r\u00e9s pour approfondir vos connaissances et optimiser leur utilisation.\" \/>\n<meta name=\"robots\" content=\"index, follow, max-snippet:-1, max-image-preview:large, max-video-preview:-1\" \/>\n<link rel=\"canonical\" href=\"https:\/\/www.atscontainers.com\/fr\/a-propos\/guide-electrique-conteneur-frigorifique\/\" \/>\n<meta property=\"og:locale\" content=\"fr_CA\" \/>\n<meta property=\"og:type\" content=\"article\" \/>\n<meta property=\"og:title\" content=\"Guide \u00e9lectrique pour conteneur r\u00e9frig\u00e9r\u00e9 | Conteneurs ATS\" \/>\n<meta property=\"og:description\" content=\"Guide sur les conteneurs r\u00e9frig\u00e9r\u00e9s pour approfondir vos connaissances et optimiser leur utilisation.\" \/>\n<meta property=\"og:url\" content=\"https:\/\/www.atscontainers.com\/fr\/a-propos\/guide-electrique-conteneur-frigorifique\/\" \/>\n<meta property=\"og:site_name\" content=\"ATS Containers\" \/>\n<meta property=\"article:publisher\" content=\"https:\/\/www.facebook.com\/atscontainers\/\" \/>\n<meta property=\"article:modified_time\" content=\"2025-08-21T13:44:24+00:00\" \/>\n<meta property=\"og:image\" content=\"https:\/\/www.atscontainers.com\/wp-content\/uploads\/2021\/07\/Electrical-Guide-Cover-Photo-2.jpg\" \/>\n\t<meta property=\"og:image:width\" content=\"1140\" \/>\n\t<meta property=\"og:image:height\" content=\"506\" \/>\n\t<meta property=\"og:image:type\" content=\"image\/jpeg\" \/>\n<meta name=\"twitter:card\" content=\"summary_large_image\" \/>\n<meta name=\"twitter:site\" content=\"@atscontainers\" \/>\n<meta name=\"twitter:label1\" content=\"Estimation du temps de lecture\" \/>\n\t<meta name=\"twitter:data1\" content=\"1 minute\" \/>\n<script type=\"application\/ld+json\" class=\"yoast-schema-graph\">{\"@context\":\"https:\/\/schema.org\",\"@graph\":[{\"@type\":\"WebPage\",\"@id\":\"https:\/\/www.atscontainers.com\/fr\/a-propos\/guide-electrique-conteneur-frigorifique\/\",\"url\":\"https:\/\/www.atscontainers.com\/fr\/a-propos\/guide-electrique-conteneur-frigorifique\/\",\"name\":\"Guide \u00e9lectrique pour conteneur r\u00e9frig\u00e9r\u00e9 | Conteneurs ATS\",\"isPartOf\":{\"@id\":\"https:\/\/www.atscontainers.com\/fr\/#website\"},\"primaryImageOfPage\":{\"@id\":\"https:\/\/www.atscontainers.com\/fr\/a-propos\/guide-electrique-conteneur-frigorifique\/#primaryimage\"},\"image\":{\"@id\":\"https:\/\/www.atscontainers.com\/fr\/a-propos\/guide-electrique-conteneur-frigorifique\/#primaryimage\"},\"thumbnailUrl\":\"https:\/\/www.atscontainers.com\/wp-content\/uploads\/2021\/07\/Electrical-Guide-Cover-Photo-2.jpg\",\"datePublished\":\"2023-03-15T05:17:52+00:00\",\"dateModified\":\"2025-08-21T13:44:24+00:00\",\"description\":\"Guide sur les conteneurs r\u00e9frig\u00e9r\u00e9s pour approfondir vos connaissances et optimiser leur utilisation.\",\"breadcrumb\":{\"@id\":\"https:\/\/www.atscontainers.com\/fr\/a-propos\/guide-electrique-conteneur-frigorifique\/#breadcrumb\"},\"inLanguage\":\"fr-CA\",\"potentialAction\":[{\"@type\":\"ReadAction\",\"target\":[\"https:\/\/www.atscontainers.com\/fr\/a-propos\/guide-electrique-conteneur-frigorifique\/\"]}]},{\"@type\":\"ImageObject\",\"inLanguage\":\"fr-CA\",\"@id\":\"https:\/\/www.atscontainers.com\/fr\/a-propos\/guide-electrique-conteneur-frigorifique\/#primaryimage\",\"url\":\"https:\/\/www.atscontainers.com\/wp-content\/uploads\/2021\/07\/Electrical-Guide-Cover-Photo-2.jpg\",\"contentUrl\":\"https:\/\/www.atscontainers.com\/wp-content\/uploads\/2021\/07\/Electrical-Guide-Cover-Photo-2.jpg\",\"width\":1140,\"height\":506},{\"@type\":\"BreadcrumbList\",\"@id\":\"https:\/\/www.atscontainers.com\/fr\/a-propos\/guide-electrique-conteneur-frigorifique\/#breadcrumb\",\"itemListElement\":[{\"@type\":\"ListItem\",\"position\":1,\"name\":\"Home\",\"item\":\"https:\/\/www.atscontainers.com\/fr\/\"},{\"@type\":\"ListItem\",\"position\":2,\"name\":\"GUIDE \u00c9L\u00c9CTRIQUE POUR CONTENEUR R\u00c9FRIG\u00c9R\u00c9\"}]},{\"@type\":\"WebSite\",\"@id\":\"https:\/\/www.atscontainers.com\/fr\/#website\",\"url\":\"https:\/\/www.atscontainers.com\/fr\/\",\"name\":\"ATS Containers\",\"description\":\"\",\"publisher\":{\"@id\":\"https:\/\/www.atscontainers.com\/fr\/#organization\"},\"potentialAction\":[{\"@type\":\"SearchAction\",\"target\":{\"@type\":\"EntryPoint\",\"urlTemplate\":\"https:\/\/www.atscontainers.com\/fr\/?s={search_term_string}\"},\"query-input\":{\"@type\":\"PropertyValueSpecification\",\"valueRequired\":true,\"valueName\":\"search_term_string\"}}],\"inLanguage\":\"fr-CA\"},{\"@type\":\"Organization\",\"@id\":\"https:\/\/www.atscontainers.com\/fr\/#organization\",\"name\":\"ATS Containers\",\"url\":\"https:\/\/www.atscontainers.com\/fr\/\",\"logo\":{\"@type\":\"ImageObject\",\"inLanguage\":\"fr-CA\",\"@id\":\"https:\/\/www.atscontainers.com\/fr\/#\/schema\/logo\/image\/\",\"url\":\"https:\/\/www.atscontainers.com\/wp-content\/uploads\/2018\/09\/ats-containers-canada_.png\",\"contentUrl\":\"https:\/\/www.atscontainers.com\/wp-content\/uploads\/2018\/09\/ats-containers-canada_.png\",\"width\":500,\"height\":500,\"caption\":\"ATS Containers\"},\"image\":{\"@id\":\"https:\/\/www.atscontainers.com\/fr\/#\/schema\/logo\/image\/\"},\"sameAs\":[\"https:\/\/www.facebook.com\/atscontainers\/\",\"https:\/\/x.com\/atscontainers\",\"https:\/\/www.instagram.com\/atscontainers\/\",\"https:\/\/www.linkedin.com\/company\/ats-container-services\/\"]}]}<\/script>\n<!-- \/ Yoast SEO plugin. -->","yoast_head_json":{"title":"Guide \u00e9lectrique pour conteneur r\u00e9frig\u00e9r\u00e9 | Conteneurs ATS","description":"Guide sur les conteneurs r\u00e9frig\u00e9r\u00e9s pour approfondir vos connaissances et optimiser leur utilisation.","robots":{"index":"index","follow":"follow","max-snippet":"max-snippet:-1","max-image-preview":"max-image-preview:large","max-video-preview":"max-video-preview:-1"},"canonical":"https:\/\/www.atscontainers.com\/fr\/a-propos\/guide-electrique-conteneur-frigorifique\/","og_locale":"fr_CA","og_type":"article","og_title":"Guide \u00e9lectrique pour conteneur r\u00e9frig\u00e9r\u00e9 | Conteneurs ATS","og_description":"Guide sur les conteneurs r\u00e9frig\u00e9r\u00e9s pour approfondir vos connaissances et optimiser leur utilisation.","og_url":"https:\/\/www.atscontainers.com\/fr\/a-propos\/guide-electrique-conteneur-frigorifique\/","og_site_name":"ATS Containers","article_publisher":"https:\/\/www.facebook.com\/atscontainers\/","article_modified_time":"2025-08-21T13:44:24+00:00","og_image":[{"width":1140,"height":506,"url":"https:\/\/www.atscontainers.com\/wp-content\/uploads\/2021\/07\/Electrical-Guide-Cover-Photo-2.jpg","type":"image\/jpeg"}],"twitter_card":"summary_large_image","twitter_site":"@atscontainers","twitter_misc":{"Estimation du temps de lecture":"1 minute"},"schema":{"@context":"https:\/\/schema.org","@graph":[{"@type":"WebPage","@id":"https:\/\/www.atscontainers.com\/fr\/a-propos\/guide-electrique-conteneur-frigorifique\/","url":"https:\/\/www.atscontainers.com\/fr\/a-propos\/guide-electrique-conteneur-frigorifique\/","name":"Guide \u00e9lectrique pour conteneur r\u00e9frig\u00e9r\u00e9 | Conteneurs ATS","isPartOf":{"@id":"https:\/\/www.atscontainers.com\/fr\/#website"},"primaryImageOfPage":{"@id":"https:\/\/www.atscontainers.com\/fr\/a-propos\/guide-electrique-conteneur-frigorifique\/#primaryimage"},"image":{"@id":"https:\/\/www.atscontainers.com\/fr\/a-propos\/guide-electrique-conteneur-frigorifique\/#primaryimage"},"thumbnailUrl":"https:\/\/www.atscontainers.com\/wp-content\/uploads\/2021\/07\/Electrical-Guide-Cover-Photo-2.jpg","datePublished":"2023-03-15T05:17:52+00:00","dateModified":"2025-08-21T13:44:24+00:00","description":"Guide sur les conteneurs r\u00e9frig\u00e9r\u00e9s pour approfondir vos connaissances et optimiser leur utilisation.","breadcrumb":{"@id":"https:\/\/www.atscontainers.com\/fr\/a-propos\/guide-electrique-conteneur-frigorifique\/#breadcrumb"},"inLanguage":"fr-CA","potentialAction":[{"@type":"ReadAction","target":["https:\/\/www.atscontainers.com\/fr\/a-propos\/guide-electrique-conteneur-frigorifique\/"]}]},{"@type":"ImageObject","inLanguage":"fr-CA","@id":"https:\/\/www.atscontainers.com\/fr\/a-propos\/guide-electrique-conteneur-frigorifique\/#primaryimage","url":"https:\/\/www.atscontainers.com\/wp-content\/uploads\/2021\/07\/Electrical-Guide-Cover-Photo-2.jpg","contentUrl":"https:\/\/www.atscontainers.com\/wp-content\/uploads\/2021\/07\/Electrical-Guide-Cover-Photo-2.jpg","width":1140,"height":506},{"@type":"BreadcrumbList","@id":"https:\/\/www.atscontainers.com\/fr\/a-propos\/guide-electrique-conteneur-frigorifique\/#breadcrumb","itemListElement":[{"@type":"ListItem","position":1,"name":"Home","item":"https:\/\/www.atscontainers.com\/fr\/"},{"@type":"ListItem","position":2,"name":"GUIDE \u00c9L\u00c9CTRIQUE POUR CONTENEUR R\u00c9FRIG\u00c9R\u00c9"}]},{"@type":"WebSite","@id":"https:\/\/www.atscontainers.com\/fr\/#website","url":"https:\/\/www.atscontainers.com\/fr\/","name":"ATS Containers","description":"","publisher":{"@id":"https:\/\/www.atscontainers.com\/fr\/#organization"},"potentialAction":[{"@type":"SearchAction","target":{"@type":"EntryPoint","urlTemplate":"https:\/\/www.atscontainers.com\/fr\/?s={search_term_string}"},"query-input":{"@type":"PropertyValueSpecification","valueRequired":true,"valueName":"search_term_string"}}],"inLanguage":"fr-CA"},{"@type":"Organization","@id":"https:\/\/www.atscontainers.com\/fr\/#organization","name":"ATS Containers","url":"https:\/\/www.atscontainers.com\/fr\/","logo":{"@type":"ImageObject","inLanguage":"fr-CA","@id":"https:\/\/www.atscontainers.com\/fr\/#\/schema\/logo\/image\/","url":"https:\/\/www.atscontainers.com\/wp-content\/uploads\/2018\/09\/ats-containers-canada_.png","contentUrl":"https:\/\/www.atscontainers.com\/wp-content\/uploads\/2018\/09\/ats-containers-canada_.png","width":500,"height":500,"caption":"ATS Containers"},"image":{"@id":"https:\/\/www.atscontainers.com\/fr\/#\/schema\/logo\/image\/"},"sameAs":["https:\/\/www.facebook.com\/atscontainers\/","https:\/\/x.com\/atscontainers","https:\/\/www.instagram.com\/atscontainers\/","https:\/\/www.linkedin.com\/company\/ats-container-services\/"]}]}},"_links":{"self":[{"href":"https:\/\/www.atscontainers.com\/fr\/wp-json\/wp\/v2\/pages\/10949","targetHints":{"allow":["GET"]}}],"collection":[{"href":"https:\/\/www.atscontainers.com\/fr\/wp-json\/wp\/v2\/pages"}],"about":[{"href":"https:\/\/www.atscontainers.com\/fr\/wp-json\/wp\/v2\/types\/page"}],"author":[{"embeddable":true,"href":"https:\/\/www.atscontainers.com\/fr\/wp-json\/wp\/v2\/users\/13"}],"replies":[{"embeddable":true,"href":"https:\/\/www.atscontainers.com\/fr\/wp-json\/wp\/v2\/comments?post=10949"}],"version-history":[{"count":6,"href":"https:\/\/www.atscontainers.com\/fr\/wp-json\/wp\/v2\/pages\/10949\/revisions"}],"predecessor-version":[{"id":19702,"href":"https:\/\/www.atscontainers.com\/fr\/wp-json\/wp\/v2\/pages\/10949\/revisions\/19702"}],"wp:featuredmedia":[{"embeddable":true,"href":"https:\/\/www.atscontainers.com\/fr\/wp-json\/wp\/v2\/media\/6050"}],"wp:attachment":[{"href":"https:\/\/www.atscontainers.com\/fr\/wp-json\/wp\/v2\/media?parent=10949"}],"curies":[{"name":"wp","href":"https:\/\/api.w.org\/{rel}","templated":true}]}}