{"id":15155,"date":"2025-05-13T15:22:08","date_gmt":"2025-05-13T19:22:08","guid":{"rendered":"https:\/\/www.atscontainers.com\/?page_id=15155"},"modified":"2025-12-10T05:48:57","modified_gmt":"2025-12-10T10:48:57","slug":"conteneur-isole-40-pieds","status":"publish","type":"page","link":"https:\/\/www.atscontainers.com\/fr\/location\/entreposage\/conteneur-isole-40-pieds\/","title":{"rendered":"Conteneur Isol\u00e9 40 Pi"},"content":{"rendered":"<p>Les conteneurs isol\u00e9s 40 pieds high cube sont en bon \u00e9tat et construits avec un int\u00e9rieur en acier inoxydable de qualit\u00e9 alimentaire \u00e0 l\u2019int\u00e9rieur.<\/p>\n","protected":false},"excerpt":{"rendered":"<p>Les conteneurs isol\u00e9s 40 pieds high cube sont en bon \u00e9tat et construits avec un int\u00e9rieur en acier inoxydable de qualit\u00e9 alimentaire \u00e0 l\u2019int\u00e9rieur.<\/p>\n","protected":false},"author":13,"featured_media":12716,"parent":7837,"menu_order":0,"comment_status":"closed","ping_status":"closed","template":"page-fc.php","meta":{"_acf_changed":false,"ngg_post_thumbnail":0,"footnotes":""},"class_list":["post-15155","page","type-page","status-publish","has-post-thumbnail","hentry"],"acf":[],"yoast_head":"<!-- This site is optimized with the Yoast SEO plugin v26.9 - https:\/\/yoast.com\/product\/yoast-seo-wordpress\/ -->\n<title>Location Conteneur Isol\u00e9 40 pi | High Cube Grande Capacit\u00e9<\/title>\n<meta name=\"description\" content=\"Conteneur 40 pieds isol\u00e9, rev\u00eatement aluminium et int\u00e9rieur en acier inox. Parfait pour marchandises sensibles \u00e0 la temp\u00e9rature. Location flexible au Canada.\" \/>\n<meta name=\"robots\" content=\"index, follow, max-snippet:-1, max-image-preview:large, max-video-preview:-1\" \/>\n<link rel=\"canonical\" href=\"https:\/\/www.atscontainers.com\/fr\/location\/entreposage\/conteneur-isole-40-pieds\/\" \/>\n<meta property=\"og:locale\" content=\"fr_CA\" \/>\n<meta property=\"og:type\" content=\"article\" \/>\n<meta property=\"og:title\" content=\"Location Conteneur Isol\u00e9 40 pi | High Cube Grande Capacit\u00e9\" \/>\n<meta property=\"og:description\" content=\"Conteneur 40 pieds isol\u00e9, rev\u00eatement aluminium et int\u00e9rieur en acier inox. Parfait pour marchandises sensibles \u00e0 la temp\u00e9rature. Location flexible au Canada.\" \/>\n<meta property=\"og:url\" content=\"https:\/\/www.atscontainers.com\/fr\/location\/entreposage\/conteneur-isole-40-pieds\/\" \/>\n<meta property=\"og:site_name\" content=\"ATS Containers\" \/>\n<meta property=\"article:publisher\" content=\"https:\/\/www.facebook.com\/atscontainers\/\" \/>\n<meta property=\"article:modified_time\" content=\"2025-12-10T10:48:57+00:00\" \/>\n<meta property=\"og:image\" content=\"https:\/\/www.atscontainers.com\/wp-content\/uploads\/2024\/02\/40-reefer-1.jpg\" \/>\n\t<meta property=\"og:image:width\" content=\"900\" \/>\n\t<meta property=\"og:image:height\" content=\"600\" \/>\n\t<meta property=\"og:image:type\" content=\"image\/jpeg\" \/>\n<meta name=\"twitter:card\" content=\"summary_large_image\" \/>\n<meta name=\"twitter:site\" content=\"@atscontainers\" \/>\n<meta name=\"twitter:label1\" content=\"Estimation du temps de lecture\" \/>\n\t<meta name=\"twitter:data1\" content=\"1 minute\" \/>\n<script type=\"application\/ld+json\" class=\"yoast-schema-graph\">{\"@context\":\"https:\/\/schema.org\",\"@graph\":[{\"@type\":\"WebPage\",\"@id\":\"https:\/\/www.atscontainers.com\/fr\/location\/entreposage\/conteneur-isole-40-pieds\/\",\"url\":\"https:\/\/www.atscontainers.com\/fr\/location\/entreposage\/conteneur-isole-40-pieds\/\",\"name\":\"Location Conteneur Isol\u00e9 40 pi | High Cube Grande Capacit\u00e9\",\"isPartOf\":{\"@id\":\"https:\/\/www.atscontainers.com\/fr\/#website\"},\"primaryImageOfPage\":{\"@id\":\"https:\/\/www.atscontainers.com\/fr\/location\/entreposage\/conteneur-isole-40-pieds\/#primaryimage\"},\"image\":{\"@id\":\"https:\/\/www.atscontainers.com\/fr\/location\/entreposage\/conteneur-isole-40-pieds\/#primaryimage\"},\"thumbnailUrl\":\"https:\/\/www.atscontainers.com\/wp-content\/uploads\/2024\/02\/40-reefer-1.jpg\",\"datePublished\":\"2025-05-13T19:22:08+00:00\",\"dateModified\":\"2025-12-10T10:48:57+00:00\",\"description\":\"Conteneur 40 pieds isol\u00e9, rev\u00eatement aluminium et int\u00e9rieur en acier inox. Parfait pour marchandises sensibles \u00e0 la temp\u00e9rature. Location flexible au Canada.\",\"breadcrumb\":{\"@id\":\"https:\/\/www.atscontainers.com\/fr\/location\/entreposage\/conteneur-isole-40-pieds\/#breadcrumb\"},\"inLanguage\":\"fr-CA\",\"potentialAction\":[{\"@type\":\"ReadAction\",\"target\":[\"https:\/\/www.atscontainers.com\/fr\/location\/entreposage\/conteneur-isole-40-pieds\/\"]}]},{\"@type\":\"ImageObject\",\"inLanguage\":\"fr-CA\",\"@id\":\"https:\/\/www.atscontainers.com\/fr\/location\/entreposage\/conteneur-isole-40-pieds\/#primaryimage\",\"url\":\"https:\/\/www.atscontainers.com\/wp-content\/uploads\/2024\/02\/40-reefer-1.jpg\",\"contentUrl\":\"https:\/\/www.atscontainers.com\/wp-content\/uploads\/2024\/02\/40-reefer-1.jpg\",\"width\":900,\"height\":600},{\"@type\":\"BreadcrumbList\",\"@id\":\"https:\/\/www.atscontainers.com\/fr\/location\/entreposage\/conteneur-isole-40-pieds\/#breadcrumb\",\"itemListElement\":[{\"@type\":\"ListItem\",\"position\":1,\"name\":\"Home\",\"item\":\"https:\/\/www.atscontainers.com\/fr\/\"},{\"@type\":\"ListItem\",\"position\":2,\"name\":\"Location\",\"item\":\"https:\/\/www.atscontainers.com\/fr\/location\/\"},{\"@type\":\"ListItem\",\"position\":3,\"name\":\"LOCATION DE CONTENEURS\",\"item\":\"https:\/\/www.atscontainers.com\/fr\/location\/entreposage\/\"},{\"@type\":\"ListItem\",\"position\":4,\"name\":\"Conteneur Isol\u00e9 40 Pi\"}]},{\"@type\":\"WebSite\",\"@id\":\"https:\/\/www.atscontainers.com\/fr\/#website\",\"url\":\"https:\/\/www.atscontainers.com\/fr\/\",\"name\":\"ATS Containers\",\"description\":\"\",\"publisher\":{\"@id\":\"https:\/\/www.atscontainers.com\/fr\/#organization\"},\"potentialAction\":[{\"@type\":\"SearchAction\",\"target\":{\"@type\":\"EntryPoint\",\"urlTemplate\":\"https:\/\/www.atscontainers.com\/fr\/?s={search_term_string}\"},\"query-input\":{\"@type\":\"PropertyValueSpecification\",\"valueRequired\":true,\"valueName\":\"search_term_string\"}}],\"inLanguage\":\"fr-CA\"},{\"@type\":\"Organization\",\"@id\":\"https:\/\/www.atscontainers.com\/fr\/#organization\",\"name\":\"ATS Containers\",\"url\":\"https:\/\/www.atscontainers.com\/fr\/\",\"logo\":{\"@type\":\"ImageObject\",\"inLanguage\":\"fr-CA\",\"@id\":\"https:\/\/www.atscontainers.com\/fr\/#\/schema\/logo\/image\/\",\"url\":\"https:\/\/www.atscontainers.com\/wp-content\/uploads\/2018\/09\/ats-containers-canada_.png\",\"contentUrl\":\"https:\/\/www.atscontainers.com\/wp-content\/uploads\/2018\/09\/ats-containers-canada_.png\",\"width\":500,\"height\":500,\"caption\":\"ATS Containers\"},\"image\":{\"@id\":\"https:\/\/www.atscontainers.com\/fr\/#\/schema\/logo\/image\/\"},\"sameAs\":[\"https:\/\/www.facebook.com\/atscontainers\/\",\"https:\/\/x.com\/atscontainers\",\"https:\/\/www.instagram.com\/atscontainers\/\",\"https:\/\/www.linkedin.com\/company\/ats-container-services\/\"]}]}<\/script>\n<!-- \/ Yoast SEO plugin. -->","yoast_head_json":{"title":"Location Conteneur Isol\u00e9 40 pi | High Cube Grande Capacit\u00e9","description":"Conteneur 40 pieds isol\u00e9, rev\u00eatement aluminium et int\u00e9rieur en acier inox. Parfait pour marchandises sensibles \u00e0 la temp\u00e9rature. Location flexible au Canada.","robots":{"index":"index","follow":"follow","max-snippet":"max-snippet:-1","max-image-preview":"max-image-preview:large","max-video-preview":"max-video-preview:-1"},"canonical":"https:\/\/www.atscontainers.com\/fr\/location\/entreposage\/conteneur-isole-40-pieds\/","og_locale":"fr_CA","og_type":"article","og_title":"Location Conteneur Isol\u00e9 40 pi | High Cube Grande Capacit\u00e9","og_description":"Conteneur 40 pieds isol\u00e9, rev\u00eatement aluminium et int\u00e9rieur en acier inox. Parfait pour marchandises sensibles \u00e0 la temp\u00e9rature. Location flexible au Canada.","og_url":"https:\/\/www.atscontainers.com\/fr\/location\/entreposage\/conteneur-isole-40-pieds\/","og_site_name":"ATS Containers","article_publisher":"https:\/\/www.facebook.com\/atscontainers\/","article_modified_time":"2025-12-10T10:48:57+00:00","og_image":[{"width":900,"height":600,"url":"https:\/\/www.atscontainers.com\/wp-content\/uploads\/2024\/02\/40-reefer-1.jpg","type":"image\/jpeg"}],"twitter_card":"summary_large_image","twitter_site":"@atscontainers","twitter_misc":{"Estimation du temps de lecture":"1 minute"},"schema":{"@context":"https:\/\/schema.org","@graph":[{"@type":"WebPage","@id":"https:\/\/www.atscontainers.com\/fr\/location\/entreposage\/conteneur-isole-40-pieds\/","url":"https:\/\/www.atscontainers.com\/fr\/location\/entreposage\/conteneur-isole-40-pieds\/","name":"Location Conteneur Isol\u00e9 40 pi | High Cube Grande Capacit\u00e9","isPartOf":{"@id":"https:\/\/www.atscontainers.com\/fr\/#website"},"primaryImageOfPage":{"@id":"https:\/\/www.atscontainers.com\/fr\/location\/entreposage\/conteneur-isole-40-pieds\/#primaryimage"},"image":{"@id":"https:\/\/www.atscontainers.com\/fr\/location\/entreposage\/conteneur-isole-40-pieds\/#primaryimage"},"thumbnailUrl":"https:\/\/www.atscontainers.com\/wp-content\/uploads\/2024\/02\/40-reefer-1.jpg","datePublished":"2025-05-13T19:22:08+00:00","dateModified":"2025-12-10T10:48:57+00:00","description":"Conteneur 40 pieds isol\u00e9, rev\u00eatement aluminium et int\u00e9rieur en acier inox. Parfait pour marchandises sensibles \u00e0 la temp\u00e9rature. Location flexible au Canada.","breadcrumb":{"@id":"https:\/\/www.atscontainers.com\/fr\/location\/entreposage\/conteneur-isole-40-pieds\/#breadcrumb"},"inLanguage":"fr-CA","potentialAction":[{"@type":"ReadAction","target":["https:\/\/www.atscontainers.com\/fr\/location\/entreposage\/conteneur-isole-40-pieds\/"]}]},{"@type":"ImageObject","inLanguage":"fr-CA","@id":"https:\/\/www.atscontainers.com\/fr\/location\/entreposage\/conteneur-isole-40-pieds\/#primaryimage","url":"https:\/\/www.atscontainers.com\/wp-content\/uploads\/2024\/02\/40-reefer-1.jpg","contentUrl":"https:\/\/www.atscontainers.com\/wp-content\/uploads\/2024\/02\/40-reefer-1.jpg","width":900,"height":600},{"@type":"BreadcrumbList","@id":"https:\/\/www.atscontainers.com\/fr\/location\/entreposage\/conteneur-isole-40-pieds\/#breadcrumb","itemListElement":[{"@type":"ListItem","position":1,"name":"Home","item":"https:\/\/www.atscontainers.com\/fr\/"},{"@type":"ListItem","position":2,"name":"Location","item":"https:\/\/www.atscontainers.com\/fr\/location\/"},{"@type":"ListItem","position":3,"name":"LOCATION DE CONTENEURS","item":"https:\/\/www.atscontainers.com\/fr\/location\/entreposage\/"},{"@type":"ListItem","position":4,"name":"Conteneur Isol\u00e9 40 Pi"}]},{"@type":"WebSite","@id":"https:\/\/www.atscontainers.com\/fr\/#website","url":"https:\/\/www.atscontainers.com\/fr\/","name":"ATS Containers","description":"","publisher":{"@id":"https:\/\/www.atscontainers.com\/fr\/#organization"},"potentialAction":[{"@type":"SearchAction","target":{"@type":"EntryPoint","urlTemplate":"https:\/\/www.atscontainers.com\/fr\/?s={search_term_string}"},"query-input":{"@type":"PropertyValueSpecification","valueRequired":true,"valueName":"search_term_string"}}],"inLanguage":"fr-CA"},{"@type":"Organization","@id":"https:\/\/www.atscontainers.com\/fr\/#organization","name":"ATS Containers","url":"https:\/\/www.atscontainers.com\/fr\/","logo":{"@type":"ImageObject","inLanguage":"fr-CA","@id":"https:\/\/www.atscontainers.com\/fr\/#\/schema\/logo\/image\/","url":"https:\/\/www.atscontainers.com\/wp-content\/uploads\/2018\/09\/ats-containers-canada_.png","contentUrl":"https:\/\/www.atscontainers.com\/wp-content\/uploads\/2018\/09\/ats-containers-canada_.png","width":500,"height":500,"caption":"ATS Containers"},"image":{"@id":"https:\/\/www.atscontainers.com\/fr\/#\/schema\/logo\/image\/"},"sameAs":["https:\/\/www.facebook.com\/atscontainers\/","https:\/\/x.com\/atscontainers","https:\/\/www.instagram.com\/atscontainers\/","https:\/\/www.linkedin.com\/company\/ats-container-services\/"]}]}},"_links":{"self":[{"href":"https:\/\/www.atscontainers.com\/fr\/wp-json\/wp\/v2\/pages\/15155","targetHints":{"allow":["GET"]}}],"collection":[{"href":"https:\/\/www.atscontainers.com\/fr\/wp-json\/wp\/v2\/pages"}],"about":[{"href":"https:\/\/www.atscontainers.com\/fr\/wp-json\/wp\/v2\/types\/page"}],"author":[{"embeddable":true,"href":"https:\/\/www.atscontainers.com\/fr\/wp-json\/wp\/v2\/users\/13"}],"replies":[{"embeddable":true,"href":"https:\/\/www.atscontainers.com\/fr\/wp-json\/wp\/v2\/comments?post=15155"}],"version-history":[{"count":6,"href":"https:\/\/www.atscontainers.com\/fr\/wp-json\/wp\/v2\/pages\/15155\/revisions"}],"predecessor-version":[{"id":19581,"href":"https:\/\/www.atscontainers.com\/fr\/wp-json\/wp\/v2\/pages\/15155\/revisions\/19581"}],"up":[{"embeddable":true,"href":"https:\/\/www.atscontainers.com\/fr\/wp-json\/wp\/v2\/pages\/7837"}],"wp:featuredmedia":[{"embeddable":true,"href":"https:\/\/www.atscontainers.com\/fr\/wp-json\/wp\/v2\/media\/12716"}],"wp:attachment":[{"href":"https:\/\/www.atscontainers.com\/fr\/wp-json\/wp\/v2\/media?parent=15155"}],"curies":[{"name":"wp","href":"https:\/\/api.w.org\/{rel}","templated":true}]}}