{"id":17594,"date":"2025-01-20T16:11:37","date_gmt":"2025-01-20T21:11:37","guid":{"rendered":"https:\/\/www.atscontainers.com\/products\/accessories\/louvered-vent\/"},"modified":"2025-12-11T06:03:04","modified_gmt":"2025-12-11T11:03:04","slug":"louvered-vent","status":"publish","type":"page","link":"https:\/\/www.atscontainers.com\/fr\/produits\/accessoires\/event-a-persiennes\/","title":{"rendered":"\u00c9vent persiennes"},"content":{"rendered":"<p>Le nouveau mod\u00e8le d\u2019\u00e9vent \u00e0 persiennes est une solution tr\u00e8s appr\u00e9ci\u00e9e et adaptable pour am\u00e9liorer la circulation de l\u2019air dans les conteneurs maritimes. Cette solution peut \u00eatre ajout\u00e9e sans soudure ni peinture.<\/p>\n","protected":false},"excerpt":{"rendered":"<p>Le nouveau mod\u00e8le d\u2019\u00e9vent \u00e0 persiennes est une solution tr\u00e8s appr\u00e9ci\u00e9e et adaptable pour am\u00e9liorer la circulation de l\u2019air dans les conteneurs maritimes. Cette solution peut \u00eatre ajout\u00e9e sans soudure ni peinture.<\/p>\n","protected":false},"author":13,"featured_media":17586,"parent":7613,"menu_order":0,"comment_status":"closed","ping_status":"closed","template":"page-fc.php","meta":{"_acf_changed":false,"ngg_post_thumbnail":0,"footnotes":""},"class_list":["post-17594","page","type-page","status-publish","has-post-thumbnail","hentry"],"acf":[],"yoast_head":"<!-- This site is optimized with the Yoast SEO plugin v26.9 - https:\/\/yoast.com\/product\/yoast-seo-wordpress\/ -->\n<title>Accessoire Conteneur Maritime : \u00c9vent \u00e0 Persiennes | ATS<\/title>\n<meta name=\"description\" content=\"Prot\u00e9gez vos marchandises en installant un syst\u00e8me de ventilation sur votre conteneur. Am\u00e9liore le flux d\u2019air, r\u00e9duit l\u2019humidit\u00e9 et pr\u00e9vient de la condensation.\" \/>\n<meta name=\"robots\" content=\"index, follow, max-snippet:-1, max-image-preview:large, max-video-preview:-1\" \/>\n<link rel=\"canonical\" href=\"https:\/\/www.atscontainers.com\/fr\/produits\/accessoires\/event-a-persiennes\/\" \/>\n<meta property=\"og:locale\" content=\"fr_CA\" \/>\n<meta property=\"og:type\" content=\"article\" \/>\n<meta property=\"og:title\" content=\"Accessoire Conteneur Maritime : \u00c9vent \u00e0 Persiennes | ATS\" \/>\n<meta property=\"og:description\" content=\"Prot\u00e9gez vos marchandises en installant un syst\u00e8me de ventilation sur votre conteneur. Am\u00e9liore le flux d\u2019air, r\u00e9duit l\u2019humidit\u00e9 et pr\u00e9vient de la condensation.\" \/>\n<meta property=\"og:url\" content=\"https:\/\/www.atscontainers.com\/fr\/produits\/accessoires\/event-a-persiennes\/\" \/>\n<meta property=\"og:site_name\" content=\"ATS Containers\" \/>\n<meta property=\"article:publisher\" content=\"https:\/\/www.facebook.com\/atscontainers\/\" \/>\n<meta property=\"article:modified_time\" content=\"2025-12-11T11:03:04+00:00\" \/>\n<meta property=\"og:image\" content=\"https:\/\/www.atscontainers.com\/wp-content\/uploads\/2025\/01\/louvered-vent-shipping-container-front.webp\" \/>\n\t<meta property=\"og:image:width\" content=\"900\" \/>\n\t<meta property=\"og:image:height\" content=\"600\" \/>\n\t<meta property=\"og:image:type\" content=\"image\/webp\" \/>\n<meta name=\"twitter:card\" content=\"summary_large_image\" \/>\n<meta name=\"twitter:site\" content=\"@atscontainers\" \/>\n<meta name=\"twitter:label1\" content=\"Estimation du temps de lecture\" \/>\n\t<meta name=\"twitter:data1\" content=\"1 minute\" \/>\n<script type=\"application\/ld+json\" class=\"yoast-schema-graph\">{\"@context\":\"https:\/\/schema.org\",\"@graph\":[{\"@type\":\"WebPage\",\"@id\":\"https:\/\/www.atscontainers.com\/fr\/produits\/accessoires\/event-a-persiennes\/\",\"url\":\"https:\/\/www.atscontainers.com\/fr\/produits\/accessoires\/event-a-persiennes\/\",\"name\":\"Accessoire Conteneur Maritime : \u00c9vent \u00e0 Persiennes | ATS\",\"isPartOf\":{\"@id\":\"https:\/\/www.atscontainers.com\/fr\/#website\"},\"primaryImageOfPage\":{\"@id\":\"https:\/\/www.atscontainers.com\/fr\/produits\/accessoires\/event-a-persiennes\/#primaryimage\"},\"image\":{\"@id\":\"https:\/\/www.atscontainers.com\/fr\/produits\/accessoires\/event-a-persiennes\/#primaryimage\"},\"thumbnailUrl\":\"https:\/\/www.atscontainers.com\/wp-content\/uploads\/2025\/01\/louvered-vent-shipping-container-front.webp\",\"datePublished\":\"2025-01-20T21:11:37+00:00\",\"dateModified\":\"2025-12-11T11:03:04+00:00\",\"description\":\"Prot\u00e9gez vos marchandises en installant un syst\u00e8me de ventilation sur votre conteneur. Am\u00e9liore le flux d\u2019air, r\u00e9duit l\u2019humidit\u00e9 et pr\u00e9vient de la condensation.\",\"breadcrumb\":{\"@id\":\"https:\/\/www.atscontainers.com\/fr\/produits\/accessoires\/event-a-persiennes\/#breadcrumb\"},\"inLanguage\":\"fr-CA\",\"potentialAction\":[{\"@type\":\"ReadAction\",\"target\":[\"https:\/\/www.atscontainers.com\/fr\/produits\/accessoires\/event-a-persiennes\/\"]}]},{\"@type\":\"ImageObject\",\"inLanguage\":\"fr-CA\",\"@id\":\"https:\/\/www.atscontainers.com\/fr\/produits\/accessoires\/event-a-persiennes\/#primaryimage\",\"url\":\"https:\/\/www.atscontainers.com\/wp-content\/uploads\/2025\/01\/louvered-vent-shipping-container-front.webp\",\"contentUrl\":\"https:\/\/www.atscontainers.com\/wp-content\/uploads\/2025\/01\/louvered-vent-shipping-container-front.webp\",\"width\":900,\"height\":600},{\"@type\":\"BreadcrumbList\",\"@id\":\"https:\/\/www.atscontainers.com\/fr\/produits\/accessoires\/event-a-persiennes\/#breadcrumb\",\"itemListElement\":[{\"@type\":\"ListItem\",\"position\":1,\"name\":\"Home\",\"item\":\"https:\/\/www.atscontainers.com\/fr\/\"},{\"@type\":\"ListItem\",\"position\":2,\"name\":\"Conteneurs \u00e0 Vendre\",\"item\":\"https:\/\/www.atscontainers.com\/fr\/produits\/\"},{\"@type\":\"ListItem\",\"position\":3,\"name\":\"Accessoires\",\"item\":\"https:\/\/www.atscontainers.com\/fr\/produits\/accessoires\/\"},{\"@type\":\"ListItem\",\"position\":4,\"name\":\"\u00c9vent persiennes\"}]},{\"@type\":\"WebSite\",\"@id\":\"https:\/\/www.atscontainers.com\/fr\/#website\",\"url\":\"https:\/\/www.atscontainers.com\/fr\/\",\"name\":\"ATS Containers\",\"description\":\"\",\"publisher\":{\"@id\":\"https:\/\/www.atscontainers.com\/fr\/#organization\"},\"potentialAction\":[{\"@type\":\"SearchAction\",\"target\":{\"@type\":\"EntryPoint\",\"urlTemplate\":\"https:\/\/www.atscontainers.com\/fr\/?s={search_term_string}\"},\"query-input\":{\"@type\":\"PropertyValueSpecification\",\"valueRequired\":true,\"valueName\":\"search_term_string\"}}],\"inLanguage\":\"fr-CA\"},{\"@type\":\"Organization\",\"@id\":\"https:\/\/www.atscontainers.com\/fr\/#organization\",\"name\":\"ATS Containers\",\"url\":\"https:\/\/www.atscontainers.com\/fr\/\",\"logo\":{\"@type\":\"ImageObject\",\"inLanguage\":\"fr-CA\",\"@id\":\"https:\/\/www.atscontainers.com\/fr\/#\/schema\/logo\/image\/\",\"url\":\"https:\/\/www.atscontainers.com\/wp-content\/uploads\/2018\/09\/ats-containers-canada_.png\",\"contentUrl\":\"https:\/\/www.atscontainers.com\/wp-content\/uploads\/2018\/09\/ats-containers-canada_.png\",\"width\":500,\"height\":500,\"caption\":\"ATS Containers\"},\"image\":{\"@id\":\"https:\/\/www.atscontainers.com\/fr\/#\/schema\/logo\/image\/\"},\"sameAs\":[\"https:\/\/www.facebook.com\/atscontainers\/\",\"https:\/\/x.com\/atscontainers\",\"https:\/\/www.instagram.com\/atscontainers\/\",\"https:\/\/www.linkedin.com\/company\/ats-container-services\/\"]}]}<\/script>\n<!-- \/ Yoast SEO plugin. -->","yoast_head_json":{"title":"Accessoire Conteneur Maritime : \u00c9vent \u00e0 Persiennes | ATS","description":"Prot\u00e9gez vos marchandises en installant un syst\u00e8me de ventilation sur votre conteneur. Am\u00e9liore le flux d\u2019air, r\u00e9duit l\u2019humidit\u00e9 et pr\u00e9vient de la condensation.","robots":{"index":"index","follow":"follow","max-snippet":"max-snippet:-1","max-image-preview":"max-image-preview:large","max-video-preview":"max-video-preview:-1"},"canonical":"https:\/\/www.atscontainers.com\/fr\/produits\/accessoires\/event-a-persiennes\/","og_locale":"fr_CA","og_type":"article","og_title":"Accessoire Conteneur Maritime : \u00c9vent \u00e0 Persiennes | ATS","og_description":"Prot\u00e9gez vos marchandises en installant un syst\u00e8me de ventilation sur votre conteneur. Am\u00e9liore le flux d\u2019air, r\u00e9duit l\u2019humidit\u00e9 et pr\u00e9vient de la condensation.","og_url":"https:\/\/www.atscontainers.com\/fr\/produits\/accessoires\/event-a-persiennes\/","og_site_name":"ATS Containers","article_publisher":"https:\/\/www.facebook.com\/atscontainers\/","article_modified_time":"2025-12-11T11:03:04+00:00","og_image":[{"width":900,"height":600,"url":"https:\/\/www.atscontainers.com\/wp-content\/uploads\/2025\/01\/louvered-vent-shipping-container-front.webp","type":"image\/webp"}],"twitter_card":"summary_large_image","twitter_site":"@atscontainers","twitter_misc":{"Estimation du temps de lecture":"1 minute"},"schema":{"@context":"https:\/\/schema.org","@graph":[{"@type":"WebPage","@id":"https:\/\/www.atscontainers.com\/fr\/produits\/accessoires\/event-a-persiennes\/","url":"https:\/\/www.atscontainers.com\/fr\/produits\/accessoires\/event-a-persiennes\/","name":"Accessoire Conteneur Maritime : \u00c9vent \u00e0 Persiennes | ATS","isPartOf":{"@id":"https:\/\/www.atscontainers.com\/fr\/#website"},"primaryImageOfPage":{"@id":"https:\/\/www.atscontainers.com\/fr\/produits\/accessoires\/event-a-persiennes\/#primaryimage"},"image":{"@id":"https:\/\/www.atscontainers.com\/fr\/produits\/accessoires\/event-a-persiennes\/#primaryimage"},"thumbnailUrl":"https:\/\/www.atscontainers.com\/wp-content\/uploads\/2025\/01\/louvered-vent-shipping-container-front.webp","datePublished":"2025-01-20T21:11:37+00:00","dateModified":"2025-12-11T11:03:04+00:00","description":"Prot\u00e9gez vos marchandises en installant un syst\u00e8me de ventilation sur votre conteneur. Am\u00e9liore le flux d\u2019air, r\u00e9duit l\u2019humidit\u00e9 et pr\u00e9vient de la condensation.","breadcrumb":{"@id":"https:\/\/www.atscontainers.com\/fr\/produits\/accessoires\/event-a-persiennes\/#breadcrumb"},"inLanguage":"fr-CA","potentialAction":[{"@type":"ReadAction","target":["https:\/\/www.atscontainers.com\/fr\/produits\/accessoires\/event-a-persiennes\/"]}]},{"@type":"ImageObject","inLanguage":"fr-CA","@id":"https:\/\/www.atscontainers.com\/fr\/produits\/accessoires\/event-a-persiennes\/#primaryimage","url":"https:\/\/www.atscontainers.com\/wp-content\/uploads\/2025\/01\/louvered-vent-shipping-container-front.webp","contentUrl":"https:\/\/www.atscontainers.com\/wp-content\/uploads\/2025\/01\/louvered-vent-shipping-container-front.webp","width":900,"height":600},{"@type":"BreadcrumbList","@id":"https:\/\/www.atscontainers.com\/fr\/produits\/accessoires\/event-a-persiennes\/#breadcrumb","itemListElement":[{"@type":"ListItem","position":1,"name":"Home","item":"https:\/\/www.atscontainers.com\/fr\/"},{"@type":"ListItem","position":2,"name":"Conteneurs \u00e0 Vendre","item":"https:\/\/www.atscontainers.com\/fr\/produits\/"},{"@type":"ListItem","position":3,"name":"Accessoires","item":"https:\/\/www.atscontainers.com\/fr\/produits\/accessoires\/"},{"@type":"ListItem","position":4,"name":"\u00c9vent persiennes"}]},{"@type":"WebSite","@id":"https:\/\/www.atscontainers.com\/fr\/#website","url":"https:\/\/www.atscontainers.com\/fr\/","name":"ATS Containers","description":"","publisher":{"@id":"https:\/\/www.atscontainers.com\/fr\/#organization"},"potentialAction":[{"@type":"SearchAction","target":{"@type":"EntryPoint","urlTemplate":"https:\/\/www.atscontainers.com\/fr\/?s={search_term_string}"},"query-input":{"@type":"PropertyValueSpecification","valueRequired":true,"valueName":"search_term_string"}}],"inLanguage":"fr-CA"},{"@type":"Organization","@id":"https:\/\/www.atscontainers.com\/fr\/#organization","name":"ATS Containers","url":"https:\/\/www.atscontainers.com\/fr\/","logo":{"@type":"ImageObject","inLanguage":"fr-CA","@id":"https:\/\/www.atscontainers.com\/fr\/#\/schema\/logo\/image\/","url":"https:\/\/www.atscontainers.com\/wp-content\/uploads\/2018\/09\/ats-containers-canada_.png","contentUrl":"https:\/\/www.atscontainers.com\/wp-content\/uploads\/2018\/09\/ats-containers-canada_.png","width":500,"height":500,"caption":"ATS Containers"},"image":{"@id":"https:\/\/www.atscontainers.com\/fr\/#\/schema\/logo\/image\/"},"sameAs":["https:\/\/www.facebook.com\/atscontainers\/","https:\/\/x.com\/atscontainers","https:\/\/www.instagram.com\/atscontainers\/","https:\/\/www.linkedin.com\/company\/ats-container-services\/"]}]}},"_links":{"self":[{"href":"https:\/\/www.atscontainers.com\/fr\/wp-json\/wp\/v2\/pages\/17594","targetHints":{"allow":["GET"]}}],"collection":[{"href":"https:\/\/www.atscontainers.com\/fr\/wp-json\/wp\/v2\/pages"}],"about":[{"href":"https:\/\/www.atscontainers.com\/fr\/wp-json\/wp\/v2\/types\/page"}],"author":[{"embeddable":true,"href":"https:\/\/www.atscontainers.com\/fr\/wp-json\/wp\/v2\/users\/13"}],"replies":[{"embeddable":true,"href":"https:\/\/www.atscontainers.com\/fr\/wp-json\/wp\/v2\/comments?post=17594"}],"version-history":[{"count":5,"href":"https:\/\/www.atscontainers.com\/fr\/wp-json\/wp\/v2\/pages\/17594\/revisions"}],"predecessor-version":[{"id":19291,"href":"https:\/\/www.atscontainers.com\/fr\/wp-json\/wp\/v2\/pages\/17594\/revisions\/19291"}],"up":[{"embeddable":true,"href":"https:\/\/www.atscontainers.com\/fr\/wp-json\/wp\/v2\/pages\/7613"}],"wp:featuredmedia":[{"embeddable":true,"href":"https:\/\/www.atscontainers.com\/fr\/wp-json\/wp\/v2\/media\/17586"}],"wp:attachment":[{"href":"https:\/\/www.atscontainers.com\/fr\/wp-json\/wp\/v2\/media?parent=17594"}],"curies":[{"name":"wp","href":"https:\/\/api.w.org\/{rel}","templated":true}]}}