{"id":17826,"date":"2025-02-13T14:24:37","date_gmt":"2025-02-13T19:24:37","guid":{"rendered":"https:\/\/www.atscontainers.com\/?page_id=17826"},"modified":"2025-12-11T08:02:18","modified_gmt":"2025-12-11T13:02:18","slug":"coins-de-conteneur-maritime","status":"publish","type":"page","link":"https:\/\/www.atscontainers.com\/fr\/produits\/accessoires\/pieces-moulees-dangle\/","title":{"rendered":"Coins de conteneur maritime"},"content":{"rendered":"<p>Les coins de conteneur maritime sont des composants essentiels des conteneurs maritimes, garantissant des connexions s\u00e9curis\u00e9es pour le transport.<\/p>\n","protected":false},"excerpt":{"rendered":"<p>Les coins de conteneur maritime sont des composants essentiels des conteneurs maritimes, garantissant des connexions s\u00e9curis\u00e9es pour le transport.<\/p>\n","protected":false},"author":13,"featured_media":17822,"parent":7613,"menu_order":0,"comment_status":"closed","ping_status":"closed","template":"page-fc.php","meta":{"_acf_changed":false,"ngg_post_thumbnail":0,"footnotes":""},"class_list":["post-17826","page","type-page","status-publish","has-post-thumbnail","hentry"],"acf":[],"yoast_head":"<!-- This site is optimized with the Yoast SEO plugin v26.9 - https:\/\/yoast.com\/product\/yoast-seo-wordpress\/ -->\n<title>Coins en Acier de Conteneur Maritime - ATS Conteneurs<\/title>\n<meta name=\"description\" content=\"Nos pi\u00e8ces moul\u00e9es d\u2019angle pour conteneurs sont con\u00e7ues pour r\u00e9sister aux charges lourdes et assurer un arrimage s\u00e9curitaire, conforme aux normes ISO.\" \/>\n<meta name=\"robots\" content=\"index, follow, max-snippet:-1, max-image-preview:large, max-video-preview:-1\" \/>\n<link rel=\"canonical\" href=\"https:\/\/www.atscontainers.com\/fr\/produits\/accessoires\/pieces-moulees-dangle\/\" \/>\n<meta property=\"og:locale\" content=\"fr_CA\" \/>\n<meta property=\"og:type\" content=\"article\" \/>\n<meta property=\"og:title\" content=\"Coins en Acier de Conteneur Maritime - ATS Conteneurs\" \/>\n<meta property=\"og:description\" content=\"Nos pi\u00e8ces moul\u00e9es d\u2019angle pour conteneurs sont con\u00e7ues pour r\u00e9sister aux charges lourdes et assurer un arrimage s\u00e9curitaire, conforme aux normes ISO.\" \/>\n<meta property=\"og:url\" content=\"https:\/\/www.atscontainers.com\/fr\/produits\/accessoires\/pieces-moulees-dangle\/\" \/>\n<meta property=\"og:site_name\" content=\"ATS Containers\" \/>\n<meta property=\"article:publisher\" content=\"https:\/\/www.facebook.com\/atscontainers\/\" \/>\n<meta property=\"article:modified_time\" content=\"2025-12-11T13:02:18+00:00\" \/>\n<meta property=\"og:image\" content=\"https:\/\/www.atscontainers.com\/wp-content\/uploads\/2025\/02\/IMG_1514-1.jpg\" \/>\n\t<meta property=\"og:image:width\" content=\"900\" \/>\n\t<meta property=\"og:image:height\" content=\"600\" \/>\n\t<meta property=\"og:image:type\" content=\"image\/jpeg\" \/>\n<meta name=\"twitter:card\" content=\"summary_large_image\" \/>\n<meta name=\"twitter:site\" content=\"@atscontainers\" \/>\n<meta name=\"twitter:label1\" content=\"Estimation du temps de lecture\" \/>\n\t<meta name=\"twitter:data1\" content=\"1 minute\" \/>\n<script type=\"application\/ld+json\" class=\"yoast-schema-graph\">{\"@context\":\"https:\/\/schema.org\",\"@graph\":[{\"@type\":\"WebPage\",\"@id\":\"https:\/\/www.atscontainers.com\/fr\/produits\/accessoires\/pieces-moulees-dangle\/\",\"url\":\"https:\/\/www.atscontainers.com\/fr\/produits\/accessoires\/pieces-moulees-dangle\/\",\"name\":\"Coins en Acier de Conteneur Maritime - ATS Conteneurs\",\"isPartOf\":{\"@id\":\"https:\/\/www.atscontainers.com\/fr\/#website\"},\"primaryImageOfPage\":{\"@id\":\"https:\/\/www.atscontainers.com\/fr\/produits\/accessoires\/pieces-moulees-dangle\/#primaryimage\"},\"image\":{\"@id\":\"https:\/\/www.atscontainers.com\/fr\/produits\/accessoires\/pieces-moulees-dangle\/#primaryimage\"},\"thumbnailUrl\":\"https:\/\/www.atscontainers.com\/wp-content\/uploads\/2025\/02\/IMG_1514-1.jpg\",\"datePublished\":\"2025-02-13T19:24:37+00:00\",\"dateModified\":\"2025-12-11T13:02:18+00:00\",\"description\":\"Nos pi\u00e8ces moul\u00e9es d\u2019angle pour conteneurs sont con\u00e7ues pour r\u00e9sister aux charges lourdes et assurer un arrimage s\u00e9curitaire, conforme aux normes ISO.\",\"breadcrumb\":{\"@id\":\"https:\/\/www.atscontainers.com\/fr\/produits\/accessoires\/pieces-moulees-dangle\/#breadcrumb\"},\"inLanguage\":\"fr-CA\",\"potentialAction\":[{\"@type\":\"ReadAction\",\"target\":[\"https:\/\/www.atscontainers.com\/fr\/produits\/accessoires\/pieces-moulees-dangle\/\"]}]},{\"@type\":\"ImageObject\",\"inLanguage\":\"fr-CA\",\"@id\":\"https:\/\/www.atscontainers.com\/fr\/produits\/accessoires\/pieces-moulees-dangle\/#primaryimage\",\"url\":\"https:\/\/www.atscontainers.com\/wp-content\/uploads\/2025\/02\/IMG_1514-1.jpg\",\"contentUrl\":\"https:\/\/www.atscontainers.com\/wp-content\/uploads\/2025\/02\/IMG_1514-1.jpg\",\"width\":900,\"height\":600},{\"@type\":\"BreadcrumbList\",\"@id\":\"https:\/\/www.atscontainers.com\/fr\/produits\/accessoires\/pieces-moulees-dangle\/#breadcrumb\",\"itemListElement\":[{\"@type\":\"ListItem\",\"position\":1,\"name\":\"Home\",\"item\":\"https:\/\/www.atscontainers.com\/fr\/\"},{\"@type\":\"ListItem\",\"position\":2,\"name\":\"Conteneurs \u00e0 Vendre\",\"item\":\"https:\/\/www.atscontainers.com\/fr\/produits\/\"},{\"@type\":\"ListItem\",\"position\":3,\"name\":\"Accessoires\",\"item\":\"https:\/\/www.atscontainers.com\/fr\/produits\/accessoires\/\"},{\"@type\":\"ListItem\",\"position\":4,\"name\":\"Coins de conteneur maritime\"}]},{\"@type\":\"WebSite\",\"@id\":\"https:\/\/www.atscontainers.com\/fr\/#website\",\"url\":\"https:\/\/www.atscontainers.com\/fr\/\",\"name\":\"ATS Containers\",\"description\":\"\",\"publisher\":{\"@id\":\"https:\/\/www.atscontainers.com\/fr\/#organization\"},\"potentialAction\":[{\"@type\":\"SearchAction\",\"target\":{\"@type\":\"EntryPoint\",\"urlTemplate\":\"https:\/\/www.atscontainers.com\/fr\/?s={search_term_string}\"},\"query-input\":{\"@type\":\"PropertyValueSpecification\",\"valueRequired\":true,\"valueName\":\"search_term_string\"}}],\"inLanguage\":\"fr-CA\"},{\"@type\":\"Organization\",\"@id\":\"https:\/\/www.atscontainers.com\/fr\/#organization\",\"name\":\"ATS Containers\",\"url\":\"https:\/\/www.atscontainers.com\/fr\/\",\"logo\":{\"@type\":\"ImageObject\",\"inLanguage\":\"fr-CA\",\"@id\":\"https:\/\/www.atscontainers.com\/fr\/#\/schema\/logo\/image\/\",\"url\":\"https:\/\/www.atscontainers.com\/wp-content\/uploads\/2018\/09\/ats-containers-canada_.png\",\"contentUrl\":\"https:\/\/www.atscontainers.com\/wp-content\/uploads\/2018\/09\/ats-containers-canada_.png\",\"width\":500,\"height\":500,\"caption\":\"ATS Containers\"},\"image\":{\"@id\":\"https:\/\/www.atscontainers.com\/fr\/#\/schema\/logo\/image\/\"},\"sameAs\":[\"https:\/\/www.facebook.com\/atscontainers\/\",\"https:\/\/x.com\/atscontainers\",\"https:\/\/www.instagram.com\/atscontainers\/\",\"https:\/\/www.linkedin.com\/company\/ats-container-services\/\"]}]}<\/script>\n<!-- \/ Yoast SEO plugin. -->","yoast_head_json":{"title":"Coins en Acier de Conteneur Maritime - ATS Conteneurs","description":"Nos pi\u00e8ces moul\u00e9es d\u2019angle pour conteneurs sont con\u00e7ues pour r\u00e9sister aux charges lourdes et assurer un arrimage s\u00e9curitaire, conforme aux normes ISO.","robots":{"index":"index","follow":"follow","max-snippet":"max-snippet:-1","max-image-preview":"max-image-preview:large","max-video-preview":"max-video-preview:-1"},"canonical":"https:\/\/www.atscontainers.com\/fr\/produits\/accessoires\/pieces-moulees-dangle\/","og_locale":"fr_CA","og_type":"article","og_title":"Coins en Acier de Conteneur Maritime - ATS Conteneurs","og_description":"Nos pi\u00e8ces moul\u00e9es d\u2019angle pour conteneurs sont con\u00e7ues pour r\u00e9sister aux charges lourdes et assurer un arrimage s\u00e9curitaire, conforme aux normes ISO.","og_url":"https:\/\/www.atscontainers.com\/fr\/produits\/accessoires\/pieces-moulees-dangle\/","og_site_name":"ATS Containers","article_publisher":"https:\/\/www.facebook.com\/atscontainers\/","article_modified_time":"2025-12-11T13:02:18+00:00","og_image":[{"width":900,"height":600,"url":"https:\/\/www.atscontainers.com\/wp-content\/uploads\/2025\/02\/IMG_1514-1.jpg","type":"image\/jpeg"}],"twitter_card":"summary_large_image","twitter_site":"@atscontainers","twitter_misc":{"Estimation du temps de lecture":"1 minute"},"schema":{"@context":"https:\/\/schema.org","@graph":[{"@type":"WebPage","@id":"https:\/\/www.atscontainers.com\/fr\/produits\/accessoires\/pieces-moulees-dangle\/","url":"https:\/\/www.atscontainers.com\/fr\/produits\/accessoires\/pieces-moulees-dangle\/","name":"Coins en Acier de Conteneur Maritime - ATS Conteneurs","isPartOf":{"@id":"https:\/\/www.atscontainers.com\/fr\/#website"},"primaryImageOfPage":{"@id":"https:\/\/www.atscontainers.com\/fr\/produits\/accessoires\/pieces-moulees-dangle\/#primaryimage"},"image":{"@id":"https:\/\/www.atscontainers.com\/fr\/produits\/accessoires\/pieces-moulees-dangle\/#primaryimage"},"thumbnailUrl":"https:\/\/www.atscontainers.com\/wp-content\/uploads\/2025\/02\/IMG_1514-1.jpg","datePublished":"2025-02-13T19:24:37+00:00","dateModified":"2025-12-11T13:02:18+00:00","description":"Nos pi\u00e8ces moul\u00e9es d\u2019angle pour conteneurs sont con\u00e7ues pour r\u00e9sister aux charges lourdes et assurer un arrimage s\u00e9curitaire, conforme aux normes ISO.","breadcrumb":{"@id":"https:\/\/www.atscontainers.com\/fr\/produits\/accessoires\/pieces-moulees-dangle\/#breadcrumb"},"inLanguage":"fr-CA","potentialAction":[{"@type":"ReadAction","target":["https:\/\/www.atscontainers.com\/fr\/produits\/accessoires\/pieces-moulees-dangle\/"]}]},{"@type":"ImageObject","inLanguage":"fr-CA","@id":"https:\/\/www.atscontainers.com\/fr\/produits\/accessoires\/pieces-moulees-dangle\/#primaryimage","url":"https:\/\/www.atscontainers.com\/wp-content\/uploads\/2025\/02\/IMG_1514-1.jpg","contentUrl":"https:\/\/www.atscontainers.com\/wp-content\/uploads\/2025\/02\/IMG_1514-1.jpg","width":900,"height":600},{"@type":"BreadcrumbList","@id":"https:\/\/www.atscontainers.com\/fr\/produits\/accessoires\/pieces-moulees-dangle\/#breadcrumb","itemListElement":[{"@type":"ListItem","position":1,"name":"Home","item":"https:\/\/www.atscontainers.com\/fr\/"},{"@type":"ListItem","position":2,"name":"Conteneurs \u00e0 Vendre","item":"https:\/\/www.atscontainers.com\/fr\/produits\/"},{"@type":"ListItem","position":3,"name":"Accessoires","item":"https:\/\/www.atscontainers.com\/fr\/produits\/accessoires\/"},{"@type":"ListItem","position":4,"name":"Coins de conteneur maritime"}]},{"@type":"WebSite","@id":"https:\/\/www.atscontainers.com\/fr\/#website","url":"https:\/\/www.atscontainers.com\/fr\/","name":"ATS Containers","description":"","publisher":{"@id":"https:\/\/www.atscontainers.com\/fr\/#organization"},"potentialAction":[{"@type":"SearchAction","target":{"@type":"EntryPoint","urlTemplate":"https:\/\/www.atscontainers.com\/fr\/?s={search_term_string}"},"query-input":{"@type":"PropertyValueSpecification","valueRequired":true,"valueName":"search_term_string"}}],"inLanguage":"fr-CA"},{"@type":"Organization","@id":"https:\/\/www.atscontainers.com\/fr\/#organization","name":"ATS Containers","url":"https:\/\/www.atscontainers.com\/fr\/","logo":{"@type":"ImageObject","inLanguage":"fr-CA","@id":"https:\/\/www.atscontainers.com\/fr\/#\/schema\/logo\/image\/","url":"https:\/\/www.atscontainers.com\/wp-content\/uploads\/2018\/09\/ats-containers-canada_.png","contentUrl":"https:\/\/www.atscontainers.com\/wp-content\/uploads\/2018\/09\/ats-containers-canada_.png","width":500,"height":500,"caption":"ATS Containers"},"image":{"@id":"https:\/\/www.atscontainers.com\/fr\/#\/schema\/logo\/image\/"},"sameAs":["https:\/\/www.facebook.com\/atscontainers\/","https:\/\/x.com\/atscontainers","https:\/\/www.instagram.com\/atscontainers\/","https:\/\/www.linkedin.com\/company\/ats-container-services\/"]}]}},"_links":{"self":[{"href":"https:\/\/www.atscontainers.com\/fr\/wp-json\/wp\/v2\/pages\/17826","targetHints":{"allow":["GET"]}}],"collection":[{"href":"https:\/\/www.atscontainers.com\/fr\/wp-json\/wp\/v2\/pages"}],"about":[{"href":"https:\/\/www.atscontainers.com\/fr\/wp-json\/wp\/v2\/types\/page"}],"author":[{"embeddable":true,"href":"https:\/\/www.atscontainers.com\/fr\/wp-json\/wp\/v2\/users\/13"}],"replies":[{"embeddable":true,"href":"https:\/\/www.atscontainers.com\/fr\/wp-json\/wp\/v2\/comments?post=17826"}],"version-history":[{"count":6,"href":"https:\/\/www.atscontainers.com\/fr\/wp-json\/wp\/v2\/pages\/17826\/revisions"}],"predecessor-version":[{"id":17835,"href":"https:\/\/www.atscontainers.com\/fr\/wp-json\/wp\/v2\/pages\/17826\/revisions\/17835"}],"up":[{"embeddable":true,"href":"https:\/\/www.atscontainers.com\/fr\/wp-json\/wp\/v2\/pages\/7613"}],"wp:featuredmedia":[{"embeddable":true,"href":"https:\/\/www.atscontainers.com\/fr\/wp-json\/wp\/v2\/media\/17822"}],"wp:attachment":[{"href":"https:\/\/www.atscontainers.com\/fr\/wp-json\/wp\/v2\/media?parent=17826"}],"curies":[{"name":"wp","href":"https:\/\/api.w.org\/{rel}","templated":true}]}}