{"id":20017,"date":"2025-07-30T17:47:57","date_gmt":"2025-07-30T21:47:57","guid":{"rendered":"https:\/\/www.atscontainers.com\/?page_id=20017"},"modified":"2025-07-30T17:57:16","modified_gmt":"2025-07-30T21:57:16","slug":"conteneur-matiere-dangereuse-10-pi","status":"publish","type":"page","link":"https:\/\/www.atscontainers.com\/fr\/produits\/conteneurs-neufs\/conteneur-matieres-dangereuses-10-pi","title":{"rendered":"Conteneur Mati\u00e8re Dangereuse 10 Pi"},"content":{"rendered":"<p>Le conteneur de mati\u00e8res dangereuses de 10 pieds est une unit\u00e9 sp\u00e9cialis\u00e9e \u00e0 c\u00f4t\u00e9 ouvert con\u00e7ue pour stocker en toute s\u00e9curit\u00e9 des produits chimiques et des mati\u00e8res dangereuses. Il est aussi commun\u00e9ment appel\u00e9 conteneur de stockage de produits chimiques ou conteneur maritime de marchandises dangereuses.<\/p>\n","protected":false},"excerpt":{"rendered":"<p>Le conteneur de mati\u00e8res dangereuses de 10 pieds est une unit\u00e9 sp\u00e9cialis\u00e9e \u00e0 c\u00f4t\u00e9 ouvert con\u00e7ue pour stocker en toute s\u00e9curit\u00e9 des produits chimiques et des mati\u00e8res dangereuses. Il est aussi commun\u00e9ment appel\u00e9 conteneur de stockage de produits chimiques ou conteneur maritime de marchandises dangereuses.<\/p>\n","protected":false},"author":13,"featured_media":20000,"parent":7537,"menu_order":0,"comment_status":"closed","ping_status":"closed","template":"page-fc.php","meta":{"_acf_changed":false,"ngg_post_thumbnail":0,"footnotes":""},"class_list":["post-20017","page","type-page","status-publish","has-post-thumbnail","hentry"],"acf":[],"yoast_head":"<!-- This site is optimized with the Yoast SEO plugin v26.9 - https:\/\/yoast.com\/product\/yoast-seo-wordpress\/ -->\n<title>Conteneur de stockage chimique 10 pi avec bac de r\u00e9tention | Canada<\/title>\n<meta name=\"description\" content=\"Entreposez vos mati\u00e8res dangereuses en toute s\u00e9curit\u00e9 gr\u00e2ce \u00e0 notre conteneur chimique 10 pieds avec bac de r\u00e9tention int\u00e9gr\u00e9. Obtenez une soumission gratuite !\" \/>\n<meta name=\"robots\" content=\"index, follow, max-snippet:-1, max-image-preview:large, max-video-preview:-1\" \/>\n<link rel=\"canonical\" href=\"https:\/\/www.atscontainers.com\/fr\/produits\/conteneurs-neufs\/conteneur-matieres-dangereuses-10-pi\/\" \/>\n<meta property=\"og:locale\" content=\"fr_CA\" \/>\n<meta property=\"og:type\" content=\"article\" \/>\n<meta property=\"og:title\" content=\"Conteneur de stockage chimique 10 pi avec bac de r\u00e9tention | Canada\" \/>\n<meta property=\"og:description\" content=\"Entreposez vos mati\u00e8res dangereuses en toute s\u00e9curit\u00e9 gr\u00e2ce \u00e0 notre conteneur chimique 10 pieds avec bac de r\u00e9tention int\u00e9gr\u00e9. Obtenez une soumission gratuite !\" \/>\n<meta property=\"og:url\" content=\"https:\/\/www.atscontainers.com\/fr\/produits\/conteneurs-neufs\/conteneur-matieres-dangereuses-10-pi\" \/>\n<meta property=\"og:site_name\" content=\"ATS Containers\" \/>\n<meta property=\"article:publisher\" content=\"https:\/\/www.facebook.com\/atscontainers\/\" \/>\n<meta property=\"article:modified_time\" content=\"2025-07-30T21:57:16+00:00\" \/>\n<meta property=\"og:image\" content=\"https:\/\/www.atscontainers.com\/wp-content\/uploads\/2025\/07\/10ft-dangerous-goods-container-ats-1.webp\" \/>\n\t<meta property=\"og:image:width\" content=\"900\" \/>\n\t<meta property=\"og:image:height\" content=\"600\" \/>\n\t<meta property=\"og:image:type\" content=\"image\/webp\" \/>\n<meta name=\"twitter:card\" content=\"summary_large_image\" \/>\n<meta name=\"twitter:site\" content=\"@atscontainers\" \/>\n<meta name=\"twitter:label1\" content=\"Estimation du temps de lecture\" \/>\n\t<meta name=\"twitter:data1\" content=\"1 minute\" \/>\n<script type=\"application\/ld+json\" class=\"yoast-schema-graph\">{\"@context\":\"https:\/\/schema.org\",\"@graph\":[{\"@type\":\"WebPage\",\"@id\":\"https:\/\/www.atscontainers.com\/fr\/produits\/conteneurs-neufs\/conteneur-matieres-dangereuses-10-pi\",\"url\":\"https:\/\/www.atscontainers.com\/fr\/produits\/conteneurs-neufs\/conteneur-matieres-dangereuses-10-pi\",\"name\":\"Conteneur de stockage chimique 10 pi avec bac de r\u00e9tention | Canada\",\"isPartOf\":{\"@id\":\"https:\/\/www.atscontainers.com\/fr\/#website\"},\"primaryImageOfPage\":{\"@id\":\"https:\/\/www.atscontainers.com\/fr\/produits\/conteneurs-neufs\/conteneur-matieres-dangereuses-10-pi#primaryimage\"},\"image\":{\"@id\":\"https:\/\/www.atscontainers.com\/fr\/produits\/conteneurs-neufs\/conteneur-matieres-dangereuses-10-pi#primaryimage\"},\"thumbnailUrl\":\"https:\/\/www.atscontainers.com\/wp-content\/uploads\/2025\/07\/10ft-dangerous-goods-container-ats-1.webp\",\"datePublished\":\"2025-07-30T21:47:57+00:00\",\"dateModified\":\"2025-07-30T21:57:16+00:00\",\"description\":\"Entreposez vos mati\u00e8res dangereuses en toute s\u00e9curit\u00e9 gr\u00e2ce \u00e0 notre conteneur chimique 10 pieds avec bac de r\u00e9tention int\u00e9gr\u00e9. Obtenez une soumission gratuite !\",\"breadcrumb\":{\"@id\":\"https:\/\/www.atscontainers.com\/fr\/produits\/conteneurs-neufs\/conteneur-matieres-dangereuses-10-pi#breadcrumb\"},\"inLanguage\":\"fr-CA\",\"potentialAction\":[{\"@type\":\"ReadAction\",\"target\":[\"https:\/\/www.atscontainers.com\/fr\/produits\/conteneurs-neufs\/conteneur-matieres-dangereuses-10-pi\"]}]},{\"@type\":\"ImageObject\",\"inLanguage\":\"fr-CA\",\"@id\":\"https:\/\/www.atscontainers.com\/fr\/produits\/conteneurs-neufs\/conteneur-matieres-dangereuses-10-pi#primaryimage\",\"url\":\"https:\/\/www.atscontainers.com\/wp-content\/uploads\/2025\/07\/10ft-dangerous-goods-container-ats-1.webp\",\"contentUrl\":\"https:\/\/www.atscontainers.com\/wp-content\/uploads\/2025\/07\/10ft-dangerous-goods-container-ats-1.webp\",\"width\":900,\"height\":600,\"caption\":\"Conteneur maritime 10 pieds pour marchandises dangereuses avec marquages de s\u00e9curit\u00e9 \u2013 ATS Containers\"},{\"@type\":\"BreadcrumbList\",\"@id\":\"https:\/\/www.atscontainers.com\/fr\/produits\/conteneurs-neufs\/conteneur-matieres-dangereuses-10-pi#breadcrumb\",\"itemListElement\":[{\"@type\":\"ListItem\",\"position\":1,\"name\":\"Home\",\"item\":\"https:\/\/www.atscontainers.com\/fr\/\"},{\"@type\":\"ListItem\",\"position\":2,\"name\":\"Conteneurs \u00e0 Vendre\",\"item\":\"https:\/\/www.atscontainers.com\/fr\/produits\/\"},{\"@type\":\"ListItem\",\"position\":3,\"name\":\"Conteneurs Neufs\",\"item\":\"https:\/\/www.atscontainers.com\/fr\/produits\/conteneurs-neufs\/\"},{\"@type\":\"ListItem\",\"position\":4,\"name\":\"Conteneur Mati\u00e8re Dangereuse 10 Pi\"}]},{\"@type\":\"WebSite\",\"@id\":\"https:\/\/www.atscontainers.com\/fr\/#website\",\"url\":\"https:\/\/www.atscontainers.com\/fr\/\",\"name\":\"ATS Containers\",\"description\":\"\",\"publisher\":{\"@id\":\"https:\/\/www.atscontainers.com\/fr\/#organization\"},\"potentialAction\":[{\"@type\":\"SearchAction\",\"target\":{\"@type\":\"EntryPoint\",\"urlTemplate\":\"https:\/\/www.atscontainers.com\/fr\/?s={search_term_string}\"},\"query-input\":{\"@type\":\"PropertyValueSpecification\",\"valueRequired\":true,\"valueName\":\"search_term_string\"}}],\"inLanguage\":\"fr-CA\"},{\"@type\":\"Organization\",\"@id\":\"https:\/\/www.atscontainers.com\/fr\/#organization\",\"name\":\"ATS Containers\",\"url\":\"https:\/\/www.atscontainers.com\/fr\/\",\"logo\":{\"@type\":\"ImageObject\",\"inLanguage\":\"fr-CA\",\"@id\":\"https:\/\/www.atscontainers.com\/fr\/#\/schema\/logo\/image\/\",\"url\":\"https:\/\/www.atscontainers.com\/wp-content\/uploads\/2018\/09\/ats-containers-canada_.png\",\"contentUrl\":\"https:\/\/www.atscontainers.com\/wp-content\/uploads\/2018\/09\/ats-containers-canada_.png\",\"width\":500,\"height\":500,\"caption\":\"ATS Containers\"},\"image\":{\"@id\":\"https:\/\/www.atscontainers.com\/fr\/#\/schema\/logo\/image\/\"},\"sameAs\":[\"https:\/\/www.facebook.com\/atscontainers\/\",\"https:\/\/x.com\/atscontainers\",\"https:\/\/www.instagram.com\/atscontainers\/\",\"https:\/\/www.linkedin.com\/company\/ats-container-services\/\"]}]}<\/script>\n<!-- \/ Yoast SEO plugin. -->","yoast_head_json":{"title":"Conteneur de stockage chimique 10 pi avec bac de r\u00e9tention | Canada","description":"Entreposez vos mati\u00e8res dangereuses en toute s\u00e9curit\u00e9 gr\u00e2ce \u00e0 notre conteneur chimique 10 pieds avec bac de r\u00e9tention int\u00e9gr\u00e9. Obtenez une soumission gratuite !","robots":{"index":"index","follow":"follow","max-snippet":"max-snippet:-1","max-image-preview":"max-image-preview:large","max-video-preview":"max-video-preview:-1"},"canonical":"https:\/\/www.atscontainers.com\/fr\/produits\/conteneurs-neufs\/conteneur-matieres-dangereuses-10-pi\/","og_locale":"fr_CA","og_type":"article","og_title":"Conteneur de stockage chimique 10 pi avec bac de r\u00e9tention | Canada","og_description":"Entreposez vos mati\u00e8res dangereuses en toute s\u00e9curit\u00e9 gr\u00e2ce \u00e0 notre conteneur chimique 10 pieds avec bac de r\u00e9tention int\u00e9gr\u00e9. Obtenez une soumission gratuite !","og_url":"https:\/\/www.atscontainers.com\/fr\/produits\/conteneurs-neufs\/conteneur-matieres-dangereuses-10-pi","og_site_name":"ATS Containers","article_publisher":"https:\/\/www.facebook.com\/atscontainers\/","article_modified_time":"2025-07-30T21:57:16+00:00","og_image":[{"width":900,"height":600,"url":"https:\/\/www.atscontainers.com\/wp-content\/uploads\/2025\/07\/10ft-dangerous-goods-container-ats-1.webp","type":"image\/webp"}],"twitter_card":"summary_large_image","twitter_site":"@atscontainers","twitter_misc":{"Estimation du temps de lecture":"1 minute"},"schema":{"@context":"https:\/\/schema.org","@graph":[{"@type":"WebPage","@id":"https:\/\/www.atscontainers.com\/fr\/produits\/conteneurs-neufs\/conteneur-matieres-dangereuses-10-pi","url":"https:\/\/www.atscontainers.com\/fr\/produits\/conteneurs-neufs\/conteneur-matieres-dangereuses-10-pi","name":"Conteneur de stockage chimique 10 pi avec bac de r\u00e9tention | Canada","isPartOf":{"@id":"https:\/\/www.atscontainers.com\/fr\/#website"},"primaryImageOfPage":{"@id":"https:\/\/www.atscontainers.com\/fr\/produits\/conteneurs-neufs\/conteneur-matieres-dangereuses-10-pi#primaryimage"},"image":{"@id":"https:\/\/www.atscontainers.com\/fr\/produits\/conteneurs-neufs\/conteneur-matieres-dangereuses-10-pi#primaryimage"},"thumbnailUrl":"https:\/\/www.atscontainers.com\/wp-content\/uploads\/2025\/07\/10ft-dangerous-goods-container-ats-1.webp","datePublished":"2025-07-30T21:47:57+00:00","dateModified":"2025-07-30T21:57:16+00:00","description":"Entreposez vos mati\u00e8res dangereuses en toute s\u00e9curit\u00e9 gr\u00e2ce \u00e0 notre conteneur chimique 10 pieds avec bac de r\u00e9tention int\u00e9gr\u00e9. Obtenez une soumission gratuite !","breadcrumb":{"@id":"https:\/\/www.atscontainers.com\/fr\/produits\/conteneurs-neufs\/conteneur-matieres-dangereuses-10-pi#breadcrumb"},"inLanguage":"fr-CA","potentialAction":[{"@type":"ReadAction","target":["https:\/\/www.atscontainers.com\/fr\/produits\/conteneurs-neufs\/conteneur-matieres-dangereuses-10-pi"]}]},{"@type":"ImageObject","inLanguage":"fr-CA","@id":"https:\/\/www.atscontainers.com\/fr\/produits\/conteneurs-neufs\/conteneur-matieres-dangereuses-10-pi#primaryimage","url":"https:\/\/www.atscontainers.com\/wp-content\/uploads\/2025\/07\/10ft-dangerous-goods-container-ats-1.webp","contentUrl":"https:\/\/www.atscontainers.com\/wp-content\/uploads\/2025\/07\/10ft-dangerous-goods-container-ats-1.webp","width":900,"height":600,"caption":"Conteneur maritime 10 pieds pour marchandises dangereuses avec marquages de s\u00e9curit\u00e9 \u2013 ATS Containers"},{"@type":"BreadcrumbList","@id":"https:\/\/www.atscontainers.com\/fr\/produits\/conteneurs-neufs\/conteneur-matieres-dangereuses-10-pi#breadcrumb","itemListElement":[{"@type":"ListItem","position":1,"name":"Home","item":"https:\/\/www.atscontainers.com\/fr\/"},{"@type":"ListItem","position":2,"name":"Conteneurs \u00e0 Vendre","item":"https:\/\/www.atscontainers.com\/fr\/produits\/"},{"@type":"ListItem","position":3,"name":"Conteneurs Neufs","item":"https:\/\/www.atscontainers.com\/fr\/produits\/conteneurs-neufs\/"},{"@type":"ListItem","position":4,"name":"Conteneur Mati\u00e8re Dangereuse 10 Pi"}]},{"@type":"WebSite","@id":"https:\/\/www.atscontainers.com\/fr\/#website","url":"https:\/\/www.atscontainers.com\/fr\/","name":"ATS Containers","description":"","publisher":{"@id":"https:\/\/www.atscontainers.com\/fr\/#organization"},"potentialAction":[{"@type":"SearchAction","target":{"@type":"EntryPoint","urlTemplate":"https:\/\/www.atscontainers.com\/fr\/?s={search_term_string}"},"query-input":{"@type":"PropertyValueSpecification","valueRequired":true,"valueName":"search_term_string"}}],"inLanguage":"fr-CA"},{"@type":"Organization","@id":"https:\/\/www.atscontainers.com\/fr\/#organization","name":"ATS Containers","url":"https:\/\/www.atscontainers.com\/fr\/","logo":{"@type":"ImageObject","inLanguage":"fr-CA","@id":"https:\/\/www.atscontainers.com\/fr\/#\/schema\/logo\/image\/","url":"https:\/\/www.atscontainers.com\/wp-content\/uploads\/2018\/09\/ats-containers-canada_.png","contentUrl":"https:\/\/www.atscontainers.com\/wp-content\/uploads\/2018\/09\/ats-containers-canada_.png","width":500,"height":500,"caption":"ATS Containers"},"image":{"@id":"https:\/\/www.atscontainers.com\/fr\/#\/schema\/logo\/image\/"},"sameAs":["https:\/\/www.facebook.com\/atscontainers\/","https:\/\/x.com\/atscontainers","https:\/\/www.instagram.com\/atscontainers\/","https:\/\/www.linkedin.com\/company\/ats-container-services\/"]}]}},"_links":{"self":[{"href":"https:\/\/www.atscontainers.com\/fr\/wp-json\/wp\/v2\/pages\/20017","targetHints":{"allow":["GET"]}}],"collection":[{"href":"https:\/\/www.atscontainers.com\/fr\/wp-json\/wp\/v2\/pages"}],"about":[{"href":"https:\/\/www.atscontainers.com\/fr\/wp-json\/wp\/v2\/types\/page"}],"author":[{"embeddable":true,"href":"https:\/\/www.atscontainers.com\/fr\/wp-json\/wp\/v2\/users\/13"}],"replies":[{"embeddable":true,"href":"https:\/\/www.atscontainers.com\/fr\/wp-json\/wp\/v2\/comments?post=20017"}],"version-history":[{"count":6,"href":"https:\/\/www.atscontainers.com\/fr\/wp-json\/wp\/v2\/pages\/20017\/revisions"}],"predecessor-version":[{"id":20029,"href":"https:\/\/www.atscontainers.com\/fr\/wp-json\/wp\/v2\/pages\/20017\/revisions\/20029"}],"up":[{"embeddable":true,"href":"https:\/\/www.atscontainers.com\/fr\/wp-json\/wp\/v2\/pages\/7537"}],"wp:featuredmedia":[{"embeddable":true,"href":"https:\/\/www.atscontainers.com\/fr\/wp-json\/wp\/v2\/media\/20000"}],"wp:attachment":[{"href":"https:\/\/www.atscontainers.com\/fr\/wp-json\/wp\/v2\/media?parent=20017"}],"curies":[{"name":"wp","href":"https:\/\/api.w.org\/{rel}","templated":true}]}}