{"id":23073,"date":"2026-04-20T12:37:13","date_gmt":"2026-04-20T16:37:13","guid":{"rendered":"https:\/\/www.atscontainers.com\/?page_id=23073"},"modified":"2026-04-20T12:37:46","modified_gmt":"2026-04-20T16:37:46","slug":"conteneur-10-hc-neuf-avec-porte-enroulable-atsu-9694949","status":"publish","type":"page","link":"https:\/\/www.atscontainers.com\/fr\/produits\/liquidation\/conteneur-neuf-10pi-hc-avec-porte-enroulable-9694949","title":{"rendered":"Conteneur 10&prime; HC Neuf avec Porte Enroulable | ATSU 9694949"},"content":{"rendered":"<!DOCTYPE html PUBLIC \"-\/\/W3C\/\/DTD HTML 4.0 Transitional\/\/EN\" \"http:\/\/www.w3.org\/TR\/REC-html40\/loose.dtd\">\n\n","protected":false},"excerpt":{"rendered":"","protected":false},"author":13,"featured_media":22924,"parent":7604,"menu_order":0,"comment_status":"closed","ping_status":"closed","template":"page-fc.php","meta":{"_acf_changed":false,"ngg_post_thumbnail":0,"footnotes":""},"class_list":["post-23073","page","type-page","status-publish","has-post-thumbnail","hentry"],"acf":[],"yoast_head":"<!-- This site is optimized with the Yoast SEO plugin v26.9 - https:\/\/yoast.com\/product\/yoast-seo-wordpress\/ -->\n<title>Conteneur 10&#039; HC Neuf \u00e0 Porte Enroulable | Liquidation<\/title>\n<meta name=\"description\" content=\"Maximisez votre espace avec notre conteneur 10 pi High Cube en liquidation. \u00c9quip\u00e9 d&#039;une porte enroulable de 7 pieds pour un acc\u00e8s rapide et peu encombrant.\" \/>\n<meta name=\"robots\" content=\"index, follow, max-snippet:-1, max-image-preview:large, max-video-preview:-1\" \/>\n<link rel=\"canonical\" href=\"https:\/\/www.atscontainers.com\/fr\/produits\/liquidation\/conteneur-neuf-10pi-hc-avec-porte-enroulable-9694949\/\" \/>\n<meta property=\"og:locale\" content=\"fr_CA\" \/>\n<meta property=\"og:type\" content=\"article\" \/>\n<meta property=\"og:title\" content=\"Conteneur 10&#039; HC Neuf \u00e0 Porte Enroulable | Liquidation\" \/>\n<meta property=\"og:description\" content=\"Maximisez votre espace avec notre conteneur 10 pi High Cube en liquidation. \u00c9quip\u00e9 d&#039;une porte enroulable de 7 pieds pour un acc\u00e8s rapide et peu encombrant.\" \/>\n<meta property=\"og:url\" content=\"https:\/\/www.atscontainers.com\/fr\/produits\/liquidation\/conteneur-neuf-10pi-hc-avec-porte-enroulable-9694949\" \/>\n<meta property=\"og:site_name\" content=\"ATS Containers\" \/>\n<meta property=\"article:publisher\" content=\"https:\/\/www.facebook.com\/atscontainers\/\" \/>\n<meta property=\"article:modified_time\" content=\"2026-04-20T16:37:46+00:00\" \/>\n<meta property=\"og:image\" content=\"https:\/\/www.atscontainers.com\/wp-content\/uploads\/2026\/04\/10ft-high-cube-rollup-door-container-ats-1.webp\" \/>\n\t<meta property=\"og:image:width\" content=\"1599\" \/>\n\t<meta property=\"og:image:height\" content=\"900\" \/>\n\t<meta property=\"og:image:type\" content=\"image\/webp\" \/>\n<meta name=\"twitter:card\" content=\"summary_large_image\" \/>\n<meta name=\"twitter:site\" content=\"@atscontainers\" \/>\n<meta name=\"twitter:label1\" content=\"Estimation du temps de lecture\" \/>\n\t<meta name=\"twitter:data1\" content=\"1 minute\" \/>\n<script type=\"application\/ld+json\" class=\"yoast-schema-graph\">{\"@context\":\"https:\/\/schema.org\",\"@graph\":[{\"@type\":\"WebPage\",\"@id\":\"https:\/\/www.atscontainers.com\/fr\/produits\/liquidation\/conteneur-neuf-10pi-hc-avec-porte-enroulable-9694949\",\"url\":\"https:\/\/www.atscontainers.com\/fr\/produits\/liquidation\/conteneur-neuf-10pi-hc-avec-porte-enroulable-9694949\",\"name\":\"Conteneur 10' HC Neuf \u00e0 Porte Enroulable | Liquidation\",\"isPartOf\":{\"@id\":\"https:\/\/www.atscontainers.com\/fr\/#website\"},\"primaryImageOfPage\":{\"@id\":\"https:\/\/www.atscontainers.com\/fr\/produits\/liquidation\/conteneur-neuf-10pi-hc-avec-porte-enroulable-9694949#primaryimage\"},\"image\":{\"@id\":\"https:\/\/www.atscontainers.com\/fr\/produits\/liquidation\/conteneur-neuf-10pi-hc-avec-porte-enroulable-9694949#primaryimage\"},\"thumbnailUrl\":\"https:\/\/www.atscontainers.com\/wp-content\/uploads\/2026\/04\/10ft-high-cube-rollup-door-container-ats-1.webp\",\"datePublished\":\"2026-04-20T16:37:13+00:00\",\"dateModified\":\"2026-04-20T16:37:46+00:00\",\"description\":\"Maximisez votre espace avec notre conteneur 10 pi High Cube en liquidation. \u00c9quip\u00e9 d'une porte enroulable de 7 pieds pour un acc\u00e8s rapide et peu encombrant.\",\"breadcrumb\":{\"@id\":\"https:\/\/www.atscontainers.com\/fr\/produits\/liquidation\/conteneur-neuf-10pi-hc-avec-porte-enroulable-9694949#breadcrumb\"},\"inLanguage\":\"fr-CA\",\"potentialAction\":[{\"@type\":\"ReadAction\",\"target\":[\"https:\/\/www.atscontainers.com\/fr\/produits\/liquidation\/conteneur-neuf-10pi-hc-avec-porte-enroulable-9694949\"]}]},{\"@type\":\"ImageObject\",\"inLanguage\":\"fr-CA\",\"@id\":\"https:\/\/www.atscontainers.com\/fr\/produits\/liquidation\/conteneur-neuf-10pi-hc-avec-porte-enroulable-9694949#primaryimage\",\"url\":\"https:\/\/www.atscontainers.com\/wp-content\/uploads\/2026\/04\/10ft-high-cube-rollup-door-container-ats-1.webp\",\"contentUrl\":\"https:\/\/www.atscontainers.com\/wp-content\/uploads\/2026\/04\/10ft-high-cube-rollup-door-container-ats-1.webp\",\"width\":1599,\"height\":900,\"caption\":\"10ft-high-cube-rollup-door-container-front-view\"},{\"@type\":\"BreadcrumbList\",\"@id\":\"https:\/\/www.atscontainers.com\/fr\/produits\/liquidation\/conteneur-neuf-10pi-hc-avec-porte-enroulable-9694949#breadcrumb\",\"itemListElement\":[{\"@type\":\"ListItem\",\"position\":1,\"name\":\"Home\",\"item\":\"https:\/\/www.atscontainers.com\/fr\/\"},{\"@type\":\"ListItem\",\"position\":2,\"name\":\"Liquidation\",\"item\":\"https:\/\/www.atscontainers.com\/fr\/produits\/liquidation\/\"},{\"@type\":\"ListItem\",\"position\":3,\"name\":\"Conteneur 10&#8242; HC Neuf avec Porte Enroulable | ATSU 9694949\"}]},{\"@type\":\"WebSite\",\"@id\":\"https:\/\/www.atscontainers.com\/fr\/#website\",\"url\":\"https:\/\/www.atscontainers.com\/fr\/\",\"name\":\"ATS Containers\",\"description\":\"\",\"publisher\":{\"@id\":\"https:\/\/www.atscontainers.com\/fr\/#organization\"},\"potentialAction\":[{\"@type\":\"SearchAction\",\"target\":{\"@type\":\"EntryPoint\",\"urlTemplate\":\"https:\/\/www.atscontainers.com\/fr\/?s={search_term_string}\"},\"query-input\":{\"@type\":\"PropertyValueSpecification\",\"valueRequired\":true,\"valueName\":\"search_term_string\"}}],\"inLanguage\":\"fr-CA\"},{\"@type\":\"Organization\",\"@id\":\"https:\/\/www.atscontainers.com\/fr\/#organization\",\"name\":\"ATS Containers\",\"url\":\"https:\/\/www.atscontainers.com\/fr\/\",\"logo\":{\"@type\":\"ImageObject\",\"inLanguage\":\"fr-CA\",\"@id\":\"https:\/\/www.atscontainers.com\/fr\/#\/schema\/logo\/image\/\",\"url\":\"https:\/\/www.atscontainers.com\/wp-content\/uploads\/2018\/09\/ats-containers-canada_.png\",\"contentUrl\":\"https:\/\/www.atscontainers.com\/wp-content\/uploads\/2018\/09\/ats-containers-canada_.png\",\"width\":500,\"height\":500,\"caption\":\"ATS Containers\"},\"image\":{\"@id\":\"https:\/\/www.atscontainers.com\/fr\/#\/schema\/logo\/image\/\"},\"sameAs\":[\"https:\/\/www.facebook.com\/atscontainers\/\",\"https:\/\/x.com\/atscontainers\",\"https:\/\/www.instagram.com\/atscontainers\/\",\"https:\/\/www.linkedin.com\/company\/ats-container-services\/\"]}]}<\/script>\n<!-- \/ Yoast SEO plugin. -->","yoast_head_json":{"title":"Conteneur 10' HC Neuf \u00e0 Porte Enroulable | Liquidation","description":"Maximisez votre espace avec notre conteneur 10 pi High Cube en liquidation. \u00c9quip\u00e9 d'une porte enroulable de 7 pieds pour un acc\u00e8s rapide et peu encombrant.","robots":{"index":"index","follow":"follow","max-snippet":"max-snippet:-1","max-image-preview":"max-image-preview:large","max-video-preview":"max-video-preview:-1"},"canonical":"https:\/\/www.atscontainers.com\/fr\/produits\/liquidation\/conteneur-neuf-10pi-hc-avec-porte-enroulable-9694949\/","og_locale":"fr_CA","og_type":"article","og_title":"Conteneur 10' HC Neuf \u00e0 Porte Enroulable | Liquidation","og_description":"Maximisez votre espace avec notre conteneur 10 pi High Cube en liquidation. \u00c9quip\u00e9 d'une porte enroulable de 7 pieds pour un acc\u00e8s rapide et peu encombrant.","og_url":"https:\/\/www.atscontainers.com\/fr\/produits\/liquidation\/conteneur-neuf-10pi-hc-avec-porte-enroulable-9694949","og_site_name":"ATS Containers","article_publisher":"https:\/\/www.facebook.com\/atscontainers\/","article_modified_time":"2026-04-20T16:37:46+00:00","og_image":[{"width":1599,"height":900,"url":"https:\/\/www.atscontainers.com\/wp-content\/uploads\/2026\/04\/10ft-high-cube-rollup-door-container-ats-1.webp","type":"image\/webp"}],"twitter_card":"summary_large_image","twitter_site":"@atscontainers","twitter_misc":{"Estimation du temps de lecture":"1 minute"},"schema":{"@context":"https:\/\/schema.org","@graph":[{"@type":"WebPage","@id":"https:\/\/www.atscontainers.com\/fr\/produits\/liquidation\/conteneur-neuf-10pi-hc-avec-porte-enroulable-9694949","url":"https:\/\/www.atscontainers.com\/fr\/produits\/liquidation\/conteneur-neuf-10pi-hc-avec-porte-enroulable-9694949","name":"Conteneur 10' HC Neuf \u00e0 Porte Enroulable | Liquidation","isPartOf":{"@id":"https:\/\/www.atscontainers.com\/fr\/#website"},"primaryImageOfPage":{"@id":"https:\/\/www.atscontainers.com\/fr\/produits\/liquidation\/conteneur-neuf-10pi-hc-avec-porte-enroulable-9694949#primaryimage"},"image":{"@id":"https:\/\/www.atscontainers.com\/fr\/produits\/liquidation\/conteneur-neuf-10pi-hc-avec-porte-enroulable-9694949#primaryimage"},"thumbnailUrl":"https:\/\/www.atscontainers.com\/wp-content\/uploads\/2026\/04\/10ft-high-cube-rollup-door-container-ats-1.webp","datePublished":"2026-04-20T16:37:13+00:00","dateModified":"2026-04-20T16:37:46+00:00","description":"Maximisez votre espace avec notre conteneur 10 pi High Cube en liquidation. \u00c9quip\u00e9 d'une porte enroulable de 7 pieds pour un acc\u00e8s rapide et peu encombrant.","breadcrumb":{"@id":"https:\/\/www.atscontainers.com\/fr\/produits\/liquidation\/conteneur-neuf-10pi-hc-avec-porte-enroulable-9694949#breadcrumb"},"inLanguage":"fr-CA","potentialAction":[{"@type":"ReadAction","target":["https:\/\/www.atscontainers.com\/fr\/produits\/liquidation\/conteneur-neuf-10pi-hc-avec-porte-enroulable-9694949"]}]},{"@type":"ImageObject","inLanguage":"fr-CA","@id":"https:\/\/www.atscontainers.com\/fr\/produits\/liquidation\/conteneur-neuf-10pi-hc-avec-porte-enroulable-9694949#primaryimage","url":"https:\/\/www.atscontainers.com\/wp-content\/uploads\/2026\/04\/10ft-high-cube-rollup-door-container-ats-1.webp","contentUrl":"https:\/\/www.atscontainers.com\/wp-content\/uploads\/2026\/04\/10ft-high-cube-rollup-door-container-ats-1.webp","width":1599,"height":900,"caption":"10ft-high-cube-rollup-door-container-front-view"},{"@type":"BreadcrumbList","@id":"https:\/\/www.atscontainers.com\/fr\/produits\/liquidation\/conteneur-neuf-10pi-hc-avec-porte-enroulable-9694949#breadcrumb","itemListElement":[{"@type":"ListItem","position":1,"name":"Home","item":"https:\/\/www.atscontainers.com\/fr\/"},{"@type":"ListItem","position":2,"name":"Liquidation","item":"https:\/\/www.atscontainers.com\/fr\/produits\/liquidation\/"},{"@type":"ListItem","position":3,"name":"Conteneur 10&#8242; HC Neuf avec Porte Enroulable | ATSU 9694949"}]},{"@type":"WebSite","@id":"https:\/\/www.atscontainers.com\/fr\/#website","url":"https:\/\/www.atscontainers.com\/fr\/","name":"ATS Containers","description":"","publisher":{"@id":"https:\/\/www.atscontainers.com\/fr\/#organization"},"potentialAction":[{"@type":"SearchAction","target":{"@type":"EntryPoint","urlTemplate":"https:\/\/www.atscontainers.com\/fr\/?s={search_term_string}"},"query-input":{"@type":"PropertyValueSpecification","valueRequired":true,"valueName":"search_term_string"}}],"inLanguage":"fr-CA"},{"@type":"Organization","@id":"https:\/\/www.atscontainers.com\/fr\/#organization","name":"ATS Containers","url":"https:\/\/www.atscontainers.com\/fr\/","logo":{"@type":"ImageObject","inLanguage":"fr-CA","@id":"https:\/\/www.atscontainers.com\/fr\/#\/schema\/logo\/image\/","url":"https:\/\/www.atscontainers.com\/wp-content\/uploads\/2018\/09\/ats-containers-canada_.png","contentUrl":"https:\/\/www.atscontainers.com\/wp-content\/uploads\/2018\/09\/ats-containers-canada_.png","width":500,"height":500,"caption":"ATS Containers"},"image":{"@id":"https:\/\/www.atscontainers.com\/fr\/#\/schema\/logo\/image\/"},"sameAs":["https:\/\/www.facebook.com\/atscontainers\/","https:\/\/x.com\/atscontainers","https:\/\/www.instagram.com\/atscontainers\/","https:\/\/www.linkedin.com\/company\/ats-container-services\/"]}]}},"_links":{"self":[{"href":"https:\/\/www.atscontainers.com\/fr\/wp-json\/wp\/v2\/pages\/23073","targetHints":{"allow":["GET"]}}],"collection":[{"href":"https:\/\/www.atscontainers.com\/fr\/wp-json\/wp\/v2\/pages"}],"about":[{"href":"https:\/\/www.atscontainers.com\/fr\/wp-json\/wp\/v2\/types\/page"}],"author":[{"embeddable":true,"href":"https:\/\/www.atscontainers.com\/fr\/wp-json\/wp\/v2\/users\/13"}],"replies":[{"embeddable":true,"href":"https:\/\/www.atscontainers.com\/fr\/wp-json\/wp\/v2\/comments?post=23073"}],"version-history":[{"count":6,"href":"https:\/\/www.atscontainers.com\/fr\/wp-json\/wp\/v2\/pages\/23073\/revisions"}],"predecessor-version":[{"id":23097,"href":"https:\/\/www.atscontainers.com\/fr\/wp-json\/wp\/v2\/pages\/23073\/revisions\/23097"}],"up":[{"embeddable":true,"href":"https:\/\/www.atscontainers.com\/fr\/wp-json\/wp\/v2\/pages\/7604"}],"wp:featuredmedia":[{"embeddable":true,"href":"https:\/\/www.atscontainers.com\/fr\/wp-json\/wp\/v2\/media\/22924"}],"wp:attachment":[{"href":"https:\/\/www.atscontainers.com\/fr\/wp-json\/wp\/v2\/media?parent=23073"}],"curies":[{"name":"wp","href":"https:\/\/api.w.org\/{rel}","templated":true}]}}