{"id":23104,"date":"2026-04-20T13:29:07","date_gmt":"2026-04-20T17:29:07","guid":{"rendered":"https:\/\/www.atscontainers.com\/?page_id=23104"},"modified":"2026-04-20T13:29:29","modified_gmt":"2026-04-20T17:29:29","slug":"conteneur-10-neuf-avec-porte-enroulable-atsu-4224412","status":"publish","type":"page","link":"https:\/\/www.atscontainers.com\/fr\/produits\/liquidation\/conteneur-neuf-10pi-avec-porte-enroulable-4224412\/","title":{"rendered":"Conteneur 10&prime; Neuf avec Porte Enroulable | ATSU 4224412"},"content":{"rendered":"<!DOCTYPE html PUBLIC \"-\/\/W3C\/\/DTD HTML 4.0 Transitional\/\/EN\" \"http:\/\/www.w3.org\/TR\/REC-html40\/loose.dtd\">\n\n","protected":false},"excerpt":{"rendered":"","protected":false},"author":13,"featured_media":22933,"parent":7604,"menu_order":0,"comment_status":"closed","ping_status":"closed","template":"page-fc.php","meta":{"_acf_changed":false,"ngg_post_thumbnail":0,"footnotes":""},"class_list":["post-23104","page","type-page","status-publish","has-post-thumbnail","hentry"],"acf":[],"yoast_head":"<!-- This site is optimized with the Yoast SEO plugin v26.9 - https:\/\/yoast.com\/product\/yoast-seo-wordpress\/ -->\n<title>Conteneur 10&#039; Neuf \u00e0 Porte Enroulable | Liquidation<\/title>\n<meta name=\"description\" content=\"Profitez de notre vente de liquidation sur le conteneur neuf de 10 pi avec porte enroulable. \u00c9conomies pour une dur\u00e9e limit\u00e9e chez Conteneurs ATS.\" \/>\n<meta name=\"robots\" content=\"index, follow, max-snippet:-1, max-image-preview:large, max-video-preview:-1\" \/>\n<link rel=\"canonical\" href=\"https:\/\/www.atscontainers.com\/fr\/produits\/liquidation\/conteneur-neuf-10pi-avec-porte-enroulable-4224412\/\" \/>\n<meta property=\"og:locale\" content=\"fr_CA\" \/>\n<meta property=\"og:type\" content=\"article\" \/>\n<meta property=\"og:title\" content=\"Conteneur 10&#039; Neuf \u00e0 Porte Enroulable | Liquidation\" \/>\n<meta property=\"og:description\" content=\"Profitez de notre vente de liquidation sur le conteneur neuf de 10 pi avec porte enroulable. \u00c9conomies pour une dur\u00e9e limit\u00e9e chez Conteneurs ATS.\" \/>\n<meta property=\"og:url\" content=\"https:\/\/www.atscontainers.com\/fr\/produits\/liquidation\/conteneur-neuf-10pi-avec-porte-enroulable-4224412\/\" \/>\n<meta property=\"og:site_name\" content=\"ATS Containers\" \/>\n<meta property=\"article:publisher\" content=\"https:\/\/www.facebook.com\/atscontainers\/\" \/>\n<meta property=\"article:modified_time\" content=\"2026-04-20T17:29:29+00:00\" \/>\n<meta property=\"og:image\" content=\"https:\/\/www.atscontainers.com\/wp-content\/uploads\/2026\/04\/10ft-rollup-door-container-ats-1.webp\" \/>\n\t<meta property=\"og:image:width\" content=\"1360\" \/>\n\t<meta property=\"og:image:height\" content=\"907\" \/>\n\t<meta property=\"og:image:type\" content=\"image\/webp\" \/>\n<meta name=\"twitter:card\" content=\"summary_large_image\" \/>\n<meta name=\"twitter:site\" content=\"@atscontainers\" \/>\n<meta name=\"twitter:label1\" content=\"Estimation du temps de lecture\" \/>\n\t<meta name=\"twitter:data1\" content=\"1 minute\" \/>\n<script type=\"application\/ld+json\" class=\"yoast-schema-graph\">{\"@context\":\"https:\/\/schema.org\",\"@graph\":[{\"@type\":\"WebPage\",\"@id\":\"https:\/\/www.atscontainers.com\/fr\/produits\/liquidation\/conteneur-neuf-10pi-avec-porte-enroulable-4224412\/\",\"url\":\"https:\/\/www.atscontainers.com\/fr\/produits\/liquidation\/conteneur-neuf-10pi-avec-porte-enroulable-4224412\/\",\"name\":\"Conteneur 10' Neuf \u00e0 Porte Enroulable | Liquidation\",\"isPartOf\":{\"@id\":\"https:\/\/www.atscontainers.com\/fr\/#website\"},\"primaryImageOfPage\":{\"@id\":\"https:\/\/www.atscontainers.com\/fr\/produits\/liquidation\/conteneur-neuf-10pi-avec-porte-enroulable-4224412\/#primaryimage\"},\"image\":{\"@id\":\"https:\/\/www.atscontainers.com\/fr\/produits\/liquidation\/conteneur-neuf-10pi-avec-porte-enroulable-4224412\/#primaryimage\"},\"thumbnailUrl\":\"https:\/\/www.atscontainers.com\/wp-content\/uploads\/2026\/04\/10ft-rollup-door-container-ats-1.webp\",\"datePublished\":\"2026-04-20T17:29:07+00:00\",\"dateModified\":\"2026-04-20T17:29:29+00:00\",\"description\":\"Profitez de notre vente de liquidation sur le conteneur neuf de 10 pi avec porte enroulable. \u00c9conomies pour une dur\u00e9e limit\u00e9e chez Conteneurs ATS.\",\"breadcrumb\":{\"@id\":\"https:\/\/www.atscontainers.com\/fr\/produits\/liquidation\/conteneur-neuf-10pi-avec-porte-enroulable-4224412\/#breadcrumb\"},\"inLanguage\":\"fr-CA\",\"potentialAction\":[{\"@type\":\"ReadAction\",\"target\":[\"https:\/\/www.atscontainers.com\/fr\/produits\/liquidation\/conteneur-neuf-10pi-avec-porte-enroulable-4224412\/\"]}]},{\"@type\":\"ImageObject\",\"inLanguage\":\"fr-CA\",\"@id\":\"https:\/\/www.atscontainers.com\/fr\/produits\/liquidation\/conteneur-neuf-10pi-avec-porte-enroulable-4224412\/#primaryimage\",\"url\":\"https:\/\/www.atscontainers.com\/wp-content\/uploads\/2026\/04\/10ft-rollup-door-container-ats-1.webp\",\"contentUrl\":\"https:\/\/www.atscontainers.com\/wp-content\/uploads\/2026\/04\/10ft-rollup-door-container-ats-1.webp\",\"width\":1360,\"height\":907,\"caption\":\"10 ft mini shipping container with roll-up door side view\"},{\"@type\":\"BreadcrumbList\",\"@id\":\"https:\/\/www.atscontainers.com\/fr\/produits\/liquidation\/conteneur-neuf-10pi-avec-porte-enroulable-4224412\/#breadcrumb\",\"itemListElement\":[{\"@type\":\"ListItem\",\"position\":1,\"name\":\"Home\",\"item\":\"https:\/\/www.atscontainers.com\/fr\/\"},{\"@type\":\"ListItem\",\"position\":2,\"name\":\"Liquidation\",\"item\":\"https:\/\/www.atscontainers.com\/fr\/produits\/liquidation\/\"},{\"@type\":\"ListItem\",\"position\":3,\"name\":\"Conteneur 10&#8242; Neuf avec Porte Enroulable | ATSU 4224412\"}]},{\"@type\":\"WebSite\",\"@id\":\"https:\/\/www.atscontainers.com\/fr\/#website\",\"url\":\"https:\/\/www.atscontainers.com\/fr\/\",\"name\":\"ATS Containers\",\"description\":\"\",\"publisher\":{\"@id\":\"https:\/\/www.atscontainers.com\/fr\/#organization\"},\"potentialAction\":[{\"@type\":\"SearchAction\",\"target\":{\"@type\":\"EntryPoint\",\"urlTemplate\":\"https:\/\/www.atscontainers.com\/fr\/?s={search_term_string}\"},\"query-input\":{\"@type\":\"PropertyValueSpecification\",\"valueRequired\":true,\"valueName\":\"search_term_string\"}}],\"inLanguage\":\"fr-CA\"},{\"@type\":\"Organization\",\"@id\":\"https:\/\/www.atscontainers.com\/fr\/#organization\",\"name\":\"ATS Containers\",\"url\":\"https:\/\/www.atscontainers.com\/fr\/\",\"logo\":{\"@type\":\"ImageObject\",\"inLanguage\":\"fr-CA\",\"@id\":\"https:\/\/www.atscontainers.com\/fr\/#\/schema\/logo\/image\/\",\"url\":\"https:\/\/www.atscontainers.com\/wp-content\/uploads\/2018\/09\/ats-containers-canada_.png\",\"contentUrl\":\"https:\/\/www.atscontainers.com\/wp-content\/uploads\/2018\/09\/ats-containers-canada_.png\",\"width\":500,\"height\":500,\"caption\":\"ATS Containers\"},\"image\":{\"@id\":\"https:\/\/www.atscontainers.com\/fr\/#\/schema\/logo\/image\/\"},\"sameAs\":[\"https:\/\/www.facebook.com\/atscontainers\/\",\"https:\/\/x.com\/atscontainers\",\"https:\/\/www.instagram.com\/atscontainers\/\",\"https:\/\/www.linkedin.com\/company\/ats-container-services\/\"]}]}<\/script>\n<!-- \/ Yoast SEO plugin. -->","yoast_head_json":{"title":"Conteneur 10' Neuf \u00e0 Porte Enroulable | Liquidation","description":"Profitez de notre vente de liquidation sur le conteneur neuf de 10 pi avec porte enroulable. \u00c9conomies pour une dur\u00e9e limit\u00e9e chez Conteneurs ATS.","robots":{"index":"index","follow":"follow","max-snippet":"max-snippet:-1","max-image-preview":"max-image-preview:large","max-video-preview":"max-video-preview:-1"},"canonical":"https:\/\/www.atscontainers.com\/fr\/produits\/liquidation\/conteneur-neuf-10pi-avec-porte-enroulable-4224412\/","og_locale":"fr_CA","og_type":"article","og_title":"Conteneur 10' Neuf \u00e0 Porte Enroulable | Liquidation","og_description":"Profitez de notre vente de liquidation sur le conteneur neuf de 10 pi avec porte enroulable. \u00c9conomies pour une dur\u00e9e limit\u00e9e chez Conteneurs ATS.","og_url":"https:\/\/www.atscontainers.com\/fr\/produits\/liquidation\/conteneur-neuf-10pi-avec-porte-enroulable-4224412\/","og_site_name":"ATS Containers","article_publisher":"https:\/\/www.facebook.com\/atscontainers\/","article_modified_time":"2026-04-20T17:29:29+00:00","og_image":[{"width":1360,"height":907,"url":"https:\/\/www.atscontainers.com\/wp-content\/uploads\/2026\/04\/10ft-rollup-door-container-ats-1.webp","type":"image\/webp"}],"twitter_card":"summary_large_image","twitter_site":"@atscontainers","twitter_misc":{"Estimation du temps de lecture":"1 minute"},"schema":{"@context":"https:\/\/schema.org","@graph":[{"@type":"WebPage","@id":"https:\/\/www.atscontainers.com\/fr\/produits\/liquidation\/conteneur-neuf-10pi-avec-porte-enroulable-4224412\/","url":"https:\/\/www.atscontainers.com\/fr\/produits\/liquidation\/conteneur-neuf-10pi-avec-porte-enroulable-4224412\/","name":"Conteneur 10' Neuf \u00e0 Porte Enroulable | Liquidation","isPartOf":{"@id":"https:\/\/www.atscontainers.com\/fr\/#website"},"primaryImageOfPage":{"@id":"https:\/\/www.atscontainers.com\/fr\/produits\/liquidation\/conteneur-neuf-10pi-avec-porte-enroulable-4224412\/#primaryimage"},"image":{"@id":"https:\/\/www.atscontainers.com\/fr\/produits\/liquidation\/conteneur-neuf-10pi-avec-porte-enroulable-4224412\/#primaryimage"},"thumbnailUrl":"https:\/\/www.atscontainers.com\/wp-content\/uploads\/2026\/04\/10ft-rollup-door-container-ats-1.webp","datePublished":"2026-04-20T17:29:07+00:00","dateModified":"2026-04-20T17:29:29+00:00","description":"Profitez de notre vente de liquidation sur le conteneur neuf de 10 pi avec porte enroulable. \u00c9conomies pour une dur\u00e9e limit\u00e9e chez Conteneurs ATS.","breadcrumb":{"@id":"https:\/\/www.atscontainers.com\/fr\/produits\/liquidation\/conteneur-neuf-10pi-avec-porte-enroulable-4224412\/#breadcrumb"},"inLanguage":"fr-CA","potentialAction":[{"@type":"ReadAction","target":["https:\/\/www.atscontainers.com\/fr\/produits\/liquidation\/conteneur-neuf-10pi-avec-porte-enroulable-4224412\/"]}]},{"@type":"ImageObject","inLanguage":"fr-CA","@id":"https:\/\/www.atscontainers.com\/fr\/produits\/liquidation\/conteneur-neuf-10pi-avec-porte-enroulable-4224412\/#primaryimage","url":"https:\/\/www.atscontainers.com\/wp-content\/uploads\/2026\/04\/10ft-rollup-door-container-ats-1.webp","contentUrl":"https:\/\/www.atscontainers.com\/wp-content\/uploads\/2026\/04\/10ft-rollup-door-container-ats-1.webp","width":1360,"height":907,"caption":"10 ft mini shipping container with roll-up door side view"},{"@type":"BreadcrumbList","@id":"https:\/\/www.atscontainers.com\/fr\/produits\/liquidation\/conteneur-neuf-10pi-avec-porte-enroulable-4224412\/#breadcrumb","itemListElement":[{"@type":"ListItem","position":1,"name":"Home","item":"https:\/\/www.atscontainers.com\/fr\/"},{"@type":"ListItem","position":2,"name":"Liquidation","item":"https:\/\/www.atscontainers.com\/fr\/produits\/liquidation\/"},{"@type":"ListItem","position":3,"name":"Conteneur 10&#8242; Neuf avec Porte Enroulable | ATSU 4224412"}]},{"@type":"WebSite","@id":"https:\/\/www.atscontainers.com\/fr\/#website","url":"https:\/\/www.atscontainers.com\/fr\/","name":"ATS Containers","description":"","publisher":{"@id":"https:\/\/www.atscontainers.com\/fr\/#organization"},"potentialAction":[{"@type":"SearchAction","target":{"@type":"EntryPoint","urlTemplate":"https:\/\/www.atscontainers.com\/fr\/?s={search_term_string}"},"query-input":{"@type":"PropertyValueSpecification","valueRequired":true,"valueName":"search_term_string"}}],"inLanguage":"fr-CA"},{"@type":"Organization","@id":"https:\/\/www.atscontainers.com\/fr\/#organization","name":"ATS Containers","url":"https:\/\/www.atscontainers.com\/fr\/","logo":{"@type":"ImageObject","inLanguage":"fr-CA","@id":"https:\/\/www.atscontainers.com\/fr\/#\/schema\/logo\/image\/","url":"https:\/\/www.atscontainers.com\/wp-content\/uploads\/2018\/09\/ats-containers-canada_.png","contentUrl":"https:\/\/www.atscontainers.com\/wp-content\/uploads\/2018\/09\/ats-containers-canada_.png","width":500,"height":500,"caption":"ATS Containers"},"image":{"@id":"https:\/\/www.atscontainers.com\/fr\/#\/schema\/logo\/image\/"},"sameAs":["https:\/\/www.facebook.com\/atscontainers\/","https:\/\/x.com\/atscontainers","https:\/\/www.instagram.com\/atscontainers\/","https:\/\/www.linkedin.com\/company\/ats-container-services\/"]}]}},"_links":{"self":[{"href":"https:\/\/www.atscontainers.com\/fr\/wp-json\/wp\/v2\/pages\/23104","targetHints":{"allow":["GET"]}}],"collection":[{"href":"https:\/\/www.atscontainers.com\/fr\/wp-json\/wp\/v2\/pages"}],"about":[{"href":"https:\/\/www.atscontainers.com\/fr\/wp-json\/wp\/v2\/types\/page"}],"author":[{"embeddable":true,"href":"https:\/\/www.atscontainers.com\/fr\/wp-json\/wp\/v2\/users\/13"}],"replies":[{"embeddable":true,"href":"https:\/\/www.atscontainers.com\/fr\/wp-json\/wp\/v2\/comments?post=23104"}],"version-history":[{"count":4,"href":"https:\/\/www.atscontainers.com\/fr\/wp-json\/wp\/v2\/pages\/23104\/revisions"}],"predecessor-version":[{"id":23116,"href":"https:\/\/www.atscontainers.com\/fr\/wp-json\/wp\/v2\/pages\/23104\/revisions\/23116"}],"up":[{"embeddable":true,"href":"https:\/\/www.atscontainers.com\/fr\/wp-json\/wp\/v2\/pages\/7604"}],"wp:featuredmedia":[{"embeddable":true,"href":"https:\/\/www.atscontainers.com\/fr\/wp-json\/wp\/v2\/media\/22933"}],"wp:attachment":[{"href":"https:\/\/www.atscontainers.com\/fr\/wp-json\/wp\/v2\/media?parent=23104"}],"curies":[{"name":"wp","href":"https:\/\/api.w.org\/{rel}","templated":true}]}}