{"id":23204,"date":"2026-04-22T12:57:25","date_gmt":"2026-04-22T16:57:25","guid":{"rendered":"https:\/\/www.atscontainers.com\/?page_id=23204"},"modified":"2026-04-23T11:33:17","modified_gmt":"2026-04-23T15:33:17","slug":"cale-de-nivellement-robuste-conteneur-maritime","status":"publish","type":"page","link":"https:\/\/www.atscontainers.com\/fr\/produits\/accessoires\/cale-de-nivellement-conteneur-maritime\/","title":{"rendered":"Cale de nivellement"},"content":{"rendered":"<p>La cale de nivellement pour conteneur maritime est un bloc de fondation polyvalent et un support r\u00e9sistant aux intemp\u00e9ries, dot\u00e9 d\u2019une conception empilable robuste pour une stabilit\u00e9 maximale et une installation facile.<\/p>\n","protected":false},"excerpt":{"rendered":"<p>La cale de nivellement pour conteneur maritime est un bloc de fondation polyvalent et un support r\u00e9sistant aux intemp\u00e9ries, dot\u00e9 d\u2019une conception empilable robuste pour une stabilit\u00e9 maximale et une installation facile.<\/p>\n","protected":false},"author":13,"featured_media":23208,"parent":7613,"menu_order":0,"comment_status":"closed","ping_status":"closed","template":"page-fc.php","meta":{"_acf_changed":false,"ngg_post_thumbnail":0,"footnotes":""},"class_list":["post-23204","page","type-page","status-publish","has-post-thumbnail","hentry"],"acf":[],"yoast_head":"<!-- This site is optimized with the Yoast SEO plugin v26.9 - https:\/\/yoast.com\/product\/yoast-seo-wordpress\/ -->\n<title>Cales de nivellement pour conteneurs maritimes | Empilables et durables<\/title>\n<meta name=\"description\" content=\"Nivelez facilement vos conteneurs avec nos cales robustes et empilables. 100 % recycl\u00e9es, durables et r\u00e9sistantes aux intemp\u00e9ries.\" \/>\n<meta name=\"robots\" content=\"index, follow, max-snippet:-1, max-image-preview:large, max-video-preview:-1\" \/>\n<link rel=\"canonical\" href=\"https:\/\/www.atscontainers.com\/fr\/produits\/accessoires\/cale-de-nivellement-conteneur-maritime\/\" \/>\n<meta property=\"og:locale\" content=\"fr_CA\" \/>\n<meta property=\"og:type\" content=\"article\" \/>\n<meta property=\"og:title\" content=\"Cales de nivellement pour conteneurs maritimes | Empilables et durables\" \/>\n<meta property=\"og:description\" content=\"Nivelez facilement vos conteneurs avec nos cales robustes et empilables. 100 % recycl\u00e9es, durables et r\u00e9sistantes aux intemp\u00e9ries.\" \/>\n<meta property=\"og:url\" content=\"https:\/\/www.atscontainers.com\/fr\/produits\/accessoires\/cale-de-nivellement-conteneur-maritime\/\" \/>\n<meta property=\"og:site_name\" content=\"ATS Containers\" \/>\n<meta property=\"article:publisher\" content=\"https:\/\/www.facebook.com\/atscontainers\/\" \/>\n<meta property=\"article:modified_time\" content=\"2026-04-23T15:33:17+00:00\" \/>\n<meta property=\"og:image\" content=\"https:\/\/www.atscontainers.com\/wp-content\/uploads\/2026\/04\/cale-de-nivellement-conteneur-maritime-ats-1-scaled.webp\" \/>\n\t<meta property=\"og:image:width\" content=\"2560\" \/>\n\t<meta property=\"og:image:height\" content=\"1707\" \/>\n\t<meta property=\"og:image:type\" content=\"image\/webp\" \/>\n<meta name=\"twitter:card\" content=\"summary_large_image\" \/>\n<meta name=\"twitter:site\" content=\"@atscontainers\" \/>\n<meta name=\"twitter:label1\" content=\"Estimation du temps de lecture\" \/>\n\t<meta name=\"twitter:data1\" content=\"1 minute\" \/>\n<script type=\"application\/ld+json\" class=\"yoast-schema-graph\">{\"@context\":\"https:\/\/schema.org\",\"@graph\":[{\"@type\":\"WebPage\",\"@id\":\"https:\/\/www.atscontainers.com\/fr\/produits\/accessoires\/cale-de-nivellement-conteneur-maritime\/\",\"url\":\"https:\/\/www.atscontainers.com\/fr\/produits\/accessoires\/cale-de-nivellement-conteneur-maritime\/\",\"name\":\"Cales de nivellement pour conteneurs maritimes | Empilables et durables\",\"isPartOf\":{\"@id\":\"https:\/\/www.atscontainers.com\/fr\/#website\"},\"primaryImageOfPage\":{\"@id\":\"https:\/\/www.atscontainers.com\/fr\/produits\/accessoires\/cale-de-nivellement-conteneur-maritime\/#primaryimage\"},\"image\":{\"@id\":\"https:\/\/www.atscontainers.com\/fr\/produits\/accessoires\/cale-de-nivellement-conteneur-maritime\/#primaryimage\"},\"thumbnailUrl\":\"https:\/\/www.atscontainers.com\/wp-content\/uploads\/2026\/04\/cale-de-nivellement-conteneur-maritime-ats-1-scaled.webp\",\"datePublished\":\"2026-04-22T16:57:25+00:00\",\"dateModified\":\"2026-04-23T15:33:17+00:00\",\"description\":\"Nivelez facilement vos conteneurs avec nos cales robustes et empilables. 100 % recycl\u00e9es, durables et r\u00e9sistantes aux intemp\u00e9ries.\",\"breadcrumb\":{\"@id\":\"https:\/\/www.atscontainers.com\/fr\/produits\/accessoires\/cale-de-nivellement-conteneur-maritime\/#breadcrumb\"},\"inLanguage\":\"fr-CA\",\"potentialAction\":[{\"@type\":\"ReadAction\",\"target\":[\"https:\/\/www.atscontainers.com\/fr\/produits\/accessoires\/cale-de-nivellement-conteneur-maritime\/\"]}]},{\"@type\":\"ImageObject\",\"inLanguage\":\"fr-CA\",\"@id\":\"https:\/\/www.atscontainers.com\/fr\/produits\/accessoires\/cale-de-nivellement-conteneur-maritime\/#primaryimage\",\"url\":\"https:\/\/www.atscontainers.com\/wp-content\/uploads\/2026\/04\/cale-de-nivellement-conteneur-maritime-ats-1-scaled.webp\",\"contentUrl\":\"https:\/\/www.atscontainers.com\/wp-content\/uploads\/2026\/04\/cale-de-nivellement-conteneur-maritime-ats-1-scaled.webp\",\"width\":2560,\"height\":1707,\"caption\":\"Vue de profil d'une cale de fondation empilable en plastique con\u00e7ue pour niveler les conteneurs maritimes et les bureaux de chantier.\"},{\"@type\":\"BreadcrumbList\",\"@id\":\"https:\/\/www.atscontainers.com\/fr\/produits\/accessoires\/cale-de-nivellement-conteneur-maritime\/#breadcrumb\",\"itemListElement\":[{\"@type\":\"ListItem\",\"position\":1,\"name\":\"Home\",\"item\":\"https:\/\/www.atscontainers.com\/fr\/\"},{\"@type\":\"ListItem\",\"position\":2,\"name\":\"Conteneurs \u00e0 Vendre\",\"item\":\"https:\/\/www.atscontainers.com\/fr\/produits\/\"},{\"@type\":\"ListItem\",\"position\":3,\"name\":\"Accessoires\",\"item\":\"https:\/\/www.atscontainers.com\/fr\/produits\/accessoires\/\"},{\"@type\":\"ListItem\",\"position\":4,\"name\":\"Cale de nivellement\"}]},{\"@type\":\"WebSite\",\"@id\":\"https:\/\/www.atscontainers.com\/fr\/#website\",\"url\":\"https:\/\/www.atscontainers.com\/fr\/\",\"name\":\"ATS Containers\",\"description\":\"\",\"publisher\":{\"@id\":\"https:\/\/www.atscontainers.com\/fr\/#organization\"},\"potentialAction\":[{\"@type\":\"SearchAction\",\"target\":{\"@type\":\"EntryPoint\",\"urlTemplate\":\"https:\/\/www.atscontainers.com\/fr\/?s={search_term_string}\"},\"query-input\":{\"@type\":\"PropertyValueSpecification\",\"valueRequired\":true,\"valueName\":\"search_term_string\"}}],\"inLanguage\":\"fr-CA\"},{\"@type\":\"Organization\",\"@id\":\"https:\/\/www.atscontainers.com\/fr\/#organization\",\"name\":\"ATS Containers\",\"url\":\"https:\/\/www.atscontainers.com\/fr\/\",\"logo\":{\"@type\":\"ImageObject\",\"inLanguage\":\"fr-CA\",\"@id\":\"https:\/\/www.atscontainers.com\/fr\/#\/schema\/logo\/image\/\",\"url\":\"https:\/\/www.atscontainers.com\/wp-content\/uploads\/2018\/09\/ats-containers-canada_.png\",\"contentUrl\":\"https:\/\/www.atscontainers.com\/wp-content\/uploads\/2018\/09\/ats-containers-canada_.png\",\"width\":500,\"height\":500,\"caption\":\"ATS Containers\"},\"image\":{\"@id\":\"https:\/\/www.atscontainers.com\/fr\/#\/schema\/logo\/image\/\"},\"sameAs\":[\"https:\/\/www.facebook.com\/atscontainers\/\",\"https:\/\/x.com\/atscontainers\",\"https:\/\/www.instagram.com\/atscontainers\/\",\"https:\/\/www.linkedin.com\/company\/ats-container-services\/\"]}]}<\/script>\n<!-- \/ Yoast SEO plugin. -->","yoast_head_json":{"title":"Cales de nivellement pour conteneurs maritimes | Empilables et durables","description":"Nivelez facilement vos conteneurs avec nos cales robustes et empilables. 100 % recycl\u00e9es, durables et r\u00e9sistantes aux intemp\u00e9ries.","robots":{"index":"index","follow":"follow","max-snippet":"max-snippet:-1","max-image-preview":"max-image-preview:large","max-video-preview":"max-video-preview:-1"},"canonical":"https:\/\/www.atscontainers.com\/fr\/produits\/accessoires\/cale-de-nivellement-conteneur-maritime\/","og_locale":"fr_CA","og_type":"article","og_title":"Cales de nivellement pour conteneurs maritimes | Empilables et durables","og_description":"Nivelez facilement vos conteneurs avec nos cales robustes et empilables. 100 % recycl\u00e9es, durables et r\u00e9sistantes aux intemp\u00e9ries.","og_url":"https:\/\/www.atscontainers.com\/fr\/produits\/accessoires\/cale-de-nivellement-conteneur-maritime\/","og_site_name":"ATS Containers","article_publisher":"https:\/\/www.facebook.com\/atscontainers\/","article_modified_time":"2026-04-23T15:33:17+00:00","og_image":[{"width":2560,"height":1707,"url":"https:\/\/www.atscontainers.com\/wp-content\/uploads\/2026\/04\/cale-de-nivellement-conteneur-maritime-ats-1-scaled.webp","type":"image\/webp"}],"twitter_card":"summary_large_image","twitter_site":"@atscontainers","twitter_misc":{"Estimation du temps de lecture":"1 minute"},"schema":{"@context":"https:\/\/schema.org","@graph":[{"@type":"WebPage","@id":"https:\/\/www.atscontainers.com\/fr\/produits\/accessoires\/cale-de-nivellement-conteneur-maritime\/","url":"https:\/\/www.atscontainers.com\/fr\/produits\/accessoires\/cale-de-nivellement-conteneur-maritime\/","name":"Cales de nivellement pour conteneurs maritimes | Empilables et durables","isPartOf":{"@id":"https:\/\/www.atscontainers.com\/fr\/#website"},"primaryImageOfPage":{"@id":"https:\/\/www.atscontainers.com\/fr\/produits\/accessoires\/cale-de-nivellement-conteneur-maritime\/#primaryimage"},"image":{"@id":"https:\/\/www.atscontainers.com\/fr\/produits\/accessoires\/cale-de-nivellement-conteneur-maritime\/#primaryimage"},"thumbnailUrl":"https:\/\/www.atscontainers.com\/wp-content\/uploads\/2026\/04\/cale-de-nivellement-conteneur-maritime-ats-1-scaled.webp","datePublished":"2026-04-22T16:57:25+00:00","dateModified":"2026-04-23T15:33:17+00:00","description":"Nivelez facilement vos conteneurs avec nos cales robustes et empilables. 100 % recycl\u00e9es, durables et r\u00e9sistantes aux intemp\u00e9ries.","breadcrumb":{"@id":"https:\/\/www.atscontainers.com\/fr\/produits\/accessoires\/cale-de-nivellement-conteneur-maritime\/#breadcrumb"},"inLanguage":"fr-CA","potentialAction":[{"@type":"ReadAction","target":["https:\/\/www.atscontainers.com\/fr\/produits\/accessoires\/cale-de-nivellement-conteneur-maritime\/"]}]},{"@type":"ImageObject","inLanguage":"fr-CA","@id":"https:\/\/www.atscontainers.com\/fr\/produits\/accessoires\/cale-de-nivellement-conteneur-maritime\/#primaryimage","url":"https:\/\/www.atscontainers.com\/wp-content\/uploads\/2026\/04\/cale-de-nivellement-conteneur-maritime-ats-1-scaled.webp","contentUrl":"https:\/\/www.atscontainers.com\/wp-content\/uploads\/2026\/04\/cale-de-nivellement-conteneur-maritime-ats-1-scaled.webp","width":2560,"height":1707,"caption":"Vue de profil d'une cale de fondation empilable en plastique con\u00e7ue pour niveler les conteneurs maritimes et les bureaux de chantier."},{"@type":"BreadcrumbList","@id":"https:\/\/www.atscontainers.com\/fr\/produits\/accessoires\/cale-de-nivellement-conteneur-maritime\/#breadcrumb","itemListElement":[{"@type":"ListItem","position":1,"name":"Home","item":"https:\/\/www.atscontainers.com\/fr\/"},{"@type":"ListItem","position":2,"name":"Conteneurs \u00e0 Vendre","item":"https:\/\/www.atscontainers.com\/fr\/produits\/"},{"@type":"ListItem","position":3,"name":"Accessoires","item":"https:\/\/www.atscontainers.com\/fr\/produits\/accessoires\/"},{"@type":"ListItem","position":4,"name":"Cale de nivellement"}]},{"@type":"WebSite","@id":"https:\/\/www.atscontainers.com\/fr\/#website","url":"https:\/\/www.atscontainers.com\/fr\/","name":"ATS Containers","description":"","publisher":{"@id":"https:\/\/www.atscontainers.com\/fr\/#organization"},"potentialAction":[{"@type":"SearchAction","target":{"@type":"EntryPoint","urlTemplate":"https:\/\/www.atscontainers.com\/fr\/?s={search_term_string}"},"query-input":{"@type":"PropertyValueSpecification","valueRequired":true,"valueName":"search_term_string"}}],"inLanguage":"fr-CA"},{"@type":"Organization","@id":"https:\/\/www.atscontainers.com\/fr\/#organization","name":"ATS Containers","url":"https:\/\/www.atscontainers.com\/fr\/","logo":{"@type":"ImageObject","inLanguage":"fr-CA","@id":"https:\/\/www.atscontainers.com\/fr\/#\/schema\/logo\/image\/","url":"https:\/\/www.atscontainers.com\/wp-content\/uploads\/2018\/09\/ats-containers-canada_.png","contentUrl":"https:\/\/www.atscontainers.com\/wp-content\/uploads\/2018\/09\/ats-containers-canada_.png","width":500,"height":500,"caption":"ATS Containers"},"image":{"@id":"https:\/\/www.atscontainers.com\/fr\/#\/schema\/logo\/image\/"},"sameAs":["https:\/\/www.facebook.com\/atscontainers\/","https:\/\/x.com\/atscontainers","https:\/\/www.instagram.com\/atscontainers\/","https:\/\/www.linkedin.com\/company\/ats-container-services\/"]}]}},"_links":{"self":[{"href":"https:\/\/www.atscontainers.com\/fr\/wp-json\/wp\/v2\/pages\/23204","targetHints":{"allow":["GET"]}}],"collection":[{"href":"https:\/\/www.atscontainers.com\/fr\/wp-json\/wp\/v2\/pages"}],"about":[{"href":"https:\/\/www.atscontainers.com\/fr\/wp-json\/wp\/v2\/types\/page"}],"author":[{"embeddable":true,"href":"https:\/\/www.atscontainers.com\/fr\/wp-json\/wp\/v2\/users\/13"}],"replies":[{"embeddable":true,"href":"https:\/\/www.atscontainers.com\/fr\/wp-json\/wp\/v2\/comments?post=23204"}],"version-history":[{"count":6,"href":"https:\/\/www.atscontainers.com\/fr\/wp-json\/wp\/v2\/pages\/23204\/revisions"}],"predecessor-version":[{"id":23252,"href":"https:\/\/www.atscontainers.com\/fr\/wp-json\/wp\/v2\/pages\/23204\/revisions\/23252"}],"up":[{"embeddable":true,"href":"https:\/\/www.atscontainers.com\/fr\/wp-json\/wp\/v2\/pages\/7613"}],"wp:featuredmedia":[{"embeddable":true,"href":"https:\/\/www.atscontainers.com\/fr\/wp-json\/wp\/v2\/media\/23208"}],"wp:attachment":[{"href":"https:\/\/www.atscontainers.com\/fr\/wp-json\/wp\/v2\/media?parent=23204"}],"curies":[{"name":"wp","href":"https:\/\/api.w.org\/{rel}","templated":true}]}}