{"id":7542,"date":"2021-10-21T05:55:51","date_gmt":"2021-10-21T09:55:51","guid":{"rendered":"https:\/\/www.atscontainers.com\/?page_id=7542"},"modified":"2025-12-30T11:37:39","modified_gmt":"2025-12-30T16:37:39","slug":"conteneurs-usages","status":"publish","type":"page","link":"https:\/\/www.atscontainers.com\/fr\/produits\/conteneurs-usages\/","title":{"rendered":"CONTENEURS USAG\u00c9S"},"content":{"rendered":"<p>Les conteneurs d\u2019exp\u00e9dition usag\u00e9s ont g\u00e9n\u00e9ralement une dur\u00e9e de vie utile de 10 \u00e0 12 ans et sont inspect\u00e9s individuellement, pour que l\u2019on s\u2019assure qu\u2019ils sont \u00e9tanches aux intemp\u00e9ries et \u00e0 l\u2019eau. La pleine fonctionnalit\u00e9 des portes est v\u00e9rifi\u00e9e et les planchers de contreplaqu\u00e9 solide sont garantis comme pouvant contenir une charge utile initiale de 60 000 lb de stockage int\u00e9rieur. Dans l\u2019industrie des conteneurs d\u2019exp\u00e9dition, on les appelle \u00e9galement des unit\u00e9s sp\u00e9ciales de transport.<\/p>\n","protected":false},"excerpt":{"rendered":"<p>Les conteneurs d\u2019exp\u00e9dition usag\u00e9s ont g\u00e9n\u00e9ralement une dur\u00e9e de vie utile de 10 \u00e0 12 ans et sont inspect\u00e9s individuellement, pour que l\u2019on s\u2019assure qu\u2019ils sont \u00e9tanches aux intemp\u00e9ries et \u00e0 l\u2019eau. La pleine fonctionnalit\u00e9 des portes est v\u00e9rifi\u00e9e et les planchers de contreplaqu\u00e9 solide sont garantis comme pouvant contenir une charge utile initiale de [&hellip;]<\/p>\n","protected":false},"author":13,"featured_media":5624,"parent":7802,"menu_order":0,"comment_status":"closed","ping_status":"closed","template":"page-fc.php","meta":{"_acf_changed":false,"ngg_post_thumbnail":0,"footnotes":""},"class_list":["post-7542","page","type-page","status-publish","has-post-thumbnail","hentry"],"acf":[],"yoast_head":"<!-- This site is optimized with the Yoast SEO plugin v26.9 - https:\/\/yoast.com\/product\/yoast-seo-wordpress\/ -->\n<title>Conteneurs Usag\u00e9s Fiables pour Entrep\u00f4t, Chantier ou Transport<\/title>\n<meta name=\"description\" content=\"Conteneurs usag\u00e9s robustes, parfaits pour un usage industriel oucommercial. Livraison rapide au Canada. Service professionnel garanti.\" \/>\n<meta name=\"robots\" content=\"index, follow, max-snippet:-1, max-image-preview:large, max-video-preview:-1\" \/>\n<link rel=\"canonical\" href=\"https:\/\/www.atscontainers.com\/fr\/produits\/conteneurs-usages\/\" \/>\n<meta property=\"og:locale\" content=\"fr_CA\" \/>\n<meta property=\"og:type\" content=\"article\" \/>\n<meta property=\"og:title\" content=\"Conteneurs Usag\u00e9s Fiables pour Entrep\u00f4t, Chantier ou Transport\" \/>\n<meta property=\"og:description\" content=\"Conteneurs usag\u00e9s robustes, parfaits pour un usage industriel oucommercial. Livraison rapide au Canada. Service professionnel garanti.\" \/>\n<meta property=\"og:url\" content=\"https:\/\/www.atscontainers.com\/fr\/produits\/conteneurs-usages\/\" \/>\n<meta property=\"og:site_name\" content=\"ATS Containers\" \/>\n<meta property=\"article:publisher\" content=\"https:\/\/www.facebook.com\/atscontainers\/\" \/>\n<meta property=\"article:modified_time\" content=\"2025-12-30T16:37:39+00:00\" \/>\n<meta property=\"og:image\" content=\"https:\/\/www.atscontainers.com\/wp-content\/uploads\/2020\/01\/used-main-bg.jpg\" \/>\n\t<meta property=\"og:image:width\" content=\"1140\" \/>\n\t<meta property=\"og:image:height\" content=\"759\" \/>\n\t<meta property=\"og:image:type\" content=\"image\/jpeg\" \/>\n<meta name=\"twitter:card\" content=\"summary_large_image\" \/>\n<meta name=\"twitter:site\" content=\"@atscontainers\" \/>\n<meta name=\"twitter:label1\" content=\"Estimation du temps de lecture\" \/>\n\t<meta name=\"twitter:data1\" content=\"1 minute\" \/>\n<script type=\"application\/ld+json\" class=\"yoast-schema-graph\">{\"@context\":\"https:\/\/schema.org\",\"@graph\":[{\"@type\":\"WebPage\",\"@id\":\"https:\/\/www.atscontainers.com\/fr\/produits\/conteneurs-usages\/\",\"url\":\"https:\/\/www.atscontainers.com\/fr\/produits\/conteneurs-usages\/\",\"name\":\"Conteneurs Usag\u00e9s Fiables pour Entrep\u00f4t, Chantier ou Transport\",\"isPartOf\":{\"@id\":\"https:\/\/www.atscontainers.com\/fr\/#website\"},\"primaryImageOfPage\":{\"@id\":\"https:\/\/www.atscontainers.com\/fr\/produits\/conteneurs-usages\/#primaryimage\"},\"image\":{\"@id\":\"https:\/\/www.atscontainers.com\/fr\/produits\/conteneurs-usages\/#primaryimage\"},\"thumbnailUrl\":\"https:\/\/www.atscontainers.com\/wp-content\/uploads\/2020\/01\/used-main-bg.jpg\",\"datePublished\":\"2021-10-21T09:55:51+00:00\",\"dateModified\":\"2025-12-30T16:37:39+00:00\",\"description\":\"Conteneurs usag\u00e9s robustes, parfaits pour un usage industriel oucommercial. Livraison rapide au Canada. Service professionnel garanti.\",\"breadcrumb\":{\"@id\":\"https:\/\/www.atscontainers.com\/fr\/produits\/conteneurs-usages\/#breadcrumb\"},\"inLanguage\":\"fr-CA\",\"potentialAction\":[{\"@type\":\"ReadAction\",\"target\":[\"https:\/\/www.atscontainers.com\/fr\/produits\/conteneurs-usages\/\"]}]},{\"@type\":\"ImageObject\",\"inLanguage\":\"fr-CA\",\"@id\":\"https:\/\/www.atscontainers.com\/fr\/produits\/conteneurs-usages\/#primaryimage\",\"url\":\"https:\/\/www.atscontainers.com\/wp-content\/uploads\/2020\/01\/used-main-bg.jpg\",\"contentUrl\":\"https:\/\/www.atscontainers.com\/wp-content\/uploads\/2020\/01\/used-main-bg.jpg\",\"width\":1140,\"height\":759},{\"@type\":\"BreadcrumbList\",\"@id\":\"https:\/\/www.atscontainers.com\/fr\/produits\/conteneurs-usages\/#breadcrumb\",\"itemListElement\":[{\"@type\":\"ListItem\",\"position\":1,\"name\":\"Home\",\"item\":\"https:\/\/www.atscontainers.com\/fr\/\"},{\"@type\":\"ListItem\",\"position\":2,\"name\":\"Conteneurs \u00e0 Vendre\",\"item\":\"https:\/\/www.atscontainers.com\/fr\/produits\/\"},{\"@type\":\"ListItem\",\"position\":3,\"name\":\"CONTENEURS USAG\u00c9S\"}]},{\"@type\":\"WebSite\",\"@id\":\"https:\/\/www.atscontainers.com\/fr\/#website\",\"url\":\"https:\/\/www.atscontainers.com\/fr\/\",\"name\":\"ATS Containers\",\"description\":\"\",\"publisher\":{\"@id\":\"https:\/\/www.atscontainers.com\/fr\/#organization\"},\"potentialAction\":[{\"@type\":\"SearchAction\",\"target\":{\"@type\":\"EntryPoint\",\"urlTemplate\":\"https:\/\/www.atscontainers.com\/fr\/?s={search_term_string}\"},\"query-input\":{\"@type\":\"PropertyValueSpecification\",\"valueRequired\":true,\"valueName\":\"search_term_string\"}}],\"inLanguage\":\"fr-CA\"},{\"@type\":\"Organization\",\"@id\":\"https:\/\/www.atscontainers.com\/fr\/#organization\",\"name\":\"ATS Containers\",\"url\":\"https:\/\/www.atscontainers.com\/fr\/\",\"logo\":{\"@type\":\"ImageObject\",\"inLanguage\":\"fr-CA\",\"@id\":\"https:\/\/www.atscontainers.com\/fr\/#\/schema\/logo\/image\/\",\"url\":\"https:\/\/www.atscontainers.com\/wp-content\/uploads\/2018\/09\/ats-containers-canada_.png\",\"contentUrl\":\"https:\/\/www.atscontainers.com\/wp-content\/uploads\/2018\/09\/ats-containers-canada_.png\",\"width\":500,\"height\":500,\"caption\":\"ATS Containers\"},\"image\":{\"@id\":\"https:\/\/www.atscontainers.com\/fr\/#\/schema\/logo\/image\/\"},\"sameAs\":[\"https:\/\/www.facebook.com\/atscontainers\/\",\"https:\/\/x.com\/atscontainers\",\"https:\/\/www.instagram.com\/atscontainers\/\",\"https:\/\/www.linkedin.com\/company\/ats-container-services\/\"]}]}<\/script>\n<!-- \/ Yoast SEO plugin. -->","yoast_head_json":{"title":"Conteneurs Usag\u00e9s Fiables pour Entrep\u00f4t, Chantier ou Transport","description":"Conteneurs usag\u00e9s robustes, parfaits pour un usage industriel oucommercial. Livraison rapide au Canada. Service professionnel garanti.","robots":{"index":"index","follow":"follow","max-snippet":"max-snippet:-1","max-image-preview":"max-image-preview:large","max-video-preview":"max-video-preview:-1"},"canonical":"https:\/\/www.atscontainers.com\/fr\/produits\/conteneurs-usages\/","og_locale":"fr_CA","og_type":"article","og_title":"Conteneurs Usag\u00e9s Fiables pour Entrep\u00f4t, Chantier ou Transport","og_description":"Conteneurs usag\u00e9s robustes, parfaits pour un usage industriel oucommercial. Livraison rapide au Canada. Service professionnel garanti.","og_url":"https:\/\/www.atscontainers.com\/fr\/produits\/conteneurs-usages\/","og_site_name":"ATS Containers","article_publisher":"https:\/\/www.facebook.com\/atscontainers\/","article_modified_time":"2025-12-30T16:37:39+00:00","og_image":[{"width":1140,"height":759,"url":"https:\/\/www.atscontainers.com\/wp-content\/uploads\/2020\/01\/used-main-bg.jpg","type":"image\/jpeg"}],"twitter_card":"summary_large_image","twitter_site":"@atscontainers","twitter_misc":{"Estimation du temps de lecture":"1 minute"},"schema":{"@context":"https:\/\/schema.org","@graph":[{"@type":"WebPage","@id":"https:\/\/www.atscontainers.com\/fr\/produits\/conteneurs-usages\/","url":"https:\/\/www.atscontainers.com\/fr\/produits\/conteneurs-usages\/","name":"Conteneurs Usag\u00e9s Fiables pour Entrep\u00f4t, Chantier ou Transport","isPartOf":{"@id":"https:\/\/www.atscontainers.com\/fr\/#website"},"primaryImageOfPage":{"@id":"https:\/\/www.atscontainers.com\/fr\/produits\/conteneurs-usages\/#primaryimage"},"image":{"@id":"https:\/\/www.atscontainers.com\/fr\/produits\/conteneurs-usages\/#primaryimage"},"thumbnailUrl":"https:\/\/www.atscontainers.com\/wp-content\/uploads\/2020\/01\/used-main-bg.jpg","datePublished":"2021-10-21T09:55:51+00:00","dateModified":"2025-12-30T16:37:39+00:00","description":"Conteneurs usag\u00e9s robustes, parfaits pour un usage industriel oucommercial. Livraison rapide au Canada. Service professionnel garanti.","breadcrumb":{"@id":"https:\/\/www.atscontainers.com\/fr\/produits\/conteneurs-usages\/#breadcrumb"},"inLanguage":"fr-CA","potentialAction":[{"@type":"ReadAction","target":["https:\/\/www.atscontainers.com\/fr\/produits\/conteneurs-usages\/"]}]},{"@type":"ImageObject","inLanguage":"fr-CA","@id":"https:\/\/www.atscontainers.com\/fr\/produits\/conteneurs-usages\/#primaryimage","url":"https:\/\/www.atscontainers.com\/wp-content\/uploads\/2020\/01\/used-main-bg.jpg","contentUrl":"https:\/\/www.atscontainers.com\/wp-content\/uploads\/2020\/01\/used-main-bg.jpg","width":1140,"height":759},{"@type":"BreadcrumbList","@id":"https:\/\/www.atscontainers.com\/fr\/produits\/conteneurs-usages\/#breadcrumb","itemListElement":[{"@type":"ListItem","position":1,"name":"Home","item":"https:\/\/www.atscontainers.com\/fr\/"},{"@type":"ListItem","position":2,"name":"Conteneurs \u00e0 Vendre","item":"https:\/\/www.atscontainers.com\/fr\/produits\/"},{"@type":"ListItem","position":3,"name":"CONTENEURS USAG\u00c9S"}]},{"@type":"WebSite","@id":"https:\/\/www.atscontainers.com\/fr\/#website","url":"https:\/\/www.atscontainers.com\/fr\/","name":"ATS Containers","description":"","publisher":{"@id":"https:\/\/www.atscontainers.com\/fr\/#organization"},"potentialAction":[{"@type":"SearchAction","target":{"@type":"EntryPoint","urlTemplate":"https:\/\/www.atscontainers.com\/fr\/?s={search_term_string}"},"query-input":{"@type":"PropertyValueSpecification","valueRequired":true,"valueName":"search_term_string"}}],"inLanguage":"fr-CA"},{"@type":"Organization","@id":"https:\/\/www.atscontainers.com\/fr\/#organization","name":"ATS Containers","url":"https:\/\/www.atscontainers.com\/fr\/","logo":{"@type":"ImageObject","inLanguage":"fr-CA","@id":"https:\/\/www.atscontainers.com\/fr\/#\/schema\/logo\/image\/","url":"https:\/\/www.atscontainers.com\/wp-content\/uploads\/2018\/09\/ats-containers-canada_.png","contentUrl":"https:\/\/www.atscontainers.com\/wp-content\/uploads\/2018\/09\/ats-containers-canada_.png","width":500,"height":500,"caption":"ATS Containers"},"image":{"@id":"https:\/\/www.atscontainers.com\/fr\/#\/schema\/logo\/image\/"},"sameAs":["https:\/\/www.facebook.com\/atscontainers\/","https:\/\/x.com\/atscontainers","https:\/\/www.instagram.com\/atscontainers\/","https:\/\/www.linkedin.com\/company\/ats-container-services\/"]}]}},"_links":{"self":[{"href":"https:\/\/www.atscontainers.com\/fr\/wp-json\/wp\/v2\/pages\/7542","targetHints":{"allow":["GET"]}}],"collection":[{"href":"https:\/\/www.atscontainers.com\/fr\/wp-json\/wp\/v2\/pages"}],"about":[{"href":"https:\/\/www.atscontainers.com\/fr\/wp-json\/wp\/v2\/types\/page"}],"author":[{"embeddable":true,"href":"https:\/\/www.atscontainers.com\/fr\/wp-json\/wp\/v2\/users\/13"}],"replies":[{"embeddable":true,"href":"https:\/\/www.atscontainers.com\/fr\/wp-json\/wp\/v2\/comments?post=7542"}],"version-history":[{"count":7,"href":"https:\/\/www.atscontainers.com\/fr\/wp-json\/wp\/v2\/pages\/7542\/revisions"}],"predecessor-version":[{"id":21342,"href":"https:\/\/www.atscontainers.com\/fr\/wp-json\/wp\/v2\/pages\/7542\/revisions\/21342"}],"up":[{"embeddable":true,"href":"https:\/\/www.atscontainers.com\/fr\/wp-json\/wp\/v2\/pages\/7802"}],"wp:featuredmedia":[{"embeddable":true,"href":"https:\/\/www.atscontainers.com\/fr\/wp-json\/wp\/v2\/media\/5624"}],"wp:attachment":[{"href":"https:\/\/www.atscontainers.com\/fr\/wp-json\/wp\/v2\/media?parent=7542"}],"curies":[{"name":"wp","href":"https:\/\/api.w.org\/{rel}","templated":true}]}}