{"id":7596,"date":"2021-10-21T07:52:39","date_gmt":"2021-10-21T11:52:39","guid":{"rendered":"https:\/\/www.atscontainers.com\/?page_id=7596"},"modified":"2026-01-14T18:39:14","modified_gmt":"2026-01-14T23:39:14","slug":"conteneurs-modifies","status":"publish","type":"page","link":"https:\/\/www.atscontainers.com\/fr\/produits\/conteneurs-modifies\/","title":{"rendered":"CONTENEURS MODIFI\u00c9S"},"content":{"rendered":"<!DOCTYPE html PUBLIC \"-\/\/W3C\/\/DTD HTML 4.0 Transitional\/\/EN\" \"http:\/\/www.w3.org\/TR\/REC-html40\/loose.dtd\">\n\n","protected":false},"excerpt":{"rendered":"","protected":false},"author":13,"featured_media":5606,"parent":7802,"menu_order":0,"comment_status":"closed","ping_status":"closed","template":"page-fc.php","meta":{"_acf_changed":false,"ngg_post_thumbnail":0,"footnotes":""},"class_list":["post-7596","page","type-page","status-publish","has-post-thumbnail","hentry"],"acf":[],"yoast_head":"<!-- This site is optimized with the Yoast SEO plugin v26.9 - https:\/\/yoast.com\/product\/yoast-seo-wordpress\/ -->\n<title>Conteneurs Maritimes Modifi\u00e9s sur Mesure | Conteneurs ATS<\/title>\n<meta name=\"description\" content=\"Conteneurs personnalis\u00e9s pour l\u2019industrie, la construction, le commerce ou l\u2019\u00e9v\u00e9nementiel. Fabrication en atelier. Qualit\u00e9 et durabilit\u00e9 garanties.\" \/>\n<meta name=\"robots\" content=\"index, follow, max-snippet:-1, max-image-preview:large, max-video-preview:-1\" \/>\n<link rel=\"canonical\" href=\"https:\/\/www.atscontainers.com\/fr\/produits\/conteneurs-modifies\/\" \/>\n<meta property=\"og:locale\" content=\"fr_CA\" \/>\n<meta property=\"og:type\" content=\"article\" \/>\n<meta property=\"og:title\" content=\"Conteneurs Maritimes Modifi\u00e9s sur Mesure | Conteneurs ATS\" \/>\n<meta property=\"og:description\" content=\"Conteneurs personnalis\u00e9s pour l\u2019industrie, la construction, le commerce ou l\u2019\u00e9v\u00e9nementiel. Fabrication en atelier. Qualit\u00e9 et durabilit\u00e9 garanties.\" \/>\n<meta property=\"og:url\" content=\"https:\/\/www.atscontainers.com\/fr\/produits\/conteneurs-modifies\/\" \/>\n<meta property=\"og:site_name\" content=\"ATS Containers\" \/>\n<meta property=\"article:publisher\" content=\"https:\/\/www.facebook.com\/atscontainers\/\" \/>\n<meta property=\"article:modified_time\" content=\"2026-01-14T23:39:14+00:00\" \/>\n<meta property=\"og:image\" content=\"https:\/\/www.atscontainers.com\/wp-content\/uploads\/2020\/01\/modif-main-bg.jpg\" \/>\n\t<meta property=\"og:image:width\" content=\"1140\" \/>\n\t<meta property=\"og:image:height\" content=\"759\" \/>\n\t<meta property=\"og:image:type\" content=\"image\/jpeg\" \/>\n<meta name=\"twitter:card\" content=\"summary_large_image\" \/>\n<meta name=\"twitter:site\" content=\"@atscontainers\" \/>\n<meta name=\"twitter:label1\" content=\"Estimation du temps de lecture\" \/>\n\t<meta name=\"twitter:data1\" content=\"1 minute\" \/>\n<script type=\"application\/ld+json\" class=\"yoast-schema-graph\">{\"@context\":\"https:\/\/schema.org\",\"@graph\":[{\"@type\":\"WebPage\",\"@id\":\"https:\/\/www.atscontainers.com\/fr\/produits\/conteneurs-modifies\/\",\"url\":\"https:\/\/www.atscontainers.com\/fr\/produits\/conteneurs-modifies\/\",\"name\":\"Conteneurs Maritimes Modifi\u00e9s sur Mesure | Conteneurs ATS\",\"isPartOf\":{\"@id\":\"https:\/\/www.atscontainers.com\/fr\/#website\"},\"primaryImageOfPage\":{\"@id\":\"https:\/\/www.atscontainers.com\/fr\/produits\/conteneurs-modifies\/#primaryimage\"},\"image\":{\"@id\":\"https:\/\/www.atscontainers.com\/fr\/produits\/conteneurs-modifies\/#primaryimage\"},\"thumbnailUrl\":\"https:\/\/www.atscontainers.com\/wp-content\/uploads\/2020\/01\/modif-main-bg.jpg\",\"datePublished\":\"2021-10-21T11:52:39+00:00\",\"dateModified\":\"2026-01-14T23:39:14+00:00\",\"description\":\"Conteneurs personnalis\u00e9s pour l\u2019industrie, la construction, le commerce ou l\u2019\u00e9v\u00e9nementiel. Fabrication en atelier. Qualit\u00e9 et durabilit\u00e9 garanties.\",\"breadcrumb\":{\"@id\":\"https:\/\/www.atscontainers.com\/fr\/produits\/conteneurs-modifies\/#breadcrumb\"},\"inLanguage\":\"fr-CA\",\"potentialAction\":[{\"@type\":\"ReadAction\",\"target\":[\"https:\/\/www.atscontainers.com\/fr\/produits\/conteneurs-modifies\/\"]}]},{\"@type\":\"ImageObject\",\"inLanguage\":\"fr-CA\",\"@id\":\"https:\/\/www.atscontainers.com\/fr\/produits\/conteneurs-modifies\/#primaryimage\",\"url\":\"https:\/\/www.atscontainers.com\/wp-content\/uploads\/2020\/01\/modif-main-bg.jpg\",\"contentUrl\":\"https:\/\/www.atscontainers.com\/wp-content\/uploads\/2020\/01\/modif-main-bg.jpg\",\"width\":1140,\"height\":759},{\"@type\":\"BreadcrumbList\",\"@id\":\"https:\/\/www.atscontainers.com\/fr\/produits\/conteneurs-modifies\/#breadcrumb\",\"itemListElement\":[{\"@type\":\"ListItem\",\"position\":1,\"name\":\"Home\",\"item\":\"https:\/\/www.atscontainers.com\/fr\/\"},{\"@type\":\"ListItem\",\"position\":2,\"name\":\"Conteneurs \u00e0 Vendre\",\"item\":\"https:\/\/www.atscontainers.com\/fr\/produits\/\"},{\"@type\":\"ListItem\",\"position\":3,\"name\":\"CONTENEURS MODIFI\u00c9S\"}]},{\"@type\":\"WebSite\",\"@id\":\"https:\/\/www.atscontainers.com\/fr\/#website\",\"url\":\"https:\/\/www.atscontainers.com\/fr\/\",\"name\":\"ATS Containers\",\"description\":\"\",\"publisher\":{\"@id\":\"https:\/\/www.atscontainers.com\/fr\/#organization\"},\"potentialAction\":[{\"@type\":\"SearchAction\",\"target\":{\"@type\":\"EntryPoint\",\"urlTemplate\":\"https:\/\/www.atscontainers.com\/fr\/?s={search_term_string}\"},\"query-input\":{\"@type\":\"PropertyValueSpecification\",\"valueRequired\":true,\"valueName\":\"search_term_string\"}}],\"inLanguage\":\"fr-CA\"},{\"@type\":\"Organization\",\"@id\":\"https:\/\/www.atscontainers.com\/fr\/#organization\",\"name\":\"ATS Containers\",\"url\":\"https:\/\/www.atscontainers.com\/fr\/\",\"logo\":{\"@type\":\"ImageObject\",\"inLanguage\":\"fr-CA\",\"@id\":\"https:\/\/www.atscontainers.com\/fr\/#\/schema\/logo\/image\/\",\"url\":\"https:\/\/www.atscontainers.com\/wp-content\/uploads\/2018\/09\/ats-containers-canada_.png\",\"contentUrl\":\"https:\/\/www.atscontainers.com\/wp-content\/uploads\/2018\/09\/ats-containers-canada_.png\",\"width\":500,\"height\":500,\"caption\":\"ATS Containers\"},\"image\":{\"@id\":\"https:\/\/www.atscontainers.com\/fr\/#\/schema\/logo\/image\/\"},\"sameAs\":[\"https:\/\/www.facebook.com\/atscontainers\/\",\"https:\/\/x.com\/atscontainers\",\"https:\/\/www.instagram.com\/atscontainers\/\",\"https:\/\/www.linkedin.com\/company\/ats-container-services\/\"]}]}<\/script>\n<!-- \/ Yoast SEO plugin. -->","yoast_head_json":{"title":"Conteneurs Maritimes Modifi\u00e9s sur Mesure | Conteneurs ATS","description":"Conteneurs personnalis\u00e9s pour l\u2019industrie, la construction, le commerce ou l\u2019\u00e9v\u00e9nementiel. Fabrication en atelier. Qualit\u00e9 et durabilit\u00e9 garanties.","robots":{"index":"index","follow":"follow","max-snippet":"max-snippet:-1","max-image-preview":"max-image-preview:large","max-video-preview":"max-video-preview:-1"},"canonical":"https:\/\/www.atscontainers.com\/fr\/produits\/conteneurs-modifies\/","og_locale":"fr_CA","og_type":"article","og_title":"Conteneurs Maritimes Modifi\u00e9s sur Mesure | Conteneurs ATS","og_description":"Conteneurs personnalis\u00e9s pour l\u2019industrie, la construction, le commerce ou l\u2019\u00e9v\u00e9nementiel. Fabrication en atelier. Qualit\u00e9 et durabilit\u00e9 garanties.","og_url":"https:\/\/www.atscontainers.com\/fr\/produits\/conteneurs-modifies\/","og_site_name":"ATS Containers","article_publisher":"https:\/\/www.facebook.com\/atscontainers\/","article_modified_time":"2026-01-14T23:39:14+00:00","og_image":[{"width":1140,"height":759,"url":"https:\/\/www.atscontainers.com\/wp-content\/uploads\/2020\/01\/modif-main-bg.jpg","type":"image\/jpeg"}],"twitter_card":"summary_large_image","twitter_site":"@atscontainers","twitter_misc":{"Estimation du temps de lecture":"1 minute"},"schema":{"@context":"https:\/\/schema.org","@graph":[{"@type":"WebPage","@id":"https:\/\/www.atscontainers.com\/fr\/produits\/conteneurs-modifies\/","url":"https:\/\/www.atscontainers.com\/fr\/produits\/conteneurs-modifies\/","name":"Conteneurs Maritimes Modifi\u00e9s sur Mesure | Conteneurs ATS","isPartOf":{"@id":"https:\/\/www.atscontainers.com\/fr\/#website"},"primaryImageOfPage":{"@id":"https:\/\/www.atscontainers.com\/fr\/produits\/conteneurs-modifies\/#primaryimage"},"image":{"@id":"https:\/\/www.atscontainers.com\/fr\/produits\/conteneurs-modifies\/#primaryimage"},"thumbnailUrl":"https:\/\/www.atscontainers.com\/wp-content\/uploads\/2020\/01\/modif-main-bg.jpg","datePublished":"2021-10-21T11:52:39+00:00","dateModified":"2026-01-14T23:39:14+00:00","description":"Conteneurs personnalis\u00e9s pour l\u2019industrie, la construction, le commerce ou l\u2019\u00e9v\u00e9nementiel. Fabrication en atelier. Qualit\u00e9 et durabilit\u00e9 garanties.","breadcrumb":{"@id":"https:\/\/www.atscontainers.com\/fr\/produits\/conteneurs-modifies\/#breadcrumb"},"inLanguage":"fr-CA","potentialAction":[{"@type":"ReadAction","target":["https:\/\/www.atscontainers.com\/fr\/produits\/conteneurs-modifies\/"]}]},{"@type":"ImageObject","inLanguage":"fr-CA","@id":"https:\/\/www.atscontainers.com\/fr\/produits\/conteneurs-modifies\/#primaryimage","url":"https:\/\/www.atscontainers.com\/wp-content\/uploads\/2020\/01\/modif-main-bg.jpg","contentUrl":"https:\/\/www.atscontainers.com\/wp-content\/uploads\/2020\/01\/modif-main-bg.jpg","width":1140,"height":759},{"@type":"BreadcrumbList","@id":"https:\/\/www.atscontainers.com\/fr\/produits\/conteneurs-modifies\/#breadcrumb","itemListElement":[{"@type":"ListItem","position":1,"name":"Home","item":"https:\/\/www.atscontainers.com\/fr\/"},{"@type":"ListItem","position":2,"name":"Conteneurs \u00e0 Vendre","item":"https:\/\/www.atscontainers.com\/fr\/produits\/"},{"@type":"ListItem","position":3,"name":"CONTENEURS MODIFI\u00c9S"}]},{"@type":"WebSite","@id":"https:\/\/www.atscontainers.com\/fr\/#website","url":"https:\/\/www.atscontainers.com\/fr\/","name":"ATS Containers","description":"","publisher":{"@id":"https:\/\/www.atscontainers.com\/fr\/#organization"},"potentialAction":[{"@type":"SearchAction","target":{"@type":"EntryPoint","urlTemplate":"https:\/\/www.atscontainers.com\/fr\/?s={search_term_string}"},"query-input":{"@type":"PropertyValueSpecification","valueRequired":true,"valueName":"search_term_string"}}],"inLanguage":"fr-CA"},{"@type":"Organization","@id":"https:\/\/www.atscontainers.com\/fr\/#organization","name":"ATS Containers","url":"https:\/\/www.atscontainers.com\/fr\/","logo":{"@type":"ImageObject","inLanguage":"fr-CA","@id":"https:\/\/www.atscontainers.com\/fr\/#\/schema\/logo\/image\/","url":"https:\/\/www.atscontainers.com\/wp-content\/uploads\/2018\/09\/ats-containers-canada_.png","contentUrl":"https:\/\/www.atscontainers.com\/wp-content\/uploads\/2018\/09\/ats-containers-canada_.png","width":500,"height":500,"caption":"ATS Containers"},"image":{"@id":"https:\/\/www.atscontainers.com\/fr\/#\/schema\/logo\/image\/"},"sameAs":["https:\/\/www.facebook.com\/atscontainers\/","https:\/\/x.com\/atscontainers","https:\/\/www.instagram.com\/atscontainers\/","https:\/\/www.linkedin.com\/company\/ats-container-services\/"]}]}},"_links":{"self":[{"href":"https:\/\/www.atscontainers.com\/fr\/wp-json\/wp\/v2\/pages\/7596","targetHints":{"allow":["GET"]}}],"collection":[{"href":"https:\/\/www.atscontainers.com\/fr\/wp-json\/wp\/v2\/pages"}],"about":[{"href":"https:\/\/www.atscontainers.com\/fr\/wp-json\/wp\/v2\/types\/page"}],"author":[{"embeddable":true,"href":"https:\/\/www.atscontainers.com\/fr\/wp-json\/wp\/v2\/users\/13"}],"replies":[{"embeddable":true,"href":"https:\/\/www.atscontainers.com\/fr\/wp-json\/wp\/v2\/comments?post=7596"}],"version-history":[{"count":6,"href":"https:\/\/www.atscontainers.com\/fr\/wp-json\/wp\/v2\/pages\/7596\/revisions"}],"predecessor-version":[{"id":18612,"href":"https:\/\/www.atscontainers.com\/fr\/wp-json\/wp\/v2\/pages\/7596\/revisions\/18612"}],"up":[{"embeddable":true,"href":"https:\/\/www.atscontainers.com\/fr\/wp-json\/wp\/v2\/pages\/7802"}],"wp:featuredmedia":[{"embeddable":true,"href":"https:\/\/www.atscontainers.com\/fr\/wp-json\/wp\/v2\/media\/5606"}],"wp:attachment":[{"href":"https:\/\/www.atscontainers.com\/fr\/wp-json\/wp\/v2\/media?parent=7596"}],"curies":[{"name":"wp","href":"https:\/\/api.w.org\/{rel}","templated":true}]}}