{"id":7634,"date":"2018-05-08T13:14:11","date_gmt":"2018-05-08T17:14:11","guid":{"rendered":"https:\/\/www.atscontainers.com\/saskatoon\/"},"modified":"2026-01-26T09:27:59","modified_gmt":"2026-01-26T14:27:59","slug":"saskatoon","status":"publish","type":"page","link":"https:\/\/www.atscontainers.com\/fr\/contact\/saskatoon\/","title":{"rendered":"Saskatoon"},"content":{"rendered":"<!DOCTYPE html PUBLIC \"-\/\/W3C\/\/DTD HTML 4.0 Transitional\/\/EN\" \"http:\/\/www.w3.org\/TR\/REC-html40\/loose.dtd\">\n\n","protected":false},"excerpt":{"rendered":"","protected":false},"author":13,"featured_media":6074,"parent":0,"menu_order":0,"comment_status":"closed","ping_status":"closed","template":"page-fc.php","meta":{"_acf_changed":false,"ngg_post_thumbnail":0,"footnotes":""},"class_list":["post-7634","page","type-page","status-publish","has-post-thumbnail","hentry"],"acf":[],"yoast_head":"<!-- This site is optimized with the Yoast SEO plugin v26.9 - https:\/\/yoast.com\/product\/yoast-seo-wordpress\/ -->\n<title>Conteneurs \u00e0 Vendre ou \u00e0 Louer \u00e0 Saskatoon | Contact ATS<\/title>\n<meta name=\"description\" content=\"Conteneurs maritimes neufs, usag\u00e9s, modifi\u00e9s ou r\u00e9frig\u00e9r\u00e9s \u00e0 Saskatoon. Livraison rapide et service local pour chantier, commerce ou entreposage.\" \/>\n<meta name=\"robots\" content=\"index, follow, max-snippet:-1, max-image-preview:large, max-video-preview:-1\" \/>\n<link rel=\"canonical\" href=\"https:\/\/www.atscontainers.com\/fr\/contact\/saskatoon\/\" \/>\n<meta property=\"og:locale\" content=\"fr_CA\" \/>\n<meta property=\"og:type\" content=\"article\" \/>\n<meta property=\"og:title\" content=\"Conteneurs \u00e0 Vendre ou \u00e0 Louer \u00e0 Saskatoon | Contact ATS\" \/>\n<meta property=\"og:description\" content=\"Conteneurs maritimes neufs, usag\u00e9s, modifi\u00e9s ou r\u00e9frig\u00e9r\u00e9s \u00e0 Saskatoon. Livraison rapide et service local pour chantier, commerce ou entreposage.\" \/>\n<meta property=\"og:url\" content=\"https:\/\/www.atscontainers.com\/fr\/contact\/saskatoon\/\" \/>\n<meta property=\"og:site_name\" content=\"ATS Containers\" \/>\n<meta property=\"article:publisher\" content=\"https:\/\/www.facebook.com\/atscontainers\/\" \/>\n<meta property=\"article:modified_time\" content=\"2026-01-26T14:27:59+00:00\" \/>\n<meta property=\"og:image\" content=\"https:\/\/www.atscontainers.com\/wp-content\/uploads\/2021\/09\/Rectangle-40.jpg\" \/>\n\t<meta property=\"og:image:width\" content=\"483\" \/>\n\t<meta property=\"og:image:height\" content=\"326\" \/>\n\t<meta property=\"og:image:type\" content=\"image\/jpeg\" \/>\n<meta name=\"twitter:card\" content=\"summary_large_image\" \/>\n<meta name=\"twitter:site\" content=\"@atscontainers\" \/>\n<meta name=\"twitter:label1\" content=\"Estimation du temps de lecture\" \/>\n\t<meta name=\"twitter:data1\" content=\"1 minute\" \/>\n<script type=\"application\/ld+json\" class=\"yoast-schema-graph\">{\"@context\":\"https:\/\/schema.org\",\"@graph\":[{\"@type\":\"WebPage\",\"@id\":\"https:\/\/www.atscontainers.com\/fr\/contact\/saskatoon\/\",\"url\":\"https:\/\/www.atscontainers.com\/fr\/contact\/saskatoon\/\",\"name\":\"Conteneurs \u00e0 Vendre ou \u00e0 Louer \u00e0 Saskatoon | Contact ATS\",\"isPartOf\":{\"@id\":\"https:\/\/www.atscontainers.com\/fr\/#website\"},\"primaryImageOfPage\":{\"@id\":\"https:\/\/www.atscontainers.com\/fr\/contact\/saskatoon\/#primaryimage\"},\"image\":{\"@id\":\"https:\/\/www.atscontainers.com\/fr\/contact\/saskatoon\/#primaryimage\"},\"thumbnailUrl\":\"https:\/\/www.atscontainers.com\/wp-content\/uploads\/2021\/09\/Rectangle-40.jpg\",\"datePublished\":\"2018-05-08T17:14:11+00:00\",\"dateModified\":\"2026-01-26T14:27:59+00:00\",\"description\":\"Conteneurs maritimes neufs, usag\u00e9s, modifi\u00e9s ou r\u00e9frig\u00e9r\u00e9s \u00e0 Saskatoon. Livraison rapide et service local pour chantier, commerce ou entreposage.\",\"breadcrumb\":{\"@id\":\"https:\/\/www.atscontainers.com\/fr\/contact\/saskatoon\/#breadcrumb\"},\"inLanguage\":\"fr-CA\",\"potentialAction\":[{\"@type\":\"ReadAction\",\"target\":[\"https:\/\/www.atscontainers.com\/fr\/contact\/saskatoon\/\"]}]},{\"@type\":\"ImageObject\",\"inLanguage\":\"fr-CA\",\"@id\":\"https:\/\/www.atscontainers.com\/fr\/contact\/saskatoon\/#primaryimage\",\"url\":\"https:\/\/www.atscontainers.com\/wp-content\/uploads\/2021\/09\/Rectangle-40.jpg\",\"contentUrl\":\"https:\/\/www.atscontainers.com\/wp-content\/uploads\/2021\/09\/Rectangle-40.jpg\",\"width\":483,\"height\":326},{\"@type\":\"BreadcrumbList\",\"@id\":\"https:\/\/www.atscontainers.com\/fr\/contact\/saskatoon\/#breadcrumb\",\"itemListElement\":[{\"@type\":\"ListItem\",\"position\":1,\"name\":\"Home\",\"item\":\"https:\/\/www.atscontainers.com\/fr\/\"},{\"@type\":\"ListItem\",\"position\":2,\"name\":\"Saskatoon\"}]},{\"@type\":\"WebSite\",\"@id\":\"https:\/\/www.atscontainers.com\/fr\/#website\",\"url\":\"https:\/\/www.atscontainers.com\/fr\/\",\"name\":\"ATS Containers\",\"description\":\"\",\"publisher\":{\"@id\":\"https:\/\/www.atscontainers.com\/fr\/#organization\"},\"potentialAction\":[{\"@type\":\"SearchAction\",\"target\":{\"@type\":\"EntryPoint\",\"urlTemplate\":\"https:\/\/www.atscontainers.com\/fr\/?s={search_term_string}\"},\"query-input\":{\"@type\":\"PropertyValueSpecification\",\"valueRequired\":true,\"valueName\":\"search_term_string\"}}],\"inLanguage\":\"fr-CA\"},{\"@type\":\"Organization\",\"@id\":\"https:\/\/www.atscontainers.com\/fr\/#organization\",\"name\":\"ATS Containers\",\"url\":\"https:\/\/www.atscontainers.com\/fr\/\",\"logo\":{\"@type\":\"ImageObject\",\"inLanguage\":\"fr-CA\",\"@id\":\"https:\/\/www.atscontainers.com\/fr\/#\/schema\/logo\/image\/\",\"url\":\"https:\/\/www.atscontainers.com\/wp-content\/uploads\/2018\/09\/ats-containers-canada_.png\",\"contentUrl\":\"https:\/\/www.atscontainers.com\/wp-content\/uploads\/2018\/09\/ats-containers-canada_.png\",\"width\":500,\"height\":500,\"caption\":\"ATS Containers\"},\"image\":{\"@id\":\"https:\/\/www.atscontainers.com\/fr\/#\/schema\/logo\/image\/\"},\"sameAs\":[\"https:\/\/www.facebook.com\/atscontainers\/\",\"https:\/\/x.com\/atscontainers\",\"https:\/\/www.instagram.com\/atscontainers\/\",\"https:\/\/www.linkedin.com\/company\/ats-container-services\/\"]}]}<\/script>\n<!-- \/ Yoast SEO plugin. -->","yoast_head_json":{"title":"Conteneurs \u00e0 Vendre ou \u00e0 Louer \u00e0 Saskatoon | Contact ATS","description":"Conteneurs maritimes neufs, usag\u00e9s, modifi\u00e9s ou r\u00e9frig\u00e9r\u00e9s \u00e0 Saskatoon. Livraison rapide et service local pour chantier, commerce ou entreposage.","robots":{"index":"index","follow":"follow","max-snippet":"max-snippet:-1","max-image-preview":"max-image-preview:large","max-video-preview":"max-video-preview:-1"},"canonical":"https:\/\/www.atscontainers.com\/fr\/contact\/saskatoon\/","og_locale":"fr_CA","og_type":"article","og_title":"Conteneurs \u00e0 Vendre ou \u00e0 Louer \u00e0 Saskatoon | Contact ATS","og_description":"Conteneurs maritimes neufs, usag\u00e9s, modifi\u00e9s ou r\u00e9frig\u00e9r\u00e9s \u00e0 Saskatoon. Livraison rapide et service local pour chantier, commerce ou entreposage.","og_url":"https:\/\/www.atscontainers.com\/fr\/contact\/saskatoon\/","og_site_name":"ATS Containers","article_publisher":"https:\/\/www.facebook.com\/atscontainers\/","article_modified_time":"2026-01-26T14:27:59+00:00","og_image":[{"width":483,"height":326,"url":"https:\/\/www.atscontainers.com\/wp-content\/uploads\/2021\/09\/Rectangle-40.jpg","type":"image\/jpeg"}],"twitter_card":"summary_large_image","twitter_site":"@atscontainers","twitter_misc":{"Estimation du temps de lecture":"1 minute"},"schema":{"@context":"https:\/\/schema.org","@graph":[{"@type":"WebPage","@id":"https:\/\/www.atscontainers.com\/fr\/contact\/saskatoon\/","url":"https:\/\/www.atscontainers.com\/fr\/contact\/saskatoon\/","name":"Conteneurs \u00e0 Vendre ou \u00e0 Louer \u00e0 Saskatoon | Contact ATS","isPartOf":{"@id":"https:\/\/www.atscontainers.com\/fr\/#website"},"primaryImageOfPage":{"@id":"https:\/\/www.atscontainers.com\/fr\/contact\/saskatoon\/#primaryimage"},"image":{"@id":"https:\/\/www.atscontainers.com\/fr\/contact\/saskatoon\/#primaryimage"},"thumbnailUrl":"https:\/\/www.atscontainers.com\/wp-content\/uploads\/2021\/09\/Rectangle-40.jpg","datePublished":"2018-05-08T17:14:11+00:00","dateModified":"2026-01-26T14:27:59+00:00","description":"Conteneurs maritimes neufs, usag\u00e9s, modifi\u00e9s ou r\u00e9frig\u00e9r\u00e9s \u00e0 Saskatoon. Livraison rapide et service local pour chantier, commerce ou entreposage.","breadcrumb":{"@id":"https:\/\/www.atscontainers.com\/fr\/contact\/saskatoon\/#breadcrumb"},"inLanguage":"fr-CA","potentialAction":[{"@type":"ReadAction","target":["https:\/\/www.atscontainers.com\/fr\/contact\/saskatoon\/"]}]},{"@type":"ImageObject","inLanguage":"fr-CA","@id":"https:\/\/www.atscontainers.com\/fr\/contact\/saskatoon\/#primaryimage","url":"https:\/\/www.atscontainers.com\/wp-content\/uploads\/2021\/09\/Rectangle-40.jpg","contentUrl":"https:\/\/www.atscontainers.com\/wp-content\/uploads\/2021\/09\/Rectangle-40.jpg","width":483,"height":326},{"@type":"BreadcrumbList","@id":"https:\/\/www.atscontainers.com\/fr\/contact\/saskatoon\/#breadcrumb","itemListElement":[{"@type":"ListItem","position":1,"name":"Home","item":"https:\/\/www.atscontainers.com\/fr\/"},{"@type":"ListItem","position":2,"name":"Saskatoon"}]},{"@type":"WebSite","@id":"https:\/\/www.atscontainers.com\/fr\/#website","url":"https:\/\/www.atscontainers.com\/fr\/","name":"ATS Containers","description":"","publisher":{"@id":"https:\/\/www.atscontainers.com\/fr\/#organization"},"potentialAction":[{"@type":"SearchAction","target":{"@type":"EntryPoint","urlTemplate":"https:\/\/www.atscontainers.com\/fr\/?s={search_term_string}"},"query-input":{"@type":"PropertyValueSpecification","valueRequired":true,"valueName":"search_term_string"}}],"inLanguage":"fr-CA"},{"@type":"Organization","@id":"https:\/\/www.atscontainers.com\/fr\/#organization","name":"ATS Containers","url":"https:\/\/www.atscontainers.com\/fr\/","logo":{"@type":"ImageObject","inLanguage":"fr-CA","@id":"https:\/\/www.atscontainers.com\/fr\/#\/schema\/logo\/image\/","url":"https:\/\/www.atscontainers.com\/wp-content\/uploads\/2018\/09\/ats-containers-canada_.png","contentUrl":"https:\/\/www.atscontainers.com\/wp-content\/uploads\/2018\/09\/ats-containers-canada_.png","width":500,"height":500,"caption":"ATS Containers"},"image":{"@id":"https:\/\/www.atscontainers.com\/fr\/#\/schema\/logo\/image\/"},"sameAs":["https:\/\/www.facebook.com\/atscontainers\/","https:\/\/x.com\/atscontainers","https:\/\/www.instagram.com\/atscontainers\/","https:\/\/www.linkedin.com\/company\/ats-container-services\/"]}]}},"_links":{"self":[{"href":"https:\/\/www.atscontainers.com\/fr\/wp-json\/wp\/v2\/pages\/7634","targetHints":{"allow":["GET"]}}],"collection":[{"href":"https:\/\/www.atscontainers.com\/fr\/wp-json\/wp\/v2\/pages"}],"about":[{"href":"https:\/\/www.atscontainers.com\/fr\/wp-json\/wp\/v2\/types\/page"}],"author":[{"embeddable":true,"href":"https:\/\/www.atscontainers.com\/fr\/wp-json\/wp\/v2\/users\/13"}],"replies":[{"embeddable":true,"href":"https:\/\/www.atscontainers.com\/fr\/wp-json\/wp\/v2\/comments?post=7634"}],"version-history":[{"count":7,"href":"https:\/\/www.atscontainers.com\/fr\/wp-json\/wp\/v2\/pages\/7634\/revisions"}],"predecessor-version":[{"id":21891,"href":"https:\/\/www.atscontainers.com\/fr\/wp-json\/wp\/v2\/pages\/7634\/revisions\/21891"}],"wp:featuredmedia":[{"embeddable":true,"href":"https:\/\/www.atscontainers.com\/fr\/wp-json\/wp\/v2\/media\/6074"}],"wp:attachment":[{"href":"https:\/\/www.atscontainers.com\/fr\/wp-json\/wp\/v2\/media?parent=7634"}],"curies":[{"name":"wp","href":"https:\/\/api.w.org\/{rel}","templated":true}]}}