{"id":7811,"date":"2018-05-27T01:30:15","date_gmt":"2018-05-27T05:30:15","guid":{"rendered":"https:\/\/www.atscontainers.com\/20-mobile-office-container\/"},"modified":"2026-04-08T12:58:50","modified_gmt":"2026-04-08T16:58:50","slug":"bureau-de-chantier-20","status":"publish","type":"page","link":"https:\/\/www.atscontainers.com\/fr\/produits\/bureaux-mobiles\/bureau-de-chantier-20\/","title":{"rendered":"Bureau de Chantier 20 PI <br> \u00ab\u00a0Job Box\u00a0\u00bb"},"content":{"rendered":"<p>Le bureau mobile de 20 pieds (connu sous le nom de \u00ab Job Box \u00bb) est enti\u00e8rement isol\u00e9 avec de la mousse d\u2019ur\u00e9thane, un sol en vinyle durable, une unit\u00e9 de climatisation et comprend un ensemble \u00e9lectrique complet avec \u00e9clairage, prises de courant et chauffage complet. Leur facilit\u00e9 de transport d\u2019un site \u00e0 l\u2019autre ou d\u2019un \u00e9tage \u00e0 l\u2019autre les rend particuli\u00e8rement appr\u00e9ci\u00e9s sur les chantiers de construction par rapport aux roulottes de chantiers traditionnelles.<\/p>\n","protected":false},"excerpt":{"rendered":"<p>Le bureau mobile de 20 pieds (connu sous le nom de \u00ab Job Box \u00bb) est enti\u00e8rement isol\u00e9 avec de la mousse d\u2019ur\u00e9thane, un sol en vinyle durable, une unit\u00e9 de climatisation et comprend un ensemble \u00e9lectrique complet avec \u00e9clairage, prises de courant et chauffage complet. Leur facilit\u00e9 de transport d\u2019un site \u00e0 l\u2019autre ou [&hellip;]<\/p>\n","protected":false},"author":13,"featured_media":7098,"parent":7875,"menu_order":0,"comment_status":"closed","ping_status":"closed","template":"page-fc.php","meta":{"_acf_changed":false,"ngg_post_thumbnail":0,"footnotes":""},"class_list":["post-7811","page","type-page","status-publish","has-post-thumbnail","hentry"],"acf":[],"yoast_head":"<!-- This site is optimized with the Yoast SEO plugin v26.9 - https:\/\/yoast.com\/product\/yoast-seo-wordpress\/ -->\n<title>Bureau de Chantier Mobile 20 Pieds tout \u00c9quip\u00e9 | ATS Conteneurs<\/title>\n<meta name=\"description\" content=\"Le bureau de chantier 20 pieds inclut une isolation performante, une installation \u00e9lectrique pr\u00eate \u00e0 l\u2019emploi et un int\u00e9rieur robuste et durable.\" \/>\n<meta name=\"robots\" content=\"index, follow, max-snippet:-1, max-image-preview:large, max-video-preview:-1\" \/>\n<link rel=\"canonical\" href=\"https:\/\/www.atscontainers.com\/fr\/produits\/bureaux-mobiles\/bureau-de-chantier-20\/\" \/>\n<meta property=\"og:locale\" content=\"fr_CA\" \/>\n<meta property=\"og:type\" content=\"article\" \/>\n<meta property=\"og:title\" content=\"Bureau de Chantier Mobile 20 Pieds tout \u00c9quip\u00e9 | ATS Conteneurs\" \/>\n<meta property=\"og:description\" content=\"Le bureau de chantier 20 pieds inclut une isolation performante, une installation \u00e9lectrique pr\u00eate \u00e0 l\u2019emploi et un int\u00e9rieur robuste et durable.\" \/>\n<meta property=\"og:url\" content=\"https:\/\/www.atscontainers.com\/fr\/produits\/bureaux-mobiles\/bureau-de-chantier-20\/\" \/>\n<meta property=\"og:site_name\" content=\"ATS Containers\" \/>\n<meta property=\"article:publisher\" content=\"https:\/\/www.facebook.com\/atscontainers\/\" \/>\n<meta property=\"article:modified_time\" content=\"2026-04-08T16:58:50+00:00\" \/>\n<meta property=\"og:image\" content=\"https:\/\/www.atscontainers.com\/wp-content\/uploads\/2021\/10\/job-box-shipping-container-4.jpg\" \/>\n\t<meta property=\"og:image:width\" content=\"900\" \/>\n\t<meta property=\"og:image:height\" content=\"600\" \/>\n\t<meta property=\"og:image:type\" content=\"image\/jpeg\" \/>\n<meta name=\"twitter:card\" content=\"summary_large_image\" \/>\n<meta name=\"twitter:site\" content=\"@atscontainers\" \/>\n<meta name=\"twitter:label1\" content=\"Estimation du temps de lecture\" \/>\n\t<meta name=\"twitter:data1\" content=\"1 minute\" \/>\n<script type=\"application\/ld+json\" class=\"yoast-schema-graph\">{\"@context\":\"https:\/\/schema.org\",\"@graph\":[{\"@type\":\"WebPage\",\"@id\":\"https:\/\/www.atscontainers.com\/fr\/produits\/bureaux-mobiles\/bureau-de-chantier-20\/\",\"url\":\"https:\/\/www.atscontainers.com\/fr\/produits\/bureaux-mobiles\/bureau-de-chantier-20\/\",\"name\":\"Bureau de Chantier Mobile 20 Pieds tout \u00c9quip\u00e9 | ATS Conteneurs\",\"isPartOf\":{\"@id\":\"https:\/\/www.atscontainers.com\/fr\/#website\"},\"primaryImageOfPage\":{\"@id\":\"https:\/\/www.atscontainers.com\/fr\/produits\/bureaux-mobiles\/bureau-de-chantier-20\/#primaryimage\"},\"image\":{\"@id\":\"https:\/\/www.atscontainers.com\/fr\/produits\/bureaux-mobiles\/bureau-de-chantier-20\/#primaryimage\"},\"thumbnailUrl\":\"https:\/\/www.atscontainers.com\/wp-content\/uploads\/2021\/10\/job-box-shipping-container-4.jpg\",\"datePublished\":\"2018-05-27T05:30:15+00:00\",\"dateModified\":\"2026-04-08T16:58:50+00:00\",\"description\":\"Le bureau de chantier 20 pieds inclut une isolation performante, une installation \u00e9lectrique pr\u00eate \u00e0 l\u2019emploi et un int\u00e9rieur robuste et durable.\",\"breadcrumb\":{\"@id\":\"https:\/\/www.atscontainers.com\/fr\/produits\/bureaux-mobiles\/bureau-de-chantier-20\/#breadcrumb\"},\"inLanguage\":\"fr-CA\",\"potentialAction\":[{\"@type\":\"ReadAction\",\"target\":[\"https:\/\/www.atscontainers.com\/fr\/produits\/bureaux-mobiles\/bureau-de-chantier-20\/\"]}]},{\"@type\":\"ImageObject\",\"inLanguage\":\"fr-CA\",\"@id\":\"https:\/\/www.atscontainers.com\/fr\/produits\/bureaux-mobiles\/bureau-de-chantier-20\/#primaryimage\",\"url\":\"https:\/\/www.atscontainers.com\/wp-content\/uploads\/2021\/10\/job-box-shipping-container-4.jpg\",\"contentUrl\":\"https:\/\/www.atscontainers.com\/wp-content\/uploads\/2021\/10\/job-box-shipping-container-4.jpg\",\"width\":900,\"height\":600},{\"@type\":\"BreadcrumbList\",\"@id\":\"https:\/\/www.atscontainers.com\/fr\/produits\/bureaux-mobiles\/bureau-de-chantier-20\/#breadcrumb\",\"itemListElement\":[{\"@type\":\"ListItem\",\"position\":1,\"name\":\"Home\",\"item\":\"https:\/\/www.atscontainers.com\/fr\/\"},{\"@type\":\"ListItem\",\"position\":2,\"name\":\"Conteneurs \u00e0 Vendre\",\"item\":\"https:\/\/www.atscontainers.com\/fr\/produits\/\"},{\"@type\":\"ListItem\",\"position\":3,\"name\":\"BUREAUX MOBILES\",\"item\":\"https:\/\/www.atscontainers.com\/fr\/produits\/bureaux-mobiles\/\"},{\"@type\":\"ListItem\",\"position\":4,\"name\":\"Bureau de Chantier 20 PI &#8220;Job Box&#8221;\"}]},{\"@type\":\"WebSite\",\"@id\":\"https:\/\/www.atscontainers.com\/fr\/#website\",\"url\":\"https:\/\/www.atscontainers.com\/fr\/\",\"name\":\"ATS Containers\",\"description\":\"\",\"publisher\":{\"@id\":\"https:\/\/www.atscontainers.com\/fr\/#organization\"},\"potentialAction\":[{\"@type\":\"SearchAction\",\"target\":{\"@type\":\"EntryPoint\",\"urlTemplate\":\"https:\/\/www.atscontainers.com\/fr\/?s={search_term_string}\"},\"query-input\":{\"@type\":\"PropertyValueSpecification\",\"valueRequired\":true,\"valueName\":\"search_term_string\"}}],\"inLanguage\":\"fr-CA\"},{\"@type\":\"Organization\",\"@id\":\"https:\/\/www.atscontainers.com\/fr\/#organization\",\"name\":\"ATS Containers\",\"url\":\"https:\/\/www.atscontainers.com\/fr\/\",\"logo\":{\"@type\":\"ImageObject\",\"inLanguage\":\"fr-CA\",\"@id\":\"https:\/\/www.atscontainers.com\/fr\/#\/schema\/logo\/image\/\",\"url\":\"https:\/\/www.atscontainers.com\/wp-content\/uploads\/2018\/09\/ats-containers-canada_.png\",\"contentUrl\":\"https:\/\/www.atscontainers.com\/wp-content\/uploads\/2018\/09\/ats-containers-canada_.png\",\"width\":500,\"height\":500,\"caption\":\"ATS Containers\"},\"image\":{\"@id\":\"https:\/\/www.atscontainers.com\/fr\/#\/schema\/logo\/image\/\"},\"sameAs\":[\"https:\/\/www.facebook.com\/atscontainers\/\",\"https:\/\/x.com\/atscontainers\",\"https:\/\/www.instagram.com\/atscontainers\/\",\"https:\/\/www.linkedin.com\/company\/ats-container-services\/\"]}]}<\/script>\n<!-- \/ Yoast SEO plugin. -->","yoast_head_json":{"title":"Bureau de Chantier Mobile 20 Pieds tout \u00c9quip\u00e9 | ATS Conteneurs","description":"Le bureau de chantier 20 pieds inclut une isolation performante, une installation \u00e9lectrique pr\u00eate \u00e0 l\u2019emploi et un int\u00e9rieur robuste et durable.","robots":{"index":"index","follow":"follow","max-snippet":"max-snippet:-1","max-image-preview":"max-image-preview:large","max-video-preview":"max-video-preview:-1"},"canonical":"https:\/\/www.atscontainers.com\/fr\/produits\/bureaux-mobiles\/bureau-de-chantier-20\/","og_locale":"fr_CA","og_type":"article","og_title":"Bureau de Chantier Mobile 20 Pieds tout \u00c9quip\u00e9 | ATS Conteneurs","og_description":"Le bureau de chantier 20 pieds inclut une isolation performante, une installation \u00e9lectrique pr\u00eate \u00e0 l\u2019emploi et un int\u00e9rieur robuste et durable.","og_url":"https:\/\/www.atscontainers.com\/fr\/produits\/bureaux-mobiles\/bureau-de-chantier-20\/","og_site_name":"ATS Containers","article_publisher":"https:\/\/www.facebook.com\/atscontainers\/","article_modified_time":"2026-04-08T16:58:50+00:00","og_image":[{"width":900,"height":600,"url":"https:\/\/www.atscontainers.com\/wp-content\/uploads\/2021\/10\/job-box-shipping-container-4.jpg","type":"image\/jpeg"}],"twitter_card":"summary_large_image","twitter_site":"@atscontainers","twitter_misc":{"Estimation du temps de lecture":"1 minute"},"schema":{"@context":"https:\/\/schema.org","@graph":[{"@type":"WebPage","@id":"https:\/\/www.atscontainers.com\/fr\/produits\/bureaux-mobiles\/bureau-de-chantier-20\/","url":"https:\/\/www.atscontainers.com\/fr\/produits\/bureaux-mobiles\/bureau-de-chantier-20\/","name":"Bureau de Chantier Mobile 20 Pieds tout \u00c9quip\u00e9 | ATS Conteneurs","isPartOf":{"@id":"https:\/\/www.atscontainers.com\/fr\/#website"},"primaryImageOfPage":{"@id":"https:\/\/www.atscontainers.com\/fr\/produits\/bureaux-mobiles\/bureau-de-chantier-20\/#primaryimage"},"image":{"@id":"https:\/\/www.atscontainers.com\/fr\/produits\/bureaux-mobiles\/bureau-de-chantier-20\/#primaryimage"},"thumbnailUrl":"https:\/\/www.atscontainers.com\/wp-content\/uploads\/2021\/10\/job-box-shipping-container-4.jpg","datePublished":"2018-05-27T05:30:15+00:00","dateModified":"2026-04-08T16:58:50+00:00","description":"Le bureau de chantier 20 pieds inclut une isolation performante, une installation \u00e9lectrique pr\u00eate \u00e0 l\u2019emploi et un int\u00e9rieur robuste et durable.","breadcrumb":{"@id":"https:\/\/www.atscontainers.com\/fr\/produits\/bureaux-mobiles\/bureau-de-chantier-20\/#breadcrumb"},"inLanguage":"fr-CA","potentialAction":[{"@type":"ReadAction","target":["https:\/\/www.atscontainers.com\/fr\/produits\/bureaux-mobiles\/bureau-de-chantier-20\/"]}]},{"@type":"ImageObject","inLanguage":"fr-CA","@id":"https:\/\/www.atscontainers.com\/fr\/produits\/bureaux-mobiles\/bureau-de-chantier-20\/#primaryimage","url":"https:\/\/www.atscontainers.com\/wp-content\/uploads\/2021\/10\/job-box-shipping-container-4.jpg","contentUrl":"https:\/\/www.atscontainers.com\/wp-content\/uploads\/2021\/10\/job-box-shipping-container-4.jpg","width":900,"height":600},{"@type":"BreadcrumbList","@id":"https:\/\/www.atscontainers.com\/fr\/produits\/bureaux-mobiles\/bureau-de-chantier-20\/#breadcrumb","itemListElement":[{"@type":"ListItem","position":1,"name":"Home","item":"https:\/\/www.atscontainers.com\/fr\/"},{"@type":"ListItem","position":2,"name":"Conteneurs \u00e0 Vendre","item":"https:\/\/www.atscontainers.com\/fr\/produits\/"},{"@type":"ListItem","position":3,"name":"BUREAUX MOBILES","item":"https:\/\/www.atscontainers.com\/fr\/produits\/bureaux-mobiles\/"},{"@type":"ListItem","position":4,"name":"Bureau de Chantier 20 PI &#8220;Job Box&#8221;"}]},{"@type":"WebSite","@id":"https:\/\/www.atscontainers.com\/fr\/#website","url":"https:\/\/www.atscontainers.com\/fr\/","name":"ATS Containers","description":"","publisher":{"@id":"https:\/\/www.atscontainers.com\/fr\/#organization"},"potentialAction":[{"@type":"SearchAction","target":{"@type":"EntryPoint","urlTemplate":"https:\/\/www.atscontainers.com\/fr\/?s={search_term_string}"},"query-input":{"@type":"PropertyValueSpecification","valueRequired":true,"valueName":"search_term_string"}}],"inLanguage":"fr-CA"},{"@type":"Organization","@id":"https:\/\/www.atscontainers.com\/fr\/#organization","name":"ATS Containers","url":"https:\/\/www.atscontainers.com\/fr\/","logo":{"@type":"ImageObject","inLanguage":"fr-CA","@id":"https:\/\/www.atscontainers.com\/fr\/#\/schema\/logo\/image\/","url":"https:\/\/www.atscontainers.com\/wp-content\/uploads\/2018\/09\/ats-containers-canada_.png","contentUrl":"https:\/\/www.atscontainers.com\/wp-content\/uploads\/2018\/09\/ats-containers-canada_.png","width":500,"height":500,"caption":"ATS Containers"},"image":{"@id":"https:\/\/www.atscontainers.com\/fr\/#\/schema\/logo\/image\/"},"sameAs":["https:\/\/www.facebook.com\/atscontainers\/","https:\/\/x.com\/atscontainers","https:\/\/www.instagram.com\/atscontainers\/","https:\/\/www.linkedin.com\/company\/ats-container-services\/"]}]}},"_links":{"self":[{"href":"https:\/\/www.atscontainers.com\/fr\/wp-json\/wp\/v2\/pages\/7811","targetHints":{"allow":["GET"]}}],"collection":[{"href":"https:\/\/www.atscontainers.com\/fr\/wp-json\/wp\/v2\/pages"}],"about":[{"href":"https:\/\/www.atscontainers.com\/fr\/wp-json\/wp\/v2\/types\/page"}],"author":[{"embeddable":true,"href":"https:\/\/www.atscontainers.com\/fr\/wp-json\/wp\/v2\/users\/13"}],"replies":[{"embeddable":true,"href":"https:\/\/www.atscontainers.com\/fr\/wp-json\/wp\/v2\/comments?post=7811"}],"version-history":[{"count":7,"href":"https:\/\/www.atscontainers.com\/fr\/wp-json\/wp\/v2\/pages\/7811\/revisions"}],"predecessor-version":[{"id":22815,"href":"https:\/\/www.atscontainers.com\/fr\/wp-json\/wp\/v2\/pages\/7811\/revisions\/22815"}],"up":[{"embeddable":true,"href":"https:\/\/www.atscontainers.com\/fr\/wp-json\/wp\/v2\/pages\/7875"}],"wp:featuredmedia":[{"embeddable":true,"href":"https:\/\/www.atscontainers.com\/fr\/wp-json\/wp\/v2\/media\/7098"}],"wp:attachment":[{"href":"https:\/\/www.atscontainers.com\/fr\/wp-json\/wp\/v2\/media?parent=7811"}],"curies":[{"name":"wp","href":"https:\/\/api.w.org\/{rel}","templated":true}]}}