{"id":7823,"date":"2018-05-08T13:12:35","date_gmt":"2018-05-08T17:12:35","guid":{"rendered":"https:\/\/www.atscontainers.com\/photo-gallery\/"},"modified":"2026-02-09T14:17:49","modified_gmt":"2026-02-09T19:17:49","slug":"gallerie-de-photos","status":"publish","type":"page","link":"https:\/\/www.atscontainers.com\/fr\/gallerie-de-photos\/","title":{"rendered":"Photo gallery"},"content":{"rendered":"<div class=\"text-center\">\u00a0<\/div>\n<p>\u00a0<\/p>\n","protected":false},"excerpt":{"rendered":"<p>\u00a0 \u00a0<\/p>\n","protected":false},"author":13,"featured_media":0,"parent":0,"menu_order":0,"comment_status":"closed","ping_status":"closed","template":"page-fc.php","meta":{"_acf_changed":false,"ngg_post_thumbnail":0,"footnotes":""},"class_list":["post-7823","page","type-page","status-publish","hentry"],"acf":[],"yoast_head":"<!-- This site is optimized with the Yoast SEO plugin v26.9 - https:\/\/yoast.com\/product\/yoast-seo-wordpress\/ -->\n<title>Photos de conteneurs maritimes 10&#039;, 20&#039;, 40&#039; | ATS Conteneurs<\/title>\n<meta name=\"description\" content=\"D\u00e9couvrez notre s\u00e9lection de conteneurs : standard, high cube, r\u00e9frig\u00e9r\u00e9, modifi\u00e9. Voyez nos installations au Qu\u00e9bec, Ontario et ailleurs au Canada.\" \/>\n<meta name=\"robots\" content=\"index, follow, max-snippet:-1, max-image-preview:large, max-video-preview:-1\" \/>\n<link rel=\"canonical\" href=\"https:\/\/www.atscontainers.com\/fr\/gallerie-de-photos\/\" \/>\n<meta property=\"og:locale\" content=\"fr_CA\" \/>\n<meta property=\"og:type\" content=\"article\" \/>\n<meta property=\"og:title\" content=\"Photos de conteneurs maritimes 10&#039;, 20&#039;, 40&#039; | ATS Conteneurs\" \/>\n<meta property=\"og:description\" content=\"D\u00e9couvrez notre s\u00e9lection de conteneurs : standard, high cube, r\u00e9frig\u00e9r\u00e9, modifi\u00e9. Voyez nos installations au Qu\u00e9bec, Ontario et ailleurs au Canada.\" \/>\n<meta property=\"og:url\" content=\"https:\/\/www.atscontainers.com\/fr\/gallerie-de-photos\/\" \/>\n<meta property=\"og:site_name\" content=\"ATS Containers\" \/>\n<meta property=\"article:publisher\" content=\"https:\/\/www.facebook.com\/atscontainers\/\" \/>\n<meta property=\"article:modified_time\" content=\"2026-02-09T19:17:49+00:00\" \/>\n<meta name=\"twitter:card\" content=\"summary_large_image\" \/>\n<meta name=\"twitter:site\" content=\"@atscontainers\" \/>\n<script type=\"application\/ld+json\" class=\"yoast-schema-graph\">{\"@context\":\"https:\/\/schema.org\",\"@graph\":[{\"@type\":\"WebPage\",\"@id\":\"https:\/\/www.atscontainers.com\/fr\/gallerie-de-photos\/\",\"url\":\"https:\/\/www.atscontainers.com\/fr\/gallerie-de-photos\/\",\"name\":\"Photos de conteneurs maritimes 10', 20', 40' | ATS Conteneurs\",\"isPartOf\":{\"@id\":\"https:\/\/www.atscontainers.com\/fr\/#website\"},\"datePublished\":\"2018-05-08T17:12:35+00:00\",\"dateModified\":\"2026-02-09T19:17:49+00:00\",\"description\":\"D\u00e9couvrez notre s\u00e9lection de conteneurs : standard, high cube, r\u00e9frig\u00e9r\u00e9, modifi\u00e9. Voyez nos installations au Qu\u00e9bec, Ontario et ailleurs au Canada.\",\"breadcrumb\":{\"@id\":\"https:\/\/www.atscontainers.com\/fr\/gallerie-de-photos\/#breadcrumb\"},\"inLanguage\":\"fr-CA\",\"potentialAction\":[{\"@type\":\"ReadAction\",\"target\":[\"https:\/\/www.atscontainers.com\/fr\/gallerie-de-photos\/\"]}]},{\"@type\":\"BreadcrumbList\",\"@id\":\"https:\/\/www.atscontainers.com\/fr\/gallerie-de-photos\/#breadcrumb\",\"itemListElement\":[{\"@type\":\"ListItem\",\"position\":1,\"name\":\"Home\",\"item\":\"https:\/\/www.atscontainers.com\/fr\/\"},{\"@type\":\"ListItem\",\"position\":2,\"name\":\"Photo gallery\"}]},{\"@type\":\"WebSite\",\"@id\":\"https:\/\/www.atscontainers.com\/fr\/#website\",\"url\":\"https:\/\/www.atscontainers.com\/fr\/\",\"name\":\"ATS Containers\",\"description\":\"\",\"publisher\":{\"@id\":\"https:\/\/www.atscontainers.com\/fr\/#organization\"},\"potentialAction\":[{\"@type\":\"SearchAction\",\"target\":{\"@type\":\"EntryPoint\",\"urlTemplate\":\"https:\/\/www.atscontainers.com\/fr\/?s={search_term_string}\"},\"query-input\":{\"@type\":\"PropertyValueSpecification\",\"valueRequired\":true,\"valueName\":\"search_term_string\"}}],\"inLanguage\":\"fr-CA\"},{\"@type\":\"Organization\",\"@id\":\"https:\/\/www.atscontainers.com\/fr\/#organization\",\"name\":\"ATS Containers\",\"url\":\"https:\/\/www.atscontainers.com\/fr\/\",\"logo\":{\"@type\":\"ImageObject\",\"inLanguage\":\"fr-CA\",\"@id\":\"https:\/\/www.atscontainers.com\/fr\/#\/schema\/logo\/image\/\",\"url\":\"https:\/\/www.atscontainers.com\/wp-content\/uploads\/2018\/09\/ats-containers-canada_.png\",\"contentUrl\":\"https:\/\/www.atscontainers.com\/wp-content\/uploads\/2018\/09\/ats-containers-canada_.png\",\"width\":500,\"height\":500,\"caption\":\"ATS Containers\"},\"image\":{\"@id\":\"https:\/\/www.atscontainers.com\/fr\/#\/schema\/logo\/image\/\"},\"sameAs\":[\"https:\/\/www.facebook.com\/atscontainers\/\",\"https:\/\/x.com\/atscontainers\",\"https:\/\/www.instagram.com\/atscontainers\/\",\"https:\/\/www.linkedin.com\/company\/ats-container-services\/\"]}]}<\/script>\n<!-- \/ Yoast SEO plugin. -->","yoast_head_json":{"title":"Photos de conteneurs maritimes 10', 20', 40' | ATS Conteneurs","description":"D\u00e9couvrez notre s\u00e9lection de conteneurs : standard, high cube, r\u00e9frig\u00e9r\u00e9, modifi\u00e9. Voyez nos installations au Qu\u00e9bec, Ontario et ailleurs au Canada.","robots":{"index":"index","follow":"follow","max-snippet":"max-snippet:-1","max-image-preview":"max-image-preview:large","max-video-preview":"max-video-preview:-1"},"canonical":"https:\/\/www.atscontainers.com\/fr\/gallerie-de-photos\/","og_locale":"fr_CA","og_type":"article","og_title":"Photos de conteneurs maritimes 10', 20', 40' | ATS Conteneurs","og_description":"D\u00e9couvrez notre s\u00e9lection de conteneurs : standard, high cube, r\u00e9frig\u00e9r\u00e9, modifi\u00e9. Voyez nos installations au Qu\u00e9bec, Ontario et ailleurs au Canada.","og_url":"https:\/\/www.atscontainers.com\/fr\/gallerie-de-photos\/","og_site_name":"ATS Containers","article_publisher":"https:\/\/www.facebook.com\/atscontainers\/","article_modified_time":"2026-02-09T19:17:49+00:00","twitter_card":"summary_large_image","twitter_site":"@atscontainers","schema":{"@context":"https:\/\/schema.org","@graph":[{"@type":"WebPage","@id":"https:\/\/www.atscontainers.com\/fr\/gallerie-de-photos\/","url":"https:\/\/www.atscontainers.com\/fr\/gallerie-de-photos\/","name":"Photos de conteneurs maritimes 10', 20', 40' | ATS Conteneurs","isPartOf":{"@id":"https:\/\/www.atscontainers.com\/fr\/#website"},"datePublished":"2018-05-08T17:12:35+00:00","dateModified":"2026-02-09T19:17:49+00:00","description":"D\u00e9couvrez notre s\u00e9lection de conteneurs : standard, high cube, r\u00e9frig\u00e9r\u00e9, modifi\u00e9. Voyez nos installations au Qu\u00e9bec, Ontario et ailleurs au Canada.","breadcrumb":{"@id":"https:\/\/www.atscontainers.com\/fr\/gallerie-de-photos\/#breadcrumb"},"inLanguage":"fr-CA","potentialAction":[{"@type":"ReadAction","target":["https:\/\/www.atscontainers.com\/fr\/gallerie-de-photos\/"]}]},{"@type":"BreadcrumbList","@id":"https:\/\/www.atscontainers.com\/fr\/gallerie-de-photos\/#breadcrumb","itemListElement":[{"@type":"ListItem","position":1,"name":"Home","item":"https:\/\/www.atscontainers.com\/fr\/"},{"@type":"ListItem","position":2,"name":"Photo gallery"}]},{"@type":"WebSite","@id":"https:\/\/www.atscontainers.com\/fr\/#website","url":"https:\/\/www.atscontainers.com\/fr\/","name":"ATS Containers","description":"","publisher":{"@id":"https:\/\/www.atscontainers.com\/fr\/#organization"},"potentialAction":[{"@type":"SearchAction","target":{"@type":"EntryPoint","urlTemplate":"https:\/\/www.atscontainers.com\/fr\/?s={search_term_string}"},"query-input":{"@type":"PropertyValueSpecification","valueRequired":true,"valueName":"search_term_string"}}],"inLanguage":"fr-CA"},{"@type":"Organization","@id":"https:\/\/www.atscontainers.com\/fr\/#organization","name":"ATS Containers","url":"https:\/\/www.atscontainers.com\/fr\/","logo":{"@type":"ImageObject","inLanguage":"fr-CA","@id":"https:\/\/www.atscontainers.com\/fr\/#\/schema\/logo\/image\/","url":"https:\/\/www.atscontainers.com\/wp-content\/uploads\/2018\/09\/ats-containers-canada_.png","contentUrl":"https:\/\/www.atscontainers.com\/wp-content\/uploads\/2018\/09\/ats-containers-canada_.png","width":500,"height":500,"caption":"ATS Containers"},"image":{"@id":"https:\/\/www.atscontainers.com\/fr\/#\/schema\/logo\/image\/"},"sameAs":["https:\/\/www.facebook.com\/atscontainers\/","https:\/\/x.com\/atscontainers","https:\/\/www.instagram.com\/atscontainers\/","https:\/\/www.linkedin.com\/company\/ats-container-services\/"]}]}},"_links":{"self":[{"href":"https:\/\/www.atscontainers.com\/fr\/wp-json\/wp\/v2\/pages\/7823","targetHints":{"allow":["GET"]}}],"collection":[{"href":"https:\/\/www.atscontainers.com\/fr\/wp-json\/wp\/v2\/pages"}],"about":[{"href":"https:\/\/www.atscontainers.com\/fr\/wp-json\/wp\/v2\/types\/page"}],"author":[{"embeddable":true,"href":"https:\/\/www.atscontainers.com\/fr\/wp-json\/wp\/v2\/users\/13"}],"replies":[{"embeddable":true,"href":"https:\/\/www.atscontainers.com\/fr\/wp-json\/wp\/v2\/comments?post=7823"}],"version-history":[{"count":6,"href":"https:\/\/www.atscontainers.com\/fr\/wp-json\/wp\/v2\/pages\/7823\/revisions"}],"predecessor-version":[{"id":22033,"href":"https:\/\/www.atscontainers.com\/fr\/wp-json\/wp\/v2\/pages\/7823\/revisions\/22033"}],"wp:attachment":[{"href":"https:\/\/www.atscontainers.com\/fr\/wp-json\/wp\/v2\/media?parent=7823"}],"curies":[{"name":"wp","href":"https:\/\/api.w.org\/{rel}","templated":true}]}}