{"id":7837,"date":"2019-08-26T12:27:19","date_gmt":"2019-08-26T16:27:19","guid":{"rendered":"https:\/\/www.atscontainers.com\/locations1-temp\/storage\/"},"modified":"2025-12-09T10:22:34","modified_gmt":"2025-12-09T15:22:34","slug":"location-entreposage","status":"publish","type":"page","link":"https:\/\/www.atscontainers.com\/fr\/location\/entreposage\/","title":{"rendered":"LOCATION DE CONTENEURS"},"content":{"rendered":"<!DOCTYPE html PUBLIC \"-\/\/W3C\/\/DTD HTML 4.0 Transitional\/\/EN\" \"http:\/\/www.w3.org\/TR\/REC-html40\/loose.dtd\">\n\n","protected":false},"excerpt":{"rendered":"","protected":false},"author":13,"featured_media":5556,"parent":7582,"menu_order":0,"comment_status":"closed","ping_status":"closed","template":"page-fc.php","meta":{"_acf_changed":false,"ngg_post_thumbnail":0,"footnotes":""},"class_list":["post-7837","page","type-page","status-publish","has-post-thumbnail","hentry"],"acf":[],"yoast_head":"<!-- This site is optimized with the Yoast SEO plugin v26.9 - https:\/\/yoast.com\/product\/yoast-seo-wordpress\/ -->\n<title>Location de Conteneurs pour Entreposage S\u00e9curis\u00e9 | ATS<\/title>\n<meta name=\"description\" content=\"B\u00e9n\u00e9ficiez d\u2019une solution d\u2019entreposage sur place adapt\u00e9e \u00e0 vos besoins : personnel, commercial ou industriel. Obtenez une soumission d\u00e9taill\u00e9e rapidement.\" \/>\n<meta name=\"robots\" content=\"index, follow, max-snippet:-1, max-image-preview:large, max-video-preview:-1\" \/>\n<link rel=\"canonical\" href=\"https:\/\/www.atscontainers.com\/fr\/location\/entreposage\/\" \/>\n<meta property=\"og:locale\" content=\"fr_CA\" \/>\n<meta property=\"og:type\" content=\"article\" \/>\n<meta property=\"og:title\" content=\"Location de Conteneurs pour Entreposage S\u00e9curis\u00e9 | ATS\" \/>\n<meta property=\"og:description\" content=\"B\u00e9n\u00e9ficiez d\u2019une solution d\u2019entreposage sur place adapt\u00e9e \u00e0 vos besoins : personnel, commercial ou industriel. Obtenez une soumission d\u00e9taill\u00e9e rapidement.\" \/>\n<meta property=\"og:url\" content=\"https:\/\/www.atscontainers.com\/fr\/location\/entreposage\/\" \/>\n<meta property=\"og:site_name\" content=\"ATS Containers\" \/>\n<meta property=\"article:publisher\" content=\"https:\/\/www.facebook.com\/atscontainers\/\" \/>\n<meta property=\"article:modified_time\" content=\"2025-12-09T15:22:34+00:00\" \/>\n<meta property=\"og:image\" content=\"https:\/\/www.atscontainers.com\/wp-content\/uploads\/2019\/08\/storage_banner.jpg\" \/>\n\t<meta property=\"og:image:width\" content=\"1140\" \/>\n\t<meta property=\"og:image:height\" content=\"549\" \/>\n\t<meta property=\"og:image:type\" content=\"image\/jpeg\" \/>\n<meta name=\"twitter:card\" content=\"summary_large_image\" \/>\n<meta name=\"twitter:site\" content=\"@atscontainers\" \/>\n<meta name=\"twitter:label1\" content=\"Estimation du temps de lecture\" \/>\n\t<meta name=\"twitter:data1\" content=\"1 minute\" \/>\n<script type=\"application\/ld+json\" class=\"yoast-schema-graph\">{\"@context\":\"https:\/\/schema.org\",\"@graph\":[{\"@type\":\"WebPage\",\"@id\":\"https:\/\/www.atscontainers.com\/fr\/location\/entreposage\/\",\"url\":\"https:\/\/www.atscontainers.com\/fr\/location\/entreposage\/\",\"name\":\"Location de Conteneurs pour Entreposage S\u00e9curis\u00e9 | ATS\",\"isPartOf\":{\"@id\":\"https:\/\/www.atscontainers.com\/fr\/#website\"},\"primaryImageOfPage\":{\"@id\":\"https:\/\/www.atscontainers.com\/fr\/location\/entreposage\/#primaryimage\"},\"image\":{\"@id\":\"https:\/\/www.atscontainers.com\/fr\/location\/entreposage\/#primaryimage\"},\"thumbnailUrl\":\"https:\/\/www.atscontainers.com\/wp-content\/uploads\/2019\/08\/storage_banner.jpg\",\"datePublished\":\"2019-08-26T16:27:19+00:00\",\"dateModified\":\"2025-12-09T15:22:34+00:00\",\"description\":\"B\u00e9n\u00e9ficiez d\u2019une solution d\u2019entreposage sur place adapt\u00e9e \u00e0 vos besoins : personnel, commercial ou industriel. Obtenez une soumission d\u00e9taill\u00e9e rapidement.\",\"breadcrumb\":{\"@id\":\"https:\/\/www.atscontainers.com\/fr\/location\/entreposage\/#breadcrumb\"},\"inLanguage\":\"fr-CA\",\"potentialAction\":[{\"@type\":\"ReadAction\",\"target\":[\"https:\/\/www.atscontainers.com\/fr\/location\/entreposage\/\"]}]},{\"@type\":\"ImageObject\",\"inLanguage\":\"fr-CA\",\"@id\":\"https:\/\/www.atscontainers.com\/fr\/location\/entreposage\/#primaryimage\",\"url\":\"https:\/\/www.atscontainers.com\/wp-content\/uploads\/2019\/08\/storage_banner.jpg\",\"contentUrl\":\"https:\/\/www.atscontainers.com\/wp-content\/uploads\/2019\/08\/storage_banner.jpg\",\"width\":1140,\"height\":549},{\"@type\":\"BreadcrumbList\",\"@id\":\"https:\/\/www.atscontainers.com\/fr\/location\/entreposage\/#breadcrumb\",\"itemListElement\":[{\"@type\":\"ListItem\",\"position\":1,\"name\":\"Home\",\"item\":\"https:\/\/www.atscontainers.com\/fr\/\"},{\"@type\":\"ListItem\",\"position\":2,\"name\":\"Location\",\"item\":\"https:\/\/www.atscontainers.com\/fr\/location\/\"},{\"@type\":\"ListItem\",\"position\":3,\"name\":\"LOCATION DE CONTENEURS\"}]},{\"@type\":\"WebSite\",\"@id\":\"https:\/\/www.atscontainers.com\/fr\/#website\",\"url\":\"https:\/\/www.atscontainers.com\/fr\/\",\"name\":\"ATS Containers\",\"description\":\"\",\"publisher\":{\"@id\":\"https:\/\/www.atscontainers.com\/fr\/#organization\"},\"potentialAction\":[{\"@type\":\"SearchAction\",\"target\":{\"@type\":\"EntryPoint\",\"urlTemplate\":\"https:\/\/www.atscontainers.com\/fr\/?s={search_term_string}\"},\"query-input\":{\"@type\":\"PropertyValueSpecification\",\"valueRequired\":true,\"valueName\":\"search_term_string\"}}],\"inLanguage\":\"fr-CA\"},{\"@type\":\"Organization\",\"@id\":\"https:\/\/www.atscontainers.com\/fr\/#organization\",\"name\":\"ATS Containers\",\"url\":\"https:\/\/www.atscontainers.com\/fr\/\",\"logo\":{\"@type\":\"ImageObject\",\"inLanguage\":\"fr-CA\",\"@id\":\"https:\/\/www.atscontainers.com\/fr\/#\/schema\/logo\/image\/\",\"url\":\"https:\/\/www.atscontainers.com\/wp-content\/uploads\/2018\/09\/ats-containers-canada_.png\",\"contentUrl\":\"https:\/\/www.atscontainers.com\/wp-content\/uploads\/2018\/09\/ats-containers-canada_.png\",\"width\":500,\"height\":500,\"caption\":\"ATS Containers\"},\"image\":{\"@id\":\"https:\/\/www.atscontainers.com\/fr\/#\/schema\/logo\/image\/\"},\"sameAs\":[\"https:\/\/www.facebook.com\/atscontainers\/\",\"https:\/\/x.com\/atscontainers\",\"https:\/\/www.instagram.com\/atscontainers\/\",\"https:\/\/www.linkedin.com\/company\/ats-container-services\/\"]}]}<\/script>\n<!-- \/ Yoast SEO plugin. -->","yoast_head_json":{"title":"Location de Conteneurs pour Entreposage S\u00e9curis\u00e9 | ATS","description":"B\u00e9n\u00e9ficiez d\u2019une solution d\u2019entreposage sur place adapt\u00e9e \u00e0 vos besoins : personnel, commercial ou industriel. Obtenez une soumission d\u00e9taill\u00e9e rapidement.","robots":{"index":"index","follow":"follow","max-snippet":"max-snippet:-1","max-image-preview":"max-image-preview:large","max-video-preview":"max-video-preview:-1"},"canonical":"https:\/\/www.atscontainers.com\/fr\/location\/entreposage\/","og_locale":"fr_CA","og_type":"article","og_title":"Location de Conteneurs pour Entreposage S\u00e9curis\u00e9 | ATS","og_description":"B\u00e9n\u00e9ficiez d\u2019une solution d\u2019entreposage sur place adapt\u00e9e \u00e0 vos besoins : personnel, commercial ou industriel. Obtenez une soumission d\u00e9taill\u00e9e rapidement.","og_url":"https:\/\/www.atscontainers.com\/fr\/location\/entreposage\/","og_site_name":"ATS Containers","article_publisher":"https:\/\/www.facebook.com\/atscontainers\/","article_modified_time":"2025-12-09T15:22:34+00:00","og_image":[{"width":1140,"height":549,"url":"https:\/\/www.atscontainers.com\/wp-content\/uploads\/2019\/08\/storage_banner.jpg","type":"image\/jpeg"}],"twitter_card":"summary_large_image","twitter_site":"@atscontainers","twitter_misc":{"Estimation du temps de lecture":"1 minute"},"schema":{"@context":"https:\/\/schema.org","@graph":[{"@type":"WebPage","@id":"https:\/\/www.atscontainers.com\/fr\/location\/entreposage\/","url":"https:\/\/www.atscontainers.com\/fr\/location\/entreposage\/","name":"Location de Conteneurs pour Entreposage S\u00e9curis\u00e9 | ATS","isPartOf":{"@id":"https:\/\/www.atscontainers.com\/fr\/#website"},"primaryImageOfPage":{"@id":"https:\/\/www.atscontainers.com\/fr\/location\/entreposage\/#primaryimage"},"image":{"@id":"https:\/\/www.atscontainers.com\/fr\/location\/entreposage\/#primaryimage"},"thumbnailUrl":"https:\/\/www.atscontainers.com\/wp-content\/uploads\/2019\/08\/storage_banner.jpg","datePublished":"2019-08-26T16:27:19+00:00","dateModified":"2025-12-09T15:22:34+00:00","description":"B\u00e9n\u00e9ficiez d\u2019une solution d\u2019entreposage sur place adapt\u00e9e \u00e0 vos besoins : personnel, commercial ou industriel. Obtenez une soumission d\u00e9taill\u00e9e rapidement.","breadcrumb":{"@id":"https:\/\/www.atscontainers.com\/fr\/location\/entreposage\/#breadcrumb"},"inLanguage":"fr-CA","potentialAction":[{"@type":"ReadAction","target":["https:\/\/www.atscontainers.com\/fr\/location\/entreposage\/"]}]},{"@type":"ImageObject","inLanguage":"fr-CA","@id":"https:\/\/www.atscontainers.com\/fr\/location\/entreposage\/#primaryimage","url":"https:\/\/www.atscontainers.com\/wp-content\/uploads\/2019\/08\/storage_banner.jpg","contentUrl":"https:\/\/www.atscontainers.com\/wp-content\/uploads\/2019\/08\/storage_banner.jpg","width":1140,"height":549},{"@type":"BreadcrumbList","@id":"https:\/\/www.atscontainers.com\/fr\/location\/entreposage\/#breadcrumb","itemListElement":[{"@type":"ListItem","position":1,"name":"Home","item":"https:\/\/www.atscontainers.com\/fr\/"},{"@type":"ListItem","position":2,"name":"Location","item":"https:\/\/www.atscontainers.com\/fr\/location\/"},{"@type":"ListItem","position":3,"name":"LOCATION DE CONTENEURS"}]},{"@type":"WebSite","@id":"https:\/\/www.atscontainers.com\/fr\/#website","url":"https:\/\/www.atscontainers.com\/fr\/","name":"ATS Containers","description":"","publisher":{"@id":"https:\/\/www.atscontainers.com\/fr\/#organization"},"potentialAction":[{"@type":"SearchAction","target":{"@type":"EntryPoint","urlTemplate":"https:\/\/www.atscontainers.com\/fr\/?s={search_term_string}"},"query-input":{"@type":"PropertyValueSpecification","valueRequired":true,"valueName":"search_term_string"}}],"inLanguage":"fr-CA"},{"@type":"Organization","@id":"https:\/\/www.atscontainers.com\/fr\/#organization","name":"ATS Containers","url":"https:\/\/www.atscontainers.com\/fr\/","logo":{"@type":"ImageObject","inLanguage":"fr-CA","@id":"https:\/\/www.atscontainers.com\/fr\/#\/schema\/logo\/image\/","url":"https:\/\/www.atscontainers.com\/wp-content\/uploads\/2018\/09\/ats-containers-canada_.png","contentUrl":"https:\/\/www.atscontainers.com\/wp-content\/uploads\/2018\/09\/ats-containers-canada_.png","width":500,"height":500,"caption":"ATS Containers"},"image":{"@id":"https:\/\/www.atscontainers.com\/fr\/#\/schema\/logo\/image\/"},"sameAs":["https:\/\/www.facebook.com\/atscontainers\/","https:\/\/x.com\/atscontainers","https:\/\/www.instagram.com\/atscontainers\/","https:\/\/www.linkedin.com\/company\/ats-container-services\/"]}]}},"_links":{"self":[{"href":"https:\/\/www.atscontainers.com\/fr\/wp-json\/wp\/v2\/pages\/7837","targetHints":{"allow":["GET"]}}],"collection":[{"href":"https:\/\/www.atscontainers.com\/fr\/wp-json\/wp\/v2\/pages"}],"about":[{"href":"https:\/\/www.atscontainers.com\/fr\/wp-json\/wp\/v2\/types\/page"}],"author":[{"embeddable":true,"href":"https:\/\/www.atscontainers.com\/fr\/wp-json\/wp\/v2\/users\/13"}],"replies":[{"embeddable":true,"href":"https:\/\/www.atscontainers.com\/fr\/wp-json\/wp\/v2\/comments?post=7837"}],"version-history":[{"count":6,"href":"https:\/\/www.atscontainers.com\/fr\/wp-json\/wp\/v2\/pages\/7837\/revisions"}],"predecessor-version":[{"id":19679,"href":"https:\/\/www.atscontainers.com\/fr\/wp-json\/wp\/v2\/pages\/7837\/revisions\/19679"}],"up":[{"embeddable":true,"href":"https:\/\/www.atscontainers.com\/fr\/wp-json\/wp\/v2\/pages\/7582"}],"wp:featuredmedia":[{"embeddable":true,"href":"https:\/\/www.atscontainers.com\/fr\/wp-json\/wp\/v2\/media\/5556"}],"wp:attachment":[{"href":"https:\/\/www.atscontainers.com\/fr\/wp-json\/wp\/v2\/media?parent=7837"}],"curies":[{"name":"wp","href":"https:\/\/api.w.org\/{rel}","templated":true}]}}