{"id":7899,"date":"2018-05-28T07:59:00","date_gmt":"2018-05-28T11:59:00","guid":{"rendered":"https:\/\/www.atscontainers.com\/products\/accessories\/padlock\/"},"modified":"2026-04-22T12:48:02","modified_gmt":"2026-04-22T16:48:02","slug":"cadenas-de-conteneur","status":"publish","type":"page","link":"https:\/\/www.atscontainers.com\/fr\/produits\/accessoires\/cadenas-de-conteneur\/","title":{"rendered":"Cadenas de conteneur"},"content":{"rendered":"<p>Notre puck lockbox offre une s\u00e9curit\u00e9 maximale contre le vol sur n\u2019importe quel chantier gr\u00e2ce \u00e0 un m\u00e9canisme de verrouillage enti\u00e8rement encastr\u00e9 qui \u00e9limine l\u2019acc\u00e8s aux coupe-boulons et serrures.<\/p>\n","protected":false},"excerpt":{"rendered":"<p>Notre puck lockbox offre une s\u00e9curit\u00e9 maximale contre le vol sur n\u2019importe quel chantier gr\u00e2ce \u00e0 un m\u00e9canisme de verrouillage enti\u00e8rement encastr\u00e9 qui \u00e9limine l\u2019acc\u00e8s aux coupe-boulons et serrures.<\/p>\n","protected":false},"author":13,"featured_media":5449,"parent":7613,"menu_order":0,"comment_status":"closed","ping_status":"closed","template":"page-fc.php","meta":{"_acf_changed":false,"ngg_post_thumbnail":0,"footnotes":""},"class_list":["post-7899","page","type-page","status-publish","has-post-thumbnail","hentry"],"acf":[],"yoast_head":"<!-- This site is optimized with the Yoast SEO plugin v26.9 - https:\/\/yoast.com\/product\/yoast-seo-wordpress\/ -->\n<title>Cadenas pour Conteneur Maritime | Conteneurs ATS<\/title>\n<meta name=\"description\" content=\"Le cadenas pour conteneurs maritime r\u00e9siste \u00e0 la coupure, la corrosion, au crochetage et difficile \u00e0 reproduire. Il peut \u00eatre install\u00e9 directement sur les poign\u00e9es de verrouillage.\" \/>\n<meta name=\"robots\" content=\"index, follow, max-snippet:-1, max-image-preview:large, max-video-preview:-1\" \/>\n<link rel=\"canonical\" href=\"https:\/\/www.atscontainers.com\/fr\/produits\/accessoires\/cadenas-de-conteneur\/\" \/>\n<meta property=\"og:locale\" content=\"fr_CA\" \/>\n<meta property=\"og:type\" content=\"article\" \/>\n<meta property=\"og:title\" content=\"Cadenas pour Conteneur Maritime | Conteneurs ATS\" \/>\n<meta property=\"og:description\" content=\"Le cadenas pour conteneurs maritime r\u00e9siste \u00e0 la coupure, la corrosion, au crochetage et difficile \u00e0 reproduire. Il peut \u00eatre install\u00e9 directement sur les poign\u00e9es de verrouillage.\" \/>\n<meta property=\"og:url\" content=\"https:\/\/www.atscontainers.com\/fr\/produits\/accessoires\/cadenas-de-conteneur\/\" \/>\n<meta property=\"og:site_name\" content=\"ATS Containers\" \/>\n<meta property=\"article:publisher\" content=\"https:\/\/www.facebook.com\/atscontainers\/\" \/>\n<meta property=\"article:modified_time\" content=\"2026-04-22T16:48:02+00:00\" \/>\n<meta property=\"og:image\" content=\"https:\/\/www.atscontainers.com\/wp-content\/uploads\/2018\/05\/Padlock-2-1.jpeg\" \/>\n\t<meta property=\"og:image:width\" content=\"768\" \/>\n\t<meta property=\"og:image:height\" content=\"576\" \/>\n\t<meta property=\"og:image:type\" content=\"image\/jpeg\" \/>\n<meta name=\"twitter:card\" content=\"summary_large_image\" \/>\n<meta name=\"twitter:site\" content=\"@atscontainers\" \/>\n<meta name=\"twitter:label1\" content=\"Estimation du temps de lecture\" \/>\n\t<meta name=\"twitter:data1\" content=\"1 minute\" \/>\n<script type=\"application\/ld+json\" class=\"yoast-schema-graph\">{\"@context\":\"https:\/\/schema.org\",\"@graph\":[{\"@type\":\"WebPage\",\"@id\":\"https:\/\/www.atscontainers.com\/fr\/produits\/accessoires\/cadenas-de-conteneur\/\",\"url\":\"https:\/\/www.atscontainers.com\/fr\/produits\/accessoires\/cadenas-de-conteneur\/\",\"name\":\"Cadenas pour Conteneur Maritime | Conteneurs ATS\",\"isPartOf\":{\"@id\":\"https:\/\/www.atscontainers.com\/fr\/#website\"},\"primaryImageOfPage\":{\"@id\":\"https:\/\/www.atscontainers.com\/fr\/produits\/accessoires\/cadenas-de-conteneur\/#primaryimage\"},\"image\":{\"@id\":\"https:\/\/www.atscontainers.com\/fr\/produits\/accessoires\/cadenas-de-conteneur\/#primaryimage\"},\"thumbnailUrl\":\"https:\/\/www.atscontainers.com\/wp-content\/uploads\/2018\/05\/Padlock-2-1.jpeg\",\"datePublished\":\"2018-05-28T11:59:00+00:00\",\"dateModified\":\"2026-04-22T16:48:02+00:00\",\"description\":\"Le cadenas pour conteneurs maritime r\u00e9siste \u00e0 la coupure, la corrosion, au crochetage et difficile \u00e0 reproduire. Il peut \u00eatre install\u00e9 directement sur les poign\u00e9es de verrouillage.\",\"breadcrumb\":{\"@id\":\"https:\/\/www.atscontainers.com\/fr\/produits\/accessoires\/cadenas-de-conteneur\/#breadcrumb\"},\"inLanguage\":\"fr-CA\",\"potentialAction\":[{\"@type\":\"ReadAction\",\"target\":[\"https:\/\/www.atscontainers.com\/fr\/produits\/accessoires\/cadenas-de-conteneur\/\"]}]},{\"@type\":\"ImageObject\",\"inLanguage\":\"fr-CA\",\"@id\":\"https:\/\/www.atscontainers.com\/fr\/produits\/accessoires\/cadenas-de-conteneur\/#primaryimage\",\"url\":\"https:\/\/www.atscontainers.com\/wp-content\/uploads\/2018\/05\/Padlock-2-1.jpeg\",\"contentUrl\":\"https:\/\/www.atscontainers.com\/wp-content\/uploads\/2018\/05\/Padlock-2-1.jpeg\",\"width\":768,\"height\":576},{\"@type\":\"BreadcrumbList\",\"@id\":\"https:\/\/www.atscontainers.com\/fr\/produits\/accessoires\/cadenas-de-conteneur\/#breadcrumb\",\"itemListElement\":[{\"@type\":\"ListItem\",\"position\":1,\"name\":\"Home\",\"item\":\"https:\/\/www.atscontainers.com\/fr\/\"},{\"@type\":\"ListItem\",\"position\":2,\"name\":\"Conteneurs \u00e0 Vendre\",\"item\":\"https:\/\/www.atscontainers.com\/fr\/produits\/\"},{\"@type\":\"ListItem\",\"position\":3,\"name\":\"Accessoires\",\"item\":\"https:\/\/www.atscontainers.com\/fr\/produits\/accessoires\/\"},{\"@type\":\"ListItem\",\"position\":4,\"name\":\"Cadenas de conteneur\"}]},{\"@type\":\"WebSite\",\"@id\":\"https:\/\/www.atscontainers.com\/fr\/#website\",\"url\":\"https:\/\/www.atscontainers.com\/fr\/\",\"name\":\"ATS Containers\",\"description\":\"\",\"publisher\":{\"@id\":\"https:\/\/www.atscontainers.com\/fr\/#organization\"},\"potentialAction\":[{\"@type\":\"SearchAction\",\"target\":{\"@type\":\"EntryPoint\",\"urlTemplate\":\"https:\/\/www.atscontainers.com\/fr\/?s={search_term_string}\"},\"query-input\":{\"@type\":\"PropertyValueSpecification\",\"valueRequired\":true,\"valueName\":\"search_term_string\"}}],\"inLanguage\":\"fr-CA\"},{\"@type\":\"Organization\",\"@id\":\"https:\/\/www.atscontainers.com\/fr\/#organization\",\"name\":\"ATS Containers\",\"url\":\"https:\/\/www.atscontainers.com\/fr\/\",\"logo\":{\"@type\":\"ImageObject\",\"inLanguage\":\"fr-CA\",\"@id\":\"https:\/\/www.atscontainers.com\/fr\/#\/schema\/logo\/image\/\",\"url\":\"https:\/\/www.atscontainers.com\/wp-content\/uploads\/2018\/09\/ats-containers-canada_.png\",\"contentUrl\":\"https:\/\/www.atscontainers.com\/wp-content\/uploads\/2018\/09\/ats-containers-canada_.png\",\"width\":500,\"height\":500,\"caption\":\"ATS Containers\"},\"image\":{\"@id\":\"https:\/\/www.atscontainers.com\/fr\/#\/schema\/logo\/image\/\"},\"sameAs\":[\"https:\/\/www.facebook.com\/atscontainers\/\",\"https:\/\/x.com\/atscontainers\",\"https:\/\/www.instagram.com\/atscontainers\/\",\"https:\/\/www.linkedin.com\/company\/ats-container-services\/\"]}]}<\/script>\n<!-- \/ Yoast SEO plugin. -->","yoast_head_json":{"title":"Cadenas pour Conteneur Maritime | Conteneurs ATS","description":"Le cadenas pour conteneurs maritime r\u00e9siste \u00e0 la coupure, la corrosion, au crochetage et difficile \u00e0 reproduire. Il peut \u00eatre install\u00e9 directement sur les poign\u00e9es de verrouillage.","robots":{"index":"index","follow":"follow","max-snippet":"max-snippet:-1","max-image-preview":"max-image-preview:large","max-video-preview":"max-video-preview:-1"},"canonical":"https:\/\/www.atscontainers.com\/fr\/produits\/accessoires\/cadenas-de-conteneur\/","og_locale":"fr_CA","og_type":"article","og_title":"Cadenas pour Conteneur Maritime | Conteneurs ATS","og_description":"Le cadenas pour conteneurs maritime r\u00e9siste \u00e0 la coupure, la corrosion, au crochetage et difficile \u00e0 reproduire. Il peut \u00eatre install\u00e9 directement sur les poign\u00e9es de verrouillage.","og_url":"https:\/\/www.atscontainers.com\/fr\/produits\/accessoires\/cadenas-de-conteneur\/","og_site_name":"ATS Containers","article_publisher":"https:\/\/www.facebook.com\/atscontainers\/","article_modified_time":"2026-04-22T16:48:02+00:00","og_image":[{"width":768,"height":576,"url":"https:\/\/www.atscontainers.com\/wp-content\/uploads\/2018\/05\/Padlock-2-1.jpeg","type":"image\/jpeg"}],"twitter_card":"summary_large_image","twitter_site":"@atscontainers","twitter_misc":{"Estimation du temps de lecture":"1 minute"},"schema":{"@context":"https:\/\/schema.org","@graph":[{"@type":"WebPage","@id":"https:\/\/www.atscontainers.com\/fr\/produits\/accessoires\/cadenas-de-conteneur\/","url":"https:\/\/www.atscontainers.com\/fr\/produits\/accessoires\/cadenas-de-conteneur\/","name":"Cadenas pour Conteneur Maritime | Conteneurs ATS","isPartOf":{"@id":"https:\/\/www.atscontainers.com\/fr\/#website"},"primaryImageOfPage":{"@id":"https:\/\/www.atscontainers.com\/fr\/produits\/accessoires\/cadenas-de-conteneur\/#primaryimage"},"image":{"@id":"https:\/\/www.atscontainers.com\/fr\/produits\/accessoires\/cadenas-de-conteneur\/#primaryimage"},"thumbnailUrl":"https:\/\/www.atscontainers.com\/wp-content\/uploads\/2018\/05\/Padlock-2-1.jpeg","datePublished":"2018-05-28T11:59:00+00:00","dateModified":"2026-04-22T16:48:02+00:00","description":"Le cadenas pour conteneurs maritime r\u00e9siste \u00e0 la coupure, la corrosion, au crochetage et difficile \u00e0 reproduire. Il peut \u00eatre install\u00e9 directement sur les poign\u00e9es de verrouillage.","breadcrumb":{"@id":"https:\/\/www.atscontainers.com\/fr\/produits\/accessoires\/cadenas-de-conteneur\/#breadcrumb"},"inLanguage":"fr-CA","potentialAction":[{"@type":"ReadAction","target":["https:\/\/www.atscontainers.com\/fr\/produits\/accessoires\/cadenas-de-conteneur\/"]}]},{"@type":"ImageObject","inLanguage":"fr-CA","@id":"https:\/\/www.atscontainers.com\/fr\/produits\/accessoires\/cadenas-de-conteneur\/#primaryimage","url":"https:\/\/www.atscontainers.com\/wp-content\/uploads\/2018\/05\/Padlock-2-1.jpeg","contentUrl":"https:\/\/www.atscontainers.com\/wp-content\/uploads\/2018\/05\/Padlock-2-1.jpeg","width":768,"height":576},{"@type":"BreadcrumbList","@id":"https:\/\/www.atscontainers.com\/fr\/produits\/accessoires\/cadenas-de-conteneur\/#breadcrumb","itemListElement":[{"@type":"ListItem","position":1,"name":"Home","item":"https:\/\/www.atscontainers.com\/fr\/"},{"@type":"ListItem","position":2,"name":"Conteneurs \u00e0 Vendre","item":"https:\/\/www.atscontainers.com\/fr\/produits\/"},{"@type":"ListItem","position":3,"name":"Accessoires","item":"https:\/\/www.atscontainers.com\/fr\/produits\/accessoires\/"},{"@type":"ListItem","position":4,"name":"Cadenas de conteneur"}]},{"@type":"WebSite","@id":"https:\/\/www.atscontainers.com\/fr\/#website","url":"https:\/\/www.atscontainers.com\/fr\/","name":"ATS Containers","description":"","publisher":{"@id":"https:\/\/www.atscontainers.com\/fr\/#organization"},"potentialAction":[{"@type":"SearchAction","target":{"@type":"EntryPoint","urlTemplate":"https:\/\/www.atscontainers.com\/fr\/?s={search_term_string}"},"query-input":{"@type":"PropertyValueSpecification","valueRequired":true,"valueName":"search_term_string"}}],"inLanguage":"fr-CA"},{"@type":"Organization","@id":"https:\/\/www.atscontainers.com\/fr\/#organization","name":"ATS Containers","url":"https:\/\/www.atscontainers.com\/fr\/","logo":{"@type":"ImageObject","inLanguage":"fr-CA","@id":"https:\/\/www.atscontainers.com\/fr\/#\/schema\/logo\/image\/","url":"https:\/\/www.atscontainers.com\/wp-content\/uploads\/2018\/09\/ats-containers-canada_.png","contentUrl":"https:\/\/www.atscontainers.com\/wp-content\/uploads\/2018\/09\/ats-containers-canada_.png","width":500,"height":500,"caption":"ATS Containers"},"image":{"@id":"https:\/\/www.atscontainers.com\/fr\/#\/schema\/logo\/image\/"},"sameAs":["https:\/\/www.facebook.com\/atscontainers\/","https:\/\/x.com\/atscontainers","https:\/\/www.instagram.com\/atscontainers\/","https:\/\/www.linkedin.com\/company\/ats-container-services\/"]}]}},"_links":{"self":[{"href":"https:\/\/www.atscontainers.com\/fr\/wp-json\/wp\/v2\/pages\/7899","targetHints":{"allow":["GET"]}}],"collection":[{"href":"https:\/\/www.atscontainers.com\/fr\/wp-json\/wp\/v2\/pages"}],"about":[{"href":"https:\/\/www.atscontainers.com\/fr\/wp-json\/wp\/v2\/types\/page"}],"author":[{"embeddable":true,"href":"https:\/\/www.atscontainers.com\/fr\/wp-json\/wp\/v2\/users\/13"}],"replies":[{"embeddable":true,"href":"https:\/\/www.atscontainers.com\/fr\/wp-json\/wp\/v2\/comments?post=7899"}],"version-history":[{"count":6,"href":"https:\/\/www.atscontainers.com\/fr\/wp-json\/wp\/v2\/pages\/7899\/revisions"}],"predecessor-version":[{"id":23223,"href":"https:\/\/www.atscontainers.com\/fr\/wp-json\/wp\/v2\/pages\/7899\/revisions\/23223"}],"up":[{"embeddable":true,"href":"https:\/\/www.atscontainers.com\/fr\/wp-json\/wp\/v2\/pages\/7613"}],"wp:featuredmedia":[{"embeddable":true,"href":"https:\/\/www.atscontainers.com\/fr\/wp-json\/wp\/v2\/media\/5449"}],"wp:attachment":[{"href":"https:\/\/www.atscontainers.com\/fr\/wp-json\/wp\/v2\/media?parent=7899"}],"curies":[{"name":"wp","href":"https:\/\/api.w.org\/{rel}","templated":true}]}}