{"id":7901,"date":"2018-05-28T08:03:36","date_gmt":"2018-05-28T12:03:36","guid":{"rendered":"https:\/\/www.atscontainers.com\/products\/accessories\/puck-lockbox\/"},"modified":"2025-12-10T09:57:07","modified_gmt":"2025-12-10T14:57:07","slug":"puck-lockbox","status":"publish","type":"page","link":"https:\/\/www.atscontainers.com\/fr\/produits\/accessoires\/puck-lockbox\/","title":{"rendered":"Puck Lockbox"},"content":{"rendered":"<p>Notre bo\u00eete de verrouillage puck offre une s\u00e9curit\u00e9 maximale contre le vol sur n\u2019importe quel chantier gr\u00e2ce \u00e0 un m\u00e9canisme de verrouillage enti\u00e8rement encastr\u00e9 qui \u00e9limine l\u2019acc\u00e8s aux coupeurs de boulons et de serrures.<\/p>\n","protected":false},"excerpt":{"rendered":"<p>Notre bo\u00eete de verrouillage puck offre une s\u00e9curit\u00e9 maximale contre le vol sur n\u2019importe quel chantier gr\u00e2ce \u00e0 un m\u00e9canisme de verrouillage enti\u00e8rement encastr\u00e9 qui \u00e9limine l\u2019acc\u00e8s aux coupeurs de boulons et de serrures.<\/p>\n","protected":false},"author":13,"featured_media":5391,"parent":7613,"menu_order":0,"comment_status":"closed","ping_status":"closed","template":"page-fc.php","meta":{"_acf_changed":false,"ngg_post_thumbnail":0,"footnotes":""},"class_list":["post-7901","page","type-page","status-publish","has-post-thumbnail","hentry"],"acf":[],"yoast_head":"<!-- This site is optimized with the Yoast SEO plugin v26.9 - https:\/\/yoast.com\/product\/yoast-seo-wordpress\/ -->\n<title>Protection Anti-vol Avanc\u00e9e pour Conteneurs | Lockbox Puck<\/title>\n<meta name=\"description\" content=\"Nos lockbox \u00e0 disque (puck lock) offrent une protection compl\u00e8te contre le vol gr\u00e2ce \u00e0 un bo\u00eetier ferm\u00e9 ultra r\u00e9sistant. Facile \u00e0 installer sur tout conteneur.\" \/>\n<meta name=\"robots\" content=\"index, follow, max-snippet:-1, max-image-preview:large, max-video-preview:-1\" \/>\n<link rel=\"canonical\" href=\"https:\/\/www.atscontainers.com\/fr\/produits\/accessoires\/puck-lockbox\/\" \/>\n<meta property=\"og:locale\" content=\"fr_CA\" \/>\n<meta property=\"og:type\" content=\"article\" \/>\n<meta property=\"og:title\" content=\"Protection Anti-vol Avanc\u00e9e pour Conteneurs | Lockbox Puck\" \/>\n<meta property=\"og:description\" content=\"Nos lockbox \u00e0 disque (puck lock) offrent une protection compl\u00e8te contre le vol gr\u00e2ce \u00e0 un bo\u00eetier ferm\u00e9 ultra r\u00e9sistant. Facile \u00e0 installer sur tout conteneur.\" \/>\n<meta property=\"og:url\" content=\"https:\/\/www.atscontainers.com\/fr\/produits\/accessoires\/puck-lockbox\/\" \/>\n<meta property=\"og:site_name\" content=\"ATS Containers\" \/>\n<meta property=\"article:publisher\" content=\"https:\/\/www.facebook.com\/atscontainers\/\" \/>\n<meta property=\"article:modified_time\" content=\"2025-12-10T14:57:07+00:00\" \/>\n<meta property=\"og:image\" content=\"https:\/\/www.atscontainers.com\/wp-content\/uploads\/2018\/05\/ca19edaa-8e31-4b96-8b33-259b82ed6bca.jpeg\" \/>\n\t<meta property=\"og:image:width\" content=\"768\" \/>\n\t<meta property=\"og:image:height\" content=\"510\" \/>\n\t<meta property=\"og:image:type\" content=\"image\/jpeg\" \/>\n<meta name=\"twitter:card\" content=\"summary_large_image\" \/>\n<meta name=\"twitter:site\" content=\"@atscontainers\" \/>\n<meta name=\"twitter:label1\" content=\"Estimation du temps de lecture\" \/>\n\t<meta name=\"twitter:data1\" content=\"1 minute\" \/>\n<script type=\"application\/ld+json\" class=\"yoast-schema-graph\">{\"@context\":\"https:\/\/schema.org\",\"@graph\":[{\"@type\":\"WebPage\",\"@id\":\"https:\/\/www.atscontainers.com\/fr\/produits\/accessoires\/puck-lockbox\/\",\"url\":\"https:\/\/www.atscontainers.com\/fr\/produits\/accessoires\/puck-lockbox\/\",\"name\":\"Protection Anti-vol Avanc\u00e9e pour Conteneurs | Lockbox Puck\",\"isPartOf\":{\"@id\":\"https:\/\/www.atscontainers.com\/fr\/#website\"},\"primaryImageOfPage\":{\"@id\":\"https:\/\/www.atscontainers.com\/fr\/produits\/accessoires\/puck-lockbox\/#primaryimage\"},\"image\":{\"@id\":\"https:\/\/www.atscontainers.com\/fr\/produits\/accessoires\/puck-lockbox\/#primaryimage\"},\"thumbnailUrl\":\"https:\/\/www.atscontainers.com\/wp-content\/uploads\/2018\/05\/ca19edaa-8e31-4b96-8b33-259b82ed6bca.jpeg\",\"datePublished\":\"2018-05-28T12:03:36+00:00\",\"dateModified\":\"2025-12-10T14:57:07+00:00\",\"description\":\"Nos lockbox \u00e0 disque (puck lock) offrent une protection compl\u00e8te contre le vol gr\u00e2ce \u00e0 un bo\u00eetier ferm\u00e9 ultra r\u00e9sistant. Facile \u00e0 installer sur tout conteneur.\",\"breadcrumb\":{\"@id\":\"https:\/\/www.atscontainers.com\/fr\/produits\/accessoires\/puck-lockbox\/#breadcrumb\"},\"inLanguage\":\"fr-CA\",\"potentialAction\":[{\"@type\":\"ReadAction\",\"target\":[\"https:\/\/www.atscontainers.com\/fr\/produits\/accessoires\/puck-lockbox\/\"]}]},{\"@type\":\"ImageObject\",\"inLanguage\":\"fr-CA\",\"@id\":\"https:\/\/www.atscontainers.com\/fr\/produits\/accessoires\/puck-lockbox\/#primaryimage\",\"url\":\"https:\/\/www.atscontainers.com\/wp-content\/uploads\/2018\/05\/ca19edaa-8e31-4b96-8b33-259b82ed6bca.jpeg\",\"contentUrl\":\"https:\/\/www.atscontainers.com\/wp-content\/uploads\/2018\/05\/ca19edaa-8e31-4b96-8b33-259b82ed6bca.jpeg\",\"width\":768,\"height\":510},{\"@type\":\"BreadcrumbList\",\"@id\":\"https:\/\/www.atscontainers.com\/fr\/produits\/accessoires\/puck-lockbox\/#breadcrumb\",\"itemListElement\":[{\"@type\":\"ListItem\",\"position\":1,\"name\":\"Home\",\"item\":\"https:\/\/www.atscontainers.com\/fr\/\"},{\"@type\":\"ListItem\",\"position\":2,\"name\":\"Conteneurs \u00e0 Vendre\",\"item\":\"https:\/\/www.atscontainers.com\/fr\/produits\/\"},{\"@type\":\"ListItem\",\"position\":3,\"name\":\"Accessoires\",\"item\":\"https:\/\/www.atscontainers.com\/fr\/produits\/accessoires\/\"},{\"@type\":\"ListItem\",\"position\":4,\"name\":\"Puck Lockbox\"}]},{\"@type\":\"WebSite\",\"@id\":\"https:\/\/www.atscontainers.com\/fr\/#website\",\"url\":\"https:\/\/www.atscontainers.com\/fr\/\",\"name\":\"ATS Containers\",\"description\":\"\",\"publisher\":{\"@id\":\"https:\/\/www.atscontainers.com\/fr\/#organization\"},\"potentialAction\":[{\"@type\":\"SearchAction\",\"target\":{\"@type\":\"EntryPoint\",\"urlTemplate\":\"https:\/\/www.atscontainers.com\/fr\/?s={search_term_string}\"},\"query-input\":{\"@type\":\"PropertyValueSpecification\",\"valueRequired\":true,\"valueName\":\"search_term_string\"}}],\"inLanguage\":\"fr-CA\"},{\"@type\":\"Organization\",\"@id\":\"https:\/\/www.atscontainers.com\/fr\/#organization\",\"name\":\"ATS Containers\",\"url\":\"https:\/\/www.atscontainers.com\/fr\/\",\"logo\":{\"@type\":\"ImageObject\",\"inLanguage\":\"fr-CA\",\"@id\":\"https:\/\/www.atscontainers.com\/fr\/#\/schema\/logo\/image\/\",\"url\":\"https:\/\/www.atscontainers.com\/wp-content\/uploads\/2018\/09\/ats-containers-canada_.png\",\"contentUrl\":\"https:\/\/www.atscontainers.com\/wp-content\/uploads\/2018\/09\/ats-containers-canada_.png\",\"width\":500,\"height\":500,\"caption\":\"ATS Containers\"},\"image\":{\"@id\":\"https:\/\/www.atscontainers.com\/fr\/#\/schema\/logo\/image\/\"},\"sameAs\":[\"https:\/\/www.facebook.com\/atscontainers\/\",\"https:\/\/x.com\/atscontainers\",\"https:\/\/www.instagram.com\/atscontainers\/\",\"https:\/\/www.linkedin.com\/company\/ats-container-services\/\"]}]}<\/script>\n<!-- \/ Yoast SEO plugin. -->","yoast_head_json":{"title":"Protection Anti-vol Avanc\u00e9e pour Conteneurs | Lockbox Puck","description":"Nos lockbox \u00e0 disque (puck lock) offrent une protection compl\u00e8te contre le vol gr\u00e2ce \u00e0 un bo\u00eetier ferm\u00e9 ultra r\u00e9sistant. Facile \u00e0 installer sur tout conteneur.","robots":{"index":"index","follow":"follow","max-snippet":"max-snippet:-1","max-image-preview":"max-image-preview:large","max-video-preview":"max-video-preview:-1"},"canonical":"https:\/\/www.atscontainers.com\/fr\/produits\/accessoires\/puck-lockbox\/","og_locale":"fr_CA","og_type":"article","og_title":"Protection Anti-vol Avanc\u00e9e pour Conteneurs | Lockbox Puck","og_description":"Nos lockbox \u00e0 disque (puck lock) offrent une protection compl\u00e8te contre le vol gr\u00e2ce \u00e0 un bo\u00eetier ferm\u00e9 ultra r\u00e9sistant. Facile \u00e0 installer sur tout conteneur.","og_url":"https:\/\/www.atscontainers.com\/fr\/produits\/accessoires\/puck-lockbox\/","og_site_name":"ATS Containers","article_publisher":"https:\/\/www.facebook.com\/atscontainers\/","article_modified_time":"2025-12-10T14:57:07+00:00","og_image":[{"width":768,"height":510,"url":"https:\/\/www.atscontainers.com\/wp-content\/uploads\/2018\/05\/ca19edaa-8e31-4b96-8b33-259b82ed6bca.jpeg","type":"image\/jpeg"}],"twitter_card":"summary_large_image","twitter_site":"@atscontainers","twitter_misc":{"Estimation du temps de lecture":"1 minute"},"schema":{"@context":"https:\/\/schema.org","@graph":[{"@type":"WebPage","@id":"https:\/\/www.atscontainers.com\/fr\/produits\/accessoires\/puck-lockbox\/","url":"https:\/\/www.atscontainers.com\/fr\/produits\/accessoires\/puck-lockbox\/","name":"Protection Anti-vol Avanc\u00e9e pour Conteneurs | Lockbox Puck","isPartOf":{"@id":"https:\/\/www.atscontainers.com\/fr\/#website"},"primaryImageOfPage":{"@id":"https:\/\/www.atscontainers.com\/fr\/produits\/accessoires\/puck-lockbox\/#primaryimage"},"image":{"@id":"https:\/\/www.atscontainers.com\/fr\/produits\/accessoires\/puck-lockbox\/#primaryimage"},"thumbnailUrl":"https:\/\/www.atscontainers.com\/wp-content\/uploads\/2018\/05\/ca19edaa-8e31-4b96-8b33-259b82ed6bca.jpeg","datePublished":"2018-05-28T12:03:36+00:00","dateModified":"2025-12-10T14:57:07+00:00","description":"Nos lockbox \u00e0 disque (puck lock) offrent une protection compl\u00e8te contre le vol gr\u00e2ce \u00e0 un bo\u00eetier ferm\u00e9 ultra r\u00e9sistant. Facile \u00e0 installer sur tout conteneur.","breadcrumb":{"@id":"https:\/\/www.atscontainers.com\/fr\/produits\/accessoires\/puck-lockbox\/#breadcrumb"},"inLanguage":"fr-CA","potentialAction":[{"@type":"ReadAction","target":["https:\/\/www.atscontainers.com\/fr\/produits\/accessoires\/puck-lockbox\/"]}]},{"@type":"ImageObject","inLanguage":"fr-CA","@id":"https:\/\/www.atscontainers.com\/fr\/produits\/accessoires\/puck-lockbox\/#primaryimage","url":"https:\/\/www.atscontainers.com\/wp-content\/uploads\/2018\/05\/ca19edaa-8e31-4b96-8b33-259b82ed6bca.jpeg","contentUrl":"https:\/\/www.atscontainers.com\/wp-content\/uploads\/2018\/05\/ca19edaa-8e31-4b96-8b33-259b82ed6bca.jpeg","width":768,"height":510},{"@type":"BreadcrumbList","@id":"https:\/\/www.atscontainers.com\/fr\/produits\/accessoires\/puck-lockbox\/#breadcrumb","itemListElement":[{"@type":"ListItem","position":1,"name":"Home","item":"https:\/\/www.atscontainers.com\/fr\/"},{"@type":"ListItem","position":2,"name":"Conteneurs \u00e0 Vendre","item":"https:\/\/www.atscontainers.com\/fr\/produits\/"},{"@type":"ListItem","position":3,"name":"Accessoires","item":"https:\/\/www.atscontainers.com\/fr\/produits\/accessoires\/"},{"@type":"ListItem","position":4,"name":"Puck Lockbox"}]},{"@type":"WebSite","@id":"https:\/\/www.atscontainers.com\/fr\/#website","url":"https:\/\/www.atscontainers.com\/fr\/","name":"ATS Containers","description":"","publisher":{"@id":"https:\/\/www.atscontainers.com\/fr\/#organization"},"potentialAction":[{"@type":"SearchAction","target":{"@type":"EntryPoint","urlTemplate":"https:\/\/www.atscontainers.com\/fr\/?s={search_term_string}"},"query-input":{"@type":"PropertyValueSpecification","valueRequired":true,"valueName":"search_term_string"}}],"inLanguage":"fr-CA"},{"@type":"Organization","@id":"https:\/\/www.atscontainers.com\/fr\/#organization","name":"ATS Containers","url":"https:\/\/www.atscontainers.com\/fr\/","logo":{"@type":"ImageObject","inLanguage":"fr-CA","@id":"https:\/\/www.atscontainers.com\/fr\/#\/schema\/logo\/image\/","url":"https:\/\/www.atscontainers.com\/wp-content\/uploads\/2018\/09\/ats-containers-canada_.png","contentUrl":"https:\/\/www.atscontainers.com\/wp-content\/uploads\/2018\/09\/ats-containers-canada_.png","width":500,"height":500,"caption":"ATS Containers"},"image":{"@id":"https:\/\/www.atscontainers.com\/fr\/#\/schema\/logo\/image\/"},"sameAs":["https:\/\/www.facebook.com\/atscontainers\/","https:\/\/x.com\/atscontainers","https:\/\/www.instagram.com\/atscontainers\/","https:\/\/www.linkedin.com\/company\/ats-container-services\/"]}]}},"_links":{"self":[{"href":"https:\/\/www.atscontainers.com\/fr\/wp-json\/wp\/v2\/pages\/7901","targetHints":{"allow":["GET"]}}],"collection":[{"href":"https:\/\/www.atscontainers.com\/fr\/wp-json\/wp\/v2\/pages"}],"about":[{"href":"https:\/\/www.atscontainers.com\/fr\/wp-json\/wp\/v2\/types\/page"}],"author":[{"embeddable":true,"href":"https:\/\/www.atscontainers.com\/fr\/wp-json\/wp\/v2\/users\/13"}],"replies":[{"embeddable":true,"href":"https:\/\/www.atscontainers.com\/fr\/wp-json\/wp\/v2\/comments?post=7901"}],"version-history":[{"count":6,"href":"https:\/\/www.atscontainers.com\/fr\/wp-json\/wp\/v2\/pages\/7901\/revisions"}],"predecessor-version":[{"id":13436,"href":"https:\/\/www.atscontainers.com\/fr\/wp-json\/wp\/v2\/pages\/7901\/revisions\/13436"}],"up":[{"embeddable":true,"href":"https:\/\/www.atscontainers.com\/fr\/wp-json\/wp\/v2\/pages\/7613"}],"wp:featuredmedia":[{"embeddable":true,"href":"https:\/\/www.atscontainers.com\/fr\/wp-json\/wp\/v2\/media\/5391"}],"wp:attachment":[{"href":"https:\/\/www.atscontainers.com\/fr\/wp-json\/wp\/v2\/media?parent=7901"}],"curies":[{"name":"wp","href":"https:\/\/api.w.org\/{rel}","templated":true}]}}