{"id":7968,"date":"2018-05-28T08:33:11","date_gmt":"2018-05-28T12:33:11","guid":{"rendered":"https:\/\/www.atscontainers.com\/products\/modified-containers\/roll-up-doors\/"},"modified":"2025-11-27T11:16:13","modified_gmt":"2025-11-27T16:16:13","slug":"porte-roulante","status":"publish","type":"page","link":"https:\/\/www.atscontainers.com\/fr\/produits\/conteneurs-modifies\/porte-roulante\/","title":{"rendered":"Porte roulante pour conteneurs"},"content":{"rendered":"<p>L\u2019installation de portes roulantes augmente la fonctionnalit\u00e9 du conteneur d\u2019entreposage en augmentant le nombre et la largeur des points d\u2019accessibilit\u00e9.<\/p>\n","protected":false},"excerpt":{"rendered":"<p>L\u2019installation de portes roulantes augmente la fonctionnalit\u00e9 du conteneur d\u2019entreposage en augmentant le nombre et la largeur des points d\u2019accessibilit\u00e9.<\/p>\n","protected":false},"author":13,"featured_media":5614,"parent":7596,"menu_order":0,"comment_status":"closed","ping_status":"closed","template":"page-fc.php","meta":{"_acf_changed":false,"ngg_post_thumbnail":0,"footnotes":""},"class_list":["post-7968","page","type-page","status-publish","has-post-thumbnail","hentry"],"acf":[],"yoast_head":"<!-- This site is optimized with the Yoast SEO plugin v26.9 - https:\/\/yoast.com\/product\/yoast-seo-wordpress\/ -->\n<title>Porte Roulante pour Conteneur - Acc\u00e8s Lat\u00e9ral S\u00e9curis\u00e9<\/title>\n<meta name=\"description\" content=\"Ajoutez des points d\u2019acc\u00e8s s\u00e9curis\u00e9s \u00e0 votre conteneur gr\u00e2ce \u00e0 des portes roulantes lat\u00e9rales robustes, pratiques pour un usage commercial ou industriel.\" \/>\n<meta name=\"robots\" content=\"index, follow, max-snippet:-1, max-image-preview:large, max-video-preview:-1\" \/>\n<link rel=\"canonical\" href=\"https:\/\/www.atscontainers.com\/fr\/produits\/conteneurs-modifies\/porte-roulante\/\" \/>\n<meta property=\"og:locale\" content=\"fr_CA\" \/>\n<meta property=\"og:type\" content=\"article\" \/>\n<meta property=\"og:title\" content=\"Porte Roulante pour Conteneur - Acc\u00e8s Lat\u00e9ral S\u00e9curis\u00e9\" \/>\n<meta property=\"og:description\" content=\"Ajoutez des points d\u2019acc\u00e8s s\u00e9curis\u00e9s \u00e0 votre conteneur gr\u00e2ce \u00e0 des portes roulantes lat\u00e9rales robustes, pratiques pour un usage commercial ou industriel.\" \/>\n<meta property=\"og:url\" content=\"https:\/\/www.atscontainers.com\/fr\/produits\/conteneurs-modifies\/porte-roulante\/\" \/>\n<meta property=\"og:site_name\" content=\"ATS Containers\" \/>\n<meta property=\"article:publisher\" content=\"https:\/\/www.facebook.com\/atscontainers\/\" \/>\n<meta property=\"article:modified_time\" content=\"2025-11-27T16:16:13+00:00\" \/>\n<meta property=\"og:image\" content=\"https:\/\/www.atscontainers.com\/wp-content\/uploads\/2020\/01\/Roll-up-doors.jpg\" \/>\n\t<meta property=\"og:image:width\" content=\"768\" \/>\n\t<meta property=\"og:image:height\" content=\"635\" \/>\n\t<meta property=\"og:image:type\" content=\"image\/jpeg\" \/>\n<meta name=\"twitter:card\" content=\"summary_large_image\" \/>\n<meta name=\"twitter:site\" content=\"@atscontainers\" \/>\n<meta name=\"twitter:label1\" content=\"Estimation du temps de lecture\" \/>\n\t<meta name=\"twitter:data1\" content=\"1 minute\" \/>\n<script type=\"application\/ld+json\" class=\"yoast-schema-graph\">{\"@context\":\"https:\/\/schema.org\",\"@graph\":[{\"@type\":\"WebPage\",\"@id\":\"https:\/\/www.atscontainers.com\/fr\/produits\/conteneurs-modifies\/porte-roulante\/\",\"url\":\"https:\/\/www.atscontainers.com\/fr\/produits\/conteneurs-modifies\/porte-roulante\/\",\"name\":\"Porte Roulante pour Conteneur - Acc\u00e8s Lat\u00e9ral S\u00e9curis\u00e9\",\"isPartOf\":{\"@id\":\"https:\/\/www.atscontainers.com\/fr\/#website\"},\"primaryImageOfPage\":{\"@id\":\"https:\/\/www.atscontainers.com\/fr\/produits\/conteneurs-modifies\/porte-roulante\/#primaryimage\"},\"image\":{\"@id\":\"https:\/\/www.atscontainers.com\/fr\/produits\/conteneurs-modifies\/porte-roulante\/#primaryimage\"},\"thumbnailUrl\":\"https:\/\/www.atscontainers.com\/wp-content\/uploads\/2020\/01\/Roll-up-doors.jpg\",\"datePublished\":\"2018-05-28T12:33:11+00:00\",\"dateModified\":\"2025-11-27T16:16:13+00:00\",\"description\":\"Ajoutez des points d\u2019acc\u00e8s s\u00e9curis\u00e9s \u00e0 votre conteneur gr\u00e2ce \u00e0 des portes roulantes lat\u00e9rales robustes, pratiques pour un usage commercial ou industriel.\",\"breadcrumb\":{\"@id\":\"https:\/\/www.atscontainers.com\/fr\/produits\/conteneurs-modifies\/porte-roulante\/#breadcrumb\"},\"inLanguage\":\"fr-CA\",\"potentialAction\":[{\"@type\":\"ReadAction\",\"target\":[\"https:\/\/www.atscontainers.com\/fr\/produits\/conteneurs-modifies\/porte-roulante\/\"]}]},{\"@type\":\"ImageObject\",\"inLanguage\":\"fr-CA\",\"@id\":\"https:\/\/www.atscontainers.com\/fr\/produits\/conteneurs-modifies\/porte-roulante\/#primaryimage\",\"url\":\"https:\/\/www.atscontainers.com\/wp-content\/uploads\/2020\/01\/Roll-up-doors.jpg\",\"contentUrl\":\"https:\/\/www.atscontainers.com\/wp-content\/uploads\/2020\/01\/Roll-up-doors.jpg\",\"width\":768,\"height\":635,\"caption\":\"Rent or buy a see can\"},{\"@type\":\"BreadcrumbList\",\"@id\":\"https:\/\/www.atscontainers.com\/fr\/produits\/conteneurs-modifies\/porte-roulante\/#breadcrumb\",\"itemListElement\":[{\"@type\":\"ListItem\",\"position\":1,\"name\":\"Home\",\"item\":\"https:\/\/www.atscontainers.com\/fr\/\"},{\"@type\":\"ListItem\",\"position\":2,\"name\":\"Conteneurs \u00e0 Vendre\",\"item\":\"https:\/\/www.atscontainers.com\/fr\/produits\/\"},{\"@type\":\"ListItem\",\"position\":3,\"name\":\"CONTENEURS MODIFI\u00c9S\",\"item\":\"https:\/\/www.atscontainers.com\/fr\/produits\/conteneurs-modifies\/\"},{\"@type\":\"ListItem\",\"position\":4,\"name\":\"Porte roulante pour conteneurs\"}]},{\"@type\":\"WebSite\",\"@id\":\"https:\/\/www.atscontainers.com\/fr\/#website\",\"url\":\"https:\/\/www.atscontainers.com\/fr\/\",\"name\":\"ATS Containers\",\"description\":\"\",\"publisher\":{\"@id\":\"https:\/\/www.atscontainers.com\/fr\/#organization\"},\"potentialAction\":[{\"@type\":\"SearchAction\",\"target\":{\"@type\":\"EntryPoint\",\"urlTemplate\":\"https:\/\/www.atscontainers.com\/fr\/?s={search_term_string}\"},\"query-input\":{\"@type\":\"PropertyValueSpecification\",\"valueRequired\":true,\"valueName\":\"search_term_string\"}}],\"inLanguage\":\"fr-CA\"},{\"@type\":\"Organization\",\"@id\":\"https:\/\/www.atscontainers.com\/fr\/#organization\",\"name\":\"ATS Containers\",\"url\":\"https:\/\/www.atscontainers.com\/fr\/\",\"logo\":{\"@type\":\"ImageObject\",\"inLanguage\":\"fr-CA\",\"@id\":\"https:\/\/www.atscontainers.com\/fr\/#\/schema\/logo\/image\/\",\"url\":\"https:\/\/www.atscontainers.com\/wp-content\/uploads\/2018\/09\/ats-containers-canada_.png\",\"contentUrl\":\"https:\/\/www.atscontainers.com\/wp-content\/uploads\/2018\/09\/ats-containers-canada_.png\",\"width\":500,\"height\":500,\"caption\":\"ATS Containers\"},\"image\":{\"@id\":\"https:\/\/www.atscontainers.com\/fr\/#\/schema\/logo\/image\/\"},\"sameAs\":[\"https:\/\/www.facebook.com\/atscontainers\/\",\"https:\/\/x.com\/atscontainers\",\"https:\/\/www.instagram.com\/atscontainers\/\",\"https:\/\/www.linkedin.com\/company\/ats-container-services\/\"]}]}<\/script>\n<!-- \/ Yoast SEO plugin. -->","yoast_head_json":{"title":"Porte Roulante pour Conteneur - Acc\u00e8s Lat\u00e9ral S\u00e9curis\u00e9","description":"Ajoutez des points d\u2019acc\u00e8s s\u00e9curis\u00e9s \u00e0 votre conteneur gr\u00e2ce \u00e0 des portes roulantes lat\u00e9rales robustes, pratiques pour un usage commercial ou industriel.","robots":{"index":"index","follow":"follow","max-snippet":"max-snippet:-1","max-image-preview":"max-image-preview:large","max-video-preview":"max-video-preview:-1"},"canonical":"https:\/\/www.atscontainers.com\/fr\/produits\/conteneurs-modifies\/porte-roulante\/","og_locale":"fr_CA","og_type":"article","og_title":"Porte Roulante pour Conteneur - Acc\u00e8s Lat\u00e9ral S\u00e9curis\u00e9","og_description":"Ajoutez des points d\u2019acc\u00e8s s\u00e9curis\u00e9s \u00e0 votre conteneur gr\u00e2ce \u00e0 des portes roulantes lat\u00e9rales robustes, pratiques pour un usage commercial ou industriel.","og_url":"https:\/\/www.atscontainers.com\/fr\/produits\/conteneurs-modifies\/porte-roulante\/","og_site_name":"ATS Containers","article_publisher":"https:\/\/www.facebook.com\/atscontainers\/","article_modified_time":"2025-11-27T16:16:13+00:00","og_image":[{"width":768,"height":635,"url":"https:\/\/www.atscontainers.com\/wp-content\/uploads\/2020\/01\/Roll-up-doors.jpg","type":"image\/jpeg"}],"twitter_card":"summary_large_image","twitter_site":"@atscontainers","twitter_misc":{"Estimation du temps de lecture":"1 minute"},"schema":{"@context":"https:\/\/schema.org","@graph":[{"@type":"WebPage","@id":"https:\/\/www.atscontainers.com\/fr\/produits\/conteneurs-modifies\/porte-roulante\/","url":"https:\/\/www.atscontainers.com\/fr\/produits\/conteneurs-modifies\/porte-roulante\/","name":"Porte Roulante pour Conteneur - Acc\u00e8s Lat\u00e9ral S\u00e9curis\u00e9","isPartOf":{"@id":"https:\/\/www.atscontainers.com\/fr\/#website"},"primaryImageOfPage":{"@id":"https:\/\/www.atscontainers.com\/fr\/produits\/conteneurs-modifies\/porte-roulante\/#primaryimage"},"image":{"@id":"https:\/\/www.atscontainers.com\/fr\/produits\/conteneurs-modifies\/porte-roulante\/#primaryimage"},"thumbnailUrl":"https:\/\/www.atscontainers.com\/wp-content\/uploads\/2020\/01\/Roll-up-doors.jpg","datePublished":"2018-05-28T12:33:11+00:00","dateModified":"2025-11-27T16:16:13+00:00","description":"Ajoutez des points d\u2019acc\u00e8s s\u00e9curis\u00e9s \u00e0 votre conteneur gr\u00e2ce \u00e0 des portes roulantes lat\u00e9rales robustes, pratiques pour un usage commercial ou industriel.","breadcrumb":{"@id":"https:\/\/www.atscontainers.com\/fr\/produits\/conteneurs-modifies\/porte-roulante\/#breadcrumb"},"inLanguage":"fr-CA","potentialAction":[{"@type":"ReadAction","target":["https:\/\/www.atscontainers.com\/fr\/produits\/conteneurs-modifies\/porte-roulante\/"]}]},{"@type":"ImageObject","inLanguage":"fr-CA","@id":"https:\/\/www.atscontainers.com\/fr\/produits\/conteneurs-modifies\/porte-roulante\/#primaryimage","url":"https:\/\/www.atscontainers.com\/wp-content\/uploads\/2020\/01\/Roll-up-doors.jpg","contentUrl":"https:\/\/www.atscontainers.com\/wp-content\/uploads\/2020\/01\/Roll-up-doors.jpg","width":768,"height":635,"caption":"Rent or buy a see can"},{"@type":"BreadcrumbList","@id":"https:\/\/www.atscontainers.com\/fr\/produits\/conteneurs-modifies\/porte-roulante\/#breadcrumb","itemListElement":[{"@type":"ListItem","position":1,"name":"Home","item":"https:\/\/www.atscontainers.com\/fr\/"},{"@type":"ListItem","position":2,"name":"Conteneurs \u00e0 Vendre","item":"https:\/\/www.atscontainers.com\/fr\/produits\/"},{"@type":"ListItem","position":3,"name":"CONTENEURS MODIFI\u00c9S","item":"https:\/\/www.atscontainers.com\/fr\/produits\/conteneurs-modifies\/"},{"@type":"ListItem","position":4,"name":"Porte roulante pour conteneurs"}]},{"@type":"WebSite","@id":"https:\/\/www.atscontainers.com\/fr\/#website","url":"https:\/\/www.atscontainers.com\/fr\/","name":"ATS Containers","description":"","publisher":{"@id":"https:\/\/www.atscontainers.com\/fr\/#organization"},"potentialAction":[{"@type":"SearchAction","target":{"@type":"EntryPoint","urlTemplate":"https:\/\/www.atscontainers.com\/fr\/?s={search_term_string}"},"query-input":{"@type":"PropertyValueSpecification","valueRequired":true,"valueName":"search_term_string"}}],"inLanguage":"fr-CA"},{"@type":"Organization","@id":"https:\/\/www.atscontainers.com\/fr\/#organization","name":"ATS Containers","url":"https:\/\/www.atscontainers.com\/fr\/","logo":{"@type":"ImageObject","inLanguage":"fr-CA","@id":"https:\/\/www.atscontainers.com\/fr\/#\/schema\/logo\/image\/","url":"https:\/\/www.atscontainers.com\/wp-content\/uploads\/2018\/09\/ats-containers-canada_.png","contentUrl":"https:\/\/www.atscontainers.com\/wp-content\/uploads\/2018\/09\/ats-containers-canada_.png","width":500,"height":500,"caption":"ATS Containers"},"image":{"@id":"https:\/\/www.atscontainers.com\/fr\/#\/schema\/logo\/image\/"},"sameAs":["https:\/\/www.facebook.com\/atscontainers\/","https:\/\/x.com\/atscontainers","https:\/\/www.instagram.com\/atscontainers\/","https:\/\/www.linkedin.com\/company\/ats-container-services\/"]}]}},"_links":{"self":[{"href":"https:\/\/www.atscontainers.com\/fr\/wp-json\/wp\/v2\/pages\/7968","targetHints":{"allow":["GET"]}}],"collection":[{"href":"https:\/\/www.atscontainers.com\/fr\/wp-json\/wp\/v2\/pages"}],"about":[{"href":"https:\/\/www.atscontainers.com\/fr\/wp-json\/wp\/v2\/types\/page"}],"author":[{"embeddable":true,"href":"https:\/\/www.atscontainers.com\/fr\/wp-json\/wp\/v2\/users\/13"}],"replies":[{"embeddable":true,"href":"https:\/\/www.atscontainers.com\/fr\/wp-json\/wp\/v2\/comments?post=7968"}],"version-history":[{"count":7,"href":"https:\/\/www.atscontainers.com\/fr\/wp-json\/wp\/v2\/pages\/7968\/revisions"}],"predecessor-version":[{"id":20517,"href":"https:\/\/www.atscontainers.com\/fr\/wp-json\/wp\/v2\/pages\/7968\/revisions\/20517"}],"up":[{"embeddable":true,"href":"https:\/\/www.atscontainers.com\/fr\/wp-json\/wp\/v2\/pages\/7596"}],"wp:featuredmedia":[{"embeddable":true,"href":"https:\/\/www.atscontainers.com\/fr\/wp-json\/wp\/v2\/media\/5614"}],"wp:attachment":[{"href":"https:\/\/www.atscontainers.com\/fr\/wp-json\/wp\/v2\/media?parent=7968"}],"curies":[{"name":"wp","href":"https:\/\/api.w.org\/{rel}","templated":true}]}}