{"id":7987,"date":"2018-05-28T11:42:33","date_gmt":"2018-05-28T15:42:33","guid":{"rendered":"https:\/\/www.atscontainers.com\/products\/modified-containers\/ventilation\/"},"modified":"2025-11-27T11:36:01","modified_gmt":"2025-11-27T16:36:01","slug":"ventilation","status":"publish","type":"page","link":"https:\/\/www.atscontainers.com\/fr\/produits\/conteneurs-modifies\/ventilation-modification\/","title":{"rendered":"Ventilation"},"content":{"rendered":"<p>Les solutions de ventilation varient avec l\u2019objectif d\u2019augmenter le d\u00e9bit d\u2019air dans le conteneur afin de r\u00e9duire la formation d\u2019humidit\u00e9 et de condensation. \u00c9vents de conteneur standard ou ventilation motoris\u00e9es disponibles.<\/p>\n","protected":false},"excerpt":{"rendered":"<p>Les solutions de ventilation varient avec l\u2019objectif d\u2019augmenter le d\u00e9bit d\u2019air dans le conteneur afin de r\u00e9duire la formation d\u2019humidit\u00e9 et de condensation. \u00c9vents de conteneur standard ou ventilation motoris\u00e9es disponibles.<\/p>\n","protected":false},"author":13,"featured_media":5414,"parent":7596,"menu_order":0,"comment_status":"closed","ping_status":"closed","template":"page-fc.php","meta":{"_acf_changed":false,"ngg_post_thumbnail":0,"footnotes":""},"class_list":["post-7987","page","type-page","status-publish","has-post-thumbnail","hentry"],"acf":[],"yoast_head":"<!-- This site is optimized with the Yoast SEO plugin v26.9 - https:\/\/yoast.com\/product\/yoast-seo-wordpress\/ -->\n<title>Syst\u00e8me de Ventilation pour Conteneur Maritime Modifi\u00e9<\/title>\n<meta name=\"description\" content=\"Am\u00e9liorez la circulation de l\u2019air de votre conteneur, r\u00e9duisez l\u2019humidit\u00e9 et limitez la condensation gr\u00e2ce \u00e0 nos syst\u00e8mes de ventilation sp\u00e9cialis\u00e9s.\" \/>\n<meta name=\"robots\" content=\"index, follow, max-snippet:-1, max-image-preview:large, max-video-preview:-1\" \/>\n<link rel=\"canonical\" href=\"https:\/\/www.atscontainers.com\/fr\/produits\/conteneurs-modifies\/ventilation-modification\/\" \/>\n<meta property=\"og:locale\" content=\"fr_CA\" \/>\n<meta property=\"og:type\" content=\"article\" \/>\n<meta property=\"og:title\" content=\"Syst\u00e8me de Ventilation pour Conteneur Maritime Modifi\u00e9\" \/>\n<meta property=\"og:description\" content=\"Am\u00e9liorez la circulation de l\u2019air de votre conteneur, r\u00e9duisez l\u2019humidit\u00e9 et limitez la condensation gr\u00e2ce \u00e0 nos syst\u00e8mes de ventilation sp\u00e9cialis\u00e9s.\" \/>\n<meta property=\"og:url\" content=\"https:\/\/www.atscontainers.com\/fr\/produits\/conteneurs-modifies\/ventilation-modification\/\" \/>\n<meta property=\"og:site_name\" content=\"ATS Containers\" \/>\n<meta property=\"article:publisher\" content=\"https:\/\/www.facebook.com\/atscontainers\/\" \/>\n<meta property=\"article:modified_time\" content=\"2025-11-27T16:36:01+00:00\" \/>\n<meta property=\"og:image\" content=\"https:\/\/www.atscontainers.com\/wp-content\/uploads\/2018\/05\/Ventilation-1.jpeg\" \/>\n\t<meta property=\"og:image:width\" content=\"768\" \/>\n\t<meta property=\"og:image:height\" content=\"1024\" \/>\n\t<meta property=\"og:image:type\" content=\"image\/jpeg\" \/>\n<meta name=\"twitter:card\" content=\"summary_large_image\" \/>\n<meta name=\"twitter:site\" content=\"@atscontainers\" \/>\n<meta name=\"twitter:label1\" content=\"Estimation du temps de lecture\" \/>\n\t<meta name=\"twitter:data1\" content=\"1 minute\" \/>\n<script type=\"application\/ld+json\" class=\"yoast-schema-graph\">{\"@context\":\"https:\/\/schema.org\",\"@graph\":[{\"@type\":\"WebPage\",\"@id\":\"https:\/\/www.atscontainers.com\/fr\/produits\/conteneurs-modifies\/ventilation-modification\/\",\"url\":\"https:\/\/www.atscontainers.com\/fr\/produits\/conteneurs-modifies\/ventilation-modification\/\",\"name\":\"Syst\u00e8me de Ventilation pour Conteneur Maritime Modifi\u00e9\",\"isPartOf\":{\"@id\":\"https:\/\/www.atscontainers.com\/fr\/#website\"},\"primaryImageOfPage\":{\"@id\":\"https:\/\/www.atscontainers.com\/fr\/produits\/conteneurs-modifies\/ventilation-modification\/#primaryimage\"},\"image\":{\"@id\":\"https:\/\/www.atscontainers.com\/fr\/produits\/conteneurs-modifies\/ventilation-modification\/#primaryimage\"},\"thumbnailUrl\":\"https:\/\/www.atscontainers.com\/wp-content\/uploads\/2018\/05\/Ventilation-1.jpeg\",\"datePublished\":\"2018-05-28T15:42:33+00:00\",\"dateModified\":\"2025-11-27T16:36:01+00:00\",\"description\":\"Am\u00e9liorez la circulation de l\u2019air de votre conteneur, r\u00e9duisez l\u2019humidit\u00e9 et limitez la condensation gr\u00e2ce \u00e0 nos syst\u00e8mes de ventilation sp\u00e9cialis\u00e9s.\",\"breadcrumb\":{\"@id\":\"https:\/\/www.atscontainers.com\/fr\/produits\/conteneurs-modifies\/ventilation-modification\/#breadcrumb\"},\"inLanguage\":\"fr-CA\",\"potentialAction\":[{\"@type\":\"ReadAction\",\"target\":[\"https:\/\/www.atscontainers.com\/fr\/produits\/conteneurs-modifies\/ventilation-modification\/\"]}]},{\"@type\":\"ImageObject\",\"inLanguage\":\"fr-CA\",\"@id\":\"https:\/\/www.atscontainers.com\/fr\/produits\/conteneurs-modifies\/ventilation-modification\/#primaryimage\",\"url\":\"https:\/\/www.atscontainers.com\/wp-content\/uploads\/2018\/05\/Ventilation-1.jpeg\",\"contentUrl\":\"https:\/\/www.atscontainers.com\/wp-content\/uploads\/2018\/05\/Ventilation-1.jpeg\",\"width\":768,\"height\":1024},{\"@type\":\"BreadcrumbList\",\"@id\":\"https:\/\/www.atscontainers.com\/fr\/produits\/conteneurs-modifies\/ventilation-modification\/#breadcrumb\",\"itemListElement\":[{\"@type\":\"ListItem\",\"position\":1,\"name\":\"Home\",\"item\":\"https:\/\/www.atscontainers.com\/fr\/\"},{\"@type\":\"ListItem\",\"position\":2,\"name\":\"Conteneurs \u00e0 Vendre\",\"item\":\"https:\/\/www.atscontainers.com\/fr\/produits\/\"},{\"@type\":\"ListItem\",\"position\":3,\"name\":\"CONTENEURS MODIFI\u00c9S\",\"item\":\"https:\/\/www.atscontainers.com\/fr\/produits\/conteneurs-modifies\/\"},{\"@type\":\"ListItem\",\"position\":4,\"name\":\"Ventilation\"}]},{\"@type\":\"WebSite\",\"@id\":\"https:\/\/www.atscontainers.com\/fr\/#website\",\"url\":\"https:\/\/www.atscontainers.com\/fr\/\",\"name\":\"ATS Containers\",\"description\":\"\",\"publisher\":{\"@id\":\"https:\/\/www.atscontainers.com\/fr\/#organization\"},\"potentialAction\":[{\"@type\":\"SearchAction\",\"target\":{\"@type\":\"EntryPoint\",\"urlTemplate\":\"https:\/\/www.atscontainers.com\/fr\/?s={search_term_string}\"},\"query-input\":{\"@type\":\"PropertyValueSpecification\",\"valueRequired\":true,\"valueName\":\"search_term_string\"}}],\"inLanguage\":\"fr-CA\"},{\"@type\":\"Organization\",\"@id\":\"https:\/\/www.atscontainers.com\/fr\/#organization\",\"name\":\"ATS Containers\",\"url\":\"https:\/\/www.atscontainers.com\/fr\/\",\"logo\":{\"@type\":\"ImageObject\",\"inLanguage\":\"fr-CA\",\"@id\":\"https:\/\/www.atscontainers.com\/fr\/#\/schema\/logo\/image\/\",\"url\":\"https:\/\/www.atscontainers.com\/wp-content\/uploads\/2018\/09\/ats-containers-canada_.png\",\"contentUrl\":\"https:\/\/www.atscontainers.com\/wp-content\/uploads\/2018\/09\/ats-containers-canada_.png\",\"width\":500,\"height\":500,\"caption\":\"ATS Containers\"},\"image\":{\"@id\":\"https:\/\/www.atscontainers.com\/fr\/#\/schema\/logo\/image\/\"},\"sameAs\":[\"https:\/\/www.facebook.com\/atscontainers\/\",\"https:\/\/x.com\/atscontainers\",\"https:\/\/www.instagram.com\/atscontainers\/\",\"https:\/\/www.linkedin.com\/company\/ats-container-services\/\"]}]}<\/script>\n<!-- \/ Yoast SEO plugin. -->","yoast_head_json":{"title":"Syst\u00e8me de Ventilation pour Conteneur Maritime Modifi\u00e9","description":"Am\u00e9liorez la circulation de l\u2019air de votre conteneur, r\u00e9duisez l\u2019humidit\u00e9 et limitez la condensation gr\u00e2ce \u00e0 nos syst\u00e8mes de ventilation sp\u00e9cialis\u00e9s.","robots":{"index":"index","follow":"follow","max-snippet":"max-snippet:-1","max-image-preview":"max-image-preview:large","max-video-preview":"max-video-preview:-1"},"canonical":"https:\/\/www.atscontainers.com\/fr\/produits\/conteneurs-modifies\/ventilation-modification\/","og_locale":"fr_CA","og_type":"article","og_title":"Syst\u00e8me de Ventilation pour Conteneur Maritime Modifi\u00e9","og_description":"Am\u00e9liorez la circulation de l\u2019air de votre conteneur, r\u00e9duisez l\u2019humidit\u00e9 et limitez la condensation gr\u00e2ce \u00e0 nos syst\u00e8mes de ventilation sp\u00e9cialis\u00e9s.","og_url":"https:\/\/www.atscontainers.com\/fr\/produits\/conteneurs-modifies\/ventilation-modification\/","og_site_name":"ATS Containers","article_publisher":"https:\/\/www.facebook.com\/atscontainers\/","article_modified_time":"2025-11-27T16:36:01+00:00","og_image":[{"width":768,"height":1024,"url":"https:\/\/www.atscontainers.com\/wp-content\/uploads\/2018\/05\/Ventilation-1.jpeg","type":"image\/jpeg"}],"twitter_card":"summary_large_image","twitter_site":"@atscontainers","twitter_misc":{"Estimation du temps de lecture":"1 minute"},"schema":{"@context":"https:\/\/schema.org","@graph":[{"@type":"WebPage","@id":"https:\/\/www.atscontainers.com\/fr\/produits\/conteneurs-modifies\/ventilation-modification\/","url":"https:\/\/www.atscontainers.com\/fr\/produits\/conteneurs-modifies\/ventilation-modification\/","name":"Syst\u00e8me de Ventilation pour Conteneur Maritime Modifi\u00e9","isPartOf":{"@id":"https:\/\/www.atscontainers.com\/fr\/#website"},"primaryImageOfPage":{"@id":"https:\/\/www.atscontainers.com\/fr\/produits\/conteneurs-modifies\/ventilation-modification\/#primaryimage"},"image":{"@id":"https:\/\/www.atscontainers.com\/fr\/produits\/conteneurs-modifies\/ventilation-modification\/#primaryimage"},"thumbnailUrl":"https:\/\/www.atscontainers.com\/wp-content\/uploads\/2018\/05\/Ventilation-1.jpeg","datePublished":"2018-05-28T15:42:33+00:00","dateModified":"2025-11-27T16:36:01+00:00","description":"Am\u00e9liorez la circulation de l\u2019air de votre conteneur, r\u00e9duisez l\u2019humidit\u00e9 et limitez la condensation gr\u00e2ce \u00e0 nos syst\u00e8mes de ventilation sp\u00e9cialis\u00e9s.","breadcrumb":{"@id":"https:\/\/www.atscontainers.com\/fr\/produits\/conteneurs-modifies\/ventilation-modification\/#breadcrumb"},"inLanguage":"fr-CA","potentialAction":[{"@type":"ReadAction","target":["https:\/\/www.atscontainers.com\/fr\/produits\/conteneurs-modifies\/ventilation-modification\/"]}]},{"@type":"ImageObject","inLanguage":"fr-CA","@id":"https:\/\/www.atscontainers.com\/fr\/produits\/conteneurs-modifies\/ventilation-modification\/#primaryimage","url":"https:\/\/www.atscontainers.com\/wp-content\/uploads\/2018\/05\/Ventilation-1.jpeg","contentUrl":"https:\/\/www.atscontainers.com\/wp-content\/uploads\/2018\/05\/Ventilation-1.jpeg","width":768,"height":1024},{"@type":"BreadcrumbList","@id":"https:\/\/www.atscontainers.com\/fr\/produits\/conteneurs-modifies\/ventilation-modification\/#breadcrumb","itemListElement":[{"@type":"ListItem","position":1,"name":"Home","item":"https:\/\/www.atscontainers.com\/fr\/"},{"@type":"ListItem","position":2,"name":"Conteneurs \u00e0 Vendre","item":"https:\/\/www.atscontainers.com\/fr\/produits\/"},{"@type":"ListItem","position":3,"name":"CONTENEURS MODIFI\u00c9S","item":"https:\/\/www.atscontainers.com\/fr\/produits\/conteneurs-modifies\/"},{"@type":"ListItem","position":4,"name":"Ventilation"}]},{"@type":"WebSite","@id":"https:\/\/www.atscontainers.com\/fr\/#website","url":"https:\/\/www.atscontainers.com\/fr\/","name":"ATS Containers","description":"","publisher":{"@id":"https:\/\/www.atscontainers.com\/fr\/#organization"},"potentialAction":[{"@type":"SearchAction","target":{"@type":"EntryPoint","urlTemplate":"https:\/\/www.atscontainers.com\/fr\/?s={search_term_string}"},"query-input":{"@type":"PropertyValueSpecification","valueRequired":true,"valueName":"search_term_string"}}],"inLanguage":"fr-CA"},{"@type":"Organization","@id":"https:\/\/www.atscontainers.com\/fr\/#organization","name":"ATS Containers","url":"https:\/\/www.atscontainers.com\/fr\/","logo":{"@type":"ImageObject","inLanguage":"fr-CA","@id":"https:\/\/www.atscontainers.com\/fr\/#\/schema\/logo\/image\/","url":"https:\/\/www.atscontainers.com\/wp-content\/uploads\/2018\/09\/ats-containers-canada_.png","contentUrl":"https:\/\/www.atscontainers.com\/wp-content\/uploads\/2018\/09\/ats-containers-canada_.png","width":500,"height":500,"caption":"ATS Containers"},"image":{"@id":"https:\/\/www.atscontainers.com\/fr\/#\/schema\/logo\/image\/"},"sameAs":["https:\/\/www.facebook.com\/atscontainers\/","https:\/\/x.com\/atscontainers","https:\/\/www.instagram.com\/atscontainers\/","https:\/\/www.linkedin.com\/company\/ats-container-services\/"]}]}},"_links":{"self":[{"href":"https:\/\/www.atscontainers.com\/fr\/wp-json\/wp\/v2\/pages\/7987","targetHints":{"allow":["GET"]}}],"collection":[{"href":"https:\/\/www.atscontainers.com\/fr\/wp-json\/wp\/v2\/pages"}],"about":[{"href":"https:\/\/www.atscontainers.com\/fr\/wp-json\/wp\/v2\/types\/page"}],"author":[{"embeddable":true,"href":"https:\/\/www.atscontainers.com\/fr\/wp-json\/wp\/v2\/users\/13"}],"replies":[{"embeddable":true,"href":"https:\/\/www.atscontainers.com\/fr\/wp-json\/wp\/v2\/comments?post=7987"}],"version-history":[{"count":5,"href":"https:\/\/www.atscontainers.com\/fr\/wp-json\/wp\/v2\/pages\/7987\/revisions"}],"predecessor-version":[{"id":13455,"href":"https:\/\/www.atscontainers.com\/fr\/wp-json\/wp\/v2\/pages\/7987\/revisions\/13455"}],"up":[{"embeddable":true,"href":"https:\/\/www.atscontainers.com\/fr\/wp-json\/wp\/v2\/pages\/7596"}],"wp:featuredmedia":[{"embeddable":true,"href":"https:\/\/www.atscontainers.com\/fr\/wp-json\/wp\/v2\/media\/5414"}],"wp:attachment":[{"href":"https:\/\/www.atscontainers.com\/fr\/wp-json\/wp\/v2\/media?parent=7987"}],"curies":[{"name":"wp","href":"https:\/\/api.w.org\/{rel}","templated":true}]}}