{"id":7992,"date":"2018-05-28T11:51:08","date_gmt":"2018-05-28T15:51:08","guid":{"rendered":"https:\/\/www.atscontainers.com\/products\/modified-containers\/speciality-flooring-2\/"},"modified":"2026-01-08T05:38:48","modified_gmt":"2026-01-08T10:38:48","slug":"revetement-de-sol-de-specialite","status":"publish","type":"page","link":"https:\/\/www.atscontainers.com\/fr\/produits\/conteneurs-modifies\/revetement-de-sol-de-specialite\/","title":{"rendered":"Rev\u00eatement de sol de sp\u00e9cialit\u00e9"},"content":{"rendered":"<p>Des options de rev\u00eatement de sol personnalis\u00e9es sont disponibles pour am\u00e9liorer la durabilit\u00e9, fournir une protection antid\u00e9rapante et une apparence plus propre. Les options incluent un rev\u00eatement de sol en t\u00f4le d\u2019acier diamant\u00e9e, une doublure en polyur\u00e9thane et d\u2019autres options.<\/p>\n","protected":false},"excerpt":{"rendered":"<p>Des options de rev\u00eatement de sol personnalis\u00e9es sont disponibles pour am\u00e9liorer la durabilit\u00e9, fournir une protection antid\u00e9rapante et une apparence plus propre. Les options incluent un rev\u00eatement de sol en t\u00f4le d\u2019acier diamant\u00e9e, une doublure en polyur\u00e9thane et d\u2019autres options.<\/p>\n","protected":false},"author":13,"featured_media":7046,"parent":7596,"menu_order":0,"comment_status":"closed","ping_status":"closed","template":"page-fc.php","meta":{"_acf_changed":false,"ngg_post_thumbnail":0,"footnotes":""},"class_list":["post-7992","page","type-page","status-publish","has-post-thumbnail","hentry"],"acf":[],"yoast_head":"<!-- This site is optimized with the Yoast SEO plugin v26.9 - https:\/\/yoast.com\/product\/yoast-seo-wordpress\/ -->\n<title>Rev\u00eatement Int\u00e9rieur de Conteneur - Acier, Alu, Polyur\u00e9thane<\/title>\n<meta name=\"description\" content=\"Notre rev\u00eatement de sol sp\u00e9cialis\u00e9 augmente la r\u00e9sistance \u00e0 l\u2019usure, facilite le nettoyage et am\u00e9liore la s\u00e9curit\u00e9 int\u00e9rieure comme ext\u00e9rieure. D\u00e9couvrez-le !\" \/>\n<meta name=\"robots\" content=\"index, follow, max-snippet:-1, max-image-preview:large, max-video-preview:-1\" \/>\n<link rel=\"canonical\" href=\"https:\/\/www.atscontainers.com\/fr\/produits\/conteneurs-modifies\/revetement-de-sol-de-specialite\/\" \/>\n<meta property=\"og:locale\" content=\"fr_CA\" \/>\n<meta property=\"og:type\" content=\"article\" \/>\n<meta property=\"og:title\" content=\"Rev\u00eatement Int\u00e9rieur de Conteneur - Acier, Alu, Polyur\u00e9thane\" \/>\n<meta property=\"og:description\" content=\"Notre rev\u00eatement de sol sp\u00e9cialis\u00e9 augmente la r\u00e9sistance \u00e0 l\u2019usure, facilite le nettoyage et am\u00e9liore la s\u00e9curit\u00e9 int\u00e9rieure comme ext\u00e9rieure. D\u00e9couvrez-le !\" \/>\n<meta property=\"og:url\" content=\"https:\/\/www.atscontainers.com\/fr\/produits\/conteneurs-modifies\/revetement-de-sol-de-specialite\/\" \/>\n<meta property=\"og:site_name\" content=\"ATS Containers\" \/>\n<meta property=\"article:publisher\" content=\"https:\/\/www.facebook.com\/atscontainers\/\" \/>\n<meta property=\"article:modified_time\" content=\"2026-01-08T10:38:48+00:00\" \/>\n<meta property=\"og:image\" content=\"https:\/\/www.atscontainers.com\/wp-content\/uploads\/2021\/10\/Speciality-flooring.jpeg\" \/>\n\t<meta property=\"og:image:width\" content=\"1200\" \/>\n\t<meta property=\"og:image:height\" content=\"800\" \/>\n\t<meta property=\"og:image:type\" content=\"image\/jpeg\" \/>\n<meta name=\"twitter:card\" content=\"summary_large_image\" \/>\n<meta name=\"twitter:site\" content=\"@atscontainers\" \/>\n<meta name=\"twitter:label1\" content=\"Estimation du temps de lecture\" \/>\n\t<meta name=\"twitter:data1\" content=\"1 minute\" \/>\n<script type=\"application\/ld+json\" class=\"yoast-schema-graph\">{\"@context\":\"https:\/\/schema.org\",\"@graph\":[{\"@type\":\"WebPage\",\"@id\":\"https:\/\/www.atscontainers.com\/fr\/produits\/conteneurs-modifies\/revetement-de-sol-de-specialite\/\",\"url\":\"https:\/\/www.atscontainers.com\/fr\/produits\/conteneurs-modifies\/revetement-de-sol-de-specialite\/\",\"name\":\"Rev\u00eatement Int\u00e9rieur de Conteneur - Acier, Alu, Polyur\u00e9thane\",\"isPartOf\":{\"@id\":\"https:\/\/www.atscontainers.com\/fr\/#website\"},\"primaryImageOfPage\":{\"@id\":\"https:\/\/www.atscontainers.com\/fr\/produits\/conteneurs-modifies\/revetement-de-sol-de-specialite\/#primaryimage\"},\"image\":{\"@id\":\"https:\/\/www.atscontainers.com\/fr\/produits\/conteneurs-modifies\/revetement-de-sol-de-specialite\/#primaryimage\"},\"thumbnailUrl\":\"https:\/\/www.atscontainers.com\/wp-content\/uploads\/2021\/10\/Speciality-flooring.jpeg\",\"datePublished\":\"2018-05-28T15:51:08+00:00\",\"dateModified\":\"2026-01-08T10:38:48+00:00\",\"description\":\"Notre rev\u00eatement de sol sp\u00e9cialis\u00e9 augmente la r\u00e9sistance \u00e0 l\u2019usure, facilite le nettoyage et am\u00e9liore la s\u00e9curit\u00e9 int\u00e9rieure comme ext\u00e9rieure. D\u00e9couvrez-le !\",\"breadcrumb\":{\"@id\":\"https:\/\/www.atscontainers.com\/fr\/produits\/conteneurs-modifies\/revetement-de-sol-de-specialite\/#breadcrumb\"},\"inLanguage\":\"fr-CA\",\"potentialAction\":[{\"@type\":\"ReadAction\",\"target\":[\"https:\/\/www.atscontainers.com\/fr\/produits\/conteneurs-modifies\/revetement-de-sol-de-specialite\/\"]}]},{\"@type\":\"ImageObject\",\"inLanguage\":\"fr-CA\",\"@id\":\"https:\/\/www.atscontainers.com\/fr\/produits\/conteneurs-modifies\/revetement-de-sol-de-specialite\/#primaryimage\",\"url\":\"https:\/\/www.atscontainers.com\/wp-content\/uploads\/2021\/10\/Speciality-flooring.jpeg\",\"contentUrl\":\"https:\/\/www.atscontainers.com\/wp-content\/uploads\/2021\/10\/Speciality-flooring.jpeg\",\"width\":1200,\"height\":800},{\"@type\":\"BreadcrumbList\",\"@id\":\"https:\/\/www.atscontainers.com\/fr\/produits\/conteneurs-modifies\/revetement-de-sol-de-specialite\/#breadcrumb\",\"itemListElement\":[{\"@type\":\"ListItem\",\"position\":1,\"name\":\"Home\",\"item\":\"https:\/\/www.atscontainers.com\/fr\/\"},{\"@type\":\"ListItem\",\"position\":2,\"name\":\"Conteneurs \u00e0 Vendre\",\"item\":\"https:\/\/www.atscontainers.com\/fr\/produits\/\"},{\"@type\":\"ListItem\",\"position\":3,\"name\":\"CONTENEURS MODIFI\u00c9S\",\"item\":\"https:\/\/www.atscontainers.com\/fr\/produits\/conteneurs-modifies\/\"},{\"@type\":\"ListItem\",\"position\":4,\"name\":\"Rev\u00eatement de sol de sp\u00e9cialit\u00e9\"}]},{\"@type\":\"WebSite\",\"@id\":\"https:\/\/www.atscontainers.com\/fr\/#website\",\"url\":\"https:\/\/www.atscontainers.com\/fr\/\",\"name\":\"ATS Containers\",\"description\":\"\",\"publisher\":{\"@id\":\"https:\/\/www.atscontainers.com\/fr\/#organization\"},\"potentialAction\":[{\"@type\":\"SearchAction\",\"target\":{\"@type\":\"EntryPoint\",\"urlTemplate\":\"https:\/\/www.atscontainers.com\/fr\/?s={search_term_string}\"},\"query-input\":{\"@type\":\"PropertyValueSpecification\",\"valueRequired\":true,\"valueName\":\"search_term_string\"}}],\"inLanguage\":\"fr-CA\"},{\"@type\":\"Organization\",\"@id\":\"https:\/\/www.atscontainers.com\/fr\/#organization\",\"name\":\"ATS Containers\",\"url\":\"https:\/\/www.atscontainers.com\/fr\/\",\"logo\":{\"@type\":\"ImageObject\",\"inLanguage\":\"fr-CA\",\"@id\":\"https:\/\/www.atscontainers.com\/fr\/#\/schema\/logo\/image\/\",\"url\":\"https:\/\/www.atscontainers.com\/wp-content\/uploads\/2018\/09\/ats-containers-canada_.png\",\"contentUrl\":\"https:\/\/www.atscontainers.com\/wp-content\/uploads\/2018\/09\/ats-containers-canada_.png\",\"width\":500,\"height\":500,\"caption\":\"ATS Containers\"},\"image\":{\"@id\":\"https:\/\/www.atscontainers.com\/fr\/#\/schema\/logo\/image\/\"},\"sameAs\":[\"https:\/\/www.facebook.com\/atscontainers\/\",\"https:\/\/x.com\/atscontainers\",\"https:\/\/www.instagram.com\/atscontainers\/\",\"https:\/\/www.linkedin.com\/company\/ats-container-services\/\"]}]}<\/script>\n<!-- \/ Yoast SEO plugin. -->","yoast_head_json":{"title":"Rev\u00eatement Int\u00e9rieur de Conteneur - Acier, Alu, Polyur\u00e9thane","description":"Notre rev\u00eatement de sol sp\u00e9cialis\u00e9 augmente la r\u00e9sistance \u00e0 l\u2019usure, facilite le nettoyage et am\u00e9liore la s\u00e9curit\u00e9 int\u00e9rieure comme ext\u00e9rieure. D\u00e9couvrez-le !","robots":{"index":"index","follow":"follow","max-snippet":"max-snippet:-1","max-image-preview":"max-image-preview:large","max-video-preview":"max-video-preview:-1"},"canonical":"https:\/\/www.atscontainers.com\/fr\/produits\/conteneurs-modifies\/revetement-de-sol-de-specialite\/","og_locale":"fr_CA","og_type":"article","og_title":"Rev\u00eatement Int\u00e9rieur de Conteneur - Acier, Alu, Polyur\u00e9thane","og_description":"Notre rev\u00eatement de sol sp\u00e9cialis\u00e9 augmente la r\u00e9sistance \u00e0 l\u2019usure, facilite le nettoyage et am\u00e9liore la s\u00e9curit\u00e9 int\u00e9rieure comme ext\u00e9rieure. D\u00e9couvrez-le !","og_url":"https:\/\/www.atscontainers.com\/fr\/produits\/conteneurs-modifies\/revetement-de-sol-de-specialite\/","og_site_name":"ATS Containers","article_publisher":"https:\/\/www.facebook.com\/atscontainers\/","article_modified_time":"2026-01-08T10:38:48+00:00","og_image":[{"width":1200,"height":800,"url":"https:\/\/www.atscontainers.com\/wp-content\/uploads\/2021\/10\/Speciality-flooring.jpeg","type":"image\/jpeg"}],"twitter_card":"summary_large_image","twitter_site":"@atscontainers","twitter_misc":{"Estimation du temps de lecture":"1 minute"},"schema":{"@context":"https:\/\/schema.org","@graph":[{"@type":"WebPage","@id":"https:\/\/www.atscontainers.com\/fr\/produits\/conteneurs-modifies\/revetement-de-sol-de-specialite\/","url":"https:\/\/www.atscontainers.com\/fr\/produits\/conteneurs-modifies\/revetement-de-sol-de-specialite\/","name":"Rev\u00eatement Int\u00e9rieur de Conteneur - Acier, Alu, Polyur\u00e9thane","isPartOf":{"@id":"https:\/\/www.atscontainers.com\/fr\/#website"},"primaryImageOfPage":{"@id":"https:\/\/www.atscontainers.com\/fr\/produits\/conteneurs-modifies\/revetement-de-sol-de-specialite\/#primaryimage"},"image":{"@id":"https:\/\/www.atscontainers.com\/fr\/produits\/conteneurs-modifies\/revetement-de-sol-de-specialite\/#primaryimage"},"thumbnailUrl":"https:\/\/www.atscontainers.com\/wp-content\/uploads\/2021\/10\/Speciality-flooring.jpeg","datePublished":"2018-05-28T15:51:08+00:00","dateModified":"2026-01-08T10:38:48+00:00","description":"Notre rev\u00eatement de sol sp\u00e9cialis\u00e9 augmente la r\u00e9sistance \u00e0 l\u2019usure, facilite le nettoyage et am\u00e9liore la s\u00e9curit\u00e9 int\u00e9rieure comme ext\u00e9rieure. D\u00e9couvrez-le !","breadcrumb":{"@id":"https:\/\/www.atscontainers.com\/fr\/produits\/conteneurs-modifies\/revetement-de-sol-de-specialite\/#breadcrumb"},"inLanguage":"fr-CA","potentialAction":[{"@type":"ReadAction","target":["https:\/\/www.atscontainers.com\/fr\/produits\/conteneurs-modifies\/revetement-de-sol-de-specialite\/"]}]},{"@type":"ImageObject","inLanguage":"fr-CA","@id":"https:\/\/www.atscontainers.com\/fr\/produits\/conteneurs-modifies\/revetement-de-sol-de-specialite\/#primaryimage","url":"https:\/\/www.atscontainers.com\/wp-content\/uploads\/2021\/10\/Speciality-flooring.jpeg","contentUrl":"https:\/\/www.atscontainers.com\/wp-content\/uploads\/2021\/10\/Speciality-flooring.jpeg","width":1200,"height":800},{"@type":"BreadcrumbList","@id":"https:\/\/www.atscontainers.com\/fr\/produits\/conteneurs-modifies\/revetement-de-sol-de-specialite\/#breadcrumb","itemListElement":[{"@type":"ListItem","position":1,"name":"Home","item":"https:\/\/www.atscontainers.com\/fr\/"},{"@type":"ListItem","position":2,"name":"Conteneurs \u00e0 Vendre","item":"https:\/\/www.atscontainers.com\/fr\/produits\/"},{"@type":"ListItem","position":3,"name":"CONTENEURS MODIFI\u00c9S","item":"https:\/\/www.atscontainers.com\/fr\/produits\/conteneurs-modifies\/"},{"@type":"ListItem","position":4,"name":"Rev\u00eatement de sol de sp\u00e9cialit\u00e9"}]},{"@type":"WebSite","@id":"https:\/\/www.atscontainers.com\/fr\/#website","url":"https:\/\/www.atscontainers.com\/fr\/","name":"ATS Containers","description":"","publisher":{"@id":"https:\/\/www.atscontainers.com\/fr\/#organization"},"potentialAction":[{"@type":"SearchAction","target":{"@type":"EntryPoint","urlTemplate":"https:\/\/www.atscontainers.com\/fr\/?s={search_term_string}"},"query-input":{"@type":"PropertyValueSpecification","valueRequired":true,"valueName":"search_term_string"}}],"inLanguage":"fr-CA"},{"@type":"Organization","@id":"https:\/\/www.atscontainers.com\/fr\/#organization","name":"ATS Containers","url":"https:\/\/www.atscontainers.com\/fr\/","logo":{"@type":"ImageObject","inLanguage":"fr-CA","@id":"https:\/\/www.atscontainers.com\/fr\/#\/schema\/logo\/image\/","url":"https:\/\/www.atscontainers.com\/wp-content\/uploads\/2018\/09\/ats-containers-canada_.png","contentUrl":"https:\/\/www.atscontainers.com\/wp-content\/uploads\/2018\/09\/ats-containers-canada_.png","width":500,"height":500,"caption":"ATS Containers"},"image":{"@id":"https:\/\/www.atscontainers.com\/fr\/#\/schema\/logo\/image\/"},"sameAs":["https:\/\/www.facebook.com\/atscontainers\/","https:\/\/x.com\/atscontainers","https:\/\/www.instagram.com\/atscontainers\/","https:\/\/www.linkedin.com\/company\/ats-container-services\/"]}]}},"_links":{"self":[{"href":"https:\/\/www.atscontainers.com\/fr\/wp-json\/wp\/v2\/pages\/7992","targetHints":{"allow":["GET"]}}],"collection":[{"href":"https:\/\/www.atscontainers.com\/fr\/wp-json\/wp\/v2\/pages"}],"about":[{"href":"https:\/\/www.atscontainers.com\/fr\/wp-json\/wp\/v2\/types\/page"}],"author":[{"embeddable":true,"href":"https:\/\/www.atscontainers.com\/fr\/wp-json\/wp\/v2\/users\/13"}],"replies":[{"embeddable":true,"href":"https:\/\/www.atscontainers.com\/fr\/wp-json\/wp\/v2\/comments?post=7992"}],"version-history":[{"count":6,"href":"https:\/\/www.atscontainers.com\/fr\/wp-json\/wp\/v2\/pages\/7992\/revisions"}],"predecessor-version":[{"id":13454,"href":"https:\/\/www.atscontainers.com\/fr\/wp-json\/wp\/v2\/pages\/7992\/revisions\/13454"}],"up":[{"embeddable":true,"href":"https:\/\/www.atscontainers.com\/fr\/wp-json\/wp\/v2\/pages\/7596"}],"wp:featuredmedia":[{"embeddable":true,"href":"https:\/\/www.atscontainers.com\/fr\/wp-json\/wp\/v2\/media\/7046"}],"wp:attachment":[{"href":"https:\/\/www.atscontainers.com\/fr\/wp-json\/wp\/v2\/media?parent=7992"}],"curies":[{"name":"wp","href":"https:\/\/api.w.org\/{rel}","templated":true}]}}