{"id":8049,"date":"2020-04-29T12:08:46","date_gmt":"2020-04-29T16:08:46","guid":{"rendered":"https:\/\/www.atscontainers.com\/products\/conteneurs-usages\/20%e2%80%b2-new-refrigerated-container\/"},"modified":"2026-01-08T05:12:26","modified_gmt":"2026-01-08T10:12:26","slug":"20-conteneur-frigorifique-neuf","status":"publish","type":"page","link":"https:\/\/www.atscontainers.com\/fr\/produits\/conteneurs-neufs\/20-conteneur-frigorifique-neuf\/","title":{"rendered":"Conteneur R\u00e9frig\u00e9r\u00e9 20 Pi"},"content":{"rendered":"<p>Le conteneur maritime r\u00e9frig\u00e9r\u00e9 de 20 pi est \u00e9galement commun\u00e9ment appel\u00e9 \u00abconteneur reefer\u00bb. Il s\u2019agit d\u2019un tout nouveau conteneur ISO de 20 pieds, construit avec un ext\u00e9rieur en aluminium qui \u00e9limine la rouille et un int\u00e9rieur en acier inoxydable qui est sans danger pour la manipulation et l\u2019entreposage des aliments.<\/p>\n","protected":false},"excerpt":{"rendered":"<p>Le conteneur maritime r\u00e9frig\u00e9r\u00e9 de 20 pi est \u00e9galement commun\u00e9ment appel\u00e9 \u00abconteneur reefer\u00bb. Il s\u2019agit d\u2019un tout nouveau conteneur ISO de 20 pieds, construit avec un ext\u00e9rieur en aluminium qui \u00e9limine la rouille et un int\u00e9rieur en acier inoxydable qui est sans danger pour la manipulation et l\u2019entreposage des aliments.<\/p>\n","protected":false},"author":13,"featured_media":14352,"parent":7537,"menu_order":0,"comment_status":"closed","ping_status":"closed","template":"page-fc.php","meta":{"_acf_changed":false,"ngg_post_thumbnail":0,"footnotes":""},"class_list":["post-8049","page","type-page","status-publish","has-post-thumbnail","hentry"],"acf":[],"yoast_head":"<!-- This site is optimized with the Yoast SEO plugin v26.9 - https:\/\/yoast.com\/product\/yoast-seo-wordpress\/ -->\n<title>Conteneur R\u00e9frig\u00e9r\u00e9 20 Pieds Neuf | Thermo King \u2013 ATS Conteneur<\/title>\n<meta name=\"description\" content=\"Le conteneur maritime r\u00e9frig\u00e9r\u00e9 de 20 pieds est une unit\u00e9 neuve, dot\u00e9e d\u2019un rev\u00eatement ext\u00e9rieur en aluminium et d\u2019un int\u00e9rieur en acier inoxydable pour un stockage alimentaire.\" \/>\n<meta name=\"robots\" content=\"index, follow, max-snippet:-1, max-image-preview:large, max-video-preview:-1\" \/>\n<link rel=\"canonical\" href=\"https:\/\/www.atscontainers.com\/fr\/produits\/conteneurs-neufs\/20-conteneur-frigorifique-neuf\/\" \/>\n<meta property=\"og:locale\" content=\"fr_CA\" \/>\n<meta property=\"og:type\" content=\"article\" \/>\n<meta property=\"og:title\" content=\"Conteneur R\u00e9frig\u00e9r\u00e9 20 Pieds Neuf | Thermo King \u2013 ATS Conteneur\" \/>\n<meta property=\"og:description\" content=\"Le conteneur maritime r\u00e9frig\u00e9r\u00e9 de 20 pieds est une unit\u00e9 neuve, dot\u00e9e d\u2019un rev\u00eatement ext\u00e9rieur en aluminium et d\u2019un int\u00e9rieur en acier inoxydable pour un stockage alimentaire.\" \/>\n<meta property=\"og:url\" content=\"https:\/\/www.atscontainers.com\/fr\/produits\/conteneurs-neufs\/20-conteneur-frigorifique-neuf\/\" \/>\n<meta property=\"og:site_name\" content=\"ATS Containers\" \/>\n<meta property=\"article:publisher\" content=\"https:\/\/www.facebook.com\/atscontainers\/\" \/>\n<meta property=\"article:modified_time\" content=\"2026-01-08T10:12:26+00:00\" \/>\n<meta property=\"og:image\" content=\"https:\/\/www.atscontainers.com\/wp-content\/uploads\/2024\/04\/20-new-reefer-ft-01.webp\" \/>\n\t<meta property=\"og:image:width\" content=\"900\" \/>\n\t<meta property=\"og:image:height\" content=\"675\" \/>\n\t<meta property=\"og:image:type\" content=\"image\/webp\" \/>\n<meta name=\"twitter:card\" content=\"summary_large_image\" \/>\n<meta name=\"twitter:site\" content=\"@atscontainers\" \/>\n<meta name=\"twitter:label1\" content=\"Estimation du temps de lecture\" \/>\n\t<meta name=\"twitter:data1\" content=\"1 minute\" \/>\n<script type=\"application\/ld+json\" class=\"yoast-schema-graph\">{\"@context\":\"https:\/\/schema.org\",\"@graph\":[{\"@type\":\"WebPage\",\"@id\":\"https:\/\/www.atscontainers.com\/fr\/produits\/conteneurs-neufs\/20-conteneur-frigorifique-neuf\/\",\"url\":\"https:\/\/www.atscontainers.com\/fr\/produits\/conteneurs-neufs\/20-conteneur-frigorifique-neuf\/\",\"name\":\"Conteneur R\u00e9frig\u00e9r\u00e9 20 Pieds Neuf | Thermo King \u2013 ATS Conteneur\",\"isPartOf\":{\"@id\":\"https:\/\/www.atscontainers.com\/fr\/#website\"},\"primaryImageOfPage\":{\"@id\":\"https:\/\/www.atscontainers.com\/fr\/produits\/conteneurs-neufs\/20-conteneur-frigorifique-neuf\/#primaryimage\"},\"image\":{\"@id\":\"https:\/\/www.atscontainers.com\/fr\/produits\/conteneurs-neufs\/20-conteneur-frigorifique-neuf\/#primaryimage\"},\"thumbnailUrl\":\"https:\/\/www.atscontainers.com\/wp-content\/uploads\/2024\/04\/20-new-reefer-ft-01.webp\",\"datePublished\":\"2020-04-29T16:08:46+00:00\",\"dateModified\":\"2026-01-08T10:12:26+00:00\",\"description\":\"Le conteneur maritime r\u00e9frig\u00e9r\u00e9 de 20 pieds est une unit\u00e9 neuve, dot\u00e9e d\u2019un rev\u00eatement ext\u00e9rieur en aluminium et d\u2019un int\u00e9rieur en acier inoxydable pour un stockage alimentaire.\",\"breadcrumb\":{\"@id\":\"https:\/\/www.atscontainers.com\/fr\/produits\/conteneurs-neufs\/20-conteneur-frigorifique-neuf\/#breadcrumb\"},\"inLanguage\":\"fr-CA\",\"potentialAction\":[{\"@type\":\"ReadAction\",\"target\":[\"https:\/\/www.atscontainers.com\/fr\/produits\/conteneurs-neufs\/20-conteneur-frigorifique-neuf\/\"]}]},{\"@type\":\"ImageObject\",\"inLanguage\":\"fr-CA\",\"@id\":\"https:\/\/www.atscontainers.com\/fr\/produits\/conteneurs-neufs\/20-conteneur-frigorifique-neuf\/#primaryimage\",\"url\":\"https:\/\/www.atscontainers.com\/wp-content\/uploads\/2024\/04\/20-new-reefer-ft-01.webp\",\"contentUrl\":\"https:\/\/www.atscontainers.com\/wp-content\/uploads\/2024\/04\/20-new-reefer-ft-01.webp\",\"width\":900,\"height\":675},{\"@type\":\"BreadcrumbList\",\"@id\":\"https:\/\/www.atscontainers.com\/fr\/produits\/conteneurs-neufs\/20-conteneur-frigorifique-neuf\/#breadcrumb\",\"itemListElement\":[{\"@type\":\"ListItem\",\"position\":1,\"name\":\"Home\",\"item\":\"https:\/\/www.atscontainers.com\/fr\/\"},{\"@type\":\"ListItem\",\"position\":2,\"name\":\"Conteneurs \u00e0 Vendre\",\"item\":\"https:\/\/www.atscontainers.com\/fr\/produits\/\"},{\"@type\":\"ListItem\",\"position\":3,\"name\":\"Conteneurs Neufs\",\"item\":\"https:\/\/www.atscontainers.com\/fr\/produits\/conteneurs-neufs\/\"},{\"@type\":\"ListItem\",\"position\":4,\"name\":\"Conteneur R\u00e9frig\u00e9r\u00e9 20 Pi\"}]},{\"@type\":\"WebSite\",\"@id\":\"https:\/\/www.atscontainers.com\/fr\/#website\",\"url\":\"https:\/\/www.atscontainers.com\/fr\/\",\"name\":\"ATS Containers\",\"description\":\"\",\"publisher\":{\"@id\":\"https:\/\/www.atscontainers.com\/fr\/#organization\"},\"potentialAction\":[{\"@type\":\"SearchAction\",\"target\":{\"@type\":\"EntryPoint\",\"urlTemplate\":\"https:\/\/www.atscontainers.com\/fr\/?s={search_term_string}\"},\"query-input\":{\"@type\":\"PropertyValueSpecification\",\"valueRequired\":true,\"valueName\":\"search_term_string\"}}],\"inLanguage\":\"fr-CA\"},{\"@type\":\"Organization\",\"@id\":\"https:\/\/www.atscontainers.com\/fr\/#organization\",\"name\":\"ATS Containers\",\"url\":\"https:\/\/www.atscontainers.com\/fr\/\",\"logo\":{\"@type\":\"ImageObject\",\"inLanguage\":\"fr-CA\",\"@id\":\"https:\/\/www.atscontainers.com\/fr\/#\/schema\/logo\/image\/\",\"url\":\"https:\/\/www.atscontainers.com\/wp-content\/uploads\/2018\/09\/ats-containers-canada_.png\",\"contentUrl\":\"https:\/\/www.atscontainers.com\/wp-content\/uploads\/2018\/09\/ats-containers-canada_.png\",\"width\":500,\"height\":500,\"caption\":\"ATS Containers\"},\"image\":{\"@id\":\"https:\/\/www.atscontainers.com\/fr\/#\/schema\/logo\/image\/\"},\"sameAs\":[\"https:\/\/www.facebook.com\/atscontainers\/\",\"https:\/\/x.com\/atscontainers\",\"https:\/\/www.instagram.com\/atscontainers\/\",\"https:\/\/www.linkedin.com\/company\/ats-container-services\/\"]}]}<\/script>\n<!-- \/ Yoast SEO plugin. -->","yoast_head_json":{"title":"Conteneur R\u00e9frig\u00e9r\u00e9 20 Pieds Neuf | Thermo King \u2013 ATS Conteneur","description":"Le conteneur maritime r\u00e9frig\u00e9r\u00e9 de 20 pieds est une unit\u00e9 neuve, dot\u00e9e d\u2019un rev\u00eatement ext\u00e9rieur en aluminium et d\u2019un int\u00e9rieur en acier inoxydable pour un stockage alimentaire.","robots":{"index":"index","follow":"follow","max-snippet":"max-snippet:-1","max-image-preview":"max-image-preview:large","max-video-preview":"max-video-preview:-1"},"canonical":"https:\/\/www.atscontainers.com\/fr\/produits\/conteneurs-neufs\/20-conteneur-frigorifique-neuf\/","og_locale":"fr_CA","og_type":"article","og_title":"Conteneur R\u00e9frig\u00e9r\u00e9 20 Pieds Neuf | Thermo King \u2013 ATS Conteneur","og_description":"Le conteneur maritime r\u00e9frig\u00e9r\u00e9 de 20 pieds est une unit\u00e9 neuve, dot\u00e9e d\u2019un rev\u00eatement ext\u00e9rieur en aluminium et d\u2019un int\u00e9rieur en acier inoxydable pour un stockage alimentaire.","og_url":"https:\/\/www.atscontainers.com\/fr\/produits\/conteneurs-neufs\/20-conteneur-frigorifique-neuf\/","og_site_name":"ATS Containers","article_publisher":"https:\/\/www.facebook.com\/atscontainers\/","article_modified_time":"2026-01-08T10:12:26+00:00","og_image":[{"width":900,"height":675,"url":"https:\/\/www.atscontainers.com\/wp-content\/uploads\/2024\/04\/20-new-reefer-ft-01.webp","type":"image\/webp"}],"twitter_card":"summary_large_image","twitter_site":"@atscontainers","twitter_misc":{"Estimation du temps de lecture":"1 minute"},"schema":{"@context":"https:\/\/schema.org","@graph":[{"@type":"WebPage","@id":"https:\/\/www.atscontainers.com\/fr\/produits\/conteneurs-neufs\/20-conteneur-frigorifique-neuf\/","url":"https:\/\/www.atscontainers.com\/fr\/produits\/conteneurs-neufs\/20-conteneur-frigorifique-neuf\/","name":"Conteneur R\u00e9frig\u00e9r\u00e9 20 Pieds Neuf | Thermo King \u2013 ATS Conteneur","isPartOf":{"@id":"https:\/\/www.atscontainers.com\/fr\/#website"},"primaryImageOfPage":{"@id":"https:\/\/www.atscontainers.com\/fr\/produits\/conteneurs-neufs\/20-conteneur-frigorifique-neuf\/#primaryimage"},"image":{"@id":"https:\/\/www.atscontainers.com\/fr\/produits\/conteneurs-neufs\/20-conteneur-frigorifique-neuf\/#primaryimage"},"thumbnailUrl":"https:\/\/www.atscontainers.com\/wp-content\/uploads\/2024\/04\/20-new-reefer-ft-01.webp","datePublished":"2020-04-29T16:08:46+00:00","dateModified":"2026-01-08T10:12:26+00:00","description":"Le conteneur maritime r\u00e9frig\u00e9r\u00e9 de 20 pieds est une unit\u00e9 neuve, dot\u00e9e d\u2019un rev\u00eatement ext\u00e9rieur en aluminium et d\u2019un int\u00e9rieur en acier inoxydable pour un stockage alimentaire.","breadcrumb":{"@id":"https:\/\/www.atscontainers.com\/fr\/produits\/conteneurs-neufs\/20-conteneur-frigorifique-neuf\/#breadcrumb"},"inLanguage":"fr-CA","potentialAction":[{"@type":"ReadAction","target":["https:\/\/www.atscontainers.com\/fr\/produits\/conteneurs-neufs\/20-conteneur-frigorifique-neuf\/"]}]},{"@type":"ImageObject","inLanguage":"fr-CA","@id":"https:\/\/www.atscontainers.com\/fr\/produits\/conteneurs-neufs\/20-conteneur-frigorifique-neuf\/#primaryimage","url":"https:\/\/www.atscontainers.com\/wp-content\/uploads\/2024\/04\/20-new-reefer-ft-01.webp","contentUrl":"https:\/\/www.atscontainers.com\/wp-content\/uploads\/2024\/04\/20-new-reefer-ft-01.webp","width":900,"height":675},{"@type":"BreadcrumbList","@id":"https:\/\/www.atscontainers.com\/fr\/produits\/conteneurs-neufs\/20-conteneur-frigorifique-neuf\/#breadcrumb","itemListElement":[{"@type":"ListItem","position":1,"name":"Home","item":"https:\/\/www.atscontainers.com\/fr\/"},{"@type":"ListItem","position":2,"name":"Conteneurs \u00e0 Vendre","item":"https:\/\/www.atscontainers.com\/fr\/produits\/"},{"@type":"ListItem","position":3,"name":"Conteneurs Neufs","item":"https:\/\/www.atscontainers.com\/fr\/produits\/conteneurs-neufs\/"},{"@type":"ListItem","position":4,"name":"Conteneur R\u00e9frig\u00e9r\u00e9 20 Pi"}]},{"@type":"WebSite","@id":"https:\/\/www.atscontainers.com\/fr\/#website","url":"https:\/\/www.atscontainers.com\/fr\/","name":"ATS Containers","description":"","publisher":{"@id":"https:\/\/www.atscontainers.com\/fr\/#organization"},"potentialAction":[{"@type":"SearchAction","target":{"@type":"EntryPoint","urlTemplate":"https:\/\/www.atscontainers.com\/fr\/?s={search_term_string}"},"query-input":{"@type":"PropertyValueSpecification","valueRequired":true,"valueName":"search_term_string"}}],"inLanguage":"fr-CA"},{"@type":"Organization","@id":"https:\/\/www.atscontainers.com\/fr\/#organization","name":"ATS Containers","url":"https:\/\/www.atscontainers.com\/fr\/","logo":{"@type":"ImageObject","inLanguage":"fr-CA","@id":"https:\/\/www.atscontainers.com\/fr\/#\/schema\/logo\/image\/","url":"https:\/\/www.atscontainers.com\/wp-content\/uploads\/2018\/09\/ats-containers-canada_.png","contentUrl":"https:\/\/www.atscontainers.com\/wp-content\/uploads\/2018\/09\/ats-containers-canada_.png","width":500,"height":500,"caption":"ATS Containers"},"image":{"@id":"https:\/\/www.atscontainers.com\/fr\/#\/schema\/logo\/image\/"},"sameAs":["https:\/\/www.facebook.com\/atscontainers\/","https:\/\/x.com\/atscontainers","https:\/\/www.instagram.com\/atscontainers\/","https:\/\/www.linkedin.com\/company\/ats-container-services\/"]}]}},"_links":{"self":[{"href":"https:\/\/www.atscontainers.com\/fr\/wp-json\/wp\/v2\/pages\/8049","targetHints":{"allow":["GET"]}}],"collection":[{"href":"https:\/\/www.atscontainers.com\/fr\/wp-json\/wp\/v2\/pages"}],"about":[{"href":"https:\/\/www.atscontainers.com\/fr\/wp-json\/wp\/v2\/types\/page"}],"author":[{"embeddable":true,"href":"https:\/\/www.atscontainers.com\/fr\/wp-json\/wp\/v2\/users\/13"}],"replies":[{"embeddable":true,"href":"https:\/\/www.atscontainers.com\/fr\/wp-json\/wp\/v2\/comments?post=8049"}],"version-history":[{"count":8,"href":"https:\/\/www.atscontainers.com\/fr\/wp-json\/wp\/v2\/pages\/8049\/revisions"}],"predecessor-version":[{"id":20330,"href":"https:\/\/www.atscontainers.com\/fr\/wp-json\/wp\/v2\/pages\/8049\/revisions\/20330"}],"up":[{"embeddable":true,"href":"https:\/\/www.atscontainers.com\/fr\/wp-json\/wp\/v2\/pages\/7537"}],"wp:featuredmedia":[{"embeddable":true,"href":"https:\/\/www.atscontainers.com\/fr\/wp-json\/wp\/v2\/media\/14352"}],"wp:attachment":[{"href":"https:\/\/www.atscontainers.com\/fr\/wp-json\/wp\/v2\/media?parent=8049"}],"curies":[{"name":"wp","href":"https:\/\/api.w.org\/{rel}","templated":true}]}}