{"id":8058,"date":"2018-05-28T13:11:08","date_gmt":"2018-05-28T17:11:08","guid":{"rendered":"https:\/\/www.atscontainers.com\/products\/conteneurs-usages-2\/20-used-refrigerated-container\/"},"modified":"2026-01-08T04:26:12","modified_gmt":"2026-01-08T09:26:12","slug":"20-frigorifique-conteneur-usage","status":"publish","type":"page","link":"https:\/\/www.atscontainers.com\/fr\/produits\/conteneurs-usages\/20-frigorifique-conteneur-usage\/","title":{"rendered":"Conteneur R\u00e9frig\u00e9r\u00e9 20 Pi Usag\u00e9"},"content":{"rendered":"<p>Les conteneurs r\u00e9frig\u00e9r\u00e9s de 20 pieds, plus commun\u00e9ment appel\u00e9s conteneurs \u00ab reefer \u00bb, peuvent supporter une temp\u00e9rature de -25 \u00b0 C \u00e0 + 25 \u00b0 C.<\/p>\n","protected":false},"excerpt":{"rendered":"<p>Les conteneurs r\u00e9frig\u00e9r\u00e9s de 20 pieds, plus commun\u00e9ment appel\u00e9s conteneurs \u00ab reefer \u00bb, peuvent supporter une temp\u00e9rature de -25 \u00b0 C \u00e0 + 25 \u00b0 C.<\/p>\n","protected":false},"author":13,"featured_media":6767,"parent":7542,"menu_order":0,"comment_status":"closed","ping_status":"closed","template":"page-fc.php","meta":{"_acf_changed":false,"ngg_post_thumbnail":0,"footnotes":""},"class_list":["post-8058","page","type-page","status-publish","has-post-thumbnail","hentry"],"acf":[],"yoast_head":"<!-- This site is optimized with the Yoast SEO plugin v26.9 - https:\/\/yoast.com\/product\/yoast-seo-wordpress\/ -->\n<title>Reefer 20 pi Usag\u00e9 en Acier Inox | Conteneur R\u00e9frig\u00e9r\u00e9 \u00e0 Vendre<\/title>\n<meta name=\"description\" content=\"Les conteneurs r\u00e9frig\u00e9r\u00e9s usag\u00e9s de 20 pieds sont fabriqu\u00e9s avec des mat\u00e9riaux de qualit\u00e9 alimentaire et sont \u00e9quip\u00e9s d\u2019un syst\u00e8me de r\u00e9frig\u00e9ration fonctionnel.\" \/>\n<meta name=\"robots\" content=\"index, follow, max-snippet:-1, max-image-preview:large, max-video-preview:-1\" \/>\n<link rel=\"canonical\" href=\"https:\/\/www.atscontainers.com\/fr\/produits\/conteneurs-usages\/20-frigorifique-conteneur-usage\/\" \/>\n<meta property=\"og:locale\" content=\"fr_CA\" \/>\n<meta property=\"og:type\" content=\"article\" \/>\n<meta property=\"og:title\" content=\"Reefer 20 pi Usag\u00e9 en Acier Inox | Conteneur R\u00e9frig\u00e9r\u00e9 \u00e0 Vendre\" \/>\n<meta property=\"og:description\" content=\"Les conteneurs r\u00e9frig\u00e9r\u00e9s usag\u00e9s de 20 pieds sont fabriqu\u00e9s avec des mat\u00e9riaux de qualit\u00e9 alimentaire et sont \u00e9quip\u00e9s d\u2019un syst\u00e8me de r\u00e9frig\u00e9ration fonctionnel.\" \/>\n<meta property=\"og:url\" content=\"https:\/\/www.atscontainers.com\/fr\/produits\/conteneurs-usages\/20-frigorifique-conteneur-usage\/\" \/>\n<meta property=\"og:site_name\" content=\"ATS Containers\" \/>\n<meta property=\"article:publisher\" content=\"https:\/\/www.facebook.com\/atscontainers\/\" \/>\n<meta property=\"article:modified_time\" content=\"2026-01-08T09:26:12+00:00\" \/>\n<meta property=\"og:image\" content=\"https:\/\/www.atscontainers.com\/wp-content\/uploads\/2021\/10\/20-used-reefer-container-3.jpg\" \/>\n\t<meta property=\"og:image:width\" content=\"900\" \/>\n\t<meta property=\"og:image:height\" content=\"600\" \/>\n\t<meta property=\"og:image:type\" content=\"image\/jpeg\" \/>\n<meta name=\"twitter:card\" content=\"summary_large_image\" \/>\n<meta name=\"twitter:site\" content=\"@atscontainers\" \/>\n<meta name=\"twitter:label1\" content=\"Estimation du temps de lecture\" \/>\n\t<meta name=\"twitter:data1\" content=\"1 minute\" \/>\n<script type=\"application\/ld+json\" class=\"yoast-schema-graph\">{\"@context\":\"https:\/\/schema.org\",\"@graph\":[{\"@type\":\"WebPage\",\"@id\":\"https:\/\/www.atscontainers.com\/fr\/produits\/conteneurs-usages\/20-frigorifique-conteneur-usage\/\",\"url\":\"https:\/\/www.atscontainers.com\/fr\/produits\/conteneurs-usages\/20-frigorifique-conteneur-usage\/\",\"name\":\"Reefer 20 pi Usag\u00e9 en Acier Inox | Conteneur R\u00e9frig\u00e9r\u00e9 \u00e0 Vendre\",\"isPartOf\":{\"@id\":\"https:\/\/www.atscontainers.com\/fr\/#website\"},\"primaryImageOfPage\":{\"@id\":\"https:\/\/www.atscontainers.com\/fr\/produits\/conteneurs-usages\/20-frigorifique-conteneur-usage\/#primaryimage\"},\"image\":{\"@id\":\"https:\/\/www.atscontainers.com\/fr\/produits\/conteneurs-usages\/20-frigorifique-conteneur-usage\/#primaryimage\"},\"thumbnailUrl\":\"https:\/\/www.atscontainers.com\/wp-content\/uploads\/2021\/10\/20-used-reefer-container-3.jpg\",\"datePublished\":\"2018-05-28T17:11:08+00:00\",\"dateModified\":\"2026-01-08T09:26:12+00:00\",\"description\":\"Les conteneurs r\u00e9frig\u00e9r\u00e9s usag\u00e9s de 20 pieds sont fabriqu\u00e9s avec des mat\u00e9riaux de qualit\u00e9 alimentaire et sont \u00e9quip\u00e9s d\u2019un syst\u00e8me de r\u00e9frig\u00e9ration fonctionnel.\",\"breadcrumb\":{\"@id\":\"https:\/\/www.atscontainers.com\/fr\/produits\/conteneurs-usages\/20-frigorifique-conteneur-usage\/#breadcrumb\"},\"inLanguage\":\"fr-CA\",\"potentialAction\":[{\"@type\":\"ReadAction\",\"target\":[\"https:\/\/www.atscontainers.com\/fr\/produits\/conteneurs-usages\/20-frigorifique-conteneur-usage\/\"]}]},{\"@type\":\"ImageObject\",\"inLanguage\":\"fr-CA\",\"@id\":\"https:\/\/www.atscontainers.com\/fr\/produits\/conteneurs-usages\/20-frigorifique-conteneur-usage\/#primaryimage\",\"url\":\"https:\/\/www.atscontainers.com\/wp-content\/uploads\/2021\/10\/20-used-reefer-container-3.jpg\",\"contentUrl\":\"https:\/\/www.atscontainers.com\/wp-content\/uploads\/2021\/10\/20-used-reefer-container-3.jpg\",\"width\":900,\"height\":600},{\"@type\":\"BreadcrumbList\",\"@id\":\"https:\/\/www.atscontainers.com\/fr\/produits\/conteneurs-usages\/20-frigorifique-conteneur-usage\/#breadcrumb\",\"itemListElement\":[{\"@type\":\"ListItem\",\"position\":1,\"name\":\"Home\",\"item\":\"https:\/\/www.atscontainers.com\/fr\/\"},{\"@type\":\"ListItem\",\"position\":2,\"name\":\"Conteneurs \u00e0 Vendre\",\"item\":\"https:\/\/www.atscontainers.com\/fr\/produits\/\"},{\"@type\":\"ListItem\",\"position\":3,\"name\":\"CONTENEURS USAG\u00c9S\",\"item\":\"https:\/\/www.atscontainers.com\/fr\/produits\/conteneurs-usages\/\"},{\"@type\":\"ListItem\",\"position\":4,\"name\":\"Conteneur R\u00e9frig\u00e9r\u00e9 20 Pi Usag\u00e9\"}]},{\"@type\":\"WebSite\",\"@id\":\"https:\/\/www.atscontainers.com\/fr\/#website\",\"url\":\"https:\/\/www.atscontainers.com\/fr\/\",\"name\":\"ATS Containers\",\"description\":\"\",\"publisher\":{\"@id\":\"https:\/\/www.atscontainers.com\/fr\/#organization\"},\"potentialAction\":[{\"@type\":\"SearchAction\",\"target\":{\"@type\":\"EntryPoint\",\"urlTemplate\":\"https:\/\/www.atscontainers.com\/fr\/?s={search_term_string}\"},\"query-input\":{\"@type\":\"PropertyValueSpecification\",\"valueRequired\":true,\"valueName\":\"search_term_string\"}}],\"inLanguage\":\"fr-CA\"},{\"@type\":\"Organization\",\"@id\":\"https:\/\/www.atscontainers.com\/fr\/#organization\",\"name\":\"ATS Containers\",\"url\":\"https:\/\/www.atscontainers.com\/fr\/\",\"logo\":{\"@type\":\"ImageObject\",\"inLanguage\":\"fr-CA\",\"@id\":\"https:\/\/www.atscontainers.com\/fr\/#\/schema\/logo\/image\/\",\"url\":\"https:\/\/www.atscontainers.com\/wp-content\/uploads\/2018\/09\/ats-containers-canada_.png\",\"contentUrl\":\"https:\/\/www.atscontainers.com\/wp-content\/uploads\/2018\/09\/ats-containers-canada_.png\",\"width\":500,\"height\":500,\"caption\":\"ATS Containers\"},\"image\":{\"@id\":\"https:\/\/www.atscontainers.com\/fr\/#\/schema\/logo\/image\/\"},\"sameAs\":[\"https:\/\/www.facebook.com\/atscontainers\/\",\"https:\/\/x.com\/atscontainers\",\"https:\/\/www.instagram.com\/atscontainers\/\",\"https:\/\/www.linkedin.com\/company\/ats-container-services\/\"]}]}<\/script>\n<!-- \/ Yoast SEO plugin. -->","yoast_head_json":{"title":"Reefer 20 pi Usag\u00e9 en Acier Inox | Conteneur R\u00e9frig\u00e9r\u00e9 \u00e0 Vendre","description":"Les conteneurs r\u00e9frig\u00e9r\u00e9s usag\u00e9s de 20 pieds sont fabriqu\u00e9s avec des mat\u00e9riaux de qualit\u00e9 alimentaire et sont \u00e9quip\u00e9s d\u2019un syst\u00e8me de r\u00e9frig\u00e9ration fonctionnel.","robots":{"index":"index","follow":"follow","max-snippet":"max-snippet:-1","max-image-preview":"max-image-preview:large","max-video-preview":"max-video-preview:-1"},"canonical":"https:\/\/www.atscontainers.com\/fr\/produits\/conteneurs-usages\/20-frigorifique-conteneur-usage\/","og_locale":"fr_CA","og_type":"article","og_title":"Reefer 20 pi Usag\u00e9 en Acier Inox | Conteneur R\u00e9frig\u00e9r\u00e9 \u00e0 Vendre","og_description":"Les conteneurs r\u00e9frig\u00e9r\u00e9s usag\u00e9s de 20 pieds sont fabriqu\u00e9s avec des mat\u00e9riaux de qualit\u00e9 alimentaire et sont \u00e9quip\u00e9s d\u2019un syst\u00e8me de r\u00e9frig\u00e9ration fonctionnel.","og_url":"https:\/\/www.atscontainers.com\/fr\/produits\/conteneurs-usages\/20-frigorifique-conteneur-usage\/","og_site_name":"ATS Containers","article_publisher":"https:\/\/www.facebook.com\/atscontainers\/","article_modified_time":"2026-01-08T09:26:12+00:00","og_image":[{"width":900,"height":600,"url":"https:\/\/www.atscontainers.com\/wp-content\/uploads\/2021\/10\/20-used-reefer-container-3.jpg","type":"image\/jpeg"}],"twitter_card":"summary_large_image","twitter_site":"@atscontainers","twitter_misc":{"Estimation du temps de lecture":"1 minute"},"schema":{"@context":"https:\/\/schema.org","@graph":[{"@type":"WebPage","@id":"https:\/\/www.atscontainers.com\/fr\/produits\/conteneurs-usages\/20-frigorifique-conteneur-usage\/","url":"https:\/\/www.atscontainers.com\/fr\/produits\/conteneurs-usages\/20-frigorifique-conteneur-usage\/","name":"Reefer 20 pi Usag\u00e9 en Acier Inox | Conteneur R\u00e9frig\u00e9r\u00e9 \u00e0 Vendre","isPartOf":{"@id":"https:\/\/www.atscontainers.com\/fr\/#website"},"primaryImageOfPage":{"@id":"https:\/\/www.atscontainers.com\/fr\/produits\/conteneurs-usages\/20-frigorifique-conteneur-usage\/#primaryimage"},"image":{"@id":"https:\/\/www.atscontainers.com\/fr\/produits\/conteneurs-usages\/20-frigorifique-conteneur-usage\/#primaryimage"},"thumbnailUrl":"https:\/\/www.atscontainers.com\/wp-content\/uploads\/2021\/10\/20-used-reefer-container-3.jpg","datePublished":"2018-05-28T17:11:08+00:00","dateModified":"2026-01-08T09:26:12+00:00","description":"Les conteneurs r\u00e9frig\u00e9r\u00e9s usag\u00e9s de 20 pieds sont fabriqu\u00e9s avec des mat\u00e9riaux de qualit\u00e9 alimentaire et sont \u00e9quip\u00e9s d\u2019un syst\u00e8me de r\u00e9frig\u00e9ration fonctionnel.","breadcrumb":{"@id":"https:\/\/www.atscontainers.com\/fr\/produits\/conteneurs-usages\/20-frigorifique-conteneur-usage\/#breadcrumb"},"inLanguage":"fr-CA","potentialAction":[{"@type":"ReadAction","target":["https:\/\/www.atscontainers.com\/fr\/produits\/conteneurs-usages\/20-frigorifique-conteneur-usage\/"]}]},{"@type":"ImageObject","inLanguage":"fr-CA","@id":"https:\/\/www.atscontainers.com\/fr\/produits\/conteneurs-usages\/20-frigorifique-conteneur-usage\/#primaryimage","url":"https:\/\/www.atscontainers.com\/wp-content\/uploads\/2021\/10\/20-used-reefer-container-3.jpg","contentUrl":"https:\/\/www.atscontainers.com\/wp-content\/uploads\/2021\/10\/20-used-reefer-container-3.jpg","width":900,"height":600},{"@type":"BreadcrumbList","@id":"https:\/\/www.atscontainers.com\/fr\/produits\/conteneurs-usages\/20-frigorifique-conteneur-usage\/#breadcrumb","itemListElement":[{"@type":"ListItem","position":1,"name":"Home","item":"https:\/\/www.atscontainers.com\/fr\/"},{"@type":"ListItem","position":2,"name":"Conteneurs \u00e0 Vendre","item":"https:\/\/www.atscontainers.com\/fr\/produits\/"},{"@type":"ListItem","position":3,"name":"CONTENEURS USAG\u00c9S","item":"https:\/\/www.atscontainers.com\/fr\/produits\/conteneurs-usages\/"},{"@type":"ListItem","position":4,"name":"Conteneur R\u00e9frig\u00e9r\u00e9 20 Pi Usag\u00e9"}]},{"@type":"WebSite","@id":"https:\/\/www.atscontainers.com\/fr\/#website","url":"https:\/\/www.atscontainers.com\/fr\/","name":"ATS Containers","description":"","publisher":{"@id":"https:\/\/www.atscontainers.com\/fr\/#organization"},"potentialAction":[{"@type":"SearchAction","target":{"@type":"EntryPoint","urlTemplate":"https:\/\/www.atscontainers.com\/fr\/?s={search_term_string}"},"query-input":{"@type":"PropertyValueSpecification","valueRequired":true,"valueName":"search_term_string"}}],"inLanguage":"fr-CA"},{"@type":"Organization","@id":"https:\/\/www.atscontainers.com\/fr\/#organization","name":"ATS Containers","url":"https:\/\/www.atscontainers.com\/fr\/","logo":{"@type":"ImageObject","inLanguage":"fr-CA","@id":"https:\/\/www.atscontainers.com\/fr\/#\/schema\/logo\/image\/","url":"https:\/\/www.atscontainers.com\/wp-content\/uploads\/2018\/09\/ats-containers-canada_.png","contentUrl":"https:\/\/www.atscontainers.com\/wp-content\/uploads\/2018\/09\/ats-containers-canada_.png","width":500,"height":500,"caption":"ATS Containers"},"image":{"@id":"https:\/\/www.atscontainers.com\/fr\/#\/schema\/logo\/image\/"},"sameAs":["https:\/\/www.facebook.com\/atscontainers\/","https:\/\/x.com\/atscontainers","https:\/\/www.instagram.com\/atscontainers\/","https:\/\/www.linkedin.com\/company\/ats-container-services\/"]}]}},"_links":{"self":[{"href":"https:\/\/www.atscontainers.com\/fr\/wp-json\/wp\/v2\/pages\/8058","targetHints":{"allow":["GET"]}}],"collection":[{"href":"https:\/\/www.atscontainers.com\/fr\/wp-json\/wp\/v2\/pages"}],"about":[{"href":"https:\/\/www.atscontainers.com\/fr\/wp-json\/wp\/v2\/types\/page"}],"author":[{"embeddable":true,"href":"https:\/\/www.atscontainers.com\/fr\/wp-json\/wp\/v2\/users\/13"}],"replies":[{"embeddable":true,"href":"https:\/\/www.atscontainers.com\/fr\/wp-json\/wp\/v2\/comments?post=8058"}],"version-history":[{"count":7,"href":"https:\/\/www.atscontainers.com\/fr\/wp-json\/wp\/v2\/pages\/8058\/revisions"}],"predecessor-version":[{"id":17090,"href":"https:\/\/www.atscontainers.com\/fr\/wp-json\/wp\/v2\/pages\/8058\/revisions\/17090"}],"up":[{"embeddable":true,"href":"https:\/\/www.atscontainers.com\/fr\/wp-json\/wp\/v2\/pages\/7542"}],"wp:featuredmedia":[{"embeddable":true,"href":"https:\/\/www.atscontainers.com\/fr\/wp-json\/wp\/v2\/media\/6767"}],"wp:attachment":[{"href":"https:\/\/www.atscontainers.com\/fr\/wp-json\/wp\/v2\/media?parent=8058"}],"curies":[{"name":"wp","href":"https:\/\/api.w.org\/{rel}","templated":true}]}}