{"id":8072,"date":"2018-05-28T12:28:26","date_gmt":"2018-05-28T16:28:26","guid":{"rendered":"https:\/\/www.atscontainers.com\/products\/conteneurs-usages-2\/10-used-container\/"},"modified":"2025-11-27T10:36:31","modified_gmt":"2025-11-27T15:36:31","slug":"10-conteneur-usage","status":"publish","type":"page","link":"https:\/\/www.atscontainers.com\/fr\/produits\/conteneurs-usages\/10-conteneur-usage\/","title":{"rendered":"Conteneur 10 Pi Usag\u00e9"},"content":{"rendered":"<p>Les conteneurs de 10 pieds sont la solution de stockage id\u00e9ale pour un espace d\u2019entreposage maximal dans des espaces restreints. Ils sont repeints gris fonc\u00e9 et incluent une bo\u00eete de verrouillage s\u00e9curis\u00e9e.<\/p>\n","protected":false},"excerpt":{"rendered":"<p>Les conteneurs de 10 pieds sont la solution de stockage id\u00e9ale pour un espace d\u2019entreposage maximal dans des espaces restreints. Ils sont repeints gris fonc\u00e9 et incluent une bo\u00eete de verrouillage s\u00e9curis\u00e9e.<\/p>\n","protected":false},"author":13,"featured_media":13145,"parent":7542,"menu_order":0,"comment_status":"closed","ping_status":"closed","template":"page-fc.php","meta":{"_acf_changed":false,"ngg_post_thumbnail":0,"footnotes":""},"class_list":["post-8072","page","type-page","status-publish","has-post-thumbnail","hentry"],"acf":[],"yoast_head":"<!-- This site is optimized with the Yoast SEO plugin v26.9 - https:\/\/yoast.com\/product\/yoast-seo-wordpress\/ -->\n<title>Conteneur Maritime d&#039;Entreposage 10 Pieds Usag\u00e9 | ATS Conteneur<\/title>\n<meta name=\"description\" content=\"Mini conteneur maritime usag\u00e9 de 10 pieds, id\u00e9al pour l\u2019entreposage ext\u00e9rieur s\u00e9curis\u00e9. \u00c9tanche, compact et livr\u00e9 avec bo\u00eetier de verrouillage inclus.\" \/>\n<meta name=\"robots\" content=\"index, follow, max-snippet:-1, max-image-preview:large, max-video-preview:-1\" \/>\n<link rel=\"canonical\" href=\"https:\/\/www.atscontainers.com\/fr\/produits\/conteneurs-usages\/10-conteneur-usage\/\" \/>\n<meta property=\"og:locale\" content=\"fr_CA\" \/>\n<meta property=\"og:type\" content=\"article\" \/>\n<meta property=\"og:title\" content=\"Conteneur Maritime d&#039;Entreposage 10 Pieds Usag\u00e9 | ATS Conteneur\" \/>\n<meta property=\"og:description\" content=\"Mini conteneur maritime usag\u00e9 de 10 pieds, id\u00e9al pour l\u2019entreposage ext\u00e9rieur s\u00e9curis\u00e9. \u00c9tanche, compact et livr\u00e9 avec bo\u00eetier de verrouillage inclus.\" \/>\n<meta property=\"og:url\" content=\"https:\/\/www.atscontainers.com\/fr\/produits\/conteneurs-usages\/10-conteneur-usage\/\" \/>\n<meta property=\"og:site_name\" content=\"ATS Containers\" \/>\n<meta property=\"article:publisher\" content=\"https:\/\/www.facebook.com\/atscontainers\/\" \/>\n<meta property=\"article:modified_time\" content=\"2025-11-27T15:36:31+00:00\" \/>\n<meta property=\"og:image\" content=\"https:\/\/www.atscontainers.com\/wp-content\/uploads\/2024\/03\/10-used-container-cover-picture-ft-02.jpeg\" \/>\n\t<meta property=\"og:image:width\" content=\"900\" \/>\n\t<meta property=\"og:image:height\" content=\"600\" \/>\n\t<meta property=\"og:image:type\" content=\"image\/jpeg\" \/>\n<meta name=\"twitter:card\" content=\"summary_large_image\" \/>\n<meta name=\"twitter:site\" content=\"@atscontainers\" \/>\n<meta name=\"twitter:label1\" content=\"Estimation du temps de lecture\" \/>\n\t<meta name=\"twitter:data1\" content=\"1 minute\" \/>\n<script type=\"application\/ld+json\" class=\"yoast-schema-graph\">{\"@context\":\"https:\/\/schema.org\",\"@graph\":[{\"@type\":\"WebPage\",\"@id\":\"https:\/\/www.atscontainers.com\/fr\/produits\/conteneurs-usages\/10-conteneur-usage\/\",\"url\":\"https:\/\/www.atscontainers.com\/fr\/produits\/conteneurs-usages\/10-conteneur-usage\/\",\"name\":\"Conteneur Maritime d'Entreposage 10 Pieds Usag\u00e9 | ATS Conteneur\",\"isPartOf\":{\"@id\":\"https:\/\/www.atscontainers.com\/fr\/#website\"},\"primaryImageOfPage\":{\"@id\":\"https:\/\/www.atscontainers.com\/fr\/produits\/conteneurs-usages\/10-conteneur-usage\/#primaryimage\"},\"image\":{\"@id\":\"https:\/\/www.atscontainers.com\/fr\/produits\/conteneurs-usages\/10-conteneur-usage\/#primaryimage\"},\"thumbnailUrl\":\"https:\/\/www.atscontainers.com\/wp-content\/uploads\/2024\/03\/10-used-container-cover-picture-ft-02.jpeg\",\"datePublished\":\"2018-05-28T16:28:26+00:00\",\"dateModified\":\"2025-11-27T15:36:31+00:00\",\"description\":\"Mini conteneur maritime usag\u00e9 de 10 pieds, id\u00e9al pour l\u2019entreposage ext\u00e9rieur s\u00e9curis\u00e9. \u00c9tanche, compact et livr\u00e9 avec bo\u00eetier de verrouillage inclus.\",\"breadcrumb\":{\"@id\":\"https:\/\/www.atscontainers.com\/fr\/produits\/conteneurs-usages\/10-conteneur-usage\/#breadcrumb\"},\"inLanguage\":\"fr-CA\",\"potentialAction\":[{\"@type\":\"ReadAction\",\"target\":[\"https:\/\/www.atscontainers.com\/fr\/produits\/conteneurs-usages\/10-conteneur-usage\/\"]}]},{\"@type\":\"ImageObject\",\"inLanguage\":\"fr-CA\",\"@id\":\"https:\/\/www.atscontainers.com\/fr\/produits\/conteneurs-usages\/10-conteneur-usage\/#primaryimage\",\"url\":\"https:\/\/www.atscontainers.com\/wp-content\/uploads\/2024\/03\/10-used-container-cover-picture-ft-02.jpeg\",\"contentUrl\":\"https:\/\/www.atscontainers.com\/wp-content\/uploads\/2024\/03\/10-used-container-cover-picture-ft-02.jpeg\",\"width\":900,\"height\":600},{\"@type\":\"BreadcrumbList\",\"@id\":\"https:\/\/www.atscontainers.com\/fr\/produits\/conteneurs-usages\/10-conteneur-usage\/#breadcrumb\",\"itemListElement\":[{\"@type\":\"ListItem\",\"position\":1,\"name\":\"Home\",\"item\":\"https:\/\/www.atscontainers.com\/fr\/\"},{\"@type\":\"ListItem\",\"position\":2,\"name\":\"Conteneurs \u00e0 Vendre\",\"item\":\"https:\/\/www.atscontainers.com\/fr\/produits\/\"},{\"@type\":\"ListItem\",\"position\":3,\"name\":\"CONTENEURS USAG\u00c9S\",\"item\":\"https:\/\/www.atscontainers.com\/fr\/produits\/conteneurs-usages\/\"},{\"@type\":\"ListItem\",\"position\":4,\"name\":\"Conteneur 10 Pi Usag\u00e9\"}]},{\"@type\":\"WebSite\",\"@id\":\"https:\/\/www.atscontainers.com\/fr\/#website\",\"url\":\"https:\/\/www.atscontainers.com\/fr\/\",\"name\":\"ATS Containers\",\"description\":\"\",\"publisher\":{\"@id\":\"https:\/\/www.atscontainers.com\/fr\/#organization\"},\"potentialAction\":[{\"@type\":\"SearchAction\",\"target\":{\"@type\":\"EntryPoint\",\"urlTemplate\":\"https:\/\/www.atscontainers.com\/fr\/?s={search_term_string}\"},\"query-input\":{\"@type\":\"PropertyValueSpecification\",\"valueRequired\":true,\"valueName\":\"search_term_string\"}}],\"inLanguage\":\"fr-CA\"},{\"@type\":\"Organization\",\"@id\":\"https:\/\/www.atscontainers.com\/fr\/#organization\",\"name\":\"ATS Containers\",\"url\":\"https:\/\/www.atscontainers.com\/fr\/\",\"logo\":{\"@type\":\"ImageObject\",\"inLanguage\":\"fr-CA\",\"@id\":\"https:\/\/www.atscontainers.com\/fr\/#\/schema\/logo\/image\/\",\"url\":\"https:\/\/www.atscontainers.com\/wp-content\/uploads\/2018\/09\/ats-containers-canada_.png\",\"contentUrl\":\"https:\/\/www.atscontainers.com\/wp-content\/uploads\/2018\/09\/ats-containers-canada_.png\",\"width\":500,\"height\":500,\"caption\":\"ATS Containers\"},\"image\":{\"@id\":\"https:\/\/www.atscontainers.com\/fr\/#\/schema\/logo\/image\/\"},\"sameAs\":[\"https:\/\/www.facebook.com\/atscontainers\/\",\"https:\/\/x.com\/atscontainers\",\"https:\/\/www.instagram.com\/atscontainers\/\",\"https:\/\/www.linkedin.com\/company\/ats-container-services\/\"]}]}<\/script>\n<!-- \/ Yoast SEO plugin. -->","yoast_head_json":{"title":"Conteneur Maritime d'Entreposage 10 Pieds Usag\u00e9 | ATS Conteneur","description":"Mini conteneur maritime usag\u00e9 de 10 pieds, id\u00e9al pour l\u2019entreposage ext\u00e9rieur s\u00e9curis\u00e9. \u00c9tanche, compact et livr\u00e9 avec bo\u00eetier de verrouillage inclus.","robots":{"index":"index","follow":"follow","max-snippet":"max-snippet:-1","max-image-preview":"max-image-preview:large","max-video-preview":"max-video-preview:-1"},"canonical":"https:\/\/www.atscontainers.com\/fr\/produits\/conteneurs-usages\/10-conteneur-usage\/","og_locale":"fr_CA","og_type":"article","og_title":"Conteneur Maritime d'Entreposage 10 Pieds Usag\u00e9 | ATS Conteneur","og_description":"Mini conteneur maritime usag\u00e9 de 10 pieds, id\u00e9al pour l\u2019entreposage ext\u00e9rieur s\u00e9curis\u00e9. \u00c9tanche, compact et livr\u00e9 avec bo\u00eetier de verrouillage inclus.","og_url":"https:\/\/www.atscontainers.com\/fr\/produits\/conteneurs-usages\/10-conteneur-usage\/","og_site_name":"ATS Containers","article_publisher":"https:\/\/www.facebook.com\/atscontainers\/","article_modified_time":"2025-11-27T15:36:31+00:00","og_image":[{"width":900,"height":600,"url":"https:\/\/www.atscontainers.com\/wp-content\/uploads\/2024\/03\/10-used-container-cover-picture-ft-02.jpeg","type":"image\/jpeg"}],"twitter_card":"summary_large_image","twitter_site":"@atscontainers","twitter_misc":{"Estimation du temps de lecture":"1 minute"},"schema":{"@context":"https:\/\/schema.org","@graph":[{"@type":"WebPage","@id":"https:\/\/www.atscontainers.com\/fr\/produits\/conteneurs-usages\/10-conteneur-usage\/","url":"https:\/\/www.atscontainers.com\/fr\/produits\/conteneurs-usages\/10-conteneur-usage\/","name":"Conteneur Maritime d'Entreposage 10 Pieds Usag\u00e9 | ATS Conteneur","isPartOf":{"@id":"https:\/\/www.atscontainers.com\/fr\/#website"},"primaryImageOfPage":{"@id":"https:\/\/www.atscontainers.com\/fr\/produits\/conteneurs-usages\/10-conteneur-usage\/#primaryimage"},"image":{"@id":"https:\/\/www.atscontainers.com\/fr\/produits\/conteneurs-usages\/10-conteneur-usage\/#primaryimage"},"thumbnailUrl":"https:\/\/www.atscontainers.com\/wp-content\/uploads\/2024\/03\/10-used-container-cover-picture-ft-02.jpeg","datePublished":"2018-05-28T16:28:26+00:00","dateModified":"2025-11-27T15:36:31+00:00","description":"Mini conteneur maritime usag\u00e9 de 10 pieds, id\u00e9al pour l\u2019entreposage ext\u00e9rieur s\u00e9curis\u00e9. \u00c9tanche, compact et livr\u00e9 avec bo\u00eetier de verrouillage inclus.","breadcrumb":{"@id":"https:\/\/www.atscontainers.com\/fr\/produits\/conteneurs-usages\/10-conteneur-usage\/#breadcrumb"},"inLanguage":"fr-CA","potentialAction":[{"@type":"ReadAction","target":["https:\/\/www.atscontainers.com\/fr\/produits\/conteneurs-usages\/10-conteneur-usage\/"]}]},{"@type":"ImageObject","inLanguage":"fr-CA","@id":"https:\/\/www.atscontainers.com\/fr\/produits\/conteneurs-usages\/10-conteneur-usage\/#primaryimage","url":"https:\/\/www.atscontainers.com\/wp-content\/uploads\/2024\/03\/10-used-container-cover-picture-ft-02.jpeg","contentUrl":"https:\/\/www.atscontainers.com\/wp-content\/uploads\/2024\/03\/10-used-container-cover-picture-ft-02.jpeg","width":900,"height":600},{"@type":"BreadcrumbList","@id":"https:\/\/www.atscontainers.com\/fr\/produits\/conteneurs-usages\/10-conteneur-usage\/#breadcrumb","itemListElement":[{"@type":"ListItem","position":1,"name":"Home","item":"https:\/\/www.atscontainers.com\/fr\/"},{"@type":"ListItem","position":2,"name":"Conteneurs \u00e0 Vendre","item":"https:\/\/www.atscontainers.com\/fr\/produits\/"},{"@type":"ListItem","position":3,"name":"CONTENEURS USAG\u00c9S","item":"https:\/\/www.atscontainers.com\/fr\/produits\/conteneurs-usages\/"},{"@type":"ListItem","position":4,"name":"Conteneur 10 Pi Usag\u00e9"}]},{"@type":"WebSite","@id":"https:\/\/www.atscontainers.com\/fr\/#website","url":"https:\/\/www.atscontainers.com\/fr\/","name":"ATS Containers","description":"","publisher":{"@id":"https:\/\/www.atscontainers.com\/fr\/#organization"},"potentialAction":[{"@type":"SearchAction","target":{"@type":"EntryPoint","urlTemplate":"https:\/\/www.atscontainers.com\/fr\/?s={search_term_string}"},"query-input":{"@type":"PropertyValueSpecification","valueRequired":true,"valueName":"search_term_string"}}],"inLanguage":"fr-CA"},{"@type":"Organization","@id":"https:\/\/www.atscontainers.com\/fr\/#organization","name":"ATS Containers","url":"https:\/\/www.atscontainers.com\/fr\/","logo":{"@type":"ImageObject","inLanguage":"fr-CA","@id":"https:\/\/www.atscontainers.com\/fr\/#\/schema\/logo\/image\/","url":"https:\/\/www.atscontainers.com\/wp-content\/uploads\/2018\/09\/ats-containers-canada_.png","contentUrl":"https:\/\/www.atscontainers.com\/wp-content\/uploads\/2018\/09\/ats-containers-canada_.png","width":500,"height":500,"caption":"ATS Containers"},"image":{"@id":"https:\/\/www.atscontainers.com\/fr\/#\/schema\/logo\/image\/"},"sameAs":["https:\/\/www.facebook.com\/atscontainers\/","https:\/\/x.com\/atscontainers","https:\/\/www.instagram.com\/atscontainers\/","https:\/\/www.linkedin.com\/company\/ats-container-services\/"]}]}},"_links":{"self":[{"href":"https:\/\/www.atscontainers.com\/fr\/wp-json\/wp\/v2\/pages\/8072","targetHints":{"allow":["GET"]}}],"collection":[{"href":"https:\/\/www.atscontainers.com\/fr\/wp-json\/wp\/v2\/pages"}],"about":[{"href":"https:\/\/www.atscontainers.com\/fr\/wp-json\/wp\/v2\/types\/page"}],"author":[{"embeddable":true,"href":"https:\/\/www.atscontainers.com\/fr\/wp-json\/wp\/v2\/users\/13"}],"replies":[{"embeddable":true,"href":"https:\/\/www.atscontainers.com\/fr\/wp-json\/wp\/v2\/comments?post=8072"}],"version-history":[{"count":7,"href":"https:\/\/www.atscontainers.com\/fr\/wp-json\/wp\/v2\/pages\/8072\/revisions"}],"predecessor-version":[{"id":17412,"href":"https:\/\/www.atscontainers.com\/fr\/wp-json\/wp\/v2\/pages\/8072\/revisions\/17412"}],"up":[{"embeddable":true,"href":"https:\/\/www.atscontainers.com\/fr\/wp-json\/wp\/v2\/pages\/7542"}],"wp:featuredmedia":[{"embeddable":true,"href":"https:\/\/www.atscontainers.com\/fr\/wp-json\/wp\/v2\/media\/13145"}],"wp:attachment":[{"href":"https:\/\/www.atscontainers.com\/fr\/wp-json\/wp\/v2\/media?parent=8072"}],"curies":[{"name":"wp","href":"https:\/\/api.w.org\/{rel}","templated":true}]}}