{"id":8077,"date":"2020-06-20T09:01:49","date_gmt":"2020-06-20T13:01:49","guid":{"rendered":"https:\/\/www.atscontainers.com\/products\/conteneurs-usages-2\/10-used-container-with-rollup-door\/"},"modified":"2026-01-08T04:21:59","modified_gmt":"2026-01-08T09:21:59","slug":"conteneur-usage-10-avec-porte-roulante","status":"publish","type":"page","link":"https:\/\/www.atscontainers.com\/fr\/produits\/conteneurs-usages\/conteneur-usage-10-avec-porte-roulante\/","title":{"rendered":"<span style=\"font-size: 19px;\">Conteneur Porte Roulante 10 Pi Usag\u00e9<\/span>"},"content":{"rendered":"<p>Ce conteneur d\u2019entreposage de 10 pieds avec porte roulante de 7 pieds est offert comme une alternative \u00e0 notre conteneur maritime de 10 pi avec portes de conteneur ISO. Ce conteneur est construit sp\u00e9cifiquement avec la fonctionnalit\u00e9 d\u2019entreposage \u00e0 l\u2019esprit et la facilit\u00e9 d\u2019utilisation.<\/p>\n","protected":false},"excerpt":{"rendered":"<p>Ce conteneur d\u2019entreposage de 10 pieds avec porte roulante de 7 pieds est offert comme une alternative \u00e0 notre conteneur maritime de 10 pi avec portes de conteneur ISO. Ce conteneur est construit sp\u00e9cifiquement avec la fonctionnalit\u00e9 d\u2019entreposage \u00e0 l\u2019esprit et la facilit\u00e9 d\u2019utilisation.<\/p>\n","protected":false},"author":13,"featured_media":5691,"parent":7542,"menu_order":0,"comment_status":"closed","ping_status":"closed","template":"page-fc.php","meta":{"_acf_changed":false,"ngg_post_thumbnail":0,"footnotes":""},"class_list":["post-8077","page","type-page","status-publish","has-post-thumbnail","hentry"],"acf":[],"yoast_head":"<!-- This site is optimized with the Yoast SEO plugin v26.9 - https:\/\/yoast.com\/product\/yoast-seo-wordpress\/ -->\n<title>Conteneur Usag\u00e9 10 Pieds avec Porte Roulante | S\u00e9curis\u00e9 et Pratique<\/title>\n<meta name=\"description\" content=\"Ce conteneur usag\u00e9 10\u2019 en acier CORTEN est \u00e9quip\u00e9 d\u2019une porte roulante de 7\u2019, de passages de fourche et d\u2019un rev\u00eatement gris charbon pour un usage s\u00e9curis\u00e9.\" \/>\n<meta name=\"robots\" content=\"index, follow, max-snippet:-1, max-image-preview:large, max-video-preview:-1\" \/>\n<link rel=\"canonical\" href=\"https:\/\/www.atscontainers.com\/fr\/produits\/conteneurs-usages\/conteneur-usage-10-avec-porte-roulante\/\" \/>\n<meta property=\"og:locale\" content=\"fr_CA\" \/>\n<meta property=\"og:type\" content=\"article\" \/>\n<meta property=\"og:title\" content=\"Conteneur Usag\u00e9 10 Pieds avec Porte Roulante | S\u00e9curis\u00e9 et Pratique\" \/>\n<meta property=\"og:description\" content=\"Ce conteneur usag\u00e9 10\u2019 en acier CORTEN est \u00e9quip\u00e9 d\u2019une porte roulante de 7\u2019, de passages de fourche et d\u2019un rev\u00eatement gris charbon pour un usage s\u00e9curis\u00e9.\" \/>\n<meta property=\"og:url\" content=\"https:\/\/www.atscontainers.com\/fr\/produits\/conteneurs-usages\/conteneur-usage-10-avec-porte-roulante\" \/>\n<meta property=\"og:site_name\" content=\"ATS Containers\" \/>\n<meta property=\"article:publisher\" content=\"https:\/\/www.facebook.com\/atscontainers\/\" \/>\n<meta property=\"article:modified_time\" content=\"2026-01-08T09:21:59+00:00\" \/>\n<meta property=\"og:image\" content=\"https:\/\/www.atscontainers.com\/wp-content\/uploads\/2020\/06\/10-ft-storage-container-roll-up-door.jpg\" \/>\n\t<meta property=\"og:image:width\" content=\"900\" \/>\n\t<meta property=\"og:image:height\" content=\"600\" \/>\n\t<meta property=\"og:image:type\" content=\"image\/jpeg\" \/>\n<meta name=\"twitter:card\" content=\"summary_large_image\" \/>\n<meta name=\"twitter:site\" content=\"@atscontainers\" \/>\n<meta name=\"twitter:label1\" content=\"Estimation du temps de lecture\" \/>\n\t<meta name=\"twitter:data1\" content=\"1 minute\" \/>\n<script type=\"application\/ld+json\" class=\"yoast-schema-graph\">{\"@context\":\"https:\/\/schema.org\",\"@graph\":[{\"@type\":\"WebPage\",\"@id\":\"https:\/\/www.atscontainers.com\/fr\/produits\/conteneurs-usages\/conteneur-usage-10-avec-porte-roulante\/\",\"url\":\"https:\/\/www.atscontainers.com\/fr\/produits\/conteneurs-usages\/conteneur-usage-10-avec-porte-roulante\",\"name\":\"Conteneur Usag\u00e9 10 Pieds avec Porte Roulante | S\u00e9curis\u00e9 et Pratique\",\"isPartOf\":{\"@id\":\"https:\/\/www.atscontainers.com\/fr\/#website\"},\"primaryImageOfPage\":{\"@id\":\"https:\/\/www.atscontainers.com\/fr\/produits\/conteneurs-usages\/conteneur-usage-10-avec-porte-roulante#primaryimage\"},\"image\":{\"@id\":\"https:\/\/www.atscontainers.com\/fr\/produits\/conteneurs-usages\/conteneur-usage-10-avec-porte-roulante#primaryimage\"},\"thumbnailUrl\":\"https:\/\/www.atscontainers.com\/wp-content\/uploads\/2020\/06\/10-ft-storage-container-roll-up-door.jpg\",\"datePublished\":\"2020-06-20T13:01:49+00:00\",\"dateModified\":\"2026-01-08T09:21:59+00:00\",\"description\":\"Ce conteneur usag\u00e9 10\u2019 en acier CORTEN est \u00e9quip\u00e9 d\u2019une porte roulante de 7\u2019, de passages de fourche et d\u2019un rev\u00eatement gris charbon pour un usage s\u00e9curis\u00e9.\",\"breadcrumb\":{\"@id\":\"https:\/\/www.atscontainers.com\/fr\/produits\/conteneurs-usages\/conteneur-usage-10-avec-porte-roulante#breadcrumb\"},\"inLanguage\":\"fr-CA\",\"potentialAction\":[{\"@type\":\"ReadAction\",\"target\":[\"https:\/\/www.atscontainers.com\/fr\/produits\/conteneurs-usages\/conteneur-usage-10-avec-porte-roulante\"]}]},{\"@type\":\"ImageObject\",\"inLanguage\":\"fr-CA\",\"@id\":\"https:\/\/www.atscontainers.com\/fr\/produits\/conteneurs-usages\/conteneur-usage-10-avec-porte-roulante#primaryimage\",\"url\":\"https:\/\/www.atscontainers.com\/wp-content\/uploads\/2020\/06\/10-ft-storage-container-roll-up-door.jpg\",\"contentUrl\":\"https:\/\/www.atscontainers.com\/wp-content\/uploads\/2020\/06\/10-ft-storage-container-roll-up-door.jpg\",\"width\":900,\"height\":600,\"caption\":\"10 foot shipping container with roll up door\"},{\"@type\":\"BreadcrumbList\",\"@id\":\"https:\/\/www.atscontainers.com\/fr\/produits\/conteneurs-usages\/conteneur-usage-10-avec-porte-roulante#breadcrumb\",\"itemListElement\":[{\"@type\":\"ListItem\",\"position\":1,\"name\":\"Home\",\"item\":\"https:\/\/www.atscontainers.com\/fr\/\"},{\"@type\":\"ListItem\",\"position\":2,\"name\":\"Conteneurs \u00e0 Vendre\",\"item\":\"https:\/\/www.atscontainers.com\/fr\/produits\/\"},{\"@type\":\"ListItem\",\"position\":3,\"name\":\"CONTENEURS USAG\u00c9S\",\"item\":\"https:\/\/www.atscontainers.com\/fr\/produits\/conteneurs-usages\/\"},{\"@type\":\"ListItem\",\"position\":4,\"name\":\"Conteneur Porte Roulante 10 Pi Usag\u00e9\"}]},{\"@type\":\"WebSite\",\"@id\":\"https:\/\/www.atscontainers.com\/fr\/#website\",\"url\":\"https:\/\/www.atscontainers.com\/fr\/\",\"name\":\"ATS Containers\",\"description\":\"\",\"publisher\":{\"@id\":\"https:\/\/www.atscontainers.com\/fr\/#organization\"},\"potentialAction\":[{\"@type\":\"SearchAction\",\"target\":{\"@type\":\"EntryPoint\",\"urlTemplate\":\"https:\/\/www.atscontainers.com\/fr\/?s={search_term_string}\"},\"query-input\":{\"@type\":\"PropertyValueSpecification\",\"valueRequired\":true,\"valueName\":\"search_term_string\"}}],\"inLanguage\":\"fr-CA\"},{\"@type\":\"Organization\",\"@id\":\"https:\/\/www.atscontainers.com\/fr\/#organization\",\"name\":\"ATS Containers\",\"url\":\"https:\/\/www.atscontainers.com\/fr\/\",\"logo\":{\"@type\":\"ImageObject\",\"inLanguage\":\"fr-CA\",\"@id\":\"https:\/\/www.atscontainers.com\/fr\/#\/schema\/logo\/image\/\",\"url\":\"https:\/\/www.atscontainers.com\/wp-content\/uploads\/2018\/09\/ats-containers-canada_.png\",\"contentUrl\":\"https:\/\/www.atscontainers.com\/wp-content\/uploads\/2018\/09\/ats-containers-canada_.png\",\"width\":500,\"height\":500,\"caption\":\"ATS Containers\"},\"image\":{\"@id\":\"https:\/\/www.atscontainers.com\/fr\/#\/schema\/logo\/image\/\"},\"sameAs\":[\"https:\/\/www.facebook.com\/atscontainers\/\",\"https:\/\/x.com\/atscontainers\",\"https:\/\/www.instagram.com\/atscontainers\/\",\"https:\/\/www.linkedin.com\/company\/ats-container-services\/\"]}]}<\/script>\n<!-- \/ Yoast SEO plugin. -->","yoast_head_json":{"title":"Conteneur Usag\u00e9 10 Pieds avec Porte Roulante | S\u00e9curis\u00e9 et Pratique","description":"Ce conteneur usag\u00e9 10\u2019 en acier CORTEN est \u00e9quip\u00e9 d\u2019une porte roulante de 7\u2019, de passages de fourche et d\u2019un rev\u00eatement gris charbon pour un usage s\u00e9curis\u00e9.","robots":{"index":"index","follow":"follow","max-snippet":"max-snippet:-1","max-image-preview":"max-image-preview:large","max-video-preview":"max-video-preview:-1"},"canonical":"https:\/\/www.atscontainers.com\/fr\/produits\/conteneurs-usages\/conteneur-usage-10-avec-porte-roulante\/","og_locale":"fr_CA","og_type":"article","og_title":"Conteneur Usag\u00e9 10 Pieds avec Porte Roulante | S\u00e9curis\u00e9 et Pratique","og_description":"Ce conteneur usag\u00e9 10\u2019 en acier CORTEN est \u00e9quip\u00e9 d\u2019une porte roulante de 7\u2019, de passages de fourche et d\u2019un rev\u00eatement gris charbon pour un usage s\u00e9curis\u00e9.","og_url":"https:\/\/www.atscontainers.com\/fr\/produits\/conteneurs-usages\/conteneur-usage-10-avec-porte-roulante","og_site_name":"ATS Containers","article_publisher":"https:\/\/www.facebook.com\/atscontainers\/","article_modified_time":"2026-01-08T09:21:59+00:00","og_image":[{"width":900,"height":600,"url":"https:\/\/www.atscontainers.com\/wp-content\/uploads\/2020\/06\/10-ft-storage-container-roll-up-door.jpg","type":"image\/jpeg"}],"twitter_card":"summary_large_image","twitter_site":"@atscontainers","twitter_misc":{"Estimation du temps de lecture":"1 minute"},"schema":{"@context":"https:\/\/schema.org","@graph":[{"@type":"WebPage","@id":"https:\/\/www.atscontainers.com\/fr\/produits\/conteneurs-usages\/conteneur-usage-10-avec-porte-roulante\/","url":"https:\/\/www.atscontainers.com\/fr\/produits\/conteneurs-usages\/conteneur-usage-10-avec-porte-roulante","name":"Conteneur Usag\u00e9 10 Pieds avec Porte Roulante | S\u00e9curis\u00e9 et Pratique","isPartOf":{"@id":"https:\/\/www.atscontainers.com\/fr\/#website"},"primaryImageOfPage":{"@id":"https:\/\/www.atscontainers.com\/fr\/produits\/conteneurs-usages\/conteneur-usage-10-avec-porte-roulante#primaryimage"},"image":{"@id":"https:\/\/www.atscontainers.com\/fr\/produits\/conteneurs-usages\/conteneur-usage-10-avec-porte-roulante#primaryimage"},"thumbnailUrl":"https:\/\/www.atscontainers.com\/wp-content\/uploads\/2020\/06\/10-ft-storage-container-roll-up-door.jpg","datePublished":"2020-06-20T13:01:49+00:00","dateModified":"2026-01-08T09:21:59+00:00","description":"Ce conteneur usag\u00e9 10\u2019 en acier CORTEN est \u00e9quip\u00e9 d\u2019une porte roulante de 7\u2019, de passages de fourche et d\u2019un rev\u00eatement gris charbon pour un usage s\u00e9curis\u00e9.","breadcrumb":{"@id":"https:\/\/www.atscontainers.com\/fr\/produits\/conteneurs-usages\/conteneur-usage-10-avec-porte-roulante#breadcrumb"},"inLanguage":"fr-CA","potentialAction":[{"@type":"ReadAction","target":["https:\/\/www.atscontainers.com\/fr\/produits\/conteneurs-usages\/conteneur-usage-10-avec-porte-roulante"]}]},{"@type":"ImageObject","inLanguage":"fr-CA","@id":"https:\/\/www.atscontainers.com\/fr\/produits\/conteneurs-usages\/conteneur-usage-10-avec-porte-roulante#primaryimage","url":"https:\/\/www.atscontainers.com\/wp-content\/uploads\/2020\/06\/10-ft-storage-container-roll-up-door.jpg","contentUrl":"https:\/\/www.atscontainers.com\/wp-content\/uploads\/2020\/06\/10-ft-storage-container-roll-up-door.jpg","width":900,"height":600,"caption":"10 foot shipping container with roll up door"},{"@type":"BreadcrumbList","@id":"https:\/\/www.atscontainers.com\/fr\/produits\/conteneurs-usages\/conteneur-usage-10-avec-porte-roulante#breadcrumb","itemListElement":[{"@type":"ListItem","position":1,"name":"Home","item":"https:\/\/www.atscontainers.com\/fr\/"},{"@type":"ListItem","position":2,"name":"Conteneurs \u00e0 Vendre","item":"https:\/\/www.atscontainers.com\/fr\/produits\/"},{"@type":"ListItem","position":3,"name":"CONTENEURS USAG\u00c9S","item":"https:\/\/www.atscontainers.com\/fr\/produits\/conteneurs-usages\/"},{"@type":"ListItem","position":4,"name":"Conteneur Porte Roulante 10 Pi Usag\u00e9"}]},{"@type":"WebSite","@id":"https:\/\/www.atscontainers.com\/fr\/#website","url":"https:\/\/www.atscontainers.com\/fr\/","name":"ATS Containers","description":"","publisher":{"@id":"https:\/\/www.atscontainers.com\/fr\/#organization"},"potentialAction":[{"@type":"SearchAction","target":{"@type":"EntryPoint","urlTemplate":"https:\/\/www.atscontainers.com\/fr\/?s={search_term_string}"},"query-input":{"@type":"PropertyValueSpecification","valueRequired":true,"valueName":"search_term_string"}}],"inLanguage":"fr-CA"},{"@type":"Organization","@id":"https:\/\/www.atscontainers.com\/fr\/#organization","name":"ATS Containers","url":"https:\/\/www.atscontainers.com\/fr\/","logo":{"@type":"ImageObject","inLanguage":"fr-CA","@id":"https:\/\/www.atscontainers.com\/fr\/#\/schema\/logo\/image\/","url":"https:\/\/www.atscontainers.com\/wp-content\/uploads\/2018\/09\/ats-containers-canada_.png","contentUrl":"https:\/\/www.atscontainers.com\/wp-content\/uploads\/2018\/09\/ats-containers-canada_.png","width":500,"height":500,"caption":"ATS Containers"},"image":{"@id":"https:\/\/www.atscontainers.com\/fr\/#\/schema\/logo\/image\/"},"sameAs":["https:\/\/www.facebook.com\/atscontainers\/","https:\/\/x.com\/atscontainers","https:\/\/www.instagram.com\/atscontainers\/","https:\/\/www.linkedin.com\/company\/ats-container-services\/"]}]}},"_links":{"self":[{"href":"https:\/\/www.atscontainers.com\/fr\/wp-json\/wp\/v2\/pages\/8077","targetHints":{"allow":["GET"]}}],"collection":[{"href":"https:\/\/www.atscontainers.com\/fr\/wp-json\/wp\/v2\/pages"}],"about":[{"href":"https:\/\/www.atscontainers.com\/fr\/wp-json\/wp\/v2\/types\/page"}],"author":[{"embeddable":true,"href":"https:\/\/www.atscontainers.com\/fr\/wp-json\/wp\/v2\/users\/13"}],"replies":[{"embeddable":true,"href":"https:\/\/www.atscontainers.com\/fr\/wp-json\/wp\/v2\/comments?post=8077"}],"version-history":[{"count":7,"href":"https:\/\/www.atscontainers.com\/fr\/wp-json\/wp\/v2\/pages\/8077\/revisions"}],"predecessor-version":[{"id":17068,"href":"https:\/\/www.atscontainers.com\/fr\/wp-json\/wp\/v2\/pages\/8077\/revisions\/17068"}],"up":[{"embeddable":true,"href":"https:\/\/www.atscontainers.com\/fr\/wp-json\/wp\/v2\/pages\/7542"}],"wp:featuredmedia":[{"embeddable":true,"href":"https:\/\/www.atscontainers.com\/fr\/wp-json\/wp\/v2\/media\/5691"}],"wp:attachment":[{"href":"https:\/\/www.atscontainers.com\/fr\/wp-json\/wp\/v2\/media?parent=8077"}],"curies":[{"name":"wp","href":"https:\/\/api.w.org\/{rel}","templated":true}]}}