{"id":8107,"date":"2018-05-28T13:29:53","date_gmt":"2018-05-28T17:29:53","guid":{"rendered":"https:\/\/www.atscontainers.com\/products\/conteneurs-usages-2\/40-used-open-top-container\/"},"modified":"2026-01-08T04:38:16","modified_gmt":"2026-01-08T09:38:16","slug":"40-dessus-ouvert-conteneur-usage","status":"publish","type":"page","link":"https:\/\/www.atscontainers.com\/fr\/produits\/conteneurs-usages\/40-dessus-ouvert-conteneur-usage\/","title":{"rendered":"Conteneur Dessus Ouvert 40 Pi Usag\u00e9"},"content":{"rendered":"<p>Les conteneurs dessus ouverts de 40 pieds sont parfaits pour charger des pi\u00e8ces plus grandes et\/ou des \u00e9quipements n\u00e9cessitant un chargement par le haut avant exp\u00e9dition.<\/p>\n","protected":false},"excerpt":{"rendered":"<p>Les conteneurs dessus ouverts de 40 pieds sont parfaits pour charger des pi\u00e8ces plus grandes et\/ou des \u00e9quipements n\u00e9cessitant un chargement par le haut avant exp\u00e9dition.<\/p>\n","protected":false},"author":13,"featured_media":5623,"parent":7542,"menu_order":0,"comment_status":"closed","ping_status":"closed","template":"page-fc.php","meta":{"_acf_changed":false,"ngg_post_thumbnail":0,"footnotes":""},"class_list":["post-8107","page","type-page","status-publish","has-post-thumbnail","hentry"],"acf":[],"yoast_head":"<!-- This site is optimized with the Yoast SEO plugin v26.9 - https:\/\/yoast.com\/product\/yoast-seo-wordpress\/ -->\n<title>Conteneur Corten 40 Pieds \u00e0 Dessus Ouvert | Barres et B\u00e2che Amovibles<\/title>\n<meta name=\"description\" content=\"Les conteneurs usag\u00e9s \u00e0 dessus ouvert sont con\u00e7us pour le chargement vertical par grue, id\u00e9als pour les chantiers et les marchandises volumineuses.\" \/>\n<meta name=\"robots\" content=\"index, follow, max-snippet:-1, max-image-preview:large, max-video-preview:-1\" \/>\n<link rel=\"canonical\" href=\"https:\/\/www.atscontainers.com\/fr\/produits\/conteneurs-usages\/40-dessus-ouvert-conteneur-usage\/\" \/>\n<meta property=\"og:locale\" content=\"fr_CA\" \/>\n<meta property=\"og:type\" content=\"article\" \/>\n<meta property=\"og:title\" content=\"Conteneur Corten 40 Pieds \u00e0 Dessus Ouvert | Barres et B\u00e2che Amovibles\" \/>\n<meta property=\"og:description\" content=\"Les conteneurs usag\u00e9s \u00e0 dessus ouvert sont con\u00e7us pour le chargement vertical par grue, id\u00e9als pour les chantiers et les marchandises volumineuses.\" \/>\n<meta property=\"og:url\" content=\"https:\/\/www.atscontainers.com\/fr\/produits\/conteneurs-usages\/40-dessus-ouvert-conteneur-usage\/\" \/>\n<meta property=\"og:site_name\" content=\"ATS Containers\" \/>\n<meta property=\"article:publisher\" content=\"https:\/\/www.facebook.com\/atscontainers\/\" \/>\n<meta property=\"article:modified_time\" content=\"2026-01-08T09:38:16+00:00\" \/>\n<meta property=\"og:image\" content=\"https:\/\/www.atscontainers.com\/wp-content\/uploads\/2020\/01\/40-Open-Top.jpg\" \/>\n\t<meta property=\"og:image:width\" content=\"768\" \/>\n\t<meta property=\"og:image:height\" content=\"410\" \/>\n\t<meta property=\"og:image:type\" content=\"image\/jpeg\" \/>\n<meta name=\"twitter:card\" content=\"summary_large_image\" \/>\n<meta name=\"twitter:site\" content=\"@atscontainers\" \/>\n<meta name=\"twitter:label1\" content=\"Estimation du temps de lecture\" \/>\n\t<meta name=\"twitter:data1\" content=\"1 minute\" \/>\n<script type=\"application\/ld+json\" class=\"yoast-schema-graph\">{\"@context\":\"https:\/\/schema.org\",\"@graph\":[{\"@type\":\"WebPage\",\"@id\":\"https:\/\/www.atscontainers.com\/fr\/produits\/conteneurs-usages\/40-dessus-ouvert-conteneur-usage\/\",\"url\":\"https:\/\/www.atscontainers.com\/fr\/produits\/conteneurs-usages\/40-dessus-ouvert-conteneur-usage\/\",\"name\":\"Conteneur Corten 40 Pieds \u00e0 Dessus Ouvert | Barres et B\u00e2che Amovibles\",\"isPartOf\":{\"@id\":\"https:\/\/www.atscontainers.com\/fr\/#website\"},\"primaryImageOfPage\":{\"@id\":\"https:\/\/www.atscontainers.com\/fr\/produits\/conteneurs-usages\/40-dessus-ouvert-conteneur-usage\/#primaryimage\"},\"image\":{\"@id\":\"https:\/\/www.atscontainers.com\/fr\/produits\/conteneurs-usages\/40-dessus-ouvert-conteneur-usage\/#primaryimage\"},\"thumbnailUrl\":\"https:\/\/www.atscontainers.com\/wp-content\/uploads\/2020\/01\/40-Open-Top.jpg\",\"datePublished\":\"2018-05-28T17:29:53+00:00\",\"dateModified\":\"2026-01-08T09:38:16+00:00\",\"description\":\"Les conteneurs usag\u00e9s \u00e0 dessus ouvert sont con\u00e7us pour le chargement vertical par grue, id\u00e9als pour les chantiers et les marchandises volumineuses.\",\"breadcrumb\":{\"@id\":\"https:\/\/www.atscontainers.com\/fr\/produits\/conteneurs-usages\/40-dessus-ouvert-conteneur-usage\/#breadcrumb\"},\"inLanguage\":\"fr-CA\",\"potentialAction\":[{\"@type\":\"ReadAction\",\"target\":[\"https:\/\/www.atscontainers.com\/fr\/produits\/conteneurs-usages\/40-dessus-ouvert-conteneur-usage\/\"]}]},{\"@type\":\"ImageObject\",\"inLanguage\":\"fr-CA\",\"@id\":\"https:\/\/www.atscontainers.com\/fr\/produits\/conteneurs-usages\/40-dessus-ouvert-conteneur-usage\/#primaryimage\",\"url\":\"https:\/\/www.atscontainers.com\/wp-content\/uploads\/2020\/01\/40-Open-Top.jpg\",\"contentUrl\":\"https:\/\/www.atscontainers.com\/wp-content\/uploads\/2020\/01\/40-Open-Top.jpg\",\"width\":768,\"height\":410},{\"@type\":\"BreadcrumbList\",\"@id\":\"https:\/\/www.atscontainers.com\/fr\/produits\/conteneurs-usages\/40-dessus-ouvert-conteneur-usage\/#breadcrumb\",\"itemListElement\":[{\"@type\":\"ListItem\",\"position\":1,\"name\":\"Home\",\"item\":\"https:\/\/www.atscontainers.com\/fr\/\"},{\"@type\":\"ListItem\",\"position\":2,\"name\":\"Conteneurs \u00e0 Vendre\",\"item\":\"https:\/\/www.atscontainers.com\/fr\/produits\/\"},{\"@type\":\"ListItem\",\"position\":3,\"name\":\"CONTENEURS USAG\u00c9S\",\"item\":\"https:\/\/www.atscontainers.com\/fr\/produits\/conteneurs-usages\/\"},{\"@type\":\"ListItem\",\"position\":4,\"name\":\"Conteneur Dessus Ouvert 40 Pi Usag\u00e9\"}]},{\"@type\":\"WebSite\",\"@id\":\"https:\/\/www.atscontainers.com\/fr\/#website\",\"url\":\"https:\/\/www.atscontainers.com\/fr\/\",\"name\":\"ATS Containers\",\"description\":\"\",\"publisher\":{\"@id\":\"https:\/\/www.atscontainers.com\/fr\/#organization\"},\"potentialAction\":[{\"@type\":\"SearchAction\",\"target\":{\"@type\":\"EntryPoint\",\"urlTemplate\":\"https:\/\/www.atscontainers.com\/fr\/?s={search_term_string}\"},\"query-input\":{\"@type\":\"PropertyValueSpecification\",\"valueRequired\":true,\"valueName\":\"search_term_string\"}}],\"inLanguage\":\"fr-CA\"},{\"@type\":\"Organization\",\"@id\":\"https:\/\/www.atscontainers.com\/fr\/#organization\",\"name\":\"ATS Containers\",\"url\":\"https:\/\/www.atscontainers.com\/fr\/\",\"logo\":{\"@type\":\"ImageObject\",\"inLanguage\":\"fr-CA\",\"@id\":\"https:\/\/www.atscontainers.com\/fr\/#\/schema\/logo\/image\/\",\"url\":\"https:\/\/www.atscontainers.com\/wp-content\/uploads\/2018\/09\/ats-containers-canada_.png\",\"contentUrl\":\"https:\/\/www.atscontainers.com\/wp-content\/uploads\/2018\/09\/ats-containers-canada_.png\",\"width\":500,\"height\":500,\"caption\":\"ATS Containers\"},\"image\":{\"@id\":\"https:\/\/www.atscontainers.com\/fr\/#\/schema\/logo\/image\/\"},\"sameAs\":[\"https:\/\/www.facebook.com\/atscontainers\/\",\"https:\/\/x.com\/atscontainers\",\"https:\/\/www.instagram.com\/atscontainers\/\",\"https:\/\/www.linkedin.com\/company\/ats-container-services\/\"]}]}<\/script>\n<!-- \/ Yoast SEO plugin. -->","yoast_head_json":{"title":"Conteneur Corten 40 Pieds \u00e0 Dessus Ouvert | Barres et B\u00e2che Amovibles","description":"Les conteneurs usag\u00e9s \u00e0 dessus ouvert sont con\u00e7us pour le chargement vertical par grue, id\u00e9als pour les chantiers et les marchandises volumineuses.","robots":{"index":"index","follow":"follow","max-snippet":"max-snippet:-1","max-image-preview":"max-image-preview:large","max-video-preview":"max-video-preview:-1"},"canonical":"https:\/\/www.atscontainers.com\/fr\/produits\/conteneurs-usages\/40-dessus-ouvert-conteneur-usage\/","og_locale":"fr_CA","og_type":"article","og_title":"Conteneur Corten 40 Pieds \u00e0 Dessus Ouvert | Barres et B\u00e2che Amovibles","og_description":"Les conteneurs usag\u00e9s \u00e0 dessus ouvert sont con\u00e7us pour le chargement vertical par grue, id\u00e9als pour les chantiers et les marchandises volumineuses.","og_url":"https:\/\/www.atscontainers.com\/fr\/produits\/conteneurs-usages\/40-dessus-ouvert-conteneur-usage\/","og_site_name":"ATS Containers","article_publisher":"https:\/\/www.facebook.com\/atscontainers\/","article_modified_time":"2026-01-08T09:38:16+00:00","og_image":[{"width":768,"height":410,"url":"https:\/\/www.atscontainers.com\/wp-content\/uploads\/2020\/01\/40-Open-Top.jpg","type":"image\/jpeg"}],"twitter_card":"summary_large_image","twitter_site":"@atscontainers","twitter_misc":{"Estimation du temps de lecture":"1 minute"},"schema":{"@context":"https:\/\/schema.org","@graph":[{"@type":"WebPage","@id":"https:\/\/www.atscontainers.com\/fr\/produits\/conteneurs-usages\/40-dessus-ouvert-conteneur-usage\/","url":"https:\/\/www.atscontainers.com\/fr\/produits\/conteneurs-usages\/40-dessus-ouvert-conteneur-usage\/","name":"Conteneur Corten 40 Pieds \u00e0 Dessus Ouvert | Barres et B\u00e2che Amovibles","isPartOf":{"@id":"https:\/\/www.atscontainers.com\/fr\/#website"},"primaryImageOfPage":{"@id":"https:\/\/www.atscontainers.com\/fr\/produits\/conteneurs-usages\/40-dessus-ouvert-conteneur-usage\/#primaryimage"},"image":{"@id":"https:\/\/www.atscontainers.com\/fr\/produits\/conteneurs-usages\/40-dessus-ouvert-conteneur-usage\/#primaryimage"},"thumbnailUrl":"https:\/\/www.atscontainers.com\/wp-content\/uploads\/2020\/01\/40-Open-Top.jpg","datePublished":"2018-05-28T17:29:53+00:00","dateModified":"2026-01-08T09:38:16+00:00","description":"Les conteneurs usag\u00e9s \u00e0 dessus ouvert sont con\u00e7us pour le chargement vertical par grue, id\u00e9als pour les chantiers et les marchandises volumineuses.","breadcrumb":{"@id":"https:\/\/www.atscontainers.com\/fr\/produits\/conteneurs-usages\/40-dessus-ouvert-conteneur-usage\/#breadcrumb"},"inLanguage":"fr-CA","potentialAction":[{"@type":"ReadAction","target":["https:\/\/www.atscontainers.com\/fr\/produits\/conteneurs-usages\/40-dessus-ouvert-conteneur-usage\/"]}]},{"@type":"ImageObject","inLanguage":"fr-CA","@id":"https:\/\/www.atscontainers.com\/fr\/produits\/conteneurs-usages\/40-dessus-ouvert-conteneur-usage\/#primaryimage","url":"https:\/\/www.atscontainers.com\/wp-content\/uploads\/2020\/01\/40-Open-Top.jpg","contentUrl":"https:\/\/www.atscontainers.com\/wp-content\/uploads\/2020\/01\/40-Open-Top.jpg","width":768,"height":410},{"@type":"BreadcrumbList","@id":"https:\/\/www.atscontainers.com\/fr\/produits\/conteneurs-usages\/40-dessus-ouvert-conteneur-usage\/#breadcrumb","itemListElement":[{"@type":"ListItem","position":1,"name":"Home","item":"https:\/\/www.atscontainers.com\/fr\/"},{"@type":"ListItem","position":2,"name":"Conteneurs \u00e0 Vendre","item":"https:\/\/www.atscontainers.com\/fr\/produits\/"},{"@type":"ListItem","position":3,"name":"CONTENEURS USAG\u00c9S","item":"https:\/\/www.atscontainers.com\/fr\/produits\/conteneurs-usages\/"},{"@type":"ListItem","position":4,"name":"Conteneur Dessus Ouvert 40 Pi Usag\u00e9"}]},{"@type":"WebSite","@id":"https:\/\/www.atscontainers.com\/fr\/#website","url":"https:\/\/www.atscontainers.com\/fr\/","name":"ATS Containers","description":"","publisher":{"@id":"https:\/\/www.atscontainers.com\/fr\/#organization"},"potentialAction":[{"@type":"SearchAction","target":{"@type":"EntryPoint","urlTemplate":"https:\/\/www.atscontainers.com\/fr\/?s={search_term_string}"},"query-input":{"@type":"PropertyValueSpecification","valueRequired":true,"valueName":"search_term_string"}}],"inLanguage":"fr-CA"},{"@type":"Organization","@id":"https:\/\/www.atscontainers.com\/fr\/#organization","name":"ATS Containers","url":"https:\/\/www.atscontainers.com\/fr\/","logo":{"@type":"ImageObject","inLanguage":"fr-CA","@id":"https:\/\/www.atscontainers.com\/fr\/#\/schema\/logo\/image\/","url":"https:\/\/www.atscontainers.com\/wp-content\/uploads\/2018\/09\/ats-containers-canada_.png","contentUrl":"https:\/\/www.atscontainers.com\/wp-content\/uploads\/2018\/09\/ats-containers-canada_.png","width":500,"height":500,"caption":"ATS Containers"},"image":{"@id":"https:\/\/www.atscontainers.com\/fr\/#\/schema\/logo\/image\/"},"sameAs":["https:\/\/www.facebook.com\/atscontainers\/","https:\/\/x.com\/atscontainers","https:\/\/www.instagram.com\/atscontainers\/","https:\/\/www.linkedin.com\/company\/ats-container-services\/"]}]}},"_links":{"self":[{"href":"https:\/\/www.atscontainers.com\/fr\/wp-json\/wp\/v2\/pages\/8107","targetHints":{"allow":["GET"]}}],"collection":[{"href":"https:\/\/www.atscontainers.com\/fr\/wp-json\/wp\/v2\/pages"}],"about":[{"href":"https:\/\/www.atscontainers.com\/fr\/wp-json\/wp\/v2\/types\/page"}],"author":[{"embeddable":true,"href":"https:\/\/www.atscontainers.com\/fr\/wp-json\/wp\/v2\/users\/13"}],"replies":[{"embeddable":true,"href":"https:\/\/www.atscontainers.com\/fr\/wp-json\/wp\/v2\/comments?post=8107"}],"version-history":[{"count":8,"href":"https:\/\/www.atscontainers.com\/fr\/wp-json\/wp\/v2\/pages\/8107\/revisions"}],"predecessor-version":[{"id":13984,"href":"https:\/\/www.atscontainers.com\/fr\/wp-json\/wp\/v2\/pages\/8107\/revisions\/13984"}],"up":[{"embeddable":true,"href":"https:\/\/www.atscontainers.com\/fr\/wp-json\/wp\/v2\/pages\/7542"}],"wp:featuredmedia":[{"embeddable":true,"href":"https:\/\/www.atscontainers.com\/fr\/wp-json\/wp\/v2\/media\/5623"}],"wp:attachment":[{"href":"https:\/\/www.atscontainers.com\/fr\/wp-json\/wp\/v2\/media?parent=8107"}],"curies":[{"name":"wp","href":"https:\/\/api.w.org\/{rel}","templated":true}]}}