{"id":8139,"date":"2018-05-29T11:55:18","date_gmt":"2018-05-29T15:55:18","guid":{"rendered":"https:\/\/www.atscontainers.com\/products\/conteneurs-usages\/10-new-container\/"},"modified":"2026-01-08T04:53:02","modified_gmt":"2026-01-08T09:53:02","slug":"10-conteneur-neuf","status":"publish","type":"page","link":"https:\/\/www.atscontainers.com\/fr\/produits\/conteneurs-neufs\/10-conteneur-neuf\/","title":{"rendered":"Conteneur 10 Pi"},"content":{"rendered":"<p>Les conteneurs de 10 pieds offrent un rangement pratique et acc\u00e8s facile dans les espaces restreints.<\/p>\n","protected":false},"excerpt":{"rendered":"<p>Les conteneurs de 10 pieds offrent un rangement pratique et acc\u00e8s facile dans les espaces restreints.<\/p>\n","protected":false},"author":13,"featured_media":19978,"parent":7537,"menu_order":0,"comment_status":"closed","ping_status":"closed","template":"page-fc.php","meta":{"_acf_changed":false,"ngg_post_thumbnail":0,"footnotes":""},"class_list":["post-8139","page","type-page","status-publish","has-post-thumbnail","hentry"],"acf":[],"yoast_head":"<!-- This site is optimized with the Yoast SEO plugin v26.9 - https:\/\/yoast.com\/product\/yoast-seo-wordpress\/ -->\n<title>Conteneur 10 Pieds Neuf en acier Corten | Id\u00e9al pour Entreposage<\/title>\n<meta name=\"description\" content=\"Ce conteneur 10\u2019 neuf est con\u00e7u en acier Corten durable et dot\u00e9 d\u2019un plancher en contreplaqu\u00e9 marin haute densit\u00e9. Il offre une excellente r\u00e9sistance \u00e0 l\u2019humidit\u00e9, aux chocs et aux conditions climatiques extr\u00eames.\" \/>\n<meta name=\"robots\" content=\"index, follow, max-snippet:-1, max-image-preview:large, max-video-preview:-1\" \/>\n<link rel=\"canonical\" href=\"https:\/\/www.atscontainers.com\/fr\/produits\/conteneurs-neufs\/10-conteneur-neuf\/\" \/>\n<meta property=\"og:locale\" content=\"fr_CA\" \/>\n<meta property=\"og:type\" content=\"article\" \/>\n<meta property=\"og:title\" content=\"Conteneur 10 Pieds Neuf en acier Corten | Id\u00e9al pour Entreposage\" \/>\n<meta property=\"og:description\" content=\"Ce conteneur 10\u2019 neuf est con\u00e7u en acier Corten durable et dot\u00e9 d\u2019un plancher en contreplaqu\u00e9 marin haute densit\u00e9. Il offre une excellente r\u00e9sistance \u00e0 l\u2019humidit\u00e9, aux chocs et aux conditions climatiques extr\u00eames.\" \/>\n<meta property=\"og:url\" content=\"https:\/\/www.atscontainers.com\/fr\/produits\/conteneurs-neufs\/10-conteneur-neuf\/\" \/>\n<meta property=\"og:site_name\" content=\"ATS Containers\" \/>\n<meta property=\"article:publisher\" content=\"https:\/\/www.facebook.com\/atscontainers\/\" \/>\n<meta property=\"article:modified_time\" content=\"2026-01-08T09:53:02+00:00\" \/>\n<meta property=\"og:image\" content=\"https:\/\/www.atscontainers.com\/wp-content\/uploads\/2025\/07\/10ft-new-shipping-container-grey-ats-1.webp\" \/>\n\t<meta property=\"og:image:width\" content=\"900\" \/>\n\t<meta property=\"og:image:height\" content=\"600\" \/>\n\t<meta property=\"og:image:type\" content=\"image\/webp\" \/>\n<meta name=\"twitter:card\" content=\"summary_large_image\" \/>\n<meta name=\"twitter:site\" content=\"@atscontainers\" \/>\n<meta name=\"twitter:label1\" content=\"Estimation du temps de lecture\" \/>\n\t<meta name=\"twitter:data1\" content=\"1 minute\" \/>\n<script type=\"application\/ld+json\" class=\"yoast-schema-graph\">{\"@context\":\"https:\/\/schema.org\",\"@graph\":[{\"@type\":\"WebPage\",\"@id\":\"https:\/\/www.atscontainers.com\/fr\/produits\/conteneurs-neufs\/10-conteneur-neuf\/\",\"url\":\"https:\/\/www.atscontainers.com\/fr\/produits\/conteneurs-neufs\/10-conteneur-neuf\/\",\"name\":\"Conteneur 10 Pieds Neuf en acier Corten | Id\u00e9al pour Entreposage\",\"isPartOf\":{\"@id\":\"https:\/\/www.atscontainers.com\/fr\/#website\"},\"primaryImageOfPage\":{\"@id\":\"https:\/\/www.atscontainers.com\/fr\/produits\/conteneurs-neufs\/10-conteneur-neuf\/#primaryimage\"},\"image\":{\"@id\":\"https:\/\/www.atscontainers.com\/fr\/produits\/conteneurs-neufs\/10-conteneur-neuf\/#primaryimage\"},\"thumbnailUrl\":\"https:\/\/www.atscontainers.com\/wp-content\/uploads\/2025\/07\/10ft-new-shipping-container-grey-ats-1.webp\",\"datePublished\":\"2018-05-29T15:55:18+00:00\",\"dateModified\":\"2026-01-08T09:53:02+00:00\",\"description\":\"Ce conteneur 10\u2019 neuf est con\u00e7u en acier Corten durable et dot\u00e9 d\u2019un plancher en contreplaqu\u00e9 marin haute densit\u00e9. Il offre une excellente r\u00e9sistance \u00e0 l\u2019humidit\u00e9, aux chocs et aux conditions climatiques extr\u00eames.\",\"breadcrumb\":{\"@id\":\"https:\/\/www.atscontainers.com\/fr\/produits\/conteneurs-neufs\/10-conteneur-neuf\/#breadcrumb\"},\"inLanguage\":\"fr-CA\",\"potentialAction\":[{\"@type\":\"ReadAction\",\"target\":[\"https:\/\/www.atscontainers.com\/fr\/produits\/conteneurs-neufs\/10-conteneur-neuf\/\"]}]},{\"@type\":\"ImageObject\",\"inLanguage\":\"fr-CA\",\"@id\":\"https:\/\/www.atscontainers.com\/fr\/produits\/conteneurs-neufs\/10-conteneur-neuf\/#primaryimage\",\"url\":\"https:\/\/www.atscontainers.com\/wp-content\/uploads\/2025\/07\/10ft-new-shipping-container-grey-ats-1.webp\",\"contentUrl\":\"https:\/\/www.atscontainers.com\/wp-content\/uploads\/2025\/07\/10ft-new-shipping-container-grey-ats-1.webp\",\"width\":900,\"height\":600,\"caption\":\"10ft New (One-Trip) Container ($5,000 - $6,000): The premium compact solution for small footprints and long-term asset value.\"},{\"@type\":\"BreadcrumbList\",\"@id\":\"https:\/\/www.atscontainers.com\/fr\/produits\/conteneurs-neufs\/10-conteneur-neuf\/#breadcrumb\",\"itemListElement\":[{\"@type\":\"ListItem\",\"position\":1,\"name\":\"Home\",\"item\":\"https:\/\/www.atscontainers.com\/fr\/\"},{\"@type\":\"ListItem\",\"position\":2,\"name\":\"Conteneurs \u00e0 Vendre\",\"item\":\"https:\/\/www.atscontainers.com\/fr\/produits\/\"},{\"@type\":\"ListItem\",\"position\":3,\"name\":\"Conteneurs Neufs\",\"item\":\"https:\/\/www.atscontainers.com\/fr\/produits\/conteneurs-neufs\/\"},{\"@type\":\"ListItem\",\"position\":4,\"name\":\"Conteneur 10 Pi\"}]},{\"@type\":\"WebSite\",\"@id\":\"https:\/\/www.atscontainers.com\/fr\/#website\",\"url\":\"https:\/\/www.atscontainers.com\/fr\/\",\"name\":\"ATS Containers\",\"description\":\"\",\"publisher\":{\"@id\":\"https:\/\/www.atscontainers.com\/fr\/#organization\"},\"potentialAction\":[{\"@type\":\"SearchAction\",\"target\":{\"@type\":\"EntryPoint\",\"urlTemplate\":\"https:\/\/www.atscontainers.com\/fr\/?s={search_term_string}\"},\"query-input\":{\"@type\":\"PropertyValueSpecification\",\"valueRequired\":true,\"valueName\":\"search_term_string\"}}],\"inLanguage\":\"fr-CA\"},{\"@type\":\"Organization\",\"@id\":\"https:\/\/www.atscontainers.com\/fr\/#organization\",\"name\":\"ATS Containers\",\"url\":\"https:\/\/www.atscontainers.com\/fr\/\",\"logo\":{\"@type\":\"ImageObject\",\"inLanguage\":\"fr-CA\",\"@id\":\"https:\/\/www.atscontainers.com\/fr\/#\/schema\/logo\/image\/\",\"url\":\"https:\/\/www.atscontainers.com\/wp-content\/uploads\/2018\/09\/ats-containers-canada_.png\",\"contentUrl\":\"https:\/\/www.atscontainers.com\/wp-content\/uploads\/2018\/09\/ats-containers-canada_.png\",\"width\":500,\"height\":500,\"caption\":\"ATS Containers\"},\"image\":{\"@id\":\"https:\/\/www.atscontainers.com\/fr\/#\/schema\/logo\/image\/\"},\"sameAs\":[\"https:\/\/www.facebook.com\/atscontainers\/\",\"https:\/\/x.com\/atscontainers\",\"https:\/\/www.instagram.com\/atscontainers\/\",\"https:\/\/www.linkedin.com\/company\/ats-container-services\/\"]}]}<\/script>\n<!-- \/ Yoast SEO plugin. -->","yoast_head_json":{"title":"Conteneur 10 Pieds Neuf en acier Corten | Id\u00e9al pour Entreposage","description":"Ce conteneur 10\u2019 neuf est con\u00e7u en acier Corten durable et dot\u00e9 d\u2019un plancher en contreplaqu\u00e9 marin haute densit\u00e9. Il offre une excellente r\u00e9sistance \u00e0 l\u2019humidit\u00e9, aux chocs et aux conditions climatiques extr\u00eames.","robots":{"index":"index","follow":"follow","max-snippet":"max-snippet:-1","max-image-preview":"max-image-preview:large","max-video-preview":"max-video-preview:-1"},"canonical":"https:\/\/www.atscontainers.com\/fr\/produits\/conteneurs-neufs\/10-conteneur-neuf\/","og_locale":"fr_CA","og_type":"article","og_title":"Conteneur 10 Pieds Neuf en acier Corten | Id\u00e9al pour Entreposage","og_description":"Ce conteneur 10\u2019 neuf est con\u00e7u en acier Corten durable et dot\u00e9 d\u2019un plancher en contreplaqu\u00e9 marin haute densit\u00e9. Il offre une excellente r\u00e9sistance \u00e0 l\u2019humidit\u00e9, aux chocs et aux conditions climatiques extr\u00eames.","og_url":"https:\/\/www.atscontainers.com\/fr\/produits\/conteneurs-neufs\/10-conteneur-neuf\/","og_site_name":"ATS Containers","article_publisher":"https:\/\/www.facebook.com\/atscontainers\/","article_modified_time":"2026-01-08T09:53:02+00:00","og_image":[{"width":900,"height":600,"url":"https:\/\/www.atscontainers.com\/wp-content\/uploads\/2025\/07\/10ft-new-shipping-container-grey-ats-1.webp","type":"image\/webp"}],"twitter_card":"summary_large_image","twitter_site":"@atscontainers","twitter_misc":{"Estimation du temps de lecture":"1 minute"},"schema":{"@context":"https:\/\/schema.org","@graph":[{"@type":"WebPage","@id":"https:\/\/www.atscontainers.com\/fr\/produits\/conteneurs-neufs\/10-conteneur-neuf\/","url":"https:\/\/www.atscontainers.com\/fr\/produits\/conteneurs-neufs\/10-conteneur-neuf\/","name":"Conteneur 10 Pieds Neuf en acier Corten | Id\u00e9al pour Entreposage","isPartOf":{"@id":"https:\/\/www.atscontainers.com\/fr\/#website"},"primaryImageOfPage":{"@id":"https:\/\/www.atscontainers.com\/fr\/produits\/conteneurs-neufs\/10-conteneur-neuf\/#primaryimage"},"image":{"@id":"https:\/\/www.atscontainers.com\/fr\/produits\/conteneurs-neufs\/10-conteneur-neuf\/#primaryimage"},"thumbnailUrl":"https:\/\/www.atscontainers.com\/wp-content\/uploads\/2025\/07\/10ft-new-shipping-container-grey-ats-1.webp","datePublished":"2018-05-29T15:55:18+00:00","dateModified":"2026-01-08T09:53:02+00:00","description":"Ce conteneur 10\u2019 neuf est con\u00e7u en acier Corten durable et dot\u00e9 d\u2019un plancher en contreplaqu\u00e9 marin haute densit\u00e9. Il offre une excellente r\u00e9sistance \u00e0 l\u2019humidit\u00e9, aux chocs et aux conditions climatiques extr\u00eames.","breadcrumb":{"@id":"https:\/\/www.atscontainers.com\/fr\/produits\/conteneurs-neufs\/10-conteneur-neuf\/#breadcrumb"},"inLanguage":"fr-CA","potentialAction":[{"@type":"ReadAction","target":["https:\/\/www.atscontainers.com\/fr\/produits\/conteneurs-neufs\/10-conteneur-neuf\/"]}]},{"@type":"ImageObject","inLanguage":"fr-CA","@id":"https:\/\/www.atscontainers.com\/fr\/produits\/conteneurs-neufs\/10-conteneur-neuf\/#primaryimage","url":"https:\/\/www.atscontainers.com\/wp-content\/uploads\/2025\/07\/10ft-new-shipping-container-grey-ats-1.webp","contentUrl":"https:\/\/www.atscontainers.com\/wp-content\/uploads\/2025\/07\/10ft-new-shipping-container-grey-ats-1.webp","width":900,"height":600,"caption":"10ft New (One-Trip) Container ($5,000 - $6,000): The premium compact solution for small footprints and long-term asset value."},{"@type":"BreadcrumbList","@id":"https:\/\/www.atscontainers.com\/fr\/produits\/conteneurs-neufs\/10-conteneur-neuf\/#breadcrumb","itemListElement":[{"@type":"ListItem","position":1,"name":"Home","item":"https:\/\/www.atscontainers.com\/fr\/"},{"@type":"ListItem","position":2,"name":"Conteneurs \u00e0 Vendre","item":"https:\/\/www.atscontainers.com\/fr\/produits\/"},{"@type":"ListItem","position":3,"name":"Conteneurs Neufs","item":"https:\/\/www.atscontainers.com\/fr\/produits\/conteneurs-neufs\/"},{"@type":"ListItem","position":4,"name":"Conteneur 10 Pi"}]},{"@type":"WebSite","@id":"https:\/\/www.atscontainers.com\/fr\/#website","url":"https:\/\/www.atscontainers.com\/fr\/","name":"ATS Containers","description":"","publisher":{"@id":"https:\/\/www.atscontainers.com\/fr\/#organization"},"potentialAction":[{"@type":"SearchAction","target":{"@type":"EntryPoint","urlTemplate":"https:\/\/www.atscontainers.com\/fr\/?s={search_term_string}"},"query-input":{"@type":"PropertyValueSpecification","valueRequired":true,"valueName":"search_term_string"}}],"inLanguage":"fr-CA"},{"@type":"Organization","@id":"https:\/\/www.atscontainers.com\/fr\/#organization","name":"ATS Containers","url":"https:\/\/www.atscontainers.com\/fr\/","logo":{"@type":"ImageObject","inLanguage":"fr-CA","@id":"https:\/\/www.atscontainers.com\/fr\/#\/schema\/logo\/image\/","url":"https:\/\/www.atscontainers.com\/wp-content\/uploads\/2018\/09\/ats-containers-canada_.png","contentUrl":"https:\/\/www.atscontainers.com\/wp-content\/uploads\/2018\/09\/ats-containers-canada_.png","width":500,"height":500,"caption":"ATS Containers"},"image":{"@id":"https:\/\/www.atscontainers.com\/fr\/#\/schema\/logo\/image\/"},"sameAs":["https:\/\/www.facebook.com\/atscontainers\/","https:\/\/x.com\/atscontainers","https:\/\/www.instagram.com\/atscontainers\/","https:\/\/www.linkedin.com\/company\/ats-container-services\/"]}]}},"_links":{"self":[{"href":"https:\/\/www.atscontainers.com\/fr\/wp-json\/wp\/v2\/pages\/8139","targetHints":{"allow":["GET"]}}],"collection":[{"href":"https:\/\/www.atscontainers.com\/fr\/wp-json\/wp\/v2\/pages"}],"about":[{"href":"https:\/\/www.atscontainers.com\/fr\/wp-json\/wp\/v2\/types\/page"}],"author":[{"embeddable":true,"href":"https:\/\/www.atscontainers.com\/fr\/wp-json\/wp\/v2\/users\/13"}],"replies":[{"embeddable":true,"href":"https:\/\/www.atscontainers.com\/fr\/wp-json\/wp\/v2\/comments?post=8139"}],"version-history":[{"count":8,"href":"https:\/\/www.atscontainers.com\/fr\/wp-json\/wp\/v2\/pages\/8139\/revisions"}],"predecessor-version":[{"id":19988,"href":"https:\/\/www.atscontainers.com\/fr\/wp-json\/wp\/v2\/pages\/8139\/revisions\/19988"}],"up":[{"embeddable":true,"href":"https:\/\/www.atscontainers.com\/fr\/wp-json\/wp\/v2\/pages\/7537"}],"wp:featuredmedia":[{"embeddable":true,"href":"https:\/\/www.atscontainers.com\/fr\/wp-json\/wp\/v2\/media\/19978"}],"wp:attachment":[{"href":"https:\/\/www.atscontainers.com\/fr\/wp-json\/wp\/v2\/media?parent=8139"}],"curies":[{"name":"wp","href":"https:\/\/api.w.org\/{rel}","templated":true}]}}