{"id":8162,"date":"2018-05-29T12:17:56","date_gmt":"2018-05-29T16:17:56","guid":{"rendered":"https:\/\/www.atscontainers.com\/products\/conteneurs-usages\/20-new-double-door-container\/"},"modified":"2026-01-08T04:59:27","modified_gmt":"2026-01-08T09:59:27","slug":"20-new-double-door-container","status":"publish","type":"page","link":"https:\/\/www.atscontainers.com\/fr\/produits\/conteneurs-neufs\/20-portes-doubles-conteneur-neuf\/","title":{"rendered":"Conteneur Porte Double 20 Pi"},"content":{"rendered":"<p>Les conteneurs \u00e0 portes doubles de 20 pieds permettent un acc\u00e8s facile au chargement des deux c\u00f4t\u00e9s tout en pr\u00e9servant la s\u00e9curit\u00e9 et la durabilit\u00e9 des portes cargo en acier d\u2019origine.<\/p>\n","protected":false},"excerpt":{"rendered":"<p>Les conteneurs \u00e0 portes doubles de 20 pieds permettent un acc\u00e8s facile au chargement des deux c\u00f4t\u00e9s tout en pr\u00e9servant la s\u00e9curit\u00e9 et la durabilit\u00e9 des portes cargo en acier d\u2019origine.<\/p>\n","protected":false},"author":13,"featured_media":7374,"parent":7537,"menu_order":0,"comment_status":"closed","ping_status":"closed","template":"page-fc.php","meta":{"_acf_changed":false,"ngg_post_thumbnail":0,"footnotes":""},"class_list":["post-8162","page","type-page","status-publish","has-post-thumbnail","hentry"],"acf":[],"yoast_head":"<!-- This site is optimized with the Yoast SEO plugin v26.9 - https:\/\/yoast.com\/product\/yoast-seo-wordpress\/ -->\n<title>Achetez un Conteneur 20 Pieds | Mod\u00e8le Double Porte Neuf<\/title>\n<meta name=\"description\" content=\"Gr\u00e2ce \u00e0 ses deux portes d\u2019extr\u00e9mit\u00e9, ce conteneur neuf de 20 pieds acc\u00e9l\u00e8re les op\u00e9rations de chargement et facilite l\u2019acc\u00e8s \u00e0 toute la cargaison. D\u00e9couvrez-le !\" \/>\n<meta name=\"robots\" content=\"index, follow, max-snippet:-1, max-image-preview:large, max-video-preview:-1\" \/>\n<link rel=\"canonical\" href=\"https:\/\/www.atscontainers.com\/fr\/produits\/conteneurs-neufs\/20-portes-doubles-conteneur-neuf\/\" \/>\n<meta property=\"og:locale\" content=\"fr_CA\" \/>\n<meta property=\"og:type\" content=\"article\" \/>\n<meta property=\"og:title\" content=\"Achetez un Conteneur 20 Pieds | Mod\u00e8le Double Porte Neuf\" \/>\n<meta property=\"og:description\" content=\"Gr\u00e2ce \u00e0 ses deux portes d\u2019extr\u00e9mit\u00e9, ce conteneur neuf de 20 pieds acc\u00e9l\u00e8re les op\u00e9rations de chargement et facilite l\u2019acc\u00e8s \u00e0 toute la cargaison. D\u00e9couvrez-le !\" \/>\n<meta property=\"og:url\" content=\"https:\/\/www.atscontainers.com\/fr\/produits\/conteneurs-neufs\/20-portes-doubles-conteneur-neuf\/\" \/>\n<meta property=\"og:site_name\" content=\"ATS Containers\" \/>\n<meta property=\"article:publisher\" content=\"https:\/\/www.facebook.com\/atscontainers\/\" \/>\n<meta property=\"article:modified_time\" content=\"2026-01-08T09:59:27+00:00\" \/>\n<meta property=\"og:image\" content=\"https:\/\/www.atscontainers.com\/wp-content\/uploads\/2021\/10\/20-Double-Door-NEW.jpg\" \/>\n\t<meta property=\"og:image:width\" content=\"900\" \/>\n\t<meta property=\"og:image:height\" content=\"600\" \/>\n\t<meta property=\"og:image:type\" content=\"image\/jpeg\" \/>\n<meta name=\"twitter:card\" content=\"summary_large_image\" \/>\n<meta name=\"twitter:site\" content=\"@atscontainers\" \/>\n<meta name=\"twitter:label1\" content=\"Estimation du temps de lecture\" \/>\n\t<meta name=\"twitter:data1\" content=\"1 minute\" \/>\n<script type=\"application\/ld+json\" class=\"yoast-schema-graph\">{\"@context\":\"https:\/\/schema.org\",\"@graph\":[{\"@type\":\"WebPage\",\"@id\":\"https:\/\/www.atscontainers.com\/fr\/produits\/conteneurs-neufs\/20-portes-doubles-conteneur-neuf\/\",\"url\":\"https:\/\/www.atscontainers.com\/fr\/produits\/conteneurs-neufs\/20-portes-doubles-conteneur-neuf\/\",\"name\":\"Achetez un Conteneur 20 Pieds | Mod\u00e8le Double Porte Neuf\",\"isPartOf\":{\"@id\":\"https:\/\/www.atscontainers.com\/fr\/#website\"},\"primaryImageOfPage\":{\"@id\":\"https:\/\/www.atscontainers.com\/fr\/produits\/conteneurs-neufs\/20-portes-doubles-conteneur-neuf\/#primaryimage\"},\"image\":{\"@id\":\"https:\/\/www.atscontainers.com\/fr\/produits\/conteneurs-neufs\/20-portes-doubles-conteneur-neuf\/#primaryimage\"},\"thumbnailUrl\":\"https:\/\/www.atscontainers.com\/wp-content\/uploads\/2021\/10\/20-Double-Door-NEW.jpg\",\"datePublished\":\"2018-05-29T16:17:56+00:00\",\"dateModified\":\"2026-01-08T09:59:27+00:00\",\"description\":\"Gr\u00e2ce \u00e0 ses deux portes d\u2019extr\u00e9mit\u00e9, ce conteneur neuf de 20 pieds acc\u00e9l\u00e8re les op\u00e9rations de chargement et facilite l\u2019acc\u00e8s \u00e0 toute la cargaison. D\u00e9couvrez-le !\",\"breadcrumb\":{\"@id\":\"https:\/\/www.atscontainers.com\/fr\/produits\/conteneurs-neufs\/20-portes-doubles-conteneur-neuf\/#breadcrumb\"},\"inLanguage\":\"fr-CA\",\"potentialAction\":[{\"@type\":\"ReadAction\",\"target\":[\"https:\/\/www.atscontainers.com\/fr\/produits\/conteneurs-neufs\/20-portes-doubles-conteneur-neuf\/\"]}]},{\"@type\":\"ImageObject\",\"inLanguage\":\"fr-CA\",\"@id\":\"https:\/\/www.atscontainers.com\/fr\/produits\/conteneurs-neufs\/20-portes-doubles-conteneur-neuf\/#primaryimage\",\"url\":\"https:\/\/www.atscontainers.com\/wp-content\/uploads\/2021\/10\/20-Double-Door-NEW.jpg\",\"contentUrl\":\"https:\/\/www.atscontainers.com\/wp-content\/uploads\/2021\/10\/20-Double-Door-NEW.jpg\",\"width\":900,\"height\":600},{\"@type\":\"BreadcrumbList\",\"@id\":\"https:\/\/www.atscontainers.com\/fr\/produits\/conteneurs-neufs\/20-portes-doubles-conteneur-neuf\/#breadcrumb\",\"itemListElement\":[{\"@type\":\"ListItem\",\"position\":1,\"name\":\"Home\",\"item\":\"https:\/\/www.atscontainers.com\/fr\/\"},{\"@type\":\"ListItem\",\"position\":2,\"name\":\"Conteneurs \u00e0 Vendre\",\"item\":\"https:\/\/www.atscontainers.com\/fr\/produits\/\"},{\"@type\":\"ListItem\",\"position\":3,\"name\":\"Conteneurs Neufs\",\"item\":\"https:\/\/www.atscontainers.com\/fr\/produits\/conteneurs-neufs\/\"},{\"@type\":\"ListItem\",\"position\":4,\"name\":\"Conteneur Porte Double 20 Pi\"}]},{\"@type\":\"WebSite\",\"@id\":\"https:\/\/www.atscontainers.com\/fr\/#website\",\"url\":\"https:\/\/www.atscontainers.com\/fr\/\",\"name\":\"ATS Containers\",\"description\":\"\",\"publisher\":{\"@id\":\"https:\/\/www.atscontainers.com\/fr\/#organization\"},\"potentialAction\":[{\"@type\":\"SearchAction\",\"target\":{\"@type\":\"EntryPoint\",\"urlTemplate\":\"https:\/\/www.atscontainers.com\/fr\/?s={search_term_string}\"},\"query-input\":{\"@type\":\"PropertyValueSpecification\",\"valueRequired\":true,\"valueName\":\"search_term_string\"}}],\"inLanguage\":\"fr-CA\"},{\"@type\":\"Organization\",\"@id\":\"https:\/\/www.atscontainers.com\/fr\/#organization\",\"name\":\"ATS Containers\",\"url\":\"https:\/\/www.atscontainers.com\/fr\/\",\"logo\":{\"@type\":\"ImageObject\",\"inLanguage\":\"fr-CA\",\"@id\":\"https:\/\/www.atscontainers.com\/fr\/#\/schema\/logo\/image\/\",\"url\":\"https:\/\/www.atscontainers.com\/wp-content\/uploads\/2018\/09\/ats-containers-canada_.png\",\"contentUrl\":\"https:\/\/www.atscontainers.com\/wp-content\/uploads\/2018\/09\/ats-containers-canada_.png\",\"width\":500,\"height\":500,\"caption\":\"ATS Containers\"},\"image\":{\"@id\":\"https:\/\/www.atscontainers.com\/fr\/#\/schema\/logo\/image\/\"},\"sameAs\":[\"https:\/\/www.facebook.com\/atscontainers\/\",\"https:\/\/x.com\/atscontainers\",\"https:\/\/www.instagram.com\/atscontainers\/\",\"https:\/\/www.linkedin.com\/company\/ats-container-services\/\"]}]}<\/script>\n<!-- \/ Yoast SEO plugin. -->","yoast_head_json":{"title":"Achetez un Conteneur 20 Pieds | Mod\u00e8le Double Porte Neuf","description":"Gr\u00e2ce \u00e0 ses deux portes d\u2019extr\u00e9mit\u00e9, ce conteneur neuf de 20 pieds acc\u00e9l\u00e8re les op\u00e9rations de chargement et facilite l\u2019acc\u00e8s \u00e0 toute la cargaison. D\u00e9couvrez-le !","robots":{"index":"index","follow":"follow","max-snippet":"max-snippet:-1","max-image-preview":"max-image-preview:large","max-video-preview":"max-video-preview:-1"},"canonical":"https:\/\/www.atscontainers.com\/fr\/produits\/conteneurs-neufs\/20-portes-doubles-conteneur-neuf\/","og_locale":"fr_CA","og_type":"article","og_title":"Achetez un Conteneur 20 Pieds | Mod\u00e8le Double Porte Neuf","og_description":"Gr\u00e2ce \u00e0 ses deux portes d\u2019extr\u00e9mit\u00e9, ce conteneur neuf de 20 pieds acc\u00e9l\u00e8re les op\u00e9rations de chargement et facilite l\u2019acc\u00e8s \u00e0 toute la cargaison. D\u00e9couvrez-le !","og_url":"https:\/\/www.atscontainers.com\/fr\/produits\/conteneurs-neufs\/20-portes-doubles-conteneur-neuf\/","og_site_name":"ATS Containers","article_publisher":"https:\/\/www.facebook.com\/atscontainers\/","article_modified_time":"2026-01-08T09:59:27+00:00","og_image":[{"width":900,"height":600,"url":"https:\/\/www.atscontainers.com\/wp-content\/uploads\/2021\/10\/20-Double-Door-NEW.jpg","type":"image\/jpeg"}],"twitter_card":"summary_large_image","twitter_site":"@atscontainers","twitter_misc":{"Estimation du temps de lecture":"1 minute"},"schema":{"@context":"https:\/\/schema.org","@graph":[{"@type":"WebPage","@id":"https:\/\/www.atscontainers.com\/fr\/produits\/conteneurs-neufs\/20-portes-doubles-conteneur-neuf\/","url":"https:\/\/www.atscontainers.com\/fr\/produits\/conteneurs-neufs\/20-portes-doubles-conteneur-neuf\/","name":"Achetez un Conteneur 20 Pieds | Mod\u00e8le Double Porte Neuf","isPartOf":{"@id":"https:\/\/www.atscontainers.com\/fr\/#website"},"primaryImageOfPage":{"@id":"https:\/\/www.atscontainers.com\/fr\/produits\/conteneurs-neufs\/20-portes-doubles-conteneur-neuf\/#primaryimage"},"image":{"@id":"https:\/\/www.atscontainers.com\/fr\/produits\/conteneurs-neufs\/20-portes-doubles-conteneur-neuf\/#primaryimage"},"thumbnailUrl":"https:\/\/www.atscontainers.com\/wp-content\/uploads\/2021\/10\/20-Double-Door-NEW.jpg","datePublished":"2018-05-29T16:17:56+00:00","dateModified":"2026-01-08T09:59:27+00:00","description":"Gr\u00e2ce \u00e0 ses deux portes d\u2019extr\u00e9mit\u00e9, ce conteneur neuf de 20 pieds acc\u00e9l\u00e8re les op\u00e9rations de chargement et facilite l\u2019acc\u00e8s \u00e0 toute la cargaison. D\u00e9couvrez-le !","breadcrumb":{"@id":"https:\/\/www.atscontainers.com\/fr\/produits\/conteneurs-neufs\/20-portes-doubles-conteneur-neuf\/#breadcrumb"},"inLanguage":"fr-CA","potentialAction":[{"@type":"ReadAction","target":["https:\/\/www.atscontainers.com\/fr\/produits\/conteneurs-neufs\/20-portes-doubles-conteneur-neuf\/"]}]},{"@type":"ImageObject","inLanguage":"fr-CA","@id":"https:\/\/www.atscontainers.com\/fr\/produits\/conteneurs-neufs\/20-portes-doubles-conteneur-neuf\/#primaryimage","url":"https:\/\/www.atscontainers.com\/wp-content\/uploads\/2021\/10\/20-Double-Door-NEW.jpg","contentUrl":"https:\/\/www.atscontainers.com\/wp-content\/uploads\/2021\/10\/20-Double-Door-NEW.jpg","width":900,"height":600},{"@type":"BreadcrumbList","@id":"https:\/\/www.atscontainers.com\/fr\/produits\/conteneurs-neufs\/20-portes-doubles-conteneur-neuf\/#breadcrumb","itemListElement":[{"@type":"ListItem","position":1,"name":"Home","item":"https:\/\/www.atscontainers.com\/fr\/"},{"@type":"ListItem","position":2,"name":"Conteneurs \u00e0 Vendre","item":"https:\/\/www.atscontainers.com\/fr\/produits\/"},{"@type":"ListItem","position":3,"name":"Conteneurs Neufs","item":"https:\/\/www.atscontainers.com\/fr\/produits\/conteneurs-neufs\/"},{"@type":"ListItem","position":4,"name":"Conteneur Porte Double 20 Pi"}]},{"@type":"WebSite","@id":"https:\/\/www.atscontainers.com\/fr\/#website","url":"https:\/\/www.atscontainers.com\/fr\/","name":"ATS Containers","description":"","publisher":{"@id":"https:\/\/www.atscontainers.com\/fr\/#organization"},"potentialAction":[{"@type":"SearchAction","target":{"@type":"EntryPoint","urlTemplate":"https:\/\/www.atscontainers.com\/fr\/?s={search_term_string}"},"query-input":{"@type":"PropertyValueSpecification","valueRequired":true,"valueName":"search_term_string"}}],"inLanguage":"fr-CA"},{"@type":"Organization","@id":"https:\/\/www.atscontainers.com\/fr\/#organization","name":"ATS Containers","url":"https:\/\/www.atscontainers.com\/fr\/","logo":{"@type":"ImageObject","inLanguage":"fr-CA","@id":"https:\/\/www.atscontainers.com\/fr\/#\/schema\/logo\/image\/","url":"https:\/\/www.atscontainers.com\/wp-content\/uploads\/2018\/09\/ats-containers-canada_.png","contentUrl":"https:\/\/www.atscontainers.com\/wp-content\/uploads\/2018\/09\/ats-containers-canada_.png","width":500,"height":500,"caption":"ATS Containers"},"image":{"@id":"https:\/\/www.atscontainers.com\/fr\/#\/schema\/logo\/image\/"},"sameAs":["https:\/\/www.facebook.com\/atscontainers\/","https:\/\/x.com\/atscontainers","https:\/\/www.instagram.com\/atscontainers\/","https:\/\/www.linkedin.com\/company\/ats-container-services\/"]}]}},"_links":{"self":[{"href":"https:\/\/www.atscontainers.com\/fr\/wp-json\/wp\/v2\/pages\/8162","targetHints":{"allow":["GET"]}}],"collection":[{"href":"https:\/\/www.atscontainers.com\/fr\/wp-json\/wp\/v2\/pages"}],"about":[{"href":"https:\/\/www.atscontainers.com\/fr\/wp-json\/wp\/v2\/types\/page"}],"author":[{"embeddable":true,"href":"https:\/\/www.atscontainers.com\/fr\/wp-json\/wp\/v2\/users\/13"}],"replies":[{"embeddable":true,"href":"https:\/\/www.atscontainers.com\/fr\/wp-json\/wp\/v2\/comments?post=8162"}],"version-history":[{"count":7,"href":"https:\/\/www.atscontainers.com\/fr\/wp-json\/wp\/v2\/pages\/8162\/revisions"}],"predecessor-version":[{"id":13961,"href":"https:\/\/www.atscontainers.com\/fr\/wp-json\/wp\/v2\/pages\/8162\/revisions\/13961"}],"up":[{"embeddable":true,"href":"https:\/\/www.atscontainers.com\/fr\/wp-json\/wp\/v2\/pages\/7537"}],"wp:featuredmedia":[{"embeddable":true,"href":"https:\/\/www.atscontainers.com\/fr\/wp-json\/wp\/v2\/media\/7374"}],"wp:attachment":[{"href":"https:\/\/www.atscontainers.com\/fr\/wp-json\/wp\/v2\/media?parent=8162"}],"curies":[{"name":"wp","href":"https:\/\/api.w.org\/{rel}","templated":true}]}}