{"id":8186,"date":"2018-05-30T11:56:28","date_gmt":"2018-05-30T15:56:28","guid":{"rendered":"https:\/\/www.atscontainers.com\/products\/conteneurs-usages\/40-new-container\/"},"modified":"2026-01-08T05:15:23","modified_gmt":"2026-01-08T10:15:23","slug":"40-conteneur-neuf","status":"publish","type":"page","link":"https:\/\/www.atscontainers.com\/fr\/produits\/conteneurs-neufs\/40-conteneur-neuf\/","title":{"rendered":"Conteneur 40 Pi"},"content":{"rendered":"<p>Les conteneur 40 pieds neufs offrent une capacit\u00e9 d\u2019entreposage double de la capacit\u00e9 de stockage des conteneurs de 20 pieds \u00e0 un prix plus avantageux.<\/p>\n","protected":false},"excerpt":{"rendered":"<p>Les conteneur 40 pieds neufs offrent une capacit\u00e9 d\u2019entreposage double de la capacit\u00e9 de stockage des conteneurs de 20 pieds \u00e0 un prix plus avantageux.<\/p>\n","protected":false},"author":13,"featured_media":5445,"parent":7537,"menu_order":0,"comment_status":"closed","ping_status":"closed","template":"page-fc.php","meta":{"_acf_changed":false,"ngg_post_thumbnail":0,"footnotes":""},"class_list":["post-8186","page","type-page","status-publish","has-post-thumbnail","hentry"],"acf":[],"yoast_head":"<!-- This site is optimized with the Yoast SEO plugin v26.9 - https:\/\/yoast.com\/product\/yoast-seo-wordpress\/ -->\n<title>Conteneur Maritime 40 Pieds Neuf | Robuste &amp; Grande Capacit\u00e9<\/title>\n<meta name=\"description\" content=\"Construit en acier CORTEN, ce conteneur neuf de 40 pieds offre une protection renforc\u00e9e contre la corrosion pour un entreposage longue dur\u00e9e en ext\u00e9rieur.\" \/>\n<meta name=\"robots\" content=\"index, follow, max-snippet:-1, max-image-preview:large, max-video-preview:-1\" \/>\n<link rel=\"canonical\" href=\"https:\/\/www.atscontainers.com\/fr\/produits\/conteneurs-neufs\/40-conteneur-neuf\/\" \/>\n<meta property=\"og:locale\" content=\"fr_CA\" \/>\n<meta property=\"og:type\" content=\"article\" \/>\n<meta property=\"og:title\" content=\"Conteneur Maritime 40 Pieds Neuf | Robuste &amp; Grande Capacit\u00e9\" \/>\n<meta property=\"og:description\" content=\"Construit en acier CORTEN, ce conteneur neuf de 40 pieds offre une protection renforc\u00e9e contre la corrosion pour un entreposage longue dur\u00e9e en ext\u00e9rieur.\" \/>\n<meta property=\"og:url\" content=\"https:\/\/www.atscontainers.com\/fr\/produits\/conteneurs-neufs\/40-conteneur-neuf\/\" \/>\n<meta property=\"og:site_name\" content=\"ATS Containers\" \/>\n<meta property=\"article:publisher\" content=\"https:\/\/www.facebook.com\/atscontainers\/\" \/>\n<meta property=\"article:modified_time\" content=\"2026-01-08T10:15:23+00:00\" \/>\n<meta property=\"og:image\" content=\"https:\/\/www.atscontainers.com\/wp-content\/uploads\/2018\/05\/Standard-40-shipping-container3.jpeg\" \/>\n\t<meta property=\"og:image:width\" content=\"768\" \/>\n\t<meta property=\"og:image:height\" content=\"576\" \/>\n\t<meta property=\"og:image:type\" content=\"image\/jpeg\" \/>\n<meta name=\"twitter:card\" content=\"summary_large_image\" \/>\n<meta name=\"twitter:site\" content=\"@atscontainers\" \/>\n<meta name=\"twitter:label1\" content=\"Estimation du temps de lecture\" \/>\n\t<meta name=\"twitter:data1\" content=\"1 minute\" \/>\n<script type=\"application\/ld+json\" class=\"yoast-schema-graph\">{\"@context\":\"https:\/\/schema.org\",\"@graph\":[{\"@type\":\"WebPage\",\"@id\":\"https:\/\/www.atscontainers.com\/fr\/produits\/conteneurs-neufs\/40-conteneur-neuf\/\",\"url\":\"https:\/\/www.atscontainers.com\/fr\/produits\/conteneurs-neufs\/40-conteneur-neuf\/\",\"name\":\"Conteneur Maritime 40 Pieds Neuf | Robuste & Grande Capacit\u00e9\",\"isPartOf\":{\"@id\":\"https:\/\/www.atscontainers.com\/fr\/#website\"},\"primaryImageOfPage\":{\"@id\":\"https:\/\/www.atscontainers.com\/fr\/produits\/conteneurs-neufs\/40-conteneur-neuf\/#primaryimage\"},\"image\":{\"@id\":\"https:\/\/www.atscontainers.com\/fr\/produits\/conteneurs-neufs\/40-conteneur-neuf\/#primaryimage\"},\"thumbnailUrl\":\"https:\/\/www.atscontainers.com\/wp-content\/uploads\/2018\/05\/Standard-40-shipping-container3.jpeg\",\"datePublished\":\"2018-05-30T15:56:28+00:00\",\"dateModified\":\"2026-01-08T10:15:23+00:00\",\"description\":\"Construit en acier CORTEN, ce conteneur neuf de 40 pieds offre une protection renforc\u00e9e contre la corrosion pour un entreposage longue dur\u00e9e en ext\u00e9rieur.\",\"breadcrumb\":{\"@id\":\"https:\/\/www.atscontainers.com\/fr\/produits\/conteneurs-neufs\/40-conteneur-neuf\/#breadcrumb\"},\"inLanguage\":\"fr-CA\",\"potentialAction\":[{\"@type\":\"ReadAction\",\"target\":[\"https:\/\/www.atscontainers.com\/fr\/produits\/conteneurs-neufs\/40-conteneur-neuf\/\"]}]},{\"@type\":\"ImageObject\",\"inLanguage\":\"fr-CA\",\"@id\":\"https:\/\/www.atscontainers.com\/fr\/produits\/conteneurs-neufs\/40-conteneur-neuf\/#primaryimage\",\"url\":\"https:\/\/www.atscontainers.com\/wp-content\/uploads\/2018\/05\/Standard-40-shipping-container3.jpeg\",\"contentUrl\":\"https:\/\/www.atscontainers.com\/wp-content\/uploads\/2018\/05\/Standard-40-shipping-container3.jpeg\",\"width\":768,\"height\":576},{\"@type\":\"BreadcrumbList\",\"@id\":\"https:\/\/www.atscontainers.com\/fr\/produits\/conteneurs-neufs\/40-conteneur-neuf\/#breadcrumb\",\"itemListElement\":[{\"@type\":\"ListItem\",\"position\":1,\"name\":\"Home\",\"item\":\"https:\/\/www.atscontainers.com\/fr\/\"},{\"@type\":\"ListItem\",\"position\":2,\"name\":\"Conteneurs \u00e0 Vendre\",\"item\":\"https:\/\/www.atscontainers.com\/fr\/produits\/\"},{\"@type\":\"ListItem\",\"position\":3,\"name\":\"Conteneurs Neufs\",\"item\":\"https:\/\/www.atscontainers.com\/fr\/produits\/conteneurs-neufs\/\"},{\"@type\":\"ListItem\",\"position\":4,\"name\":\"Conteneur 40 Pi\"}]},{\"@type\":\"WebSite\",\"@id\":\"https:\/\/www.atscontainers.com\/fr\/#website\",\"url\":\"https:\/\/www.atscontainers.com\/fr\/\",\"name\":\"ATS Containers\",\"description\":\"\",\"publisher\":{\"@id\":\"https:\/\/www.atscontainers.com\/fr\/#organization\"},\"potentialAction\":[{\"@type\":\"SearchAction\",\"target\":{\"@type\":\"EntryPoint\",\"urlTemplate\":\"https:\/\/www.atscontainers.com\/fr\/?s={search_term_string}\"},\"query-input\":{\"@type\":\"PropertyValueSpecification\",\"valueRequired\":true,\"valueName\":\"search_term_string\"}}],\"inLanguage\":\"fr-CA\"},{\"@type\":\"Organization\",\"@id\":\"https:\/\/www.atscontainers.com\/fr\/#organization\",\"name\":\"ATS Containers\",\"url\":\"https:\/\/www.atscontainers.com\/fr\/\",\"logo\":{\"@type\":\"ImageObject\",\"inLanguage\":\"fr-CA\",\"@id\":\"https:\/\/www.atscontainers.com\/fr\/#\/schema\/logo\/image\/\",\"url\":\"https:\/\/www.atscontainers.com\/wp-content\/uploads\/2018\/09\/ats-containers-canada_.png\",\"contentUrl\":\"https:\/\/www.atscontainers.com\/wp-content\/uploads\/2018\/09\/ats-containers-canada_.png\",\"width\":500,\"height\":500,\"caption\":\"ATS Containers\"},\"image\":{\"@id\":\"https:\/\/www.atscontainers.com\/fr\/#\/schema\/logo\/image\/\"},\"sameAs\":[\"https:\/\/www.facebook.com\/atscontainers\/\",\"https:\/\/x.com\/atscontainers\",\"https:\/\/www.instagram.com\/atscontainers\/\",\"https:\/\/www.linkedin.com\/company\/ats-container-services\/\"]}]}<\/script>\n<!-- \/ Yoast SEO plugin. -->","yoast_head_json":{"title":"Conteneur Maritime 40 Pieds Neuf | Robuste & Grande Capacit\u00e9","description":"Construit en acier CORTEN, ce conteneur neuf de 40 pieds offre une protection renforc\u00e9e contre la corrosion pour un entreposage longue dur\u00e9e en ext\u00e9rieur.","robots":{"index":"index","follow":"follow","max-snippet":"max-snippet:-1","max-image-preview":"max-image-preview:large","max-video-preview":"max-video-preview:-1"},"canonical":"https:\/\/www.atscontainers.com\/fr\/produits\/conteneurs-neufs\/40-conteneur-neuf\/","og_locale":"fr_CA","og_type":"article","og_title":"Conteneur Maritime 40 Pieds Neuf | Robuste & Grande Capacit\u00e9","og_description":"Construit en acier CORTEN, ce conteneur neuf de 40 pieds offre une protection renforc\u00e9e contre la corrosion pour un entreposage longue dur\u00e9e en ext\u00e9rieur.","og_url":"https:\/\/www.atscontainers.com\/fr\/produits\/conteneurs-neufs\/40-conteneur-neuf\/","og_site_name":"ATS Containers","article_publisher":"https:\/\/www.facebook.com\/atscontainers\/","article_modified_time":"2026-01-08T10:15:23+00:00","og_image":[{"width":768,"height":576,"url":"https:\/\/www.atscontainers.com\/wp-content\/uploads\/2018\/05\/Standard-40-shipping-container3.jpeg","type":"image\/jpeg"}],"twitter_card":"summary_large_image","twitter_site":"@atscontainers","twitter_misc":{"Estimation du temps de lecture":"1 minute"},"schema":{"@context":"https:\/\/schema.org","@graph":[{"@type":"WebPage","@id":"https:\/\/www.atscontainers.com\/fr\/produits\/conteneurs-neufs\/40-conteneur-neuf\/","url":"https:\/\/www.atscontainers.com\/fr\/produits\/conteneurs-neufs\/40-conteneur-neuf\/","name":"Conteneur Maritime 40 Pieds Neuf | Robuste & Grande Capacit\u00e9","isPartOf":{"@id":"https:\/\/www.atscontainers.com\/fr\/#website"},"primaryImageOfPage":{"@id":"https:\/\/www.atscontainers.com\/fr\/produits\/conteneurs-neufs\/40-conteneur-neuf\/#primaryimage"},"image":{"@id":"https:\/\/www.atscontainers.com\/fr\/produits\/conteneurs-neufs\/40-conteneur-neuf\/#primaryimage"},"thumbnailUrl":"https:\/\/www.atscontainers.com\/wp-content\/uploads\/2018\/05\/Standard-40-shipping-container3.jpeg","datePublished":"2018-05-30T15:56:28+00:00","dateModified":"2026-01-08T10:15:23+00:00","description":"Construit en acier CORTEN, ce conteneur neuf de 40 pieds offre une protection renforc\u00e9e contre la corrosion pour un entreposage longue dur\u00e9e en ext\u00e9rieur.","breadcrumb":{"@id":"https:\/\/www.atscontainers.com\/fr\/produits\/conteneurs-neufs\/40-conteneur-neuf\/#breadcrumb"},"inLanguage":"fr-CA","potentialAction":[{"@type":"ReadAction","target":["https:\/\/www.atscontainers.com\/fr\/produits\/conteneurs-neufs\/40-conteneur-neuf\/"]}]},{"@type":"ImageObject","inLanguage":"fr-CA","@id":"https:\/\/www.atscontainers.com\/fr\/produits\/conteneurs-neufs\/40-conteneur-neuf\/#primaryimage","url":"https:\/\/www.atscontainers.com\/wp-content\/uploads\/2018\/05\/Standard-40-shipping-container3.jpeg","contentUrl":"https:\/\/www.atscontainers.com\/wp-content\/uploads\/2018\/05\/Standard-40-shipping-container3.jpeg","width":768,"height":576},{"@type":"BreadcrumbList","@id":"https:\/\/www.atscontainers.com\/fr\/produits\/conteneurs-neufs\/40-conteneur-neuf\/#breadcrumb","itemListElement":[{"@type":"ListItem","position":1,"name":"Home","item":"https:\/\/www.atscontainers.com\/fr\/"},{"@type":"ListItem","position":2,"name":"Conteneurs \u00e0 Vendre","item":"https:\/\/www.atscontainers.com\/fr\/produits\/"},{"@type":"ListItem","position":3,"name":"Conteneurs Neufs","item":"https:\/\/www.atscontainers.com\/fr\/produits\/conteneurs-neufs\/"},{"@type":"ListItem","position":4,"name":"Conteneur 40 Pi"}]},{"@type":"WebSite","@id":"https:\/\/www.atscontainers.com\/fr\/#website","url":"https:\/\/www.atscontainers.com\/fr\/","name":"ATS Containers","description":"","publisher":{"@id":"https:\/\/www.atscontainers.com\/fr\/#organization"},"potentialAction":[{"@type":"SearchAction","target":{"@type":"EntryPoint","urlTemplate":"https:\/\/www.atscontainers.com\/fr\/?s={search_term_string}"},"query-input":{"@type":"PropertyValueSpecification","valueRequired":true,"valueName":"search_term_string"}}],"inLanguage":"fr-CA"},{"@type":"Organization","@id":"https:\/\/www.atscontainers.com\/fr\/#organization","name":"ATS Containers","url":"https:\/\/www.atscontainers.com\/fr\/","logo":{"@type":"ImageObject","inLanguage":"fr-CA","@id":"https:\/\/www.atscontainers.com\/fr\/#\/schema\/logo\/image\/","url":"https:\/\/www.atscontainers.com\/wp-content\/uploads\/2018\/09\/ats-containers-canada_.png","contentUrl":"https:\/\/www.atscontainers.com\/wp-content\/uploads\/2018\/09\/ats-containers-canada_.png","width":500,"height":500,"caption":"ATS Containers"},"image":{"@id":"https:\/\/www.atscontainers.com\/fr\/#\/schema\/logo\/image\/"},"sameAs":["https:\/\/www.facebook.com\/atscontainers\/","https:\/\/x.com\/atscontainers","https:\/\/www.instagram.com\/atscontainers\/","https:\/\/www.linkedin.com\/company\/ats-container-services\/"]}]}},"_links":{"self":[{"href":"https:\/\/www.atscontainers.com\/fr\/wp-json\/wp\/v2\/pages\/8186","targetHints":{"allow":["GET"]}}],"collection":[{"href":"https:\/\/www.atscontainers.com\/fr\/wp-json\/wp\/v2\/pages"}],"about":[{"href":"https:\/\/www.atscontainers.com\/fr\/wp-json\/wp\/v2\/types\/page"}],"author":[{"embeddable":true,"href":"https:\/\/www.atscontainers.com\/fr\/wp-json\/wp\/v2\/users\/13"}],"replies":[{"embeddable":true,"href":"https:\/\/www.atscontainers.com\/fr\/wp-json\/wp\/v2\/comments?post=8186"}],"version-history":[{"count":7,"href":"https:\/\/www.atscontainers.com\/fr\/wp-json\/wp\/v2\/pages\/8186\/revisions"}],"predecessor-version":[{"id":17407,"href":"https:\/\/www.atscontainers.com\/fr\/wp-json\/wp\/v2\/pages\/8186\/revisions\/17407"}],"up":[{"embeddable":true,"href":"https:\/\/www.atscontainers.com\/fr\/wp-json\/wp\/v2\/pages\/7537"}],"wp:featuredmedia":[{"embeddable":true,"href":"https:\/\/www.atscontainers.com\/fr\/wp-json\/wp\/v2\/media\/5445"}],"wp:attachment":[{"href":"https:\/\/www.atscontainers.com\/fr\/wp-json\/wp\/v2\/media?parent=8186"}],"curies":[{"name":"wp","href":"https:\/\/api.w.org\/{rel}","templated":true}]}}