{"id":8199,"date":"2018-05-30T12:06:47","date_gmt":"2018-05-30T16:06:47","guid":{"rendered":"https:\/\/www.atscontainers.com\/products\/conteneurs-usages\/40-new-high-cube-double-door\/"},"modified":"2026-01-08T05:20:18","modified_gmt":"2026-01-08T10:20:18","slug":"conteneur-porte-double-40-pi","status":"publish","type":"page","link":"https:\/\/www.atscontainers.com\/fr\/produits\/conteneurs-neufs\/40-high-cube-portes-doubles-neuf\/","title":{"rendered":"Conteneur Porte Double 40 Pi"},"content":{"rendered":"<p>Les conteneurs de 40 pieds \u00e0 portes doubles permettent un acc\u00e8s facile au chargement des deux c\u00f4t\u00e9s tout en pr\u00e9servant la s\u00e9curit\u00e9 et la durabilit\u00e9 des portes cargo en acier d\u2019origine.<\/p>\n","protected":false},"excerpt":{"rendered":"<p>Les conteneurs de 40 pieds \u00e0 portes doubles permettent un acc\u00e8s facile au chargement des deux c\u00f4t\u00e9s tout en pr\u00e9servant la s\u00e9curit\u00e9 et la durabilit\u00e9 des portes cargo en acier d\u2019origine.<\/p>\n","protected":false},"author":13,"featured_media":13264,"parent":7537,"menu_order":0,"comment_status":"closed","ping_status":"closed","template":"page-fc.php","meta":{"_acf_changed":false,"ngg_post_thumbnail":0,"footnotes":""},"class_list":["post-8199","page","type-page","status-publish","has-post-thumbnail","hentry"],"acf":[],"yoast_head":"<!-- This site is optimized with the Yoast SEO plugin v26.9 - https:\/\/yoast.com\/product\/yoast-seo-wordpress\/ -->\n<title>Conteneur 40 Pieds High Cube \u00e0 deux Portes | Stockage simplifi\u00e9<\/title>\n<meta name=\"description\" content=\"Les conteneurs neufs High Cube porte double de 40 pieds chez ATS maximisent la capacit\u00e9 d&#039;entreposage et offrent un acc\u00e8s simple aux 2 extr\u00e9mit\u00e9s de l&#039;unit\u00e9.\" \/>\n<meta name=\"robots\" content=\"index, follow, max-snippet:-1, max-image-preview:large, max-video-preview:-1\" \/>\n<link rel=\"canonical\" href=\"https:\/\/www.atscontainers.com\/fr\/produits\/conteneurs-neufs\/40-high-cube-portes-doubles-neuf\/\" \/>\n<meta property=\"og:locale\" content=\"fr_CA\" \/>\n<meta property=\"og:type\" content=\"article\" \/>\n<meta property=\"og:title\" content=\"Conteneur 40 Pieds High Cube \u00e0 deux Portes | Stockage simplifi\u00e9\" \/>\n<meta property=\"og:description\" content=\"Les conteneurs neufs High Cube porte double de 40 pieds chez ATS maximisent la capacit\u00e9 d&#039;entreposage et offrent un acc\u00e8s simple aux 2 extr\u00e9mit\u00e9s de l&#039;unit\u00e9.\" \/>\n<meta property=\"og:url\" content=\"https:\/\/www.atscontainers.com\/fr\/produits\/conteneurs-neufs\/40-high-cube-portes-doubles-neuf\/\" \/>\n<meta property=\"og:site_name\" content=\"ATS Containers\" \/>\n<meta property=\"article:publisher\" content=\"https:\/\/www.facebook.com\/atscontainers\/\" \/>\n<meta property=\"article:modified_time\" content=\"2026-01-08T10:20:18+00:00\" \/>\n<meta property=\"og:image\" content=\"https:\/\/www.atscontainers.com\/wp-content\/uploads\/2024\/03\/40ft-double-door-cover-ft01.jpg\" \/>\n\t<meta property=\"og:image:width\" content=\"640\" \/>\n\t<meta property=\"og:image:height\" content=\"426\" \/>\n\t<meta property=\"og:image:type\" content=\"image\/jpeg\" \/>\n<meta name=\"twitter:card\" content=\"summary_large_image\" \/>\n<meta name=\"twitter:site\" content=\"@atscontainers\" \/>\n<meta name=\"twitter:label1\" content=\"Estimation du temps de lecture\" \/>\n\t<meta name=\"twitter:data1\" content=\"1 minute\" \/>\n<script type=\"application\/ld+json\" class=\"yoast-schema-graph\">{\"@context\":\"https:\/\/schema.org\",\"@graph\":[{\"@type\":\"WebPage\",\"@id\":\"https:\/\/www.atscontainers.com\/fr\/produits\/conteneurs-neufs\/40-high-cube-portes-doubles-neuf\/\",\"url\":\"https:\/\/www.atscontainers.com\/fr\/produits\/conteneurs-neufs\/40-high-cube-portes-doubles-neuf\/\",\"name\":\"Conteneur 40 Pieds High Cube \u00e0 deux Portes | Stockage simplifi\u00e9\",\"isPartOf\":{\"@id\":\"https:\/\/www.atscontainers.com\/fr\/#website\"},\"primaryImageOfPage\":{\"@id\":\"https:\/\/www.atscontainers.com\/fr\/produits\/conteneurs-neufs\/40-high-cube-portes-doubles-neuf\/#primaryimage\"},\"image\":{\"@id\":\"https:\/\/www.atscontainers.com\/fr\/produits\/conteneurs-neufs\/40-high-cube-portes-doubles-neuf\/#primaryimage\"},\"thumbnailUrl\":\"https:\/\/www.atscontainers.com\/wp-content\/uploads\/2024\/03\/40ft-double-door-cover-ft01.jpg\",\"datePublished\":\"2018-05-30T16:06:47+00:00\",\"dateModified\":\"2026-01-08T10:20:18+00:00\",\"description\":\"Les conteneurs neufs High Cube porte double de 40 pieds chez ATS maximisent la capacit\u00e9 d'entreposage et offrent un acc\u00e8s simple aux 2 extr\u00e9mit\u00e9s de l'unit\u00e9.\",\"breadcrumb\":{\"@id\":\"https:\/\/www.atscontainers.com\/fr\/produits\/conteneurs-neufs\/40-high-cube-portes-doubles-neuf\/#breadcrumb\"},\"inLanguage\":\"fr-CA\",\"potentialAction\":[{\"@type\":\"ReadAction\",\"target\":[\"https:\/\/www.atscontainers.com\/fr\/produits\/conteneurs-neufs\/40-high-cube-portes-doubles-neuf\/\"]}]},{\"@type\":\"ImageObject\",\"inLanguage\":\"fr-CA\",\"@id\":\"https:\/\/www.atscontainers.com\/fr\/produits\/conteneurs-neufs\/40-high-cube-portes-doubles-neuf\/#primaryimage\",\"url\":\"https:\/\/www.atscontainers.com\/wp-content\/uploads\/2024\/03\/40ft-double-door-cover-ft01.jpg\",\"contentUrl\":\"https:\/\/www.atscontainers.com\/wp-content\/uploads\/2024\/03\/40ft-double-door-cover-ft01.jpg\",\"width\":640,\"height\":426},{\"@type\":\"BreadcrumbList\",\"@id\":\"https:\/\/www.atscontainers.com\/fr\/produits\/conteneurs-neufs\/40-high-cube-portes-doubles-neuf\/#breadcrumb\",\"itemListElement\":[{\"@type\":\"ListItem\",\"position\":1,\"name\":\"Home\",\"item\":\"https:\/\/www.atscontainers.com\/fr\/\"},{\"@type\":\"ListItem\",\"position\":2,\"name\":\"Conteneurs \u00e0 Vendre\",\"item\":\"https:\/\/www.atscontainers.com\/fr\/produits\/\"},{\"@type\":\"ListItem\",\"position\":3,\"name\":\"Conteneurs Neufs\",\"item\":\"https:\/\/www.atscontainers.com\/fr\/produits\/conteneurs-neufs\/\"},{\"@type\":\"ListItem\",\"position\":4,\"name\":\"Conteneur Porte Double 40 Pi\"}]},{\"@type\":\"WebSite\",\"@id\":\"https:\/\/www.atscontainers.com\/fr\/#website\",\"url\":\"https:\/\/www.atscontainers.com\/fr\/\",\"name\":\"ATS Containers\",\"description\":\"\",\"publisher\":{\"@id\":\"https:\/\/www.atscontainers.com\/fr\/#organization\"},\"potentialAction\":[{\"@type\":\"SearchAction\",\"target\":{\"@type\":\"EntryPoint\",\"urlTemplate\":\"https:\/\/www.atscontainers.com\/fr\/?s={search_term_string}\"},\"query-input\":{\"@type\":\"PropertyValueSpecification\",\"valueRequired\":true,\"valueName\":\"search_term_string\"}}],\"inLanguage\":\"fr-CA\"},{\"@type\":\"Organization\",\"@id\":\"https:\/\/www.atscontainers.com\/fr\/#organization\",\"name\":\"ATS Containers\",\"url\":\"https:\/\/www.atscontainers.com\/fr\/\",\"logo\":{\"@type\":\"ImageObject\",\"inLanguage\":\"fr-CA\",\"@id\":\"https:\/\/www.atscontainers.com\/fr\/#\/schema\/logo\/image\/\",\"url\":\"https:\/\/www.atscontainers.com\/wp-content\/uploads\/2018\/09\/ats-containers-canada_.png\",\"contentUrl\":\"https:\/\/www.atscontainers.com\/wp-content\/uploads\/2018\/09\/ats-containers-canada_.png\",\"width\":500,\"height\":500,\"caption\":\"ATS Containers\"},\"image\":{\"@id\":\"https:\/\/www.atscontainers.com\/fr\/#\/schema\/logo\/image\/\"},\"sameAs\":[\"https:\/\/www.facebook.com\/atscontainers\/\",\"https:\/\/x.com\/atscontainers\",\"https:\/\/www.instagram.com\/atscontainers\/\",\"https:\/\/www.linkedin.com\/company\/ats-container-services\/\"]}]}<\/script>\n<!-- \/ Yoast SEO plugin. -->","yoast_head_json":{"title":"Conteneur 40 Pieds High Cube \u00e0 deux Portes | Stockage simplifi\u00e9","description":"Les conteneurs neufs High Cube porte double de 40 pieds chez ATS maximisent la capacit\u00e9 d'entreposage et offrent un acc\u00e8s simple aux 2 extr\u00e9mit\u00e9s de l'unit\u00e9.","robots":{"index":"index","follow":"follow","max-snippet":"max-snippet:-1","max-image-preview":"max-image-preview:large","max-video-preview":"max-video-preview:-1"},"canonical":"https:\/\/www.atscontainers.com\/fr\/produits\/conteneurs-neufs\/40-high-cube-portes-doubles-neuf\/","og_locale":"fr_CA","og_type":"article","og_title":"Conteneur 40 Pieds High Cube \u00e0 deux Portes | Stockage simplifi\u00e9","og_description":"Les conteneurs neufs High Cube porte double de 40 pieds chez ATS maximisent la capacit\u00e9 d'entreposage et offrent un acc\u00e8s simple aux 2 extr\u00e9mit\u00e9s de l'unit\u00e9.","og_url":"https:\/\/www.atscontainers.com\/fr\/produits\/conteneurs-neufs\/40-high-cube-portes-doubles-neuf\/","og_site_name":"ATS Containers","article_publisher":"https:\/\/www.facebook.com\/atscontainers\/","article_modified_time":"2026-01-08T10:20:18+00:00","og_image":[{"width":640,"height":426,"url":"https:\/\/www.atscontainers.com\/wp-content\/uploads\/2024\/03\/40ft-double-door-cover-ft01.jpg","type":"image\/jpeg"}],"twitter_card":"summary_large_image","twitter_site":"@atscontainers","twitter_misc":{"Estimation du temps de lecture":"1 minute"},"schema":{"@context":"https:\/\/schema.org","@graph":[{"@type":"WebPage","@id":"https:\/\/www.atscontainers.com\/fr\/produits\/conteneurs-neufs\/40-high-cube-portes-doubles-neuf\/","url":"https:\/\/www.atscontainers.com\/fr\/produits\/conteneurs-neufs\/40-high-cube-portes-doubles-neuf\/","name":"Conteneur 40 Pieds High Cube \u00e0 deux Portes | Stockage simplifi\u00e9","isPartOf":{"@id":"https:\/\/www.atscontainers.com\/fr\/#website"},"primaryImageOfPage":{"@id":"https:\/\/www.atscontainers.com\/fr\/produits\/conteneurs-neufs\/40-high-cube-portes-doubles-neuf\/#primaryimage"},"image":{"@id":"https:\/\/www.atscontainers.com\/fr\/produits\/conteneurs-neufs\/40-high-cube-portes-doubles-neuf\/#primaryimage"},"thumbnailUrl":"https:\/\/www.atscontainers.com\/wp-content\/uploads\/2024\/03\/40ft-double-door-cover-ft01.jpg","datePublished":"2018-05-30T16:06:47+00:00","dateModified":"2026-01-08T10:20:18+00:00","description":"Les conteneurs neufs High Cube porte double de 40 pieds chez ATS maximisent la capacit\u00e9 d'entreposage et offrent un acc\u00e8s simple aux 2 extr\u00e9mit\u00e9s de l'unit\u00e9.","breadcrumb":{"@id":"https:\/\/www.atscontainers.com\/fr\/produits\/conteneurs-neufs\/40-high-cube-portes-doubles-neuf\/#breadcrumb"},"inLanguage":"fr-CA","potentialAction":[{"@type":"ReadAction","target":["https:\/\/www.atscontainers.com\/fr\/produits\/conteneurs-neufs\/40-high-cube-portes-doubles-neuf\/"]}]},{"@type":"ImageObject","inLanguage":"fr-CA","@id":"https:\/\/www.atscontainers.com\/fr\/produits\/conteneurs-neufs\/40-high-cube-portes-doubles-neuf\/#primaryimage","url":"https:\/\/www.atscontainers.com\/wp-content\/uploads\/2024\/03\/40ft-double-door-cover-ft01.jpg","contentUrl":"https:\/\/www.atscontainers.com\/wp-content\/uploads\/2024\/03\/40ft-double-door-cover-ft01.jpg","width":640,"height":426},{"@type":"BreadcrumbList","@id":"https:\/\/www.atscontainers.com\/fr\/produits\/conteneurs-neufs\/40-high-cube-portes-doubles-neuf\/#breadcrumb","itemListElement":[{"@type":"ListItem","position":1,"name":"Home","item":"https:\/\/www.atscontainers.com\/fr\/"},{"@type":"ListItem","position":2,"name":"Conteneurs \u00e0 Vendre","item":"https:\/\/www.atscontainers.com\/fr\/produits\/"},{"@type":"ListItem","position":3,"name":"Conteneurs Neufs","item":"https:\/\/www.atscontainers.com\/fr\/produits\/conteneurs-neufs\/"},{"@type":"ListItem","position":4,"name":"Conteneur Porte Double 40 Pi"}]},{"@type":"WebSite","@id":"https:\/\/www.atscontainers.com\/fr\/#website","url":"https:\/\/www.atscontainers.com\/fr\/","name":"ATS Containers","description":"","publisher":{"@id":"https:\/\/www.atscontainers.com\/fr\/#organization"},"potentialAction":[{"@type":"SearchAction","target":{"@type":"EntryPoint","urlTemplate":"https:\/\/www.atscontainers.com\/fr\/?s={search_term_string}"},"query-input":{"@type":"PropertyValueSpecification","valueRequired":true,"valueName":"search_term_string"}}],"inLanguage":"fr-CA"},{"@type":"Organization","@id":"https:\/\/www.atscontainers.com\/fr\/#organization","name":"ATS Containers","url":"https:\/\/www.atscontainers.com\/fr\/","logo":{"@type":"ImageObject","inLanguage":"fr-CA","@id":"https:\/\/www.atscontainers.com\/fr\/#\/schema\/logo\/image\/","url":"https:\/\/www.atscontainers.com\/wp-content\/uploads\/2018\/09\/ats-containers-canada_.png","contentUrl":"https:\/\/www.atscontainers.com\/wp-content\/uploads\/2018\/09\/ats-containers-canada_.png","width":500,"height":500,"caption":"ATS Containers"},"image":{"@id":"https:\/\/www.atscontainers.com\/fr\/#\/schema\/logo\/image\/"},"sameAs":["https:\/\/www.facebook.com\/atscontainers\/","https:\/\/x.com\/atscontainers","https:\/\/www.instagram.com\/atscontainers\/","https:\/\/www.linkedin.com\/company\/ats-container-services\/"]}]}},"_links":{"self":[{"href":"https:\/\/www.atscontainers.com\/fr\/wp-json\/wp\/v2\/pages\/8199","targetHints":{"allow":["GET"]}}],"collection":[{"href":"https:\/\/www.atscontainers.com\/fr\/wp-json\/wp\/v2\/pages"}],"about":[{"href":"https:\/\/www.atscontainers.com\/fr\/wp-json\/wp\/v2\/types\/page"}],"author":[{"embeddable":true,"href":"https:\/\/www.atscontainers.com\/fr\/wp-json\/wp\/v2\/users\/13"}],"replies":[{"embeddable":true,"href":"https:\/\/www.atscontainers.com\/fr\/wp-json\/wp\/v2\/comments?post=8199"}],"version-history":[{"count":7,"href":"https:\/\/www.atscontainers.com\/fr\/wp-json\/wp\/v2\/pages\/8199\/revisions"}],"predecessor-version":[{"id":19495,"href":"https:\/\/www.atscontainers.com\/fr\/wp-json\/wp\/v2\/pages\/8199\/revisions\/19495"}],"up":[{"embeddable":true,"href":"https:\/\/www.atscontainers.com\/fr\/wp-json\/wp\/v2\/pages\/7537"}],"wp:featuredmedia":[{"embeddable":true,"href":"https:\/\/www.atscontainers.com\/fr\/wp-json\/wp\/v2\/media\/13264"}],"wp:attachment":[{"href":"https:\/\/www.atscontainers.com\/fr\/wp-json\/wp\/v2\/media?parent=8199"}],"curies":[{"name":"wp","href":"https:\/\/api.w.org\/{rel}","templated":true}]}}