{"id":8571,"date":"2021-01-19T13:08:17","date_gmt":"2021-01-19T18:08:17","guid":{"rendered":"https:\/\/www.atscontainers.com\/locations1-temp\/storage\/20-container-with-16-roll-up-doors\/"},"modified":"2026-01-14T12:22:31","modified_gmt":"2026-01-14T17:22:31","slug":"conteneur-porte-roulante-20-pi-16l","status":"publish","type":"page","link":"https:\/\/www.atscontainers.com\/fr\/locations\/entreposage\/conteneur-porte-roulante-20-pi-16l","title":{"rendered":"Conteneur Porte Roulante 20 Pi &#8211; 16\u2019L"},"content":{"rendered":"<!DOCTYPE html PUBLIC \"-\/\/W3C\/\/DTD HTML 4.0 Transitional\/\/EN\" \"http:\/\/www.w3.org\/TR\/REC-html40\/loose.dtd\">\n\n","protected":false},"excerpt":{"rendered":"","protected":false},"author":13,"featured_media":7319,"parent":7837,"menu_order":0,"comment_status":"closed","ping_status":"closed","template":"page-fc.php","meta":{"_acf_changed":false,"ngg_post_thumbnail":0,"footnotes":""},"class_list":["post-8571","page","type-page","status-publish","has-post-thumbnail","hentry"],"acf":[],"yoast_head":"<!-- This site is optimized with the Yoast SEO plugin v26.9 - https:\/\/yoast.com\/product\/yoast-seo-wordpress\/ -->\n<title>Location conteneur 20 pi porte 16 pi | Chargement Facile<\/title>\n<meta name=\"description\" content=\"Louez un conteneur maritime 20 pieds avec porte roulante 16 pieds pour un acc\u00e8s lat\u00e9ral jusqu\u2019\u00e0 80 %. Parfait pour chariots \u00e9l\u00e9vateurs et mat\u00e9riel volumineux. Livraison Qu\u00e9bec et Ontario.\" \/>\n<meta name=\"robots\" content=\"index, follow, max-snippet:-1, max-image-preview:large, max-video-preview:-1\" \/>\n<link rel=\"canonical\" href=\"https:\/\/www.atscontainers.com\/fr\/locations\/entreposage\/conteneur-porte-roulante-20-pi-16l\/\" \/>\n<meta property=\"og:locale\" content=\"fr_CA\" \/>\n<meta property=\"og:type\" content=\"article\" \/>\n<meta property=\"og:title\" content=\"Location conteneur 20 pi porte 16 pi | Chargement Facile\" \/>\n<meta property=\"og:description\" content=\"Louez un conteneur maritime 20 pieds avec porte roulante 16 pieds pour un acc\u00e8s lat\u00e9ral jusqu\u2019\u00e0 80 %. Parfait pour chariots \u00e9l\u00e9vateurs et mat\u00e9riel volumineux. Livraison Qu\u00e9bec et Ontario.\" \/>\n<meta property=\"og:url\" content=\"https:\/\/www.atscontainers.com\/fr\/locations\/entreposage\/conteneur-porte-roulante-20-pi-16l\" \/>\n<meta property=\"og:site_name\" content=\"ATS Containers\" \/>\n<meta property=\"article:publisher\" content=\"https:\/\/www.facebook.com\/atscontainers\/\" \/>\n<meta property=\"article:modified_time\" content=\"2026-01-14T17:22:31+00:00\" \/>\n<meta property=\"og:image\" content=\"https:\/\/www.atscontainers.com\/wp-content\/uploads\/2021\/10\/IMG_3375.jpg\" \/>\n\t<meta property=\"og:image:width\" content=\"900\" \/>\n\t<meta property=\"og:image:height\" content=\"600\" \/>\n\t<meta property=\"og:image:type\" content=\"image\/jpeg\" \/>\n<meta name=\"twitter:card\" content=\"summary_large_image\" \/>\n<meta name=\"twitter:site\" content=\"@atscontainers\" \/>\n<meta name=\"twitter:label1\" content=\"Estimation du temps de lecture\" \/>\n\t<meta name=\"twitter:data1\" content=\"1 minute\" \/>\n<script type=\"application\/ld+json\" class=\"yoast-schema-graph\">{\"@context\":\"https:\/\/schema.org\",\"@graph\":[{\"@type\":\"WebPage\",\"@id\":\"https:\/\/www.atscontainers.com\/fr\/locations\/entreposage\/conteneur-porte-roulante-20-pi-16l\",\"url\":\"https:\/\/www.atscontainers.com\/fr\/locations\/entreposage\/conteneur-porte-roulante-20-pi-16l\",\"name\":\"Location conteneur 20 pi porte 16 pi | Chargement Facile\",\"isPartOf\":{\"@id\":\"https:\/\/www.atscontainers.com\/fr\/#website\"},\"primaryImageOfPage\":{\"@id\":\"https:\/\/www.atscontainers.com\/fr\/locations\/entreposage\/conteneur-porte-roulante-20-pi-16l#primaryimage\"},\"image\":{\"@id\":\"https:\/\/www.atscontainers.com\/fr\/locations\/entreposage\/conteneur-porte-roulante-20-pi-16l#primaryimage\"},\"thumbnailUrl\":\"https:\/\/www.atscontainers.com\/wp-content\/uploads\/2021\/10\/IMG_3375.jpg\",\"datePublished\":\"2021-01-19T18:08:17+00:00\",\"dateModified\":\"2026-01-14T17:22:31+00:00\",\"description\":\"Louez un conteneur maritime 20 pieds avec porte roulante 16 pieds pour un acc\u00e8s lat\u00e9ral jusqu\u2019\u00e0 80 %. Parfait pour chariots \u00e9l\u00e9vateurs et mat\u00e9riel volumineux. Livraison Qu\u00e9bec et Ontario.\",\"breadcrumb\":{\"@id\":\"https:\/\/www.atscontainers.com\/fr\/locations\/entreposage\/conteneur-porte-roulante-20-pi-16l#breadcrumb\"},\"inLanguage\":\"fr-CA\",\"potentialAction\":[{\"@type\":\"ReadAction\",\"target\":[\"https:\/\/www.atscontainers.com\/fr\/locations\/entreposage\/conteneur-porte-roulante-20-pi-16l\"]}]},{\"@type\":\"ImageObject\",\"inLanguage\":\"fr-CA\",\"@id\":\"https:\/\/www.atscontainers.com\/fr\/locations\/entreposage\/conteneur-porte-roulante-20-pi-16l#primaryimage\",\"url\":\"https:\/\/www.atscontainers.com\/wp-content\/uploads\/2021\/10\/IMG_3375.jpg\",\"contentUrl\":\"https:\/\/www.atscontainers.com\/wp-content\/uploads\/2021\/10\/IMG_3375.jpg\",\"width\":900,\"height\":600,\"caption\":\"single rollup container\"},{\"@type\":\"BreadcrumbList\",\"@id\":\"https:\/\/www.atscontainers.com\/fr\/locations\/entreposage\/conteneur-porte-roulante-20-pi-16l#breadcrumb\",\"itemListElement\":[{\"@type\":\"ListItem\",\"position\":1,\"name\":\"Home\",\"item\":\"https:\/\/www.atscontainers.com\/fr\/\"},{\"@type\":\"ListItem\",\"position\":2,\"name\":\"Location\",\"item\":\"https:\/\/www.atscontainers.com\/fr\/location\/\"},{\"@type\":\"ListItem\",\"position\":3,\"name\":\"LOCATION DE CONTENEURS\",\"item\":\"https:\/\/www.atscontainers.com\/fr\/location\/entreposage\/\"},{\"@type\":\"ListItem\",\"position\":4,\"name\":\"Conteneur Porte Roulante 20 Pi &#8211; 16\u2019L\"}]},{\"@type\":\"WebSite\",\"@id\":\"https:\/\/www.atscontainers.com\/fr\/#website\",\"url\":\"https:\/\/www.atscontainers.com\/fr\/\",\"name\":\"ATS Containers\",\"description\":\"\",\"publisher\":{\"@id\":\"https:\/\/www.atscontainers.com\/fr\/#organization\"},\"potentialAction\":[{\"@type\":\"SearchAction\",\"target\":{\"@type\":\"EntryPoint\",\"urlTemplate\":\"https:\/\/www.atscontainers.com\/fr\/?s={search_term_string}\"},\"query-input\":{\"@type\":\"PropertyValueSpecification\",\"valueRequired\":true,\"valueName\":\"search_term_string\"}}],\"inLanguage\":\"fr-CA\"},{\"@type\":\"Organization\",\"@id\":\"https:\/\/www.atscontainers.com\/fr\/#organization\",\"name\":\"ATS Containers\",\"url\":\"https:\/\/www.atscontainers.com\/fr\/\",\"logo\":{\"@type\":\"ImageObject\",\"inLanguage\":\"fr-CA\",\"@id\":\"https:\/\/www.atscontainers.com\/fr\/#\/schema\/logo\/image\/\",\"url\":\"https:\/\/www.atscontainers.com\/wp-content\/uploads\/2018\/09\/ats-containers-canada_.png\",\"contentUrl\":\"https:\/\/www.atscontainers.com\/wp-content\/uploads\/2018\/09\/ats-containers-canada_.png\",\"width\":500,\"height\":500,\"caption\":\"ATS Containers\"},\"image\":{\"@id\":\"https:\/\/www.atscontainers.com\/fr\/#\/schema\/logo\/image\/\"},\"sameAs\":[\"https:\/\/www.facebook.com\/atscontainers\/\",\"https:\/\/x.com\/atscontainers\",\"https:\/\/www.instagram.com\/atscontainers\/\",\"https:\/\/www.linkedin.com\/company\/ats-container-services\/\"]}]}<\/script>\n<!-- \/ Yoast SEO plugin. -->","yoast_head_json":{"title":"Location conteneur 20 pi porte 16 pi | Chargement Facile","description":"Louez un conteneur maritime 20 pieds avec porte roulante 16 pieds pour un acc\u00e8s lat\u00e9ral jusqu\u2019\u00e0 80 %. Parfait pour chariots \u00e9l\u00e9vateurs et mat\u00e9riel volumineux. Livraison Qu\u00e9bec et Ontario.","robots":{"index":"index","follow":"follow","max-snippet":"max-snippet:-1","max-image-preview":"max-image-preview:large","max-video-preview":"max-video-preview:-1"},"canonical":"https:\/\/www.atscontainers.com\/fr\/locations\/entreposage\/conteneur-porte-roulante-20-pi-16l\/","og_locale":"fr_CA","og_type":"article","og_title":"Location conteneur 20 pi porte 16 pi | Chargement Facile","og_description":"Louez un conteneur maritime 20 pieds avec porte roulante 16 pieds pour un acc\u00e8s lat\u00e9ral jusqu\u2019\u00e0 80 %. Parfait pour chariots \u00e9l\u00e9vateurs et mat\u00e9riel volumineux. Livraison Qu\u00e9bec et Ontario.","og_url":"https:\/\/www.atscontainers.com\/fr\/locations\/entreposage\/conteneur-porte-roulante-20-pi-16l","og_site_name":"ATS Containers","article_publisher":"https:\/\/www.facebook.com\/atscontainers\/","article_modified_time":"2026-01-14T17:22:31+00:00","og_image":[{"width":900,"height":600,"url":"https:\/\/www.atscontainers.com\/wp-content\/uploads\/2021\/10\/IMG_3375.jpg","type":"image\/jpeg"}],"twitter_card":"summary_large_image","twitter_site":"@atscontainers","twitter_misc":{"Estimation du temps de lecture":"1 minute"},"schema":{"@context":"https:\/\/schema.org","@graph":[{"@type":"WebPage","@id":"https:\/\/www.atscontainers.com\/fr\/locations\/entreposage\/conteneur-porte-roulante-20-pi-16l","url":"https:\/\/www.atscontainers.com\/fr\/locations\/entreposage\/conteneur-porte-roulante-20-pi-16l","name":"Location conteneur 20 pi porte 16 pi | Chargement Facile","isPartOf":{"@id":"https:\/\/www.atscontainers.com\/fr\/#website"},"primaryImageOfPage":{"@id":"https:\/\/www.atscontainers.com\/fr\/locations\/entreposage\/conteneur-porte-roulante-20-pi-16l#primaryimage"},"image":{"@id":"https:\/\/www.atscontainers.com\/fr\/locations\/entreposage\/conteneur-porte-roulante-20-pi-16l#primaryimage"},"thumbnailUrl":"https:\/\/www.atscontainers.com\/wp-content\/uploads\/2021\/10\/IMG_3375.jpg","datePublished":"2021-01-19T18:08:17+00:00","dateModified":"2026-01-14T17:22:31+00:00","description":"Louez un conteneur maritime 20 pieds avec porte roulante 16 pieds pour un acc\u00e8s lat\u00e9ral jusqu\u2019\u00e0 80 %. Parfait pour chariots \u00e9l\u00e9vateurs et mat\u00e9riel volumineux. Livraison Qu\u00e9bec et Ontario.","breadcrumb":{"@id":"https:\/\/www.atscontainers.com\/fr\/locations\/entreposage\/conteneur-porte-roulante-20-pi-16l#breadcrumb"},"inLanguage":"fr-CA","potentialAction":[{"@type":"ReadAction","target":["https:\/\/www.atscontainers.com\/fr\/locations\/entreposage\/conteneur-porte-roulante-20-pi-16l"]}]},{"@type":"ImageObject","inLanguage":"fr-CA","@id":"https:\/\/www.atscontainers.com\/fr\/locations\/entreposage\/conteneur-porte-roulante-20-pi-16l#primaryimage","url":"https:\/\/www.atscontainers.com\/wp-content\/uploads\/2021\/10\/IMG_3375.jpg","contentUrl":"https:\/\/www.atscontainers.com\/wp-content\/uploads\/2021\/10\/IMG_3375.jpg","width":900,"height":600,"caption":"single rollup container"},{"@type":"BreadcrumbList","@id":"https:\/\/www.atscontainers.com\/fr\/locations\/entreposage\/conteneur-porte-roulante-20-pi-16l#breadcrumb","itemListElement":[{"@type":"ListItem","position":1,"name":"Home","item":"https:\/\/www.atscontainers.com\/fr\/"},{"@type":"ListItem","position":2,"name":"Location","item":"https:\/\/www.atscontainers.com\/fr\/location\/"},{"@type":"ListItem","position":3,"name":"LOCATION DE CONTENEURS","item":"https:\/\/www.atscontainers.com\/fr\/location\/entreposage\/"},{"@type":"ListItem","position":4,"name":"Conteneur Porte Roulante 20 Pi &#8211; 16\u2019L"}]},{"@type":"WebSite","@id":"https:\/\/www.atscontainers.com\/fr\/#website","url":"https:\/\/www.atscontainers.com\/fr\/","name":"ATS Containers","description":"","publisher":{"@id":"https:\/\/www.atscontainers.com\/fr\/#organization"},"potentialAction":[{"@type":"SearchAction","target":{"@type":"EntryPoint","urlTemplate":"https:\/\/www.atscontainers.com\/fr\/?s={search_term_string}"},"query-input":{"@type":"PropertyValueSpecification","valueRequired":true,"valueName":"search_term_string"}}],"inLanguage":"fr-CA"},{"@type":"Organization","@id":"https:\/\/www.atscontainers.com\/fr\/#organization","name":"ATS Containers","url":"https:\/\/www.atscontainers.com\/fr\/","logo":{"@type":"ImageObject","inLanguage":"fr-CA","@id":"https:\/\/www.atscontainers.com\/fr\/#\/schema\/logo\/image\/","url":"https:\/\/www.atscontainers.com\/wp-content\/uploads\/2018\/09\/ats-containers-canada_.png","contentUrl":"https:\/\/www.atscontainers.com\/wp-content\/uploads\/2018\/09\/ats-containers-canada_.png","width":500,"height":500,"caption":"ATS Containers"},"image":{"@id":"https:\/\/www.atscontainers.com\/fr\/#\/schema\/logo\/image\/"},"sameAs":["https:\/\/www.facebook.com\/atscontainers\/","https:\/\/x.com\/atscontainers","https:\/\/www.instagram.com\/atscontainers\/","https:\/\/www.linkedin.com\/company\/ats-container-services\/"]}]}},"_links":{"self":[{"href":"https:\/\/www.atscontainers.com\/fr\/wp-json\/wp\/v2\/pages\/8571","targetHints":{"allow":["GET"]}}],"collection":[{"href":"https:\/\/www.atscontainers.com\/fr\/wp-json\/wp\/v2\/pages"}],"about":[{"href":"https:\/\/www.atscontainers.com\/fr\/wp-json\/wp\/v2\/types\/page"}],"author":[{"embeddable":true,"href":"https:\/\/www.atscontainers.com\/fr\/wp-json\/wp\/v2\/users\/13"}],"replies":[{"embeddable":true,"href":"https:\/\/www.atscontainers.com\/fr\/wp-json\/wp\/v2\/comments?post=8571"}],"version-history":[{"count":8,"href":"https:\/\/www.atscontainers.com\/fr\/wp-json\/wp\/v2\/pages\/8571\/revisions"}],"predecessor-version":[{"id":21063,"href":"https:\/\/www.atscontainers.com\/fr\/wp-json\/wp\/v2\/pages\/8571\/revisions\/21063"}],"up":[{"embeddable":true,"href":"https:\/\/www.atscontainers.com\/fr\/wp-json\/wp\/v2\/pages\/7837"}],"wp:featuredmedia":[{"embeddable":true,"href":"https:\/\/www.atscontainers.com\/fr\/wp-json\/wp\/v2\/media\/7319"}],"wp:attachment":[{"href":"https:\/\/www.atscontainers.com\/fr\/wp-json\/wp\/v2\/media?parent=8571"}],"curies":[{"name":"wp","href":"https:\/\/api.w.org\/{rel}","templated":true}]}}