{"id":9013,"date":"2018-08-22T02:59:50","date_gmt":"2018-08-22T06:59:50","guid":{"rendered":"https:\/\/www.atscontainers.com\/thank-you\/"},"modified":"2023-04-01T03:46:59","modified_gmt":"2023-04-01T07:46:59","slug":"thank-you","status":"publish","type":"page","link":"https:\/\/www.atscontainers.com\/fr\/soumission-merci\/","title":{"rendered":"Merci"},"content":{"rendered":"<p><strong>Votre demande de devis a \u00e9t\u00e9 envoy\u00e9 avec succ\u00e8s.<\/strong><\/p>\n<p>Un de nos sp\u00e9cialiste des conteneurs vous r\u00e9pondra dans un d\u00e9lai maximum d\u2019un jour ouvrable.<\/p>\n<p>Merci d\u2019avoir contact\u00e9 les Conteneurs ATS.<\/p>\n<p>\u00a0<\/p>\n<p>\u00a0<\/p>\n<p>\u00a0<\/p>\n","protected":false},"excerpt":{"rendered":"<p>Votre demande de devis a \u00e9t\u00e9 envoy\u00e9 avec succ\u00e8s. Un de nos sp\u00e9cialiste des conteneurs vous r\u00e9pondra dans un d\u00e9lai maximum d\u2019un jour ouvrable. Merci d\u2019avoir contact\u00e9 les Conteneurs ATS. \u00a0 \u00a0 \u00a0<\/p>\n","protected":false},"author":13,"featured_media":0,"parent":0,"menu_order":0,"comment_status":"closed","ping_status":"closed","template":"","meta":{"_acf_changed":false,"ngg_post_thumbnail":0,"footnotes":""},"class_list":["post-9013","page","type-page","status-publish","hentry"],"acf":[],"yoast_head":"<!-- This site is optimized with the Yoast SEO plugin v26.9 - https:\/\/yoast.com\/product\/yoast-seo-wordpress\/ -->\n<title>Merci - ATS Containers<\/title>\n<meta name=\"robots\" content=\"index, follow, max-snippet:-1, max-image-preview:large, max-video-preview:-1\" \/>\n<link rel=\"canonical\" href=\"https:\/\/www.atscontainers.com\/fr\/soumission-merci\/\" \/>\n<meta property=\"og:locale\" content=\"fr_CA\" \/>\n<meta property=\"og:type\" content=\"article\" \/>\n<meta property=\"og:title\" content=\"Merci - ATS Containers\" \/>\n<meta property=\"og:description\" content=\"Votre demande de devis a \u00e9t\u00e9 envoy\u00e9 avec succ\u00e8s. Un de nos sp\u00e9cialiste des conteneurs vous r\u00e9pondra dans un d\u00e9lai maximum d\u2019un jour ouvrable. Merci d\u2019avoir contact\u00e9 les Conteneurs ATS. \u00a0 \u00a0 \u00a0\" \/>\n<meta property=\"og:url\" content=\"https:\/\/www.atscontainers.com\/fr\/soumission-merci\/\" \/>\n<meta property=\"og:site_name\" content=\"ATS Containers\" \/>\n<meta property=\"article:publisher\" content=\"https:\/\/www.facebook.com\/atscontainers\/\" \/>\n<meta property=\"article:modified_time\" content=\"2023-04-01T07:46:59+00:00\" \/>\n<meta name=\"twitter:card\" content=\"summary_large_image\" \/>\n<meta name=\"twitter:site\" content=\"@atscontainers\" \/>\n<meta name=\"twitter:label1\" content=\"Estimation du temps de lecture\" \/>\n\t<meta name=\"twitter:data1\" content=\"1 minute\" \/>\n<script type=\"application\/ld+json\" class=\"yoast-schema-graph\">{\"@context\":\"https:\/\/schema.org\",\"@graph\":[{\"@type\":\"WebPage\",\"@id\":\"https:\/\/www.atscontainers.com\/fr\/soumission-merci\/\",\"url\":\"https:\/\/www.atscontainers.com\/fr\/soumission-merci\/\",\"name\":\"Merci - ATS Containers\",\"isPartOf\":{\"@id\":\"https:\/\/www.atscontainers.com\/fr\/#website\"},\"datePublished\":\"2018-08-22T06:59:50+00:00\",\"dateModified\":\"2023-04-01T07:46:59+00:00\",\"breadcrumb\":{\"@id\":\"https:\/\/www.atscontainers.com\/fr\/soumission-merci\/#breadcrumb\"},\"inLanguage\":\"fr-CA\",\"potentialAction\":[{\"@type\":\"ReadAction\",\"target\":[\"https:\/\/www.atscontainers.com\/fr\/soumission-merci\/\"]}]},{\"@type\":\"BreadcrumbList\",\"@id\":\"https:\/\/www.atscontainers.com\/fr\/soumission-merci\/#breadcrumb\",\"itemListElement\":[{\"@type\":\"ListItem\",\"position\":1,\"name\":\"Home\",\"item\":\"https:\/\/www.atscontainers.com\/fr\/\"},{\"@type\":\"ListItem\",\"position\":2,\"name\":\"Merci\"}]},{\"@type\":\"WebSite\",\"@id\":\"https:\/\/www.atscontainers.com\/fr\/#website\",\"url\":\"https:\/\/www.atscontainers.com\/fr\/\",\"name\":\"ATS Containers\",\"description\":\"\",\"publisher\":{\"@id\":\"https:\/\/www.atscontainers.com\/fr\/#organization\"},\"potentialAction\":[{\"@type\":\"SearchAction\",\"target\":{\"@type\":\"EntryPoint\",\"urlTemplate\":\"https:\/\/www.atscontainers.com\/fr\/?s={search_term_string}\"},\"query-input\":{\"@type\":\"PropertyValueSpecification\",\"valueRequired\":true,\"valueName\":\"search_term_string\"}}],\"inLanguage\":\"fr-CA\"},{\"@type\":\"Organization\",\"@id\":\"https:\/\/www.atscontainers.com\/fr\/#organization\",\"name\":\"ATS Containers\",\"url\":\"https:\/\/www.atscontainers.com\/fr\/\",\"logo\":{\"@type\":\"ImageObject\",\"inLanguage\":\"fr-CA\",\"@id\":\"https:\/\/www.atscontainers.com\/fr\/#\/schema\/logo\/image\/\",\"url\":\"https:\/\/www.atscontainers.com\/wp-content\/uploads\/2018\/09\/ats-containers-canada_.png\",\"contentUrl\":\"https:\/\/www.atscontainers.com\/wp-content\/uploads\/2018\/09\/ats-containers-canada_.png\",\"width\":500,\"height\":500,\"caption\":\"ATS Containers\"},\"image\":{\"@id\":\"https:\/\/www.atscontainers.com\/fr\/#\/schema\/logo\/image\/\"},\"sameAs\":[\"https:\/\/www.facebook.com\/atscontainers\/\",\"https:\/\/x.com\/atscontainers\",\"https:\/\/www.instagram.com\/atscontainers\/\",\"https:\/\/www.linkedin.com\/company\/ats-container-services\/\"]}]}<\/script>\n<!-- \/ Yoast SEO plugin. -->","yoast_head_json":{"title":"Merci - ATS Containers","robots":{"index":"index","follow":"follow","max-snippet":"max-snippet:-1","max-image-preview":"max-image-preview:large","max-video-preview":"max-video-preview:-1"},"canonical":"https:\/\/www.atscontainers.com\/fr\/soumission-merci\/","og_locale":"fr_CA","og_type":"article","og_title":"Merci - ATS Containers","og_description":"Votre demande de devis a \u00e9t\u00e9 envoy\u00e9 avec succ\u00e8s. Un de nos sp\u00e9cialiste des conteneurs vous r\u00e9pondra dans un d\u00e9lai maximum d\u2019un jour ouvrable. Merci d\u2019avoir contact\u00e9 les Conteneurs ATS. \u00a0 \u00a0 \u00a0","og_url":"https:\/\/www.atscontainers.com\/fr\/soumission-merci\/","og_site_name":"ATS Containers","article_publisher":"https:\/\/www.facebook.com\/atscontainers\/","article_modified_time":"2023-04-01T07:46:59+00:00","twitter_card":"summary_large_image","twitter_site":"@atscontainers","twitter_misc":{"Estimation du temps de lecture":"1 minute"},"schema":{"@context":"https:\/\/schema.org","@graph":[{"@type":"WebPage","@id":"https:\/\/www.atscontainers.com\/fr\/soumission-merci\/","url":"https:\/\/www.atscontainers.com\/fr\/soumission-merci\/","name":"Merci - ATS Containers","isPartOf":{"@id":"https:\/\/www.atscontainers.com\/fr\/#website"},"datePublished":"2018-08-22T06:59:50+00:00","dateModified":"2023-04-01T07:46:59+00:00","breadcrumb":{"@id":"https:\/\/www.atscontainers.com\/fr\/soumission-merci\/#breadcrumb"},"inLanguage":"fr-CA","potentialAction":[{"@type":"ReadAction","target":["https:\/\/www.atscontainers.com\/fr\/soumission-merci\/"]}]},{"@type":"BreadcrumbList","@id":"https:\/\/www.atscontainers.com\/fr\/soumission-merci\/#breadcrumb","itemListElement":[{"@type":"ListItem","position":1,"name":"Home","item":"https:\/\/www.atscontainers.com\/fr\/"},{"@type":"ListItem","position":2,"name":"Merci"}]},{"@type":"WebSite","@id":"https:\/\/www.atscontainers.com\/fr\/#website","url":"https:\/\/www.atscontainers.com\/fr\/","name":"ATS Containers","description":"","publisher":{"@id":"https:\/\/www.atscontainers.com\/fr\/#organization"},"potentialAction":[{"@type":"SearchAction","target":{"@type":"EntryPoint","urlTemplate":"https:\/\/www.atscontainers.com\/fr\/?s={search_term_string}"},"query-input":{"@type":"PropertyValueSpecification","valueRequired":true,"valueName":"search_term_string"}}],"inLanguage":"fr-CA"},{"@type":"Organization","@id":"https:\/\/www.atscontainers.com\/fr\/#organization","name":"ATS Containers","url":"https:\/\/www.atscontainers.com\/fr\/","logo":{"@type":"ImageObject","inLanguage":"fr-CA","@id":"https:\/\/www.atscontainers.com\/fr\/#\/schema\/logo\/image\/","url":"https:\/\/www.atscontainers.com\/wp-content\/uploads\/2018\/09\/ats-containers-canada_.png","contentUrl":"https:\/\/www.atscontainers.com\/wp-content\/uploads\/2018\/09\/ats-containers-canada_.png","width":500,"height":500,"caption":"ATS Containers"},"image":{"@id":"https:\/\/www.atscontainers.com\/fr\/#\/schema\/logo\/image\/"},"sameAs":["https:\/\/www.facebook.com\/atscontainers\/","https:\/\/x.com\/atscontainers","https:\/\/www.instagram.com\/atscontainers\/","https:\/\/www.linkedin.com\/company\/ats-container-services\/"]}]}},"_links":{"self":[{"href":"https:\/\/www.atscontainers.com\/fr\/wp-json\/wp\/v2\/pages\/9013","targetHints":{"allow":["GET"]}}],"collection":[{"href":"https:\/\/www.atscontainers.com\/fr\/wp-json\/wp\/v2\/pages"}],"about":[{"href":"https:\/\/www.atscontainers.com\/fr\/wp-json\/wp\/v2\/types\/page"}],"author":[{"embeddable":true,"href":"https:\/\/www.atscontainers.com\/fr\/wp-json\/wp\/v2\/users\/13"}],"replies":[{"embeddable":true,"href":"https:\/\/www.atscontainers.com\/fr\/wp-json\/wp\/v2\/comments?post=9013"}],"version-history":[{"count":4,"href":"https:\/\/www.atscontainers.com\/fr\/wp-json\/wp\/v2\/pages\/9013\/revisions"}],"predecessor-version":[{"id":10448,"href":"https:\/\/www.atscontainers.com\/fr\/wp-json\/wp\/v2\/pages\/9013\/revisions\/10448"}],"wp:attachment":[{"href":"https:\/\/www.atscontainers.com\/fr\/wp-json\/wp\/v2\/media?parent=9013"}],"curies":[{"name":"wp","href":"https:\/\/api.w.org\/{rel}","templated":true}]}}