{"id":9669,"date":"2023-01-04T11:03:48","date_gmt":"2023-01-04T16:03:48","guid":{"rendered":"https:\/\/www.atscontainers.com\/privacy-policy\/"},"modified":"2024-10-30T16:00:14","modified_gmt":"2024-10-30T20:00:14","slug":"privacy-policy","status":"publish","type":"page","link":"https:\/\/www.atscontainers.com\/fr\/politique-de-confidentialite\/","title":{"rendered":"Politique de Confidentialit\u00e9"},"content":{"rendered":"<p style=\"font-size:14px;\">Les Services de Conteneurs ATS Inc. \u00ab Conteneurs ATS \u00bb accorde une grande importance \u00e0 la confidentialit\u00e9 de ses utilisateurs. La politique de confidentialit\u00e9 vous aidera \u00e0 comprendre comment nous collectons et utilisons les informations personnelles de ceux qui visitent notre site Web ou utilisent nos installations et services en ligne, et ce que nous ferons et ne ferons pas avec les informations que nous collectons. Notre politique a \u00e9t\u00e9 con\u00e7ue et cr\u00e9\u00e9e pour assurer les personnes affili\u00e9es \u00e0 Conteneurs ATS de notre engagement et de la r\u00e9alisation de notre obligation non seulement de respecter, mais de d\u00e9passer, la plupart des normes de confidentialit\u00e9 existantes. Nous nous r\u00e9servons le droit d\u2019apporter des modifications \u00e0 cette politique \u00e0 tout moment. <\/p>\n<p style=\"font-size:14px;\">Cette politique s\u2019applique aux Conteneurs ATS, et elle r\u00e9git toute collecte et utilisation de donn\u00e9es par nous via l\u2019utilisation de <a href=\"https:\/\/www.atscontainers.com\">https:\/\/www.atscontainers.com<\/a>, vous consentez donc aux proc\u00e9dures de collecte de donn\u00e9es exprim\u00e9es dans cette politique.<\/p>\n<p style=\"font-size:14px;\">Veuillez noter que cette politique ne r\u00e9git pas la collecte et l\u2019utilisation d\u2019informations par des entreprises que les Conteneurs ATS ne contr\u00f4le pas, ni par des personnes non employ\u00e9es ou g\u00e9r\u00e9es par nous. Si vous visitez un site Web que nous mentionnons ou vers lequel nous renvoyons un lien, assurez-vous de consulter sa politique de confidentialit\u00e9 avant de fournir des informations au site. Il est fortement recommand\u00e9 et sugg\u00e9r\u00e9 que vous consultiez les politiques et conditions de confidentialit\u00e9 de tout site Web que vous choisissez d\u2019utiliser ou que vous fr\u00e9quentez afin de mieux comprendre la mani\u00e8re dont le site Web collecte, utilise et partage les informations collect\u00e9es.<\/p>\n<p style=\"font-size:14px;\">Plus pr\u00e9cis\u00e9ment, cette politique vous informera des \u00e9l\u00e9ments suivants:<\/p>\n<ol style=\"font-size:14px;\">\n<li>Quelles informations personnellement identifiables sont collect\u00e9es aupr\u00e8s de vous via notre site Web ;<\/li>\n<li>Pourquoi nous recueillons des informations personnellement identifiables et la base juridique de cette collecte ;<\/li>\n<li>Comment nous utilisons les informations collect\u00e9es et avec qui elles peuvent \u00eatre partag\u00e9es\u00a0;<\/li>\n<li>Quels choix s\u2019offrent \u00e0 vous concernant l\u2019utilisation de vos donn\u00e9es ; et<\/li>\n<li>Les proc\u00e9dures de s\u00e9curit\u00e9 en place pour prot\u00e9ger l\u2019utilisation abusive de vos informations.<\/li>\n<\/ol>\n<h3>Informations que nous recueillons<\/h3>\n<p style=\"font-size:14px;\">Ce site Web recueille divers types d\u2019informations, telles que;<\/p>\n<ul style=\"font-size:14px;\">\n<li>Informations fournies volontairement qui peuvent inclure votre nom, adresse, adresse e-mail, informations de facturation et\/ou de carte de cr\u00e9dit, etc. qui peuvent \u00eatre utilis\u00e9es lorsque vous achetez des produits et\/ou services et pour fournir les services que vous avez demand\u00e9s.<\/li>\n<li>Informations collect\u00e9es automatiquement lors de la visite de notre site Web, qui peuvent inclure des cookies, des technologies de suivi tierces et des journaux de serveur.<\/li>\n<\/ul>\n<p><\/p>\n<p style=\"font-size:14px;\">En outre, Conteneurs ATS peut avoir l\u2019occasion de collecter des informations d\u00e9mographiques anonymes non personnelles, telles que l\u2019\u00e2ge, le sexe, le revenu du m\u00e9nage, l\u2019affiliation politique, la race et la religion, ainsi que le type de navigateur que vous utilisez, l\u2019adresse IP ou type de syst\u00e8me d\u2019exploitation, ce qui nous aidera \u00e0 fournir et \u00e0 maintenir un service de qualit\u00e9 sup\u00e9rieure.<\/p>\n<p style=\"font-size:14px;\">Les Services de Conteneurs ATS Inc. peut \u00e9galement juger n\u00e9cessaire, de temps \u00e0 autre, de suivre les sites Web que nos utilisateurs peuvent fr\u00e9quenter pour conna\u00eetre les types de services et de produits les plus populaires aupr\u00e8s des clients ou du grand public.<\/p>\n<p style=\"font-size:14px;\">Soyez assur\u00e9 que ce site ne collectera que les informations personnelles que vous nous fournissez sciemment et volontairement par le biais d\u2019enqu\u00eates, de formulaires remplis et d\u2019e-mails. L\u2019intention de ce site est d\u2019utiliser les informations personnelles uniquement aux fins pour lesquelles elles ont \u00e9t\u00e9 demand\u00e9es, et pour toute utilisation suppl\u00e9mentaire sp\u00e9cifiquement pr\u00e9vue dans la pr\u00e9sente politique.<\/p>\n<h3>Pourquoi nous recueillons des informations et pendant combien de temps<\/h3>\n<p style=\"font-size:14px;\">Nous collectons vos donn\u00e9es pour plusieurs raisons:<\/p>\n<ul style=\"font-size:14px;\">\n<li>Pour mieux comprendre vos besoins et vous fournir les services que vous avez demand\u00e9s ;<\/li>\n<li>Pour satisfaire notre int\u00e9r\u00eat l\u00e9gitime \u00e0 am\u00e9liorer nos services et produits ;<\/li>\n<li>Pour vous envoyer des e-mails promotionnels contenant des informations que nous pensons susceptibles de vous plaire lorsque nous avons votre consentement pour le faire ;<\/li>\n<li>Pour vous contacter afin de r\u00e9pondre \u00e0 nos sondages ou de participer \u00e0 d\u2019autres types d\u2019\u00e9tudes de march\u00e9, lorsque nous avons votre consentement pour le faire ;<\/li>\n<li>Pour personnaliser notre site Web en fonction de votre comportement en ligne et de vos pr\u00e9f\u00e9rences personnelles.<\/li>\n<\/ul>\n<p><\/p>\n<p style=\"font-size:14px;\">Les donn\u00e9es que nous collectons aupr\u00e8s de vous ne seront pas conserv\u00e9es plus longtemps que n\u00e9cessaire. La dur\u00e9e pendant laquelle nous conservons ces informations sera d\u00e9termin\u00e9e en fonction des crit\u00e8res suivants\u00a0: la dur\u00e9e pendant laquelle vos informations personnelles restent pertinentes\u00a0; la dur\u00e9e pendant laquelle il est raisonnable de conserver des dossiers pour d\u00e9montrer que nous avons rempli nos devoirs et obligations\u00a0; tout d\u00e9lai de prescription dans lequel les r\u00e9clamations pourraient \u00eatre faites toute p\u00e9riode de conservation prescrite par la loi ou recommand\u00e9e par les r\u00e9gulateurs, les organismes professionnels ou les associ\u00e9s\u00a0; le type de contact que nous avons avec vous, l\u2019existence de votre consentement et notre int\u00e9r\u00eat l\u00e9gitime \u00e0 conserver ces informations, comme indiqu\u00e9 dans la pr\u00e9sente politique.<\/p>\n<h3>Utilisation des informations collect\u00e9es<\/h3>\n<p style=\"font-size:14px;\">Conteneurs ATS ne vendra, ne louera ni ne louera \u00e0 bail aucune de ses listes de clients et\/ou noms \u00e0 des tiers.<\/p>\n<p style=\"font-size:14px;\">Conteneurs ATS peut collecter et utiliser des informations personnelles pour aider au fonctionnement de notre site Web et pour assurer la livraison des services dont vous avez besoin et que vous demandez. \u00c0 l\u2019occasion, nous pouvons juger n\u00e9cessaire d\u2019utiliser des informations personnellement identifiables comme moyen de vous tenir inform\u00e9 d\u2019autres produits et\/ou services possibles qui peuvent \u00eatre mis \u00e0 votre disposition \u00e0 partir de <a href=\"https:\/\/www.atscontainers.com\">https:\/\/www.atscontainers.com<\/a><\/p>\n<p style=\"font-size:14px;\">Conteneurs ATS peut \u00e9galement \u00eatre en contact avec vous pour remplir des sondages et\/ou des questionnaires de recherche li\u00e9s \u00e0 votre opinion sur les services actuels, potentiels ou futurs qui peuvent \u00eatre offerts.<\/p>\n<p style=\"font-size:14px;\">Conteneurs ATS utilise diverses fonctionnalit\u00e9s de m\u00e9dias sociaux tiers, y compris, mais sans s\u2019y limiter, Instagram, Facebook, Twitter, LinkedIn et d\u2019autres programmes interactifs. Ceux-ci peuvent collecter votre adresse IP et n\u00e9cessiter des cookies pour fonctionner correctement. Ces services sont r\u00e9gis par les politiques de confidentialit\u00e9 des fournisseurs et ne sont pas sous le contr\u00f4le des Services de Conteneurs ATS Inc.<\/p>\n<h3>Divulgation d\u2019informations<\/h3>\n<p style=\"font-size:14px;\">Conteneurs ATS ne peut pas utiliser ou divulguer les informations que vous avez fournies, sauf dans les circonstances suivantes ;<\/p>\n<ul style=\"font-size:14px;\">\n<li>Au besoin pour fournir les services ou les produits que vous avez command\u00e9s ;<\/li>\n<li>D\u2019autres mani\u00e8res d\u00e9crites dans la pr\u00e9sente politique ou auxquelles vous avez autrement consenti ;<\/li>\n<li>Dans l\u2019ensemble avec d\u2019autres informations de telle sorte que votre identit\u00e9 ne puisse raisonnablement \u00eatre d\u00e9termin\u00e9e ;<\/li>\n<li>Comme l\u2019exige la loi, ou en r\u00e9ponse \u00e0 une citation \u00e0 compara\u00eetre ou \u00e0 un mandat de perquisition ;<\/li>\n<li>Aux auditeurs externes qui ont accept\u00e9 de garder les informations confidentielles ;<\/li>\n<li>Au besoin pour faire respecter les conditions d\u2019utilisation sur notre site Web ;<\/li>\n<li>Au besoin pour entretenir, sauvegarder et pr\u00e9server tous les droits et la propri\u00e9t\u00e9 de Les Services de Conteneurs ATS Inc.<\/li>\n<\/ul>\n<p><\/p>\n<h3>Fins non commerciales<\/h3>\n<p style=\"font-size:14px;\">Conteneurs ATS respecte grandement votre confidentialit\u00e9. Nous maintenons et nous r\u00e9servons le droit de vous contacter si n\u00e9cessaire \u00e0 des fins non commerciales (telles que des alertes de bugs, des failles de s\u00e9curit\u00e9, des probl\u00e8mes de compte, etc.) Dans certaines circonstances, nous pouvons utiliser notre site Web, nos r\u00e9seaux sociaux ou d\u2019autres moyens publics pour publier un avis.<\/p>\n<h3>Enfants de moins de 13 ans<\/h3>\n<p style=\"font-size:14px;\">Le site Web des Conteneurs ATS ne s\u2019adresse pas aux enfants de moins de treize (13) ans et ne les recueille pas sciemment. S\u2019il est d\u00e9termin\u00e9 que ces informations ont \u00e9t\u00e9 collect\u00e9es par inadvertance sur une personne de moins de treize (13) ans, nous prendrons imm\u00e9diatement les mesures n\u00e9cessaires pour nous assurer que ces informations sont supprim\u00e9es de notre base de donn\u00e9es syst\u00e8me ou, \u00e0 d\u00e9faut, que le consentement parental v\u00e9rifiable est obtenu pour l\u2019utilisation et le stockage de ces informations. Toute personne \u00e2g\u00e9e de moins de treize (13) ans doit demander et obtenir l\u2019autorisation de ses parents ou de son tuteur pour utiliser ce site Web.<\/p>\n<h3>Liens vers d\u2019autres sites Web<\/h3>\n<p style=\"font-size:14px;\">Notre site Web pourrait contenir des liens vers des sites Web affili\u00e9s et autres. Les Conteneurs ATS ne revendique ni n\u2019accepte la responsabilit\u00e9 des politiques, pratiques et\/ou proc\u00e9dures de confidentialit\u00e9 d\u2019autres sites Web. Par cons\u00e9quent, nous encourageons tous les utilisateurs et visiteurs \u00e0 \u00eatre conscients lorsqu\u2019ils quittent notre site Web et \u00e0 lire les d\u00e9clarations de confidentialit\u00e9 de chaque site Web qui collecte des informations personnellement identifiables. Cette politique s\u2019applique uniquement et uniquement aux informations collect\u00e9es par notre site Web.<\/p>\n<h3>S\u00e9curit\u00e9<\/h3>\n<p style=\"font-size:14px;\">Les Conteneurs ATS prend des pr\u00e9cautions pour prot\u00e9ger vos informations. Lorsque vous soumettez des informations sensibles via un site Web, vos informations sont prot\u00e9g\u00e9es \u00e0 la fois en ligne et hors ligne. Partout o\u00f9 nous recueillons des informations sensibles (par exemple, des informations de carte de cr\u00e9dit), ces informations sont crypt\u00e9es et nous sont transmises de mani\u00e8re s\u00e9curis\u00e9e. Vous pouvez le v\u00e9rifier en recherchant une ic\u00f4ne de verrouillage dans la barre d\u2019adresse et en recherchant \u00ab\u00a0https\u00a0\u00bb au d\u00e9but de l\u2019adresse de la page Web.<\/p>\n<h3>Acceptation des conditions<\/h3>\n<p style=\"font-size:14px;\">En utilisant ce site Web, vous acceptez par la pr\u00e9sente les termes et conditions stipul\u00e9s dans le pr\u00e9sent accord de politique de confidentialit\u00e9. Si vous n\u2019\u00eates pas d\u2019accord avec nos termes et conditions, vous devez vous abstenir de continuer \u00e0 utiliser nos sites. En outre, votre utilisation continue de notre site Web apr\u00e8s une notification appropri\u00e9e ou la publication de toute mise \u00e0 jour ou modification de nos <a href=\"https:\/\/www.atscontainers.com\/fr\/termes-et-conditions\/\">termes et conditions<\/a> signifie que vous acceptez et acceptez ces modifications.<\/p>\n","protected":false},"excerpt":{"rendered":"<p>Les Services de Conteneurs ATS Inc. \u00ab Conteneurs ATS \u00bb accorde une grande importance \u00e0 la confidentialit\u00e9 de ses utilisateurs. La politique de confidentialit\u00e9 vous aidera \u00e0 comprendre comment nous collectons et utilisons les informations personnelles de ceux qui visitent notre site Web ou utilisent nos installations et services en ligne, et ce que nous [&hellip;]<\/p>\n","protected":false},"author":13,"featured_media":0,"parent":0,"menu_order":0,"comment_status":"closed","ping_status":"closed","template":"","meta":{"_acf_changed":false,"ngg_post_thumbnail":0,"footnotes":""},"class_list":["post-9669","page","type-page","status-publish","hentry"],"acf":[],"yoast_head":"<!-- This site is optimized with the Yoast SEO plugin v26.9 - https:\/\/yoast.com\/product\/yoast-seo-wordpress\/ -->\n<title>Politique de Confidentialit\u00e9 - ATS Containers<\/title>\n<meta name=\"robots\" content=\"index, follow, max-snippet:-1, max-image-preview:large, max-video-preview:-1\" \/>\n<link rel=\"canonical\" href=\"https:\/\/www.atscontainers.com\/fr\/politique-de-confidentialite\/\" \/>\n<meta property=\"og:locale\" content=\"fr_CA\" \/>\n<meta property=\"og:type\" content=\"article\" \/>\n<meta property=\"og:title\" content=\"Politique de Confidentialit\u00e9 - ATS Containers\" \/>\n<meta property=\"og:description\" content=\"Les Services de Conteneurs ATS Inc. \u00ab Conteneurs ATS \u00bb accorde une grande importance \u00e0 la confidentialit\u00e9 de ses utilisateurs. La politique de confidentialit\u00e9 vous aidera \u00e0 comprendre comment nous collectons et utilisons les informations personnelles de ceux qui visitent notre site Web ou utilisent nos installations et services en ligne, et ce que nous [&hellip;]\" \/>\n<meta property=\"og:url\" content=\"https:\/\/www.atscontainers.com\/fr\/politique-de-confidentialite\/\" \/>\n<meta property=\"og:site_name\" content=\"ATS Containers\" \/>\n<meta property=\"article:publisher\" content=\"https:\/\/www.facebook.com\/atscontainers\/\" \/>\n<meta property=\"article:modified_time\" content=\"2024-10-30T20:00:14+00:00\" \/>\n<meta name=\"twitter:card\" content=\"summary_large_image\" \/>\n<meta name=\"twitter:site\" content=\"@atscontainers\" \/>\n<meta name=\"twitter:label1\" content=\"Estimation du temps de lecture\" \/>\n\t<meta name=\"twitter:data1\" content=\"8 minutes\" \/>\n<script type=\"application\/ld+json\" class=\"yoast-schema-graph\">{\"@context\":\"https:\/\/schema.org\",\"@graph\":[{\"@type\":\"WebPage\",\"@id\":\"https:\/\/www.atscontainers.com\/fr\/politique-de-confidentialite\/\",\"url\":\"https:\/\/www.atscontainers.com\/fr\/politique-de-confidentialite\/\",\"name\":\"Politique de Confidentialit\u00e9 - ATS Containers\",\"isPartOf\":{\"@id\":\"https:\/\/www.atscontainers.com\/fr\/#website\"},\"datePublished\":\"2023-01-04T16:03:48+00:00\",\"dateModified\":\"2024-10-30T20:00:14+00:00\",\"breadcrumb\":{\"@id\":\"https:\/\/www.atscontainers.com\/fr\/politique-de-confidentialite\/#breadcrumb\"},\"inLanguage\":\"fr-CA\",\"potentialAction\":[{\"@type\":\"ReadAction\",\"target\":[\"https:\/\/www.atscontainers.com\/fr\/politique-de-confidentialite\/\"]}]},{\"@type\":\"BreadcrumbList\",\"@id\":\"https:\/\/www.atscontainers.com\/fr\/politique-de-confidentialite\/#breadcrumb\",\"itemListElement\":[{\"@type\":\"ListItem\",\"position\":1,\"name\":\"Home\",\"item\":\"https:\/\/www.atscontainers.com\/fr\/\"},{\"@type\":\"ListItem\",\"position\":2,\"name\":\"Politique de Confidentialit\u00e9\"}]},{\"@type\":\"WebSite\",\"@id\":\"https:\/\/www.atscontainers.com\/fr\/#website\",\"url\":\"https:\/\/www.atscontainers.com\/fr\/\",\"name\":\"ATS Containers\",\"description\":\"\",\"publisher\":{\"@id\":\"https:\/\/www.atscontainers.com\/fr\/#organization\"},\"potentialAction\":[{\"@type\":\"SearchAction\",\"target\":{\"@type\":\"EntryPoint\",\"urlTemplate\":\"https:\/\/www.atscontainers.com\/fr\/?s={search_term_string}\"},\"query-input\":{\"@type\":\"PropertyValueSpecification\",\"valueRequired\":true,\"valueName\":\"search_term_string\"}}],\"inLanguage\":\"fr-CA\"},{\"@type\":\"Organization\",\"@id\":\"https:\/\/www.atscontainers.com\/fr\/#organization\",\"name\":\"ATS Containers\",\"url\":\"https:\/\/www.atscontainers.com\/fr\/\",\"logo\":{\"@type\":\"ImageObject\",\"inLanguage\":\"fr-CA\",\"@id\":\"https:\/\/www.atscontainers.com\/fr\/#\/schema\/logo\/image\/\",\"url\":\"https:\/\/www.atscontainers.com\/wp-content\/uploads\/2018\/09\/ats-containers-canada_.png\",\"contentUrl\":\"https:\/\/www.atscontainers.com\/wp-content\/uploads\/2018\/09\/ats-containers-canada_.png\",\"width\":500,\"height\":500,\"caption\":\"ATS Containers\"},\"image\":{\"@id\":\"https:\/\/www.atscontainers.com\/fr\/#\/schema\/logo\/image\/\"},\"sameAs\":[\"https:\/\/www.facebook.com\/atscontainers\/\",\"https:\/\/x.com\/atscontainers\",\"https:\/\/www.instagram.com\/atscontainers\/\",\"https:\/\/www.linkedin.com\/company\/ats-container-services\/\"]}]}<\/script>\n<!-- \/ Yoast SEO plugin. -->","yoast_head_json":{"title":"Politique de Confidentialit\u00e9 - ATS Containers","robots":{"index":"index","follow":"follow","max-snippet":"max-snippet:-1","max-image-preview":"max-image-preview:large","max-video-preview":"max-video-preview:-1"},"canonical":"https:\/\/www.atscontainers.com\/fr\/politique-de-confidentialite\/","og_locale":"fr_CA","og_type":"article","og_title":"Politique de Confidentialit\u00e9 - ATS Containers","og_description":"Les Services de Conteneurs ATS Inc. \u00ab Conteneurs ATS \u00bb accorde une grande importance \u00e0 la confidentialit\u00e9 de ses utilisateurs. La politique de confidentialit\u00e9 vous aidera \u00e0 comprendre comment nous collectons et utilisons les informations personnelles de ceux qui visitent notre site Web ou utilisent nos installations et services en ligne, et ce que nous [&hellip;]","og_url":"https:\/\/www.atscontainers.com\/fr\/politique-de-confidentialite\/","og_site_name":"ATS Containers","article_publisher":"https:\/\/www.facebook.com\/atscontainers\/","article_modified_time":"2024-10-30T20:00:14+00:00","twitter_card":"summary_large_image","twitter_site":"@atscontainers","twitter_misc":{"Estimation du temps de lecture":"8 minutes"},"schema":{"@context":"https:\/\/schema.org","@graph":[{"@type":"WebPage","@id":"https:\/\/www.atscontainers.com\/fr\/politique-de-confidentialite\/","url":"https:\/\/www.atscontainers.com\/fr\/politique-de-confidentialite\/","name":"Politique de Confidentialit\u00e9 - ATS Containers","isPartOf":{"@id":"https:\/\/www.atscontainers.com\/fr\/#website"},"datePublished":"2023-01-04T16:03:48+00:00","dateModified":"2024-10-30T20:00:14+00:00","breadcrumb":{"@id":"https:\/\/www.atscontainers.com\/fr\/politique-de-confidentialite\/#breadcrumb"},"inLanguage":"fr-CA","potentialAction":[{"@type":"ReadAction","target":["https:\/\/www.atscontainers.com\/fr\/politique-de-confidentialite\/"]}]},{"@type":"BreadcrumbList","@id":"https:\/\/www.atscontainers.com\/fr\/politique-de-confidentialite\/#breadcrumb","itemListElement":[{"@type":"ListItem","position":1,"name":"Home","item":"https:\/\/www.atscontainers.com\/fr\/"},{"@type":"ListItem","position":2,"name":"Politique de Confidentialit\u00e9"}]},{"@type":"WebSite","@id":"https:\/\/www.atscontainers.com\/fr\/#website","url":"https:\/\/www.atscontainers.com\/fr\/","name":"ATS Containers","description":"","publisher":{"@id":"https:\/\/www.atscontainers.com\/fr\/#organization"},"potentialAction":[{"@type":"SearchAction","target":{"@type":"EntryPoint","urlTemplate":"https:\/\/www.atscontainers.com\/fr\/?s={search_term_string}"},"query-input":{"@type":"PropertyValueSpecification","valueRequired":true,"valueName":"search_term_string"}}],"inLanguage":"fr-CA"},{"@type":"Organization","@id":"https:\/\/www.atscontainers.com\/fr\/#organization","name":"ATS Containers","url":"https:\/\/www.atscontainers.com\/fr\/","logo":{"@type":"ImageObject","inLanguage":"fr-CA","@id":"https:\/\/www.atscontainers.com\/fr\/#\/schema\/logo\/image\/","url":"https:\/\/www.atscontainers.com\/wp-content\/uploads\/2018\/09\/ats-containers-canada_.png","contentUrl":"https:\/\/www.atscontainers.com\/wp-content\/uploads\/2018\/09\/ats-containers-canada_.png","width":500,"height":500,"caption":"ATS Containers"},"image":{"@id":"https:\/\/www.atscontainers.com\/fr\/#\/schema\/logo\/image\/"},"sameAs":["https:\/\/www.facebook.com\/atscontainers\/","https:\/\/x.com\/atscontainers","https:\/\/www.instagram.com\/atscontainers\/","https:\/\/www.linkedin.com\/company\/ats-container-services\/"]}]}},"_links":{"self":[{"href":"https:\/\/www.atscontainers.com\/fr\/wp-json\/wp\/v2\/pages\/9669","targetHints":{"allow":["GET"]}}],"collection":[{"href":"https:\/\/www.atscontainers.com\/fr\/wp-json\/wp\/v2\/pages"}],"about":[{"href":"https:\/\/www.atscontainers.com\/fr\/wp-json\/wp\/v2\/types\/page"}],"author":[{"embeddable":true,"href":"https:\/\/www.atscontainers.com\/fr\/wp-json\/wp\/v2\/users\/13"}],"replies":[{"embeddable":true,"href":"https:\/\/www.atscontainers.com\/fr\/wp-json\/wp\/v2\/comments?post=9669"}],"version-history":[{"count":6,"href":"https:\/\/www.atscontainers.com\/fr\/wp-json\/wp\/v2\/pages\/9669\/revisions"}],"predecessor-version":[{"id":17505,"href":"https:\/\/www.atscontainers.com\/fr\/wp-json\/wp\/v2\/pages\/9669\/revisions\/17505"}],"wp:attachment":[{"href":"https:\/\/www.atscontainers.com\/fr\/wp-json\/wp\/v2\/media?parent=9669"}],"curies":[{"name":"wp","href":"https:\/\/api.w.org\/{rel}","templated":true}]}}