{"id":9675,"date":"2023-01-04T11:28:43","date_gmt":"2023-01-04T16:28:43","guid":{"rendered":"https:\/\/www.atscontainers.com\/terms-and-conditions\/"},"modified":"2025-06-12T17:02:56","modified_gmt":"2025-06-12T21:02:56","slug":"termes-et-conditions","status":"publish","type":"page","link":"https:\/\/www.atscontainers.com\/fr\/termes-et-conditions\/","title":{"rendered":"Termes &#038; Conditions"},"content":{"rendered":"<h3>1. Introduction<\/h3>\n<p style=\"font-size: 14px;\">Bienvenue chez Conteneurs ATS. Ces termes et conditions d\u00e9crivent les r\u00e8gles et r\u00e8glements pour l\u2019utilisation du site Web des Conteneurs ATS, situ\u00e9 \u00e0 <a href=\"https:\/\/www.atscontainers.com\/fr\/\">https:\/\/www.atscontainers.com\/fr\/<\/a>.<\/p>\n<p style=\"font-size: 14px;\">En acc\u00e9dant \u00e0 ce site Web, nous supposons que vous acceptez ces termes et conditions. Ne continuez pas \u00e0 utiliser Conteneurs ATS si vous n\u2019acceptez pas de respecter tous les termes et conditions \u00e9nonc\u00e9s sur cette page.<\/p>\n<p style=\"font-size: 14px;\">La terminologie suivante s\u2019applique aux pr\u00e9sentes conditions g\u00e9n\u00e9rales, \u00e0 la d\u00e9claration de <a href=\"https:\/\/www.atscontainers.com\/fr\/politique-de-confidentialite\/\">confidentialit\u00e9<\/a> et \u00e0 l\u2019avis de non-responsabilit\u00e9 et \u00e0 tous les accords\u00a0: \u00ab\u00a0Client\u00a0\u00bb, \u00ab\u00a0Vous\u00a0\u00bb et \u00ab\u00a0Votre\u00a0\u00bb font r\u00e9f\u00e9rence \u00e0 vous, la personne qui se connecte sur ce site Web et qui se conforme aux conditions g\u00e9n\u00e9rales de la Soci\u00e9t\u00e9. \u00ab\u00a0La Soci\u00e9t\u00e9\u00a0\u00bb, \u00ab\u00a0Nous-m\u00eames\u00a0\u00bb, \u00ab\u00a0Nous\u00a0\u00bb, \u00ab\u00a0Notre\u00a0\u00bb et \u00ab\u00a0Nous\u00a0\u00bb font r\u00e9f\u00e9rence \u00e0 notre Soci\u00e9t\u00e9. \u00ab\u00a0Partie\u00a0\u00bb, \u00ab\u00a0Parties\u00a0\u00bb ou \u00ab\u00a0Nous\u00a0\u00bb d\u00e9signent \u00e0 la fois le Client et nous-m\u00eames. Tous les termes se r\u00e9f\u00e8rent \u00e0 l\u2019offre, \u00e0 l\u2019acceptation et \u00e0 la consid\u00e9ration du paiement n\u00e9cessaire pour entreprendre le processus de notre assistance au Client de la mani\u00e8re la plus appropri\u00e9e dans le but expr\u00e8s de r\u00e9pondre aux besoins du Client en ce qui concerne la fourniture des services d\u00e9clar\u00e9s de la Soci\u00e9t\u00e9, conform\u00e9ment \u00e0 et sous r\u00e9serve de la l\u00e9gislation en vigueur aux Canada. Toute utilisation de la terminologie ci-dessus ou d\u2019autres mots au singulier, au pluriel, en majuscules et\/ou il\/elle ou ils, sont consid\u00e9r\u00e9s comme interchangeables et donc comme faisant r\u00e9f\u00e9rence \u00e0 la m\u00eame chose.<\/p>\n<h3>2. Politique sur les cookies<\/h3>\n<p style=\"font-size: 14px;\">Nous employons l\u2019utilisation de cookies. En acc\u00e9dant \u00e0 Conteneurs ATS, vous avez accept\u00e9 d\u2019utiliser des cookies conform\u00e9ment \u00e0 la <a href=\"https:\/\/www.atscontainers.com\/fr\/cookie-policy-ca\/\">politique de cookies<\/a> de Conteneurs ATS. La plupart des sites Web interactifs utilisent des cookies pour nous permettre de r\u00e9cup\u00e9rer les d\u00e9tails de l\u2019utilisateur pour chaque visite. Les cookies sont utilis\u00e9s par notre site Web pour activer la fonctionnalit\u00e9 de certaines zones afin de faciliter la t\u00e2che des personnes visitant notre site Web. Certains de nos partenaires affili\u00e9s\/publicitaires peuvent \u00e9galement utiliser des cookies.<\/p>\n<h3>3. Licence<\/h3>\n<p style=\"font-size: 14px;\">Sauf indication contraire, Conteneurs ATS et\/ou ses conc\u00e9dants d\u00e9tiennent les droits de propri\u00e9t\u00e9 intellectuelle pour tout le mat\u00e9riel sur Conteneurs ATS. Tous les droits de propri\u00e9t\u00e9 intellectuelle sont r\u00e9serv\u00e9s. Vous pouvez y acc\u00e9der \u00e0 partir des Conteneurs ATS pour votre usage personnel, sous r\u00e9serve des restrictions d\u00e9finies dans les pr\u00e9sentes conditions g\u00e9n\u00e9rales.<\/p>\n<p style=\"font-size: 14px;\">Vous ne devez pas:<\/p>\n<ul style=\"font-size: 14px;\">\n<li>Republier le mat\u00e9riel des Conteneurs ATS<\/li>\n<li>Vendre, louer ou sous-licencier du mat\u00e9riel des Conteneurs ATS<\/li>\n<li>Reproduire, dupliquer ou copier le mat\u00e9riel des Conteneurs ATS<\/li>\n<li>Redistribuer le contenu des Conteneurs ATS<\/li>\n<\/ul>\n<p>\u00a0<\/p>\n<h3>4. Hyperlien vers notre Contenu<\/h3>\n<p style=\"font-size: 14px;\">Les organisations suivantes peuvent cr\u00e9er un lien vers notre site Web sans autorisation \u00e9crite pr\u00e9alable\u00a0:<\/p>\n<ul style=\"font-size: 14px;\">\n<li>Organismes gouvernementaux;<\/li>\n<li>Moteurs de recherche;<\/li>\n<li>Organismes de presse ;<\/li>\n<li>Les distributeurs d\u2019annuaires en ligne peuvent cr\u00e9er un lien vers notre site Web de la m\u00eame mani\u00e8re qu\u2019ils cr\u00e9ent un lien hypertexte vers les sites Web d\u2019autres entreprises r\u00e9pertori\u00e9es ; et<\/li>\n<li>Entreprises accr\u00e9dit\u00e9es \u00e0 l\u2019\u00e9chelle du syst\u00e8me, \u00e0 l\u2019exception des organisations \u00e0 but non lucratif, des centres commerciaux caritatifs et des groupes de collecte de fonds caritatifs qui ne peuvent pas cr\u00e9er de lien hypertexte vers notre site Web.<\/li>\n<\/ul>\n<p>\u00a0<\/p>\n<p style=\"font-size: 14px;\">Ces organisations peuvent cr\u00e9er un lien vers notre page d\u2019accueil, vers des publications ou vers d\u2019autres informations du site Web tant que le lien : (a) n\u2019est en aucun cas trompeur ; (b) n\u2019implique pas faussement le parrainage, l\u2019approbation ou l\u2019approbation de la partie de liaison et de ses produits et\/ou services\u00a0; et (c) s\u2019inscrit dans le contexte du site de la partie de liaison.<\/p>\n<p style=\"font-size: 14px;\">Nous pouvons examiner et approuver d\u2019autres demandes de lien provenant des types d\u2019organisations suivants\u00a0:<\/p>\n<ul style=\"font-size: 14px;\">\n<li>des sources d\u2019informations sur les consommateurs et\/ou les entreprises bien connues ;<\/li>\n<li>les sites communautaires dot.com ;<\/li>\n<li>associations ou autres groupes repr\u00e9sentant des organismes de bienfaisance ;<\/li>\n<li>distributeurs d\u2019annuaires en ligne;<\/li>\n<li>portails Internet;<\/li>\n<li>cabinets comptables, juridiques et de conseil; et<\/li>\n<li>les \u00e9tablissements d\u2019enseignement et les associations professionnelles.<\/li>\n<\/ul>\n<p>\u00a0<\/p>\n<p style=\"font-size: 14px;\">Nous approuverons les demandes de lien de ces organisations si nous d\u00e9cidons que\u00a0: (a) le lien ne nous ferait pas para\u00eetre d\u00e9favorable \u00e0 nous-m\u00eames ou \u00e0 nos entreprises accr\u00e9dit\u00e9es\u00a0; (b) l\u2019organisation n\u2019a aucun dossier n\u00e9gatif avec nous\u00a0; (c) le b\u00e9n\u00e9fice pour nous de la visibilit\u00e9 de l\u2019hyperlien compense l\u2019absence des Conteneurs ATS\u00a0; et (d) le lien se trouve dans le contexte d\u2019informations g\u00e9n\u00e9rales sur les ressources.<\/p>\n<p style=\"font-size: 14px;\">Ces organisations peuvent cr\u00e9er un lien vers notre page d\u2019accueil tant que le lien : (a) n\u2019est en aucun cas trompeur ; (b) n\u2019implique pas faussement le parrainage, l\u2019approbation ou l\u2019approbation de la partie de liaison et de ses produits ou services\u00a0; et (c) s\u2019inscrit dans le contexte du site de la partie de liaison.<\/p>\n<p style=\"font-size: 14px;\">Si vous \u00eates l\u2019une des organisations \u00e9num\u00e9r\u00e9es au paragraphe 2 ci-dessus et que vous souhaitez cr\u00e9er un lien vers notre site Web, vous devez nous en informer en envoyant un courriel \u00e0 Conteneurs ATS. Veuillez inclure votre nom, le nom de votre organisation, vos coordonn\u00e9es ainsi que l\u2019URL de votre site, une liste de toutes les URL \u00e0 partir desquelles vous avez l\u2019intention de cr\u00e9er un lien vers notre site Web et une liste des URL de notre site vers lesquelles vous souhaitez lien.<\/p>\n<p style=\"font-size: 14px;\">Les organisations approuv\u00e9es peuvent cr\u00e9er un lien hypertexte vers notre site Web comme suit:<\/p>\n<ul style=\"font-size: 14px;\">\n<li>En utilisant notre d\u00e9nomination sociale\u00a0; ou alors<\/li>\n<li>En utilisant le localisateur de ressources uniforme auquel il est li\u00e9 ; ou alors<\/li>\n<li>Par l\u2019utilisation de toute autre description de notre site Web li\u00e9 \u00e0 qui a du sens dans le contexte et le format du contenu sur le site de la partie de liaison.<\/li>\n<\/ul>\n<p>\u00a0<\/p>\n<p style=\"font-size: 14px;\">Aucune utilisation du logo des Conteneurs ATS ou d\u2019autres illustrations ne sera autoris\u00e9e pour le lien en l\u2019absence d\u2019un accord de licence de marque.<\/p>\n<h3>5. iFrame<\/h3>\n<p style=\"font-size: 14px;\">Sans approbation pr\u00e9alable et autorisation \u00e9crite, vous ne pouvez pas cr\u00e9er de cadres autour de nos pages Web qui modifient de quelque mani\u00e8re que ce soit la pr\u00e9sentation visuelle ou l\u2019apparence de notre site Web.<\/p>\n<h3>6. Confidentialit\u00e9<\/h3>\n<p style=\"font-size: 14px;\">Veuillez lire la politique de <a href=\"https:\/\/www.atscontainers.com\/fr\/politique-de-confidentialite\/\">confidentialit\u00e9<\/a><\/p>\n<h3>7. R\u00e9serve de droits<\/h3>\n<p style=\"font-size: 14px;\">Nous nous r\u00e9servons le droit de vous demander de supprimer tous les liens ou tout lien particulier vers notre site Web. Vous acceptez de supprimer imm\u00e9diatement tous les liens vers notre site Web sur demande. Nous nous r\u00e9servons \u00e9galement le droit de modifier ces termes et conditions et sa politique de liens \u00e0 tout moment. En vous connectant continuellement \u00e0 notre site Web, vous acceptez d\u2019\u00eatre li\u00e9 et de suivre ces conditions g\u00e9n\u00e9rales de liaison.<\/p>\n<h3>8. Suppression de liens de notre site Web<\/h3>\n<p style=\"font-size: 14px;\">Si vous trouvez un lien sur notre site Web qui est offensant pour quelque raison que ce soit, vous \u00eates libre de nous contacter et de nous en informer \u00e0 tout moment. Nous examinerons les demandes de suppression de liens, mais nous ne sommes pas oblig\u00e9s de vous r\u00e9pondre directement.<\/p>\n<p style=\"font-size: 14px;\">Nous ne garantissons pas que les informations sur ce site Web sont correctes, nous ne garantissons pas leur exhaustivit\u00e9 ou leur exactitude\u00a0; nous ne promettons pas non plus de garantir que le site Web reste disponible ou que le contenu du site Web est tenu \u00e0 jour.<\/p>\n<h3>9. Clause de non-responsabilit\u00e9<\/h3>\n<p style=\"font-size: 14px;\">Dans la mesure maximale permise par la loi applicable, nous excluons toutes les repr\u00e9sentations, garanties et conditions relatives \u00e0 notre site Web et \u00e0 l\u2019utilisation de ce site Web. Rien dans cette clause de non-responsabilit\u00e9:<\/p>\n<ul style=\"font-size: 14px;\">\n<li>limiter ou exclure notre ou votre responsabilit\u00e9 en cas de d\u00e9c\u00e8s ou de blessures corporelles;<\/li>\n<li>limiter ou exclure notre ou votre responsabilit\u00e9 en cas de fraude ou de fausse d\u00e9claration frauduleuse;<\/li>\n<li>limiter l\u2019une de nos ou vos responsabilit\u00e9s d\u2019une mani\u00e8re qui n\u2019est pas autoris\u00e9e par la loi applicable; ou alors<\/li>\n<li>exclure l\u2019une de nos ou vos responsabilit\u00e9s qui ne peuvent \u00eatre exclues en vertu de la loi applicable.<\/li>\n<\/ul>\n<p>\u00a0<\/p>\n<p style=\"font-size: 14px;\">Les limitations et interdictions de responsabilit\u00e9 \u00e9nonc\u00e9es dans la pr\u00e9sente section et ailleurs dans la pr\u00e9sente clause de non-responsabilit\u00e9\u00a0: (a) sont soumises au paragraphe pr\u00e9c\u00e9dent\u00a0; et (b) r\u00e9gissent toutes les responsabilit\u00e9s d\u00e9coulant de la clause de non-responsabilit\u00e9, y compris les responsabilit\u00e9s contractuelles, d\u00e9lictuelles et pour manquement \u00e0 une obligation l\u00e9gale.<\/p>\n<p style=\"font-size: 14px;\">Tant que le site Web et les informations et services sur le site Web sont fournis gratuitement, nous ne serons pas responsables de toute perte ou dommage de quelque nature que ce soit.<\/p>\n","protected":false},"excerpt":{"rendered":"<p>1. Introduction Bienvenue chez Conteneurs ATS. Ces termes et conditions d\u00e9crivent les r\u00e8gles et r\u00e8glements pour l\u2019utilisation du site Web des Conteneurs ATS, situ\u00e9 \u00e0 https:\/\/www.atscontainers.com\/fr\/. En acc\u00e9dant \u00e0 ce site Web, nous supposons que vous acceptez ces termes et conditions. Ne continuez pas \u00e0 utiliser Conteneurs ATS si vous n\u2019acceptez pas de respecter tous [&hellip;]<\/p>\n","protected":false},"author":13,"featured_media":0,"parent":0,"menu_order":0,"comment_status":"closed","ping_status":"closed","template":"","meta":{"_acf_changed":false,"ngg_post_thumbnail":0,"footnotes":""},"class_list":["post-9675","page","type-page","status-publish","hentry"],"acf":[],"yoast_head":"<!-- This site is optimized with the Yoast SEO plugin v26.9 - https:\/\/yoast.com\/product\/yoast-seo-wordpress\/ -->\n<title>Termes &amp; Conditions - ATS Containers<\/title>\n<meta name=\"robots\" content=\"index, follow, max-snippet:-1, max-image-preview:large, max-video-preview:-1\" \/>\n<link rel=\"canonical\" href=\"https:\/\/www.atscontainers.com\/fr\/termes-et-conditions\/\" \/>\n<meta property=\"og:locale\" content=\"fr_CA\" \/>\n<meta property=\"og:type\" content=\"article\" \/>\n<meta property=\"og:title\" content=\"Termes &amp; Conditions - ATS Containers\" \/>\n<meta property=\"og:description\" content=\"1. Introduction Bienvenue chez Conteneurs ATS. Ces termes et conditions d\u00e9crivent les r\u00e8gles et r\u00e8glements pour l\u2019utilisation du site Web des Conteneurs ATS, situ\u00e9 \u00e0 https:\/\/www.atscontainers.com\/fr\/. En acc\u00e9dant \u00e0 ce site Web, nous supposons que vous acceptez ces termes et conditions. Ne continuez pas \u00e0 utiliser Conteneurs ATS si vous n\u2019acceptez pas de respecter tous [&hellip;]\" \/>\n<meta property=\"og:url\" content=\"https:\/\/www.atscontainers.com\/fr\/termes-et-conditions\" \/>\n<meta property=\"og:site_name\" content=\"ATS Containers\" \/>\n<meta property=\"article:publisher\" content=\"https:\/\/www.facebook.com\/atscontainers\/\" \/>\n<meta property=\"article:modified_time\" content=\"2025-06-12T21:02:56+00:00\" \/>\n<meta name=\"twitter:card\" content=\"summary_large_image\" \/>\n<meta name=\"twitter:site\" content=\"@atscontainers\" \/>\n<meta name=\"twitter:label1\" content=\"Estimation du temps de lecture\" \/>\n\t<meta name=\"twitter:data1\" content=\"6 minutes\" \/>\n<script type=\"application\/ld+json\" class=\"yoast-schema-graph\">{\"@context\":\"https:\/\/schema.org\",\"@graph\":[{\"@type\":\"WebPage\",\"@id\":\"https:\/\/www.atscontainers.com\/fr\/termes-et-conditions\/\",\"url\":\"https:\/\/www.atscontainers.com\/fr\/termes-et-conditions\",\"name\":\"Termes & Conditions - ATS Containers\",\"isPartOf\":{\"@id\":\"https:\/\/www.atscontainers.com\/fr\/#website\"},\"datePublished\":\"2023-01-04T16:28:43+00:00\",\"dateModified\":\"2025-06-12T21:02:56+00:00\",\"breadcrumb\":{\"@id\":\"https:\/\/www.atscontainers.com\/fr\/termes-et-conditions#breadcrumb\"},\"inLanguage\":\"fr-CA\",\"potentialAction\":[{\"@type\":\"ReadAction\",\"target\":[\"https:\/\/www.atscontainers.com\/fr\/termes-et-conditions\"]}]},{\"@type\":\"BreadcrumbList\",\"@id\":\"https:\/\/www.atscontainers.com\/fr\/termes-et-conditions#breadcrumb\",\"itemListElement\":[{\"@type\":\"ListItem\",\"position\":1,\"name\":\"Home\",\"item\":\"https:\/\/www.atscontainers.com\/fr\/\"},{\"@type\":\"ListItem\",\"position\":2,\"name\":\"Termes &#038; Conditions\"}]},{\"@type\":\"WebSite\",\"@id\":\"https:\/\/www.atscontainers.com\/fr\/#website\",\"url\":\"https:\/\/www.atscontainers.com\/fr\/\",\"name\":\"ATS Containers\",\"description\":\"\",\"publisher\":{\"@id\":\"https:\/\/www.atscontainers.com\/fr\/#organization\"},\"potentialAction\":[{\"@type\":\"SearchAction\",\"target\":{\"@type\":\"EntryPoint\",\"urlTemplate\":\"https:\/\/www.atscontainers.com\/fr\/?s={search_term_string}\"},\"query-input\":{\"@type\":\"PropertyValueSpecification\",\"valueRequired\":true,\"valueName\":\"search_term_string\"}}],\"inLanguage\":\"fr-CA\"},{\"@type\":\"Organization\",\"@id\":\"https:\/\/www.atscontainers.com\/fr\/#organization\",\"name\":\"ATS Containers\",\"url\":\"https:\/\/www.atscontainers.com\/fr\/\",\"logo\":{\"@type\":\"ImageObject\",\"inLanguage\":\"fr-CA\",\"@id\":\"https:\/\/www.atscontainers.com\/fr\/#\/schema\/logo\/image\/\",\"url\":\"https:\/\/www.atscontainers.com\/wp-content\/uploads\/2018\/09\/ats-containers-canada_.png\",\"contentUrl\":\"https:\/\/www.atscontainers.com\/wp-content\/uploads\/2018\/09\/ats-containers-canada_.png\",\"width\":500,\"height\":500,\"caption\":\"ATS Containers\"},\"image\":{\"@id\":\"https:\/\/www.atscontainers.com\/fr\/#\/schema\/logo\/image\/\"},\"sameAs\":[\"https:\/\/www.facebook.com\/atscontainers\/\",\"https:\/\/x.com\/atscontainers\",\"https:\/\/www.instagram.com\/atscontainers\/\",\"https:\/\/www.linkedin.com\/company\/ats-container-services\/\"]}]}<\/script>\n<!-- \/ Yoast SEO plugin. -->","yoast_head_json":{"title":"Termes & Conditions - ATS Containers","robots":{"index":"index","follow":"follow","max-snippet":"max-snippet:-1","max-image-preview":"max-image-preview:large","max-video-preview":"max-video-preview:-1"},"canonical":"https:\/\/www.atscontainers.com\/fr\/termes-et-conditions\/","og_locale":"fr_CA","og_type":"article","og_title":"Termes & Conditions - ATS Containers","og_description":"1. Introduction Bienvenue chez Conteneurs ATS. Ces termes et conditions d\u00e9crivent les r\u00e8gles et r\u00e8glements pour l\u2019utilisation du site Web des Conteneurs ATS, situ\u00e9 \u00e0 https:\/\/www.atscontainers.com\/fr\/. En acc\u00e9dant \u00e0 ce site Web, nous supposons que vous acceptez ces termes et conditions. Ne continuez pas \u00e0 utiliser Conteneurs ATS si vous n\u2019acceptez pas de respecter tous [&hellip;]","og_url":"https:\/\/www.atscontainers.com\/fr\/termes-et-conditions","og_site_name":"ATS Containers","article_publisher":"https:\/\/www.facebook.com\/atscontainers\/","article_modified_time":"2025-06-12T21:02:56+00:00","twitter_card":"summary_large_image","twitter_site":"@atscontainers","twitter_misc":{"Estimation du temps de lecture":"6 minutes"},"schema":{"@context":"https:\/\/schema.org","@graph":[{"@type":"WebPage","@id":"https:\/\/www.atscontainers.com\/fr\/termes-et-conditions\/","url":"https:\/\/www.atscontainers.com\/fr\/termes-et-conditions","name":"Termes & Conditions - ATS Containers","isPartOf":{"@id":"https:\/\/www.atscontainers.com\/fr\/#website"},"datePublished":"2023-01-04T16:28:43+00:00","dateModified":"2025-06-12T21:02:56+00:00","breadcrumb":{"@id":"https:\/\/www.atscontainers.com\/fr\/termes-et-conditions#breadcrumb"},"inLanguage":"fr-CA","potentialAction":[{"@type":"ReadAction","target":["https:\/\/www.atscontainers.com\/fr\/termes-et-conditions"]}]},{"@type":"BreadcrumbList","@id":"https:\/\/www.atscontainers.com\/fr\/termes-et-conditions#breadcrumb","itemListElement":[{"@type":"ListItem","position":1,"name":"Home","item":"https:\/\/www.atscontainers.com\/fr\/"},{"@type":"ListItem","position":2,"name":"Termes &#038; Conditions"}]},{"@type":"WebSite","@id":"https:\/\/www.atscontainers.com\/fr\/#website","url":"https:\/\/www.atscontainers.com\/fr\/","name":"ATS Containers","description":"","publisher":{"@id":"https:\/\/www.atscontainers.com\/fr\/#organization"},"potentialAction":[{"@type":"SearchAction","target":{"@type":"EntryPoint","urlTemplate":"https:\/\/www.atscontainers.com\/fr\/?s={search_term_string}"},"query-input":{"@type":"PropertyValueSpecification","valueRequired":true,"valueName":"search_term_string"}}],"inLanguage":"fr-CA"},{"@type":"Organization","@id":"https:\/\/www.atscontainers.com\/fr\/#organization","name":"ATS Containers","url":"https:\/\/www.atscontainers.com\/fr\/","logo":{"@type":"ImageObject","inLanguage":"fr-CA","@id":"https:\/\/www.atscontainers.com\/fr\/#\/schema\/logo\/image\/","url":"https:\/\/www.atscontainers.com\/wp-content\/uploads\/2018\/09\/ats-containers-canada_.png","contentUrl":"https:\/\/www.atscontainers.com\/wp-content\/uploads\/2018\/09\/ats-containers-canada_.png","width":500,"height":500,"caption":"ATS Containers"},"image":{"@id":"https:\/\/www.atscontainers.com\/fr\/#\/schema\/logo\/image\/"},"sameAs":["https:\/\/www.facebook.com\/atscontainers\/","https:\/\/x.com\/atscontainers","https:\/\/www.instagram.com\/atscontainers\/","https:\/\/www.linkedin.com\/company\/ats-container-services\/"]}]}},"_links":{"self":[{"href":"https:\/\/www.atscontainers.com\/fr\/wp-json\/wp\/v2\/pages\/9675","targetHints":{"allow":["GET"]}}],"collection":[{"href":"https:\/\/www.atscontainers.com\/fr\/wp-json\/wp\/v2\/pages"}],"about":[{"href":"https:\/\/www.atscontainers.com\/fr\/wp-json\/wp\/v2\/types\/page"}],"author":[{"embeddable":true,"href":"https:\/\/www.atscontainers.com\/fr\/wp-json\/wp\/v2\/users\/13"}],"replies":[{"embeddable":true,"href":"https:\/\/www.atscontainers.com\/fr\/wp-json\/wp\/v2\/comments?post=9675"}],"version-history":[{"count":7,"href":"https:\/\/www.atscontainers.com\/fr\/wp-json\/wp\/v2\/pages\/9675\/revisions"}],"predecessor-version":[{"id":19883,"href":"https:\/\/www.atscontainers.com\/fr\/wp-json\/wp\/v2\/pages\/9675\/revisions\/19883"}],"wp:attachment":[{"href":"https:\/\/www.atscontainers.com\/fr\/wp-json\/wp\/v2\/media?parent=9675"}],"curies":[{"name":"wp","href":"https:\/\/api.w.org\/{rel}","templated":true}]}}